{"id":9219,"date":"2022-08-30T13:54:52","date_gmt":"2022-08-30T11:54:52","guid":{"rendered":"https:\/\/benjaminmoore.pl\/?post_type=product&#038;p=9219"},"modified":"2025-12-10T11:51:30","modified_gmt":"2025-12-10T10:51:30","slug":"aura-waterborne-interior-paint-primer-matte-finish-n522","status":"publish","type":"product","link":"https:\/\/bmsklep.serwerluna.pl\/en\/produkt\/aura-waterborne-interior-paint-primer-matte-finish-n522\/","title":{"rendered":"Aura\u00ae Waterborne Interior Paint &#038; Primer Matte N522"},"content":{"rendered":"<h3><strong>AURA - WYTWORNA i ELEGANCKA. Po prostu pi\u0119kna.<\/strong><\/h3>\n<p>&nbsp;<\/p>\n<p><strong>Jedyna farba matowa, kt\u00f3ra pokazuje prawdziwy kolor o niespotykanej g\u0142\u0119bi. Sprawia, \u017ce niemal czujesz jego wyj\u0105tkowo\u015b\u0107 w dotyku.\u00a0<\/strong><\/p>\n<p>&nbsp;<\/p>\n<p style=\"text-align: justify;\">Wodorozcie\u0144czalna, wewn\u0119trzna, lateksowa farba akrylowa<strong> z rewolucyjn\u0105, opatentowan\u0105 technologi\u0105 \u201eColorLock<sup>\u00ae<\/sup> Technology\u201d, tworz\u0105ca wyj\u0105tkowo trwa\u0142e, matowe wyko\u0144czenie o niespotykanej g\u0142\u0119bi koloru<\/strong>, sile krycia oraz odporno\u015bci na zmywanie i szorowanie.<\/p>\n<p>&nbsp;<\/p>\n<p style=\"text-align: justify;\">Innowacyjny system zapewniaj\u0105cy niespotykan\u0105 g\u0142\u0119bi\u0119 i trwa\u0142o\u015b\u0107 koloru oraz doskona\u0142e parametry techniczne wyznacza nowe standardy i wyr\u00f3\u017cnia farby Aura<strong><sup>\u00ae <\/sup><\/strong>spo\u015br\u00f3d innych produkt\u00f3w dost\u0119pnych na rynku, przenosz\u0105c jako\u015b\u0107 farb akrylowych na nowy poziom. Wszystko za spraw\u0105 mikrokapsu\u0142ek z pigmentami zamkni\u0119tymi w ich wn\u0119trzu.<\/p>\n<p>&nbsp;<\/p>\n<p style=\"text-align: justify;\">Bezpieczna, ekologiczna receptura ze \u015bladow\u0105 zawarto\u015bci\u0105 LZO* zapewnia znikomy zapach.<\/p>\n<p style=\"text-align: justify;\"><strong>Farba dost\u0119pna jest pe\u0142nej gamie odcieni marki Benjamin Moore, r\u00f3wnie\u017c w niezwyk\u0142ej palecie\u00a0<a href=\"https:\/\/bmsklep.serwerluna.pl\/kolor-inspiracje\/color-stories\/\" target=\"_blank\" rel=\"noopener\"> COLOR STORIES<sup>\u00ae<\/sup><\/a><\/strong><\/p>\n<p>&nbsp;<\/p>\n<p style=\"text-align: justify;\">Produkt przeznaczony jest do dekoracyjno-ochronnego malowania \u015bcian wewn\u0119trznych i sufit\u00f3w oraz element\u00f3w wyposa\u017cenia (np. drzwi, mebli, szafek, futryn, listew) wewn\u0105trz obiekt\u00f3w mieszkalnych, komercyjnych, u\u017cyteczno\u015bci publicznej i o\u015bwiaty, obiekt\u00f3w s\u0142u\u017cby zdrowia oraz pomieszcze\u0144 bran\u017cy spo\u017cywczej.<\/p>\n<p>&nbsp;<\/p>\n<ul>\n<li>Tradycyjne tynki wapienno-cementowe,<\/li>\n<li>g\u0142adzie gipsowe,<\/li>\n<li>p\u0142yty gipsowo-kartonowe,<\/li>\n<li>tapety,<\/li>\n<li>budowlane bloczki konstrukcyjne,<\/li>\n<li>beton,<\/li>\n<li>renowacja pow\u0142ok dyspersyjnych,<\/li>\n<li>pod\u0142o\u017ca drewniane i drewnopochodne.<\/li>\n<\/ul>\n<p style=\"text-align: justify;\">Produkt mo\u017cna r\u00f3wnie\u017c stosowa\u0107 na zagruntowanych pod\u0142o\u017cach metalowych.<\/p>\n<p style=\"text-align: justify;\">Istnieje mo\u017cliwo\u015b\u0107 aplikacji farby na odpowiednio przygotowane i zagruntowane pod\u0142o\u017ca szklane, ceramiczne np. p\u0142ytki ceramiczne oraz pod\u0142o\u017ca z w\u0142\u00f3kna szklanego przy u\u017cyciu promotora adhezji <a href=\"https:\/\/bmsklep.serwerluna.pl\/produkt\/stix-waterborne-bonding-primer-sxa-110\/\" target=\"_blank\" rel=\"noopener\">STIX marki INSL-X<\/a>.<\/p>\n<p style=\"text-align: justify;\"><strong>W trosce o \u015brodowisko naturalne i Twoje bezpiecze\u0144stwo.<\/strong><\/p>\n<p><img loading=\"lazy\" decoding=\"async\" class=\"wp-image-12445  alignleft\" src=\"https:\/\/bmsklep.serwerluna.pl\/wp-content\/uploads\/bm_green_pic_3-1.jpg\" alt=\"\" width=\"398\" height=\"256\" \/><\/p>\n<p style=\"text-align: justify;\"><strong>Benjamin Moore's Green Promise\u2122 oznacza, \u017ce farby z linii Aura spe\u0142niaj\u0105 lub znacznie przewy\u017cszaj\u0105 restrykcyjne wymagania i normy<\/strong> instytucji, testuj\u0105cych i certyfikuj\u0105cych produkty malarskie o niskiej lub \u015bladowej zawarto\u015bci lotnych zwi\u0105zk\u00f3w organicznych (LZO).<\/p>\n<p><strong>Produkt spe\u0142nia wymagania LEED\u00ae v4.<\/strong><\/p>\n<hr \/>\n<p style=\"text-align: justify;\"><span style=\"font-size: x-small;\"><em>* Produkt zawiera \u015bladowe ilo\u015bci LZO zgodnie z wytycznymi \u201cThe European Council of the Paint, Printing Ink, and Artist\u2019s Colours Industry\u201d (CEPE) oraz \u201cBritish Coating Federation\u201d. Kat. A\/a. Dopuszczalna zawarto\u015b\u0107 LZO od 2010 r. \u2013 30 g\/l. Produkt zawiera max. 1 g\/l LZO. <\/em><\/span><\/p>\n","protected":false},"excerpt":{"rendered":"<p style=\"text-align: justify;\">Wodorozcie\u0144czalna wewn\u0119trzna, lateksowa farba akrylowa z rewolucyjn\u0105 technologi\u0105 \"ColorLock\u00ae Technology\", tworz\u0105ca wyko\u0144czenie o wyj\u0105tkowej g\u0142\u0119bi koloru, sile krycia i zmywalno\u015bci. Mat.<\/p>\n","protected":false},"featured_media":10986,"template":"","meta":{"_acf_changed":false,"inline_featured_image":false},"product_brand":[],"product_cat":[28],"product_tag":[],"class_list":{"0":"post-9219","1":"product","2":"type-product","3":"status-publish","4":"has-post-thumbnail","6":"product_cat-wnetrza","8":"first","9":"instock","10":"taxable","11":"shipping-taxable","12":"purchasable","13":"product-type-variable"},"acf":[],"yoast_head":"<!-- This site is optimized with the Yoast SEO plugin v26.6 - https:\/\/yoast.com\/wordpress\/plugins\/seo\/ -->\n<title>Najlepsza farba matowa Aura\u00ae N522<\/title>\n<meta name=\"description\" content=\"Wodorozcie\u0144czalna wewn\u0119trzna, lateksowa farba akrylowa z rewolucyjn\u0105 technologi\u0105 &quot;ColorLock\u00ae Technology&quot;. Pi\u0119kne matowe wyko\u0144czenie i g\u0142\u0119bia koloru.\" \/>\n<meta name=\"robots\" content=\"index, follow, max-snippet:-1, max-image-preview:large, max-video-preview:-1\" \/>\n<link rel=\"canonical\" href=\"https:\/\/bmsklep.serwerluna.pl\/produkt\/aura-waterborne-interior-paint-primer-matte-finish-n522\/\" \/>\n<meta property=\"og:locale\" content=\"en_US\" \/>\n<meta property=\"og:type\" content=\"article\" \/>\n<meta property=\"og:title\" content=\"Najlepsza farba matowa Aura\u00ae N522\" \/>\n<meta property=\"og:description\" content=\"Wodorozcie\u0144czalna wewn\u0119trzna, lateksowa farba akrylowa z rewolucyjn\u0105 technologi\u0105 &quot;ColorLock\u00ae Technology&quot;. Pi\u0119kne matowe wyko\u0144czenie i g\u0142\u0119bia koloru.\" \/>\n<meta property=\"og:url\" content=\"https:\/\/bmsklep.serwerluna.pl\/produkt\/aura-waterborne-interior-paint-primer-matte-finish-n522\/\" \/>\n<meta property=\"og:site_name\" content=\"Benjamin Moore Paints\" \/>\n<meta property=\"article:modified_time\" content=\"2025-12-10T10:51:30+00:00\" \/>\n<meta property=\"og:image\" content=\"https:\/\/bmsklep.serwerluna.pl\/wp-content\/uploads\/N522-1.png\" \/>\n\t<meta property=\"og:image:width\" content=\"200\" \/>\n\t<meta property=\"og:image:height\" content=\"234\" \/>\n\t<meta property=\"og:image:type\" content=\"image\/png\" \/>\n<meta name=\"twitter:card\" content=\"summary_large_image\" \/>\n<meta name=\"twitter:label1\" content=\"Est. reading time\" \/>\n\t<meta name=\"twitter:data1\" content=\"3 minutes\" \/>\n<script type=\"application\/ld+json\" class=\"yoast-schema-graph\">{\"@context\":\"https:\/\/schema.org\",\"@graph\":[{\"@type\":\"WebPage\",\"@id\":\"https:\/\/bmsklep.serwerluna.pl\/produkt\/aura-waterborne-interior-paint-primer-matte-finish-n522\/\",\"url\":\"https:\/\/bmsklep.serwerluna.pl\/produkt\/aura-waterborne-interior-paint-primer-matte-finish-n522\/\",\"name\":\"Najlepsza farba matowa Aura\u00ae N522\",\"isPartOf\":{\"@id\":\"https:\/\/bmsklep.serwerluna.pl\/#website\"},\"primaryImageOfPage\":{\"@id\":\"https:\/\/bmsklep.serwerluna.pl\/produkt\/aura-waterborne-interior-paint-primer-matte-finish-n522\/#primaryimage\"},\"image\":{\"@id\":\"https:\/\/bmsklep.serwerluna.pl\/produkt\/aura-waterborne-interior-paint-primer-matte-finish-n522\/#primaryimage\"},\"thumbnailUrl\":\"https:\/\/bmsklep.serwerluna.pl\/wp-content\/uploads\/N522-1.png\",\"datePublished\":\"2022-08-30T11:54:52+00:00\",\"dateModified\":\"2025-12-10T10:51:30+00:00\",\"description\":\"Wodorozcie\u0144czalna wewn\u0119trzna, lateksowa farba akrylowa z rewolucyjn\u0105 technologi\u0105 \\\"ColorLock\u00ae Technology\\\". Pi\u0119kne matowe wyko\u0144czenie i g\u0142\u0119bia koloru.\",\"breadcrumb\":{\"@id\":\"https:\/\/bmsklep.serwerluna.pl\/produkt\/aura-waterborne-interior-paint-primer-matte-finish-n522\/#breadcrumb\"},\"inLanguage\":\"en-US\",\"potentialAction\":[{\"@type\":\"ReadAction\",\"target\":[\"https:\/\/bmsklep.serwerluna.pl\/produkt\/aura-waterborne-interior-paint-primer-matte-finish-n522\/\"]}]},{\"@type\":\"ImageObject\",\"inLanguage\":\"en-US\",\"@id\":\"https:\/\/bmsklep.serwerluna.pl\/produkt\/aura-waterborne-interior-paint-primer-matte-finish-n522\/#primaryimage\",\"url\":\"https:\/\/bmsklep.serwerluna.pl\/wp-content\/uploads\/N522-1.png\",\"contentUrl\":\"https:\/\/bmsklep.serwerluna.pl\/wp-content\/uploads\/N522-1.png\",\"width\":200,\"height\":234},{\"@type\":\"BreadcrumbList\",\"@id\":\"https:\/\/bmsklep.serwerluna.pl\/produkt\/aura-waterborne-interior-paint-primer-matte-finish-n522\/#breadcrumb\",\"itemListElement\":[{\"@type\":\"ListItem\",\"position\":1,\"name\":\"Home\",\"item\":\"https:\/\/bmsklep.serwerluna.pl\/en\/\"},{\"@type\":\"ListItem\",\"position\":2,\"name\":\"Produkty\",\"item\":\"https:\/\/bmsklep.serwerluna.pl\/produkty\/\"},{\"@type\":\"ListItem\",\"position\":3,\"name\":\"Wn\u0119trza\",\"item\":\"https:\/\/bmsklep.serwerluna.pl\/kategoria-produktu\/wnetrza\/\"},{\"@type\":\"ListItem\",\"position\":4,\"name\":\"Aura\u00ae Waterborne Interior Paint &#038; Primer Matte N522\"}]},{\"@type\":\"WebSite\",\"@id\":\"https:\/\/bmsklep.serwerluna.pl\/#website\",\"url\":\"https:\/\/bmsklep.serwerluna.pl\/\",\"name\":\"Benjamin Moore Paints\",\"description\":\"\",\"potentialAction\":[{\"@type\":\"SearchAction\",\"target\":{\"@type\":\"EntryPoint\",\"urlTemplate\":\"https:\/\/bmsklep.serwerluna.pl\/?s={search_term_string}\"},\"query-input\":{\"@type\":\"PropertyValueSpecification\",\"valueRequired\":true,\"valueName\":\"search_term_string\"}}],\"inLanguage\":\"en-US\"}]}<\/script>\n<!-- \/ Yoast SEO plugin. -->","yoast_head_json":{"title":"Najlepsza farba matowa Aura\u00ae N522","description":"Wodorozcie\u0144czalna wewn\u0119trzna, lateksowa farba akrylowa z rewolucyjn\u0105 technologi\u0105 \"ColorLock\u00ae Technology\". Pi\u0119kne matowe wyko\u0144czenie i g\u0142\u0119bia koloru.","robots":{"index":"index","follow":"follow","max-snippet":"max-snippet:-1","max-image-preview":"max-image-preview:large","max-video-preview":"max-video-preview:-1"},"canonical":"https:\/\/bmsklep.serwerluna.pl\/produkt\/aura-waterborne-interior-paint-primer-matte-finish-n522\/","og_locale":"en_US","og_type":"article","og_title":"Najlepsza farba matowa Aura\u00ae N522","og_description":"Wodorozcie\u0144czalna wewn\u0119trzna, lateksowa farba akrylowa z rewolucyjn\u0105 technologi\u0105 \"ColorLock\u00ae Technology\". Pi\u0119kne matowe wyko\u0144czenie i g\u0142\u0119bia koloru.","og_url":"https:\/\/bmsklep.serwerluna.pl\/produkt\/aura-waterborne-interior-paint-primer-matte-finish-n522\/","og_site_name":"Benjamin Moore Paints","article_modified_time":"2025-12-10T10:51:30+00:00","og_image":[{"width":200,"height":234,"url":"https:\/\/bmsklep.serwerluna.pl\/wp-content\/uploads\/N522-1.png","type":"image\/png"}],"twitter_card":"summary_large_image","twitter_misc":{"Est. reading time":"3 minutes"},"schema":{"@context":"https:\/\/schema.org","@graph":[{"@type":"WebPage","@id":"https:\/\/bmsklep.serwerluna.pl\/produkt\/aura-waterborne-interior-paint-primer-matte-finish-n522\/","url":"https:\/\/bmsklep.serwerluna.pl\/produkt\/aura-waterborne-interior-paint-primer-matte-finish-n522\/","name":"Najlepsza farba matowa Aura\u00ae N522","isPartOf":{"@id":"https:\/\/bmsklep.serwerluna.pl\/#website"},"primaryImageOfPage":{"@id":"https:\/\/bmsklep.serwerluna.pl\/produkt\/aura-waterborne-interior-paint-primer-matte-finish-n522\/#primaryimage"},"image":{"@id":"https:\/\/bmsklep.serwerluna.pl\/produkt\/aura-waterborne-interior-paint-primer-matte-finish-n522\/#primaryimage"},"thumbnailUrl":"https:\/\/bmsklep.serwerluna.pl\/wp-content\/uploads\/N522-1.png","datePublished":"2022-08-30T11:54:52+00:00","dateModified":"2025-12-10T10:51:30+00:00","description":"Wodorozcie\u0144czalna wewn\u0119trzna, lateksowa farba akrylowa z rewolucyjn\u0105 technologi\u0105 \"ColorLock\u00ae Technology\". Pi\u0119kne matowe wyko\u0144czenie i g\u0142\u0119bia koloru.","breadcrumb":{"@id":"https:\/\/bmsklep.serwerluna.pl\/produkt\/aura-waterborne-interior-paint-primer-matte-finish-n522\/#breadcrumb"},"inLanguage":"en-US","potentialAction":[{"@type":"ReadAction","target":["https:\/\/bmsklep.serwerluna.pl\/produkt\/aura-waterborne-interior-paint-primer-matte-finish-n522\/"]}]},{"@type":"ImageObject","inLanguage":"en-US","@id":"https:\/\/bmsklep.serwerluna.pl\/produkt\/aura-waterborne-interior-paint-primer-matte-finish-n522\/#primaryimage","url":"https:\/\/bmsklep.serwerluna.pl\/wp-content\/uploads\/N522-1.png","contentUrl":"https:\/\/bmsklep.serwerluna.pl\/wp-content\/uploads\/N522-1.png","width":200,"height":234},{"@type":"BreadcrumbList","@id":"https:\/\/bmsklep.serwerluna.pl\/produkt\/aura-waterborne-interior-paint-primer-matte-finish-n522\/#breadcrumb","itemListElement":[{"@type":"ListItem","position":1,"name":"Home","item":"https:\/\/bmsklep.serwerluna.pl\/en\/"},{"@type":"ListItem","position":2,"name":"Produkty","item":"https:\/\/bmsklep.serwerluna.pl\/produkty\/"},{"@type":"ListItem","position":3,"name":"Wn\u0119trza","item":"https:\/\/bmsklep.serwerluna.pl\/kategoria-produktu\/wnetrza\/"},{"@type":"ListItem","position":4,"name":"Aura\u00ae Waterborne Interior Paint &#038; Primer Matte N522"}]},{"@type":"WebSite","@id":"https:\/\/bmsklep.serwerluna.pl\/#website","url":"https:\/\/bmsklep.serwerluna.pl\/","name":"Benjamin Moore Paints","description":"","potentialAction":[{"@type":"SearchAction","target":{"@type":"EntryPoint","urlTemplate":"https:\/\/bmsklep.serwerluna.pl\/?s={search_term_string}"},"query-input":{"@type":"PropertyValueSpecification","valueRequired":true,"valueName":"search_term_string"}}],"inLanguage":"en-US"}]}},"_links":{"self":[{"href":"https:\/\/bmsklep.serwerluna.pl\/en\/wp-json\/wp\/v2\/product\/9219","targetHints":{"allow":["GET"]}}],"collection":[{"href":"https:\/\/bmsklep.serwerluna.pl\/en\/wp-json\/wp\/v2\/product"}],"about":[{"href":"https:\/\/bmsklep.serwerluna.pl\/en\/wp-json\/wp\/v2\/types\/product"}],"wp:featuredmedia":[{"embeddable":true,"href":"https:\/\/bmsklep.serwerluna.pl\/en\/wp-json\/wp\/v2\/media\/10986"}],"wp:attachment":[{"href":"https:\/\/bmsklep.serwerluna.pl\/en\/wp-json\/wp\/v2\/media?parent=9219"}],"wp:term":[{"taxonomy":"product_brand","embeddable":true,"href":"https:\/\/bmsklep.serwerluna.pl\/en\/wp-json\/wp\/v2\/product_brand?post=9219"},{"taxonomy":"product_cat","embeddable":true,"href":"https:\/\/bmsklep.serwerluna.pl\/en\/wp-json\/wp\/v2\/product_cat?post=9219"},{"taxonomy":"product_tag","embeddable":true,"href":"https:\/\/bmsklep.serwerluna.pl\/en\/wp-json\/wp\/v2\/product_tag?post=9219"}],"curies":[{"name":"wp","href":"https:\/\/api.w.org\/{rel}","templated":true}]}}