{"id":8158,"date":"2022-04-12T13:08:33","date_gmt":"2022-04-12T11:08:33","guid":{"rendered":"https:\/\/benjaminmoore.pl\/?post_type=product&#038;p=8158"},"modified":"2025-12-03T15:23:53","modified_gmt":"2025-12-03T14:23:53","slug":"aura-eggshell-waterborne-interior-paint-n524","status":"publish","type":"product","link":"https:\/\/bmsklep.serwerluna.pl\/en\/produkt\/aura-eggshell-waterborne-interior-paint-n524\/","title":{"rendered":"Aura\u00ae Waterborne Interior Paint &#038; Primer Eggshell N524"},"content":{"rendered":"<h3><strong>AURA - WYTWORNA i ELEGANCKA. P\u00f3\u0142matowa. Po prostu PI\u0118KNA.<\/strong><\/h3>\n<p><img loading=\"lazy\" decoding=\"async\" class=\"alignnone wp-image-14204 size-full\" src=\"https:\/\/bmsklep.serwerluna.pl\/wp-content\/uploads\/AURA_N524_CohesiveKitcheninRegentGreen.jpg\" alt=\"\" width=\"1800\" height=\"2143\" srcset=\"https:\/\/bmsklep.serwerluna.pl\/wp-content\/uploads\/AURA_N524_CohesiveKitcheninRegentGreen.jpg 1800w, https:\/\/bmsklep.serwerluna.pl\/wp-content\/uploads\/AURA_N524_CohesiveKitcheninRegentGreen-252x300.jpg 252w, https:\/\/bmsklep.serwerluna.pl\/wp-content\/uploads\/AURA_N524_CohesiveKitcheninRegentGreen-860x1024.jpg 860w, https:\/\/bmsklep.serwerluna.pl\/wp-content\/uploads\/AURA_N524_CohesiveKitcheninRegentGreen-768x914.jpg 768w, https:\/\/bmsklep.serwerluna.pl\/wp-content\/uploads\/AURA_N524_CohesiveKitcheninRegentGreen-1290x1536.jpg 1290w, https:\/\/bmsklep.serwerluna.pl\/wp-content\/uploads\/AURA_N524_CohesiveKitcheninRegentGreen-1720x2048.jpg 1720w, https:\/\/bmsklep.serwerluna.pl\/wp-content\/uploads\/AURA_N524_CohesiveKitcheninRegentGreen-600x714.jpg 600w\" sizes=\"auto, (max-width: 1800px) 100vw, 1800px\" \/><\/p>\n<p><strong>Jedyna farba p\u00f3\u0142matowa, kt\u00f3ra pokazuje prawdziwy kolor o niespotykanej g\u0142\u0119bi. Sprawia, \u017ce niemal czujesz jego wyj\u0105tkowo\u015b\u0107 w dotyku.\u00a0<\/strong><\/p>\n<p><a href=\"https:\/\/www.youtube.com\/watch?v=W-dQJI6XqnU\" target=\"_blank\" rel=\"noopener\"><img loading=\"lazy\" decoding=\"async\" class=\"alignnone wp-image-13106 size-full\" src=\"https:\/\/bmsklep.serwerluna.pl\/wp-content\/uploads\/Aura_N524_video.jpg\" alt=\"\" width=\"1800\" height=\"1013\" srcset=\"https:\/\/bmsklep.serwerluna.pl\/wp-content\/uploads\/Aura_N524_video.jpg 1800w, https:\/\/bmsklep.serwerluna.pl\/wp-content\/uploads\/Aura_N524_video-300x169.jpg 300w, https:\/\/bmsklep.serwerluna.pl\/wp-content\/uploads\/Aura_N524_video-1024x576.jpg 1024w, https:\/\/bmsklep.serwerluna.pl\/wp-content\/uploads\/Aura_N524_video-768x432.jpg 768w, https:\/\/bmsklep.serwerluna.pl\/wp-content\/uploads\/Aura_N524_video-1536x864.jpg 1536w, https:\/\/bmsklep.serwerluna.pl\/wp-content\/uploads\/Aura_N524_video-600x338.jpg 600w\" sizes=\"auto, (max-width: 1800px) 100vw, 1800px\" \/><\/a><\/p>\n<p style=\"text-align: justify;\">Wodorozcie\u0144czalna, wewn\u0119trzna, lateksowa farba akrylowa z rewolucyjn\u0105, opatentowan\u0105 technologi\u0105 \u201eColorLock<sup>\u00ae<\/sup> Technology\u201d, tworz\u0105ca wyj\u0105tkowo trwa\u0142e, p\u00f3\u0142matowe wyko\u0144czenie o niespotykanej elegancji i g\u0142\u0119bi koloru, sile krycia oraz odporno\u015bci na zmywanie i szorowanie.<\/p>\n<p><img loading=\"lazy\" decoding=\"async\" class=\"alignnone wp-image-12019 size-full\" src=\"https:\/\/bmsklep.serwerluna.pl\/wp-content\/uploads\/23-988607_InternationalSocialImages-Fall2022-ResizeandLogo-1080x1080_SmallSpaces6.jpg\" alt=\"\" width=\"1700\" height=\"1572\" \/><\/p>\n<p style=\"text-align: justify;\"><strong>Innowacyjny system zapewniaj\u0105cy niespotykan\u0105 g\u0142\u0119bi\u0119 i trwa\u0142o\u015b\u0107 koloru oraz doskona\u0142e parametry techniczne wyznacza nowe standardy i wyr\u00f3\u017cnia farby Aura<sup>\u00ae <\/sup>spo\u015br\u00f3d innych produkt\u00f3w dost\u0119pnych na rynku, przenosz\u0105c jako\u015b\u0107 farb akrylowych na nowy poziom.<\/strong> Wszystko za spraw\u0105 mikrokapsu\u0142ek z pigmentami zamkni\u0119tymi w ich wn\u0119trzu.<\/p>\n<p><img loading=\"lazy\" decoding=\"async\" class=\"alignnone wp-image-14206 size-full\" src=\"https:\/\/bmsklep.serwerluna.pl\/wp-content\/uploads\/Aura_N524_CohesiveandContemporaryLivingRoominAntiquePewter.jpg\" alt=\"\" width=\"1800\" height=\"2225\" srcset=\"https:\/\/bmsklep.serwerluna.pl\/wp-content\/uploads\/Aura_N524_CohesiveandContemporaryLivingRoominAntiquePewter.jpg 1800w, https:\/\/bmsklep.serwerluna.pl\/wp-content\/uploads\/Aura_N524_CohesiveandContemporaryLivingRoominAntiquePewter-243x300.jpg 243w, https:\/\/bmsklep.serwerluna.pl\/wp-content\/uploads\/Aura_N524_CohesiveandContemporaryLivingRoominAntiquePewter-828x1024.jpg 828w, https:\/\/bmsklep.serwerluna.pl\/wp-content\/uploads\/Aura_N524_CohesiveandContemporaryLivingRoominAntiquePewter-768x949.jpg 768w, https:\/\/bmsklep.serwerluna.pl\/wp-content\/uploads\/Aura_N524_CohesiveandContemporaryLivingRoominAntiquePewter-1243x1536.jpg 1243w, https:\/\/bmsklep.serwerluna.pl\/wp-content\/uploads\/Aura_N524_CohesiveandContemporaryLivingRoominAntiquePewter-1657x2048.jpg 1657w, https:\/\/bmsklep.serwerluna.pl\/wp-content\/uploads\/Aura_N524_CohesiveandContemporaryLivingRoominAntiquePewter-600x742.jpg 600w\" sizes=\"auto, (max-width: 1800px) 100vw, 1800px\" \/><\/p>\n<p style=\"text-align: justify;\">Bezpieczna, ekologiczna receptura ze \u015bladow\u0105 zawarto\u015bci\u0105 LZO* zapewnia znikomy zapach.<\/p>\n<p style=\"text-align: justify;\">Farba dost\u0119pna jest pe\u0142nej gamie odcieni marki Benjamin Moore, r\u00f3wnie\u017c w niezwyk\u0142ej palecie <a href=\"https:\/\/bmsklep.serwerluna.pl\/kolor-inspiracje\/color-stories\/\" target=\"_blank\" rel=\"noopener\"><strong>COLOR STORIES\u00ae<\/strong><\/a><\/p>\n<p><img loading=\"lazy\" decoding=\"async\" class=\"alignnone wp-image-12342 size-full\" src=\"https:\/\/bmsklep.serwerluna.pl\/wp-content\/uploads\/20-358557_Image-Resizing-for-PR-Requests-11.jpg\" alt=\"\" width=\"1800\" height=\"2147\" srcset=\"https:\/\/bmsklep.serwerluna.pl\/wp-content\/uploads\/20-358557_Image-Resizing-for-PR-Requests-11.jpg 1800w, https:\/\/bmsklep.serwerluna.pl\/wp-content\/uploads\/20-358557_Image-Resizing-for-PR-Requests-11-252x300.jpg 252w, https:\/\/bmsklep.serwerluna.pl\/wp-content\/uploads\/20-358557_Image-Resizing-for-PR-Requests-11-859x1024.jpg 859w, https:\/\/bmsklep.serwerluna.pl\/wp-content\/uploads\/20-358557_Image-Resizing-for-PR-Requests-11-768x916.jpg 768w, https:\/\/bmsklep.serwerluna.pl\/wp-content\/uploads\/20-358557_Image-Resizing-for-PR-Requests-11-1288x1536.jpg 1288w, https:\/\/bmsklep.serwerluna.pl\/wp-content\/uploads\/20-358557_Image-Resizing-for-PR-Requests-11-1717x2048.jpg 1717w, https:\/\/bmsklep.serwerluna.pl\/wp-content\/uploads\/20-358557_Image-Resizing-for-PR-Requests-11-600x716.jpg 600w\" sizes=\"auto, (max-width: 1800px) 100vw, 1800px\" \/><\/p>\n<p style=\"text-align: justify;\">Produkt przeznaczony do dekoracyjno-ochronnego malowania \u015bcian wewn\u0119trznych oraz element\u00f3w wyposa\u017cenia wn\u0119trz (np. drzwi, mebli, szafek, futryn, listew). Produkt mo\u017ce by\u0107 r\u00f3wnie\u017c stosowany do malowania wn\u0119trz kuchennych.<\/p>\n<p><img loading=\"lazy\" decoding=\"async\" class=\"alignnone wp-image-14208 size-full\" src=\"https:\/\/bmsklep.serwerluna.pl\/wp-content\/uploads\/AURA_N524_BM_CT25_B04_DinningRoom_LeatherSaddleBrown_CMYK.jpg\" alt=\"\" width=\"1800\" height=\"2202\" srcset=\"https:\/\/bmsklep.serwerluna.pl\/wp-content\/uploads\/AURA_N524_BM_CT25_B04_DinningRoom_LeatherSaddleBrown_CMYK.jpg 1800w, https:\/\/bmsklep.serwerluna.pl\/wp-content\/uploads\/AURA_N524_BM_CT25_B04_DinningRoom_LeatherSaddleBrown_CMYK-245x300.jpg 245w, https:\/\/bmsklep.serwerluna.pl\/wp-content\/uploads\/AURA_N524_BM_CT25_B04_DinningRoom_LeatherSaddleBrown_CMYK-837x1024.jpg 837w, https:\/\/bmsklep.serwerluna.pl\/wp-content\/uploads\/AURA_N524_BM_CT25_B04_DinningRoom_LeatherSaddleBrown_CMYK-768x940.jpg 768w, https:\/\/bmsklep.serwerluna.pl\/wp-content\/uploads\/AURA_N524_BM_CT25_B04_DinningRoom_LeatherSaddleBrown_CMYK-1256x1536.jpg 1256w, https:\/\/bmsklep.serwerluna.pl\/wp-content\/uploads\/AURA_N524_BM_CT25_B04_DinningRoom_LeatherSaddleBrown_CMYK-1674x2048.jpg 1674w, https:\/\/bmsklep.serwerluna.pl\/wp-content\/uploads\/AURA_N524_BM_CT25_B04_DinningRoom_LeatherSaddleBrown_CMYK-600x734.jpg 600w\" sizes=\"auto, (max-width: 1800px) 100vw, 1800px\" \/><\/p>\n<ul>\n<li>Tradycyjne tynki wapienno-cementowe,<\/li>\n<li>g\u0142adzie gipsowe,<\/li>\n<li>p\u0142yty gipsowo-kartonowe,<\/li>\n<li>tapety,<\/li>\n<li>budowlane bloczki konstrukcyjne,<\/li>\n<li>beton,<\/li>\n<li>renowacja pow\u0142ok dyspersyjnych,<\/li>\n<li>pod\u0142o\u017ca drewniane i drewnopochodne.<\/li>\n<\/ul>\n<p style=\"text-align: justify;\">Produkt mo\u017cna r\u00f3wnie\u017c stosowa\u0107 na zagruntowanych pod\u0142o\u017cach metalowych.<\/p>\n<p style=\"text-align: justify;\">Istnieje mo\u017cliwo\u015b\u0107 aplikacji farby na odpowiednio przygotowane i zagruntowane pod\u0142o\u017ca szklane, ceramiczne np. p\u0142ytki ceramiczne oraz pod\u0142o\u017ca z w\u0142\u00f3kna szklanego przy u\u017cyciu promotora adhezji <a href=\"https:\/\/bmsklep.serwerluna.pl\/produkt\/stix-waterborne-bonding-primer-sxa-110\/\" target=\"_blank\" rel=\"noopener\">STIX marki INSL-X<\/a>.<\/p>\n<p><img loading=\"lazy\" decoding=\"async\" class=\"alignnone wp-image-8177 size-full\" src=\"https:\/\/bmsklep.serwerluna.pl\/wp-content\/uploads\/Fireplace_in_Clearest_Ocean_ok.jpg\" alt=\"\" width=\"1764\" height=\"1367\" srcset=\"https:\/\/bmsklep.serwerluna.pl\/wp-content\/uploads\/Fireplace_in_Clearest_Ocean_ok.jpg 1764w, https:\/\/bmsklep.serwerluna.pl\/wp-content\/uploads\/Fireplace_in_Clearest_Ocean_ok-300x232.jpg 300w, https:\/\/bmsklep.serwerluna.pl\/wp-content\/uploads\/Fireplace_in_Clearest_Ocean_ok-1024x794.jpg 1024w, https:\/\/bmsklep.serwerluna.pl\/wp-content\/uploads\/Fireplace_in_Clearest_Ocean_ok-768x595.jpg 768w, https:\/\/bmsklep.serwerluna.pl\/wp-content\/uploads\/Fireplace_in_Clearest_Ocean_ok-1536x1190.jpg 1536w, https:\/\/bmsklep.serwerluna.pl\/wp-content\/uploads\/Fireplace_in_Clearest_Ocean_ok-600x465.jpg 600w\" sizes=\"auto, (max-width: 1764px) 100vw, 1764px\" \/><\/p>\n<p style=\"text-align: justify;\"><strong>W trosce o \u015brodowisko naturalne i Twoje bezpiecze\u0144stwo.<\/strong><\/p>\n<p><img loading=\"lazy\" decoding=\"async\" class=\"alignnone wp-image-12445 size-full\" src=\"https:\/\/bmsklep.serwerluna.pl\/wp-content\/uploads\/bm_green_pic_3-1.jpg\" alt=\"\" width=\"1800\" height=\"1158\" \/><\/p>\n<p style=\"text-align: justify;\"><strong>Benjamin Moore's Green Promise\u2122 oznacza, \u017ce farby z linii Aura spe\u0142niaj\u0105 lub znacznie przewy\u017cszaj\u0105 restrykcyjne wymagania i normy<\/strong> instytucji, testuj\u0105cych i certyfikuj\u0105cych produkty malarskie o niskiej lub \u015bladowej zawarto\u015bci lotnych zwi\u0105zk\u00f3w organicznych (LZO).<\/p>\n<p><img loading=\"lazy\" decoding=\"async\" class=\"alignnone wp-image-12428 size-full\" src=\"https:\/\/bmsklep.serwerluna.pl\/wp-content\/uploads\/benjamin_moore_pokoj_dzieciecy-16.jpg\" alt=\"\" width=\"1800\" height=\"1517\" srcset=\"https:\/\/bmsklep.serwerluna.pl\/wp-content\/uploads\/benjamin_moore_pokoj_dzieciecy-16.jpg 1800w, https:\/\/bmsklep.serwerluna.pl\/wp-content\/uploads\/benjamin_moore_pokoj_dzieciecy-16-300x253.jpg 300w, https:\/\/bmsklep.serwerluna.pl\/wp-content\/uploads\/benjamin_moore_pokoj_dzieciecy-16-1024x863.jpg 1024w, https:\/\/bmsklep.serwerluna.pl\/wp-content\/uploads\/benjamin_moore_pokoj_dzieciecy-16-768x647.jpg 768w, https:\/\/bmsklep.serwerluna.pl\/wp-content\/uploads\/benjamin_moore_pokoj_dzieciecy-16-1536x1295.jpg 1536w, https:\/\/bmsklep.serwerluna.pl\/wp-content\/uploads\/benjamin_moore_pokoj_dzieciecy-16-600x506.jpg 600w\" sizes=\"auto, (max-width: 1800px) 100vw, 1800px\" \/><\/p>\n<p><strong>Produkt spe\u0142nia wymagania LEED\u00ae v4.<\/strong><\/p>\n<hr \/>\n<p style=\"text-align: justify;\"><span style=\"font-size: x-small;\"><em>* Produkt zawiera \u015bladowe ilo\u015bci LZO zgodnie z wytycznymi \u201cThe European Council of the Paint, Printing Ink, and Artist\u2019s Colours Industry\u201d (CEPE) oraz \u201cBritish Coating Federation\u201d. Kat. A\/a. Dopuszczalna zawarto\u015b\u0107 LZO od 2010 r. \u2013 30 g\/l. Produkt zawiera max. 1 g\/l LZO. <\/em><\/span><\/p>\n","protected":false},"excerpt":{"rendered":"<p>Wodorozcie\u0144czalna wewn\u0119trzna, lateksowa farba akrylowa z rewolucyjn\u0105 technologi\u0105 \"ColorLock\u00ae Technology\", tworz\u0105ca wyko\u0144czenie o wyj\u0105tkowej g\u0142\u0119bi koloru, sile krycia i zmywalno\u015bci. P\u00f3\u0142mat.<\/p>\n","protected":false},"featured_media":10994,"template":"","meta":{"_acf_changed":false,"inline_featured_image":false},"product_brand":[],"product_cat":[28],"product_tag":[],"class_list":{"0":"post-8158","1":"product","2":"type-product","3":"status-publish","4":"has-post-thumbnail","6":"product_cat-wnetrza","8":"first","9":"instock","10":"taxable","11":"shipping-taxable","12":"purchasable","13":"product-type-variable"},"acf":[],"yoast_head":"<!-- This site is optimized with the Yoast SEO plugin v26.6 - https:\/\/yoast.com\/wordpress\/plugins\/seo\/ -->\n<title>Najlepsza farba p\u00f3\u0142matowa Aura\u00ae N524<\/title>\n<meta name=\"description\" content=\"Wodorozcie\u0144czalna wewn\u0119trzna, lateksowa farba akrylowa z rewolucyjn\u0105 technologi\u0105 &quot;ColorLock\u00ae Technology&quot;. Eleganckie, p\u00f3\u0142matowe wyko\u0144czenie i g\u0142\u0119bia koloru.\" \/>\n<meta name=\"robots\" content=\"index, follow, max-snippet:-1, max-image-preview:large, max-video-preview:-1\" \/>\n<link rel=\"canonical\" href=\"https:\/\/bmsklep.serwerluna.pl\/produkt\/aura-eggshell-waterborne-interior-paint-n524\/\" \/>\n<meta property=\"og:locale\" content=\"en_US\" \/>\n<meta property=\"og:type\" content=\"article\" \/>\n<meta property=\"og:title\" content=\"Najlepsza farba p\u00f3\u0142matowa Aura\u00ae N524\" \/>\n<meta property=\"og:description\" content=\"Wodorozcie\u0144czalna wewn\u0119trzna, lateksowa farba akrylowa z rewolucyjn\u0105 technologi\u0105 &quot;ColorLock\u00ae Technology&quot;. Eleganckie, p\u00f3\u0142matowe wyko\u0144czenie i g\u0142\u0119bia koloru.\" \/>\n<meta property=\"og:url\" content=\"https:\/\/bmsklep.serwerluna.pl\/produkt\/aura-eggshell-waterborne-interior-paint-n524\/\" \/>\n<meta property=\"og:site_name\" content=\"Benjamin Moore Paints\" \/>\n<meta property=\"article:modified_time\" content=\"2025-12-03T14:23:53+00:00\" \/>\n<meta property=\"og:image\" content=\"https:\/\/bmsklep.serwerluna.pl\/wp-content\/uploads\/N524-2.png\" \/>\n\t<meta property=\"og:image:width\" content=\"200\" \/>\n\t<meta property=\"og:image:height\" content=\"234\" \/>\n\t<meta property=\"og:image:type\" content=\"image\/png\" \/>\n<meta name=\"twitter:card\" content=\"summary_large_image\" \/>\n<meta name=\"twitter:label1\" content=\"Est. reading time\" \/>\n\t<meta name=\"twitter:data1\" content=\"4 minutes\" \/>\n<script type=\"application\/ld+json\" class=\"yoast-schema-graph\">{\"@context\":\"https:\/\/schema.org\",\"@graph\":[{\"@type\":\"WebPage\",\"@id\":\"https:\/\/bmsklep.serwerluna.pl\/produkt\/aura-eggshell-waterborne-interior-paint-n524\/\",\"url\":\"https:\/\/bmsklep.serwerluna.pl\/produkt\/aura-eggshell-waterborne-interior-paint-n524\/\",\"name\":\"Najlepsza farba p\u00f3\u0142matowa Aura\u00ae N524\",\"isPartOf\":{\"@id\":\"https:\/\/bmsklep.serwerluna.pl\/#website\"},\"primaryImageOfPage\":{\"@id\":\"https:\/\/bmsklep.serwerluna.pl\/produkt\/aura-eggshell-waterborne-interior-paint-n524\/#primaryimage\"},\"image\":{\"@id\":\"https:\/\/bmsklep.serwerluna.pl\/produkt\/aura-eggshell-waterborne-interior-paint-n524\/#primaryimage\"},\"thumbnailUrl\":\"https:\/\/bmsklep.serwerluna.pl\/wp-content\/uploads\/N524-2.png\",\"datePublished\":\"2022-04-12T11:08:33+00:00\",\"dateModified\":\"2025-12-03T14:23:53+00:00\",\"description\":\"Wodorozcie\u0144czalna wewn\u0119trzna, lateksowa farba akrylowa z rewolucyjn\u0105 technologi\u0105 \\\"ColorLock\u00ae Technology\\\". Eleganckie, p\u00f3\u0142matowe wyko\u0144czenie i g\u0142\u0119bia koloru.\",\"breadcrumb\":{\"@id\":\"https:\/\/bmsklep.serwerluna.pl\/produkt\/aura-eggshell-waterborne-interior-paint-n524\/#breadcrumb\"},\"inLanguage\":\"en-US\",\"potentialAction\":[{\"@type\":\"ReadAction\",\"target\":[\"https:\/\/bmsklep.serwerluna.pl\/produkt\/aura-eggshell-waterborne-interior-paint-n524\/\"]}]},{\"@type\":\"ImageObject\",\"inLanguage\":\"en-US\",\"@id\":\"https:\/\/bmsklep.serwerluna.pl\/produkt\/aura-eggshell-waterborne-interior-paint-n524\/#primaryimage\",\"url\":\"https:\/\/bmsklep.serwerluna.pl\/wp-content\/uploads\/N524-2.png\",\"contentUrl\":\"https:\/\/bmsklep.serwerluna.pl\/wp-content\/uploads\/N524-2.png\",\"width\":200,\"height\":234},{\"@type\":\"BreadcrumbList\",\"@id\":\"https:\/\/bmsklep.serwerluna.pl\/produkt\/aura-eggshell-waterborne-interior-paint-n524\/#breadcrumb\",\"itemListElement\":[{\"@type\":\"ListItem\",\"position\":1,\"name\":\"Home\",\"item\":\"https:\/\/bmsklep.serwerluna.pl\/en\/\"},{\"@type\":\"ListItem\",\"position\":2,\"name\":\"Produkty\",\"item\":\"https:\/\/bmsklep.serwerluna.pl\/produkty\/\"},{\"@type\":\"ListItem\",\"position\":3,\"name\":\"Wn\u0119trza\",\"item\":\"https:\/\/bmsklep.serwerluna.pl\/kategoria-produktu\/wnetrza\/\"},{\"@type\":\"ListItem\",\"position\":4,\"name\":\"Aura\u00ae Waterborne Interior Paint &#038; Primer Eggshell N524\"}]},{\"@type\":\"WebSite\",\"@id\":\"https:\/\/bmsklep.serwerluna.pl\/#website\",\"url\":\"https:\/\/bmsklep.serwerluna.pl\/\",\"name\":\"Benjamin Moore Paints\",\"description\":\"\",\"potentialAction\":[{\"@type\":\"SearchAction\",\"target\":{\"@type\":\"EntryPoint\",\"urlTemplate\":\"https:\/\/bmsklep.serwerluna.pl\/?s={search_term_string}\"},\"query-input\":{\"@type\":\"PropertyValueSpecification\",\"valueRequired\":true,\"valueName\":\"search_term_string\"}}],\"inLanguage\":\"en-US\"}]}<\/script>\n<!-- \/ Yoast SEO plugin. -->","yoast_head_json":{"title":"Najlepsza farba p\u00f3\u0142matowa Aura\u00ae N524","description":"Wodorozcie\u0144czalna wewn\u0119trzna, lateksowa farba akrylowa z rewolucyjn\u0105 technologi\u0105 \"ColorLock\u00ae Technology\". Eleganckie, p\u00f3\u0142matowe wyko\u0144czenie i g\u0142\u0119bia koloru.","robots":{"index":"index","follow":"follow","max-snippet":"max-snippet:-1","max-image-preview":"max-image-preview:large","max-video-preview":"max-video-preview:-1"},"canonical":"https:\/\/bmsklep.serwerluna.pl\/produkt\/aura-eggshell-waterborne-interior-paint-n524\/","og_locale":"en_US","og_type":"article","og_title":"Najlepsza farba p\u00f3\u0142matowa Aura\u00ae N524","og_description":"Wodorozcie\u0144czalna wewn\u0119trzna, lateksowa farba akrylowa z rewolucyjn\u0105 technologi\u0105 \"ColorLock\u00ae Technology\". Eleganckie, p\u00f3\u0142matowe wyko\u0144czenie i g\u0142\u0119bia koloru.","og_url":"https:\/\/bmsklep.serwerluna.pl\/produkt\/aura-eggshell-waterborne-interior-paint-n524\/","og_site_name":"Benjamin Moore Paints","article_modified_time":"2025-12-03T14:23:53+00:00","og_image":[{"width":200,"height":234,"url":"https:\/\/bmsklep.serwerluna.pl\/wp-content\/uploads\/N524-2.png","type":"image\/png"}],"twitter_card":"summary_large_image","twitter_misc":{"Est. reading time":"4 minutes"},"schema":{"@context":"https:\/\/schema.org","@graph":[{"@type":"WebPage","@id":"https:\/\/bmsklep.serwerluna.pl\/produkt\/aura-eggshell-waterborne-interior-paint-n524\/","url":"https:\/\/bmsklep.serwerluna.pl\/produkt\/aura-eggshell-waterborne-interior-paint-n524\/","name":"Najlepsza farba p\u00f3\u0142matowa Aura\u00ae N524","isPartOf":{"@id":"https:\/\/bmsklep.serwerluna.pl\/#website"},"primaryImageOfPage":{"@id":"https:\/\/bmsklep.serwerluna.pl\/produkt\/aura-eggshell-waterborne-interior-paint-n524\/#primaryimage"},"image":{"@id":"https:\/\/bmsklep.serwerluna.pl\/produkt\/aura-eggshell-waterborne-interior-paint-n524\/#primaryimage"},"thumbnailUrl":"https:\/\/bmsklep.serwerluna.pl\/wp-content\/uploads\/N524-2.png","datePublished":"2022-04-12T11:08:33+00:00","dateModified":"2025-12-03T14:23:53+00:00","description":"Wodorozcie\u0144czalna wewn\u0119trzna, lateksowa farba akrylowa z rewolucyjn\u0105 technologi\u0105 \"ColorLock\u00ae Technology\". Eleganckie, p\u00f3\u0142matowe wyko\u0144czenie i g\u0142\u0119bia koloru.","breadcrumb":{"@id":"https:\/\/bmsklep.serwerluna.pl\/produkt\/aura-eggshell-waterborne-interior-paint-n524\/#breadcrumb"},"inLanguage":"en-US","potentialAction":[{"@type":"ReadAction","target":["https:\/\/bmsklep.serwerluna.pl\/produkt\/aura-eggshell-waterborne-interior-paint-n524\/"]}]},{"@type":"ImageObject","inLanguage":"en-US","@id":"https:\/\/bmsklep.serwerluna.pl\/produkt\/aura-eggshell-waterborne-interior-paint-n524\/#primaryimage","url":"https:\/\/bmsklep.serwerluna.pl\/wp-content\/uploads\/N524-2.png","contentUrl":"https:\/\/bmsklep.serwerluna.pl\/wp-content\/uploads\/N524-2.png","width":200,"height":234},{"@type":"BreadcrumbList","@id":"https:\/\/bmsklep.serwerluna.pl\/produkt\/aura-eggshell-waterborne-interior-paint-n524\/#breadcrumb","itemListElement":[{"@type":"ListItem","position":1,"name":"Home","item":"https:\/\/bmsklep.serwerluna.pl\/en\/"},{"@type":"ListItem","position":2,"name":"Produkty","item":"https:\/\/bmsklep.serwerluna.pl\/produkty\/"},{"@type":"ListItem","position":3,"name":"Wn\u0119trza","item":"https:\/\/bmsklep.serwerluna.pl\/kategoria-produktu\/wnetrza\/"},{"@type":"ListItem","position":4,"name":"Aura\u00ae Waterborne Interior Paint &#038; Primer Eggshell N524"}]},{"@type":"WebSite","@id":"https:\/\/bmsklep.serwerluna.pl\/#website","url":"https:\/\/bmsklep.serwerluna.pl\/","name":"Benjamin Moore Paints","description":"","potentialAction":[{"@type":"SearchAction","target":{"@type":"EntryPoint","urlTemplate":"https:\/\/bmsklep.serwerluna.pl\/?s={search_term_string}"},"query-input":{"@type":"PropertyValueSpecification","valueRequired":true,"valueName":"search_term_string"}}],"inLanguage":"en-US"}]}},"_links":{"self":[{"href":"https:\/\/bmsklep.serwerluna.pl\/en\/wp-json\/wp\/v2\/product\/8158","targetHints":{"allow":["GET"]}}],"collection":[{"href":"https:\/\/bmsklep.serwerluna.pl\/en\/wp-json\/wp\/v2\/product"}],"about":[{"href":"https:\/\/bmsklep.serwerluna.pl\/en\/wp-json\/wp\/v2\/types\/product"}],"wp:featuredmedia":[{"embeddable":true,"href":"https:\/\/bmsklep.serwerluna.pl\/en\/wp-json\/wp\/v2\/media\/10994"}],"wp:attachment":[{"href":"https:\/\/bmsklep.serwerluna.pl\/en\/wp-json\/wp\/v2\/media?parent=8158"}],"wp:term":[{"taxonomy":"product_brand","embeddable":true,"href":"https:\/\/bmsklep.serwerluna.pl\/en\/wp-json\/wp\/v2\/product_brand?post=8158"},{"taxonomy":"product_cat","embeddable":true,"href":"https:\/\/bmsklep.serwerluna.pl\/en\/wp-json\/wp\/v2\/product_cat?post=8158"},{"taxonomy":"product_tag","embeddable":true,"href":"https:\/\/bmsklep.serwerluna.pl\/en\/wp-json\/wp\/v2\/product_tag?post=8158"}],"curies":[{"name":"wp","href":"https:\/\/api.w.org\/{rel}","templated":true}]}}