{"id":800,"date":"2021-06-28T22:22:30","date_gmt":"2021-06-28T20:22:30","guid":{"rendered":"https:\/\/serwer2121761.home.pl\/autoinstalator\/wordpressplugins2\/?post_type=product&#038;p=800"},"modified":"2026-01-21T14:33:20","modified_gmt":"2026-01-21T13:33:20","slug":"super-hide-zero-latex-primer-354","status":"publish","type":"product","link":"https:\/\/bmsklep.serwerluna.pl\/en\/produkt\/super-hide-zero-latex-primer-354\/","title":{"rendered":"Super Hide Zero Latex Primer 354"},"content":{"rendered":"<p><img loading=\"lazy\" decoding=\"async\" class=\"alignnone wp-image-13352 size-full\" src=\"https:\/\/bmsklep.serwerluna.pl\/wp-content\/uploads\/Wykonawca_Benjamin_Moore-3.jpg\" alt=\"\" width=\"1800\" height=\"1727\" srcset=\"https:\/\/bmsklep.serwerluna.pl\/wp-content\/uploads\/Wykonawca_Benjamin_Moore-3.jpg 1800w, https:\/\/bmsklep.serwerluna.pl\/wp-content\/uploads\/Wykonawca_Benjamin_Moore-3-300x288.jpg 300w, https:\/\/bmsklep.serwerluna.pl\/wp-content\/uploads\/Wykonawca_Benjamin_Moore-3-1024x982.jpg 1024w, https:\/\/bmsklep.serwerluna.pl\/wp-content\/uploads\/Wykonawca_Benjamin_Moore-3-768x737.jpg 768w, https:\/\/bmsklep.serwerluna.pl\/wp-content\/uploads\/Wykonawca_Benjamin_Moore-3-1536x1474.jpg 1536w, https:\/\/bmsklep.serwerluna.pl\/wp-content\/uploads\/Wykonawca_Benjamin_Moore-3-600x576.jpg 600w\" sizes=\"auto, (max-width: 1800px) 100vw, 1800px\" \/><\/p>\n<p style=\"text-align: justify;\"><strong>SUPER HIDE<sup>\u00ae<\/sup> ZERO VOC Interior Latex Primer 354 to wodorozcie\u0144czalna farba akrylowa przeznaczona do gruntowania wewn\u0119trznych \u015bcian i sufit\u00f3w oraz element\u00f3w wyko\u0144czeniowych (np. listew przysufitowych, rozet i gzyms\u00f3w).<\/strong><\/p>\n<p style=\"text-align: justify;\">Produkt stosowany przed aplikacj\u0105 wodorozcie\u0144czalnych farb \u015bciennych koncernu Benjamin Moore &amp; Co.<\/p>\n<p style=\"text-align: justify;\"><strong>Farba gruntuj\u0105ca posiada wysok\u0105 si\u0142\u0119 krycia, kr\u00f3tki czas schni\u0119cia, ogranicza zu\u017cycie farby nawierzchniowej (oszcz\u0119dno\u015b\u0107 czasu i koszt\u00f3w wymalowania), wyr\u00f3wnuje i redukuje ch\u0142onno\u015b\u0107 pod\u0142o\u017ca, wzmacnia jego struktur\u0119, ujednolica kolorystycznie oraz zapewnia doskona\u0142\u0105 przyczepno\u015b\u0107 farby nawierzchniowej.<\/strong><\/p>\n<p><img loading=\"lazy\" decoding=\"async\" class=\"alignnone wp-image-13355 size-full\" src=\"https:\/\/bmsklep.serwerluna.pl\/wp-content\/uploads\/Wykonawca_Benjamin_Moore-4.jpg\" alt=\"\" width=\"1129\" height=\"1066\" srcset=\"https:\/\/bmsklep.serwerluna.pl\/wp-content\/uploads\/Wykonawca_Benjamin_Moore-4.jpg 1129w, https:\/\/bmsklep.serwerluna.pl\/wp-content\/uploads\/Wykonawca_Benjamin_Moore-4-300x283.jpg 300w, https:\/\/bmsklep.serwerluna.pl\/wp-content\/uploads\/Wykonawca_Benjamin_Moore-4-1024x967.jpg 1024w, https:\/\/bmsklep.serwerluna.pl\/wp-content\/uploads\/Wykonawca_Benjamin_Moore-4-768x725.jpg 768w, https:\/\/bmsklep.serwerluna.pl\/wp-content\/uploads\/Wykonawca_Benjamin_Moore-4-600x567.jpg 600w\" sizes=\"auto, (max-width: 1129px) 100vw, 1129px\" \/><\/p>\n<p><strong>Zastosowanie: <\/strong><\/p>\n<ul>\n<li>tradycyjne tynki wapienno-cementowe i cementowe<\/li>\n<li>cienkowarstwowe tynki mineralne i akrylowe<\/li>\n<li>g\u0142adzie gipsowe<\/li>\n<li>p\u0142yty gipsowo-kartonowe<\/li>\n<li>tapety<\/li>\n<li>budowlane bloczki konstrukcyjne<\/li>\n<li>beton<\/li>\n<li>renowacja pow\u0142ok dyspersyjnych<\/li>\n<\/ul>\n<p><img loading=\"lazy\" decoding=\"async\" class=\"alignnone wp-image-13357 size-full\" src=\"https:\/\/bmsklep.serwerluna.pl\/wp-content\/uploads\/Wykonawca_Benjamin_Moore-5.jpg\" alt=\"\" width=\"1800\" height=\"1707\" srcset=\"https:\/\/bmsklep.serwerluna.pl\/wp-content\/uploads\/Wykonawca_Benjamin_Moore-5.jpg 1800w, https:\/\/bmsklep.serwerluna.pl\/wp-content\/uploads\/Wykonawca_Benjamin_Moore-5-300x285.jpg 300w, https:\/\/bmsklep.serwerluna.pl\/wp-content\/uploads\/Wykonawca_Benjamin_Moore-5-1024x971.jpg 1024w, https:\/\/bmsklep.serwerluna.pl\/wp-content\/uploads\/Wykonawca_Benjamin_Moore-5-768x728.jpg 768w, https:\/\/bmsklep.serwerluna.pl\/wp-content\/uploads\/Wykonawca_Benjamin_Moore-5-1536x1457.jpg 1536w, https:\/\/bmsklep.serwerluna.pl\/wp-content\/uploads\/Wykonawca_Benjamin_Moore-5-600x569.jpg 600w\" sizes=\"auto, (max-width: 1800px) 100vw, 1800px\" \/><\/p>\n<p style=\"text-align: justify;\"><strong>Bezpieczna i ekologiczna receptura ze \u015bladow\u0105 zawarto\u015bci\u0105 LZO* zapewnia znikomy zapach.<\/strong><\/p>\n<p style=\"text-align: justify;\">SUPER HIDE<sup>\u00ae<\/sup> ZERO VOC Interior Latex Primer 354 znajduje zastosowanie we wn\u0119trzach mieszkalnych, obiektach komercyjnych, u\u017cyteczno\u015bci publicznej i o\u015bwiaty, obiektach s\u0142u\u017cby zdrowia oraz pomieszczeniach bran\u017cy spo\u017cywczej.<\/p>\n<p>Produkt spe\u0142nia lub znacznie przewy\u017csza wymagania i normy: LEED<sup>\u00ae<\/sup> v4, CDPH Emission Certified, CHPS low emitting credit (Collaborative for High Performance Schools).<\/p>\n<hr \/>\n<p style=\"text-align: justify;\"><span style=\"font-size: x-small;\"><em>* Produkt zawiera \u015bladowe ilo\u015bci LZO zgodnie z wytycznymi \u201cThe European Council of the Paint, Printing Ink, and Artist\u2019s Colours Industry\u201d (CEPE) oraz British Coating Federation\u201d. Kat. A\/a. Dopuszczalna zawarto\u015b\u0107 LZO od 2010 r. \u2013 30 g\/l. Produkt zawiera max. 0.76 g\/l LZO. <\/em><\/span><\/p>\n","protected":false},"excerpt":{"rendered":"<p style=\"text-align: justify;\">Wodorozcie\u0144czalna, akrylowa farba gruntuj\u0105ca do \u015bcian wewn\u0119trznych i sufit\u00f3w.<\/p>\n","protected":false},"featured_media":3623,"template":"","meta":{"_acf_changed":false,"inline_featured_image":false},"product_brand":[],"product_cat":[28],"product_tag":[],"class_list":{"0":"post-800","1":"product","2":"type-product","3":"status-publish","4":"has-post-thumbnail","6":"product_cat-wnetrza","8":"first","9":"instock","10":"taxable","11":"shipping-taxable","12":"purchasable","13":"product-type-variable"},"acf":[],"yoast_head":"<!-- This site is optimized with the Yoast SEO plugin v26.6 - https:\/\/yoast.com\/wordpress\/plugins\/seo\/ -->\n<title>Super Hide Zero Latex Primer 354 - Benjamin Moore Paints<\/title>\n<meta name=\"robots\" content=\"index, follow, max-snippet:-1, max-image-preview:large, max-video-preview:-1\" \/>\n<link rel=\"canonical\" href=\"https:\/\/bmsklep.serwerluna.pl\/produkt\/super-hide-zero-latex-primer-354\/\" \/>\n<meta property=\"og:locale\" content=\"en_US\" \/>\n<meta property=\"og:type\" content=\"article\" \/>\n<meta property=\"og:title\" content=\"Super Hide Zero Latex Primer 354 - Benjamin Moore Paints\" \/>\n<meta property=\"og:description\" content=\"Wodorozcie\u0144czalna, akrylowa farba gruntuj\u0105ca do \u015bcian wewn\u0119trznych i sufit\u00f3w.\" \/>\n<meta property=\"og:url\" content=\"https:\/\/bmsklep.serwerluna.pl\/produkt\/super-hide-zero-latex-primer-354\/\" \/>\n<meta property=\"og:site_name\" content=\"Benjamin Moore Paints\" \/>\n<meta property=\"article:modified_time\" content=\"2026-01-21T13:33:20+00:00\" \/>\n<meta property=\"og:image\" content=\"https:\/\/bmsklep.serwerluna.pl\/wp-content\/uploads\/Super_Hide_Interior_Primer_354_gal.png\" \/>\n\t<meta property=\"og:image:width\" content=\"200\" \/>\n\t<meta property=\"og:image:height\" content=\"233\" \/>\n\t<meta property=\"og:image:type\" content=\"image\/png\" \/>\n<meta name=\"twitter:card\" content=\"summary_large_image\" \/>\n<meta name=\"twitter:label1\" content=\"Est. reading time\" \/>\n\t<meta name=\"twitter:data1\" content=\"3 minutes\" \/>\n<script type=\"application\/ld+json\" class=\"yoast-schema-graph\">{\"@context\":\"https:\/\/schema.org\",\"@graph\":[{\"@type\":\"WebPage\",\"@id\":\"https:\/\/bmsklep.serwerluna.pl\/produkt\/super-hide-zero-latex-primer-354\/\",\"url\":\"https:\/\/bmsklep.serwerluna.pl\/produkt\/super-hide-zero-latex-primer-354\/\",\"name\":\"Super Hide Zero Latex Primer 354 - Benjamin Moore Paints\",\"isPartOf\":{\"@id\":\"https:\/\/bmsklep.serwerluna.pl\/#website\"},\"primaryImageOfPage\":{\"@id\":\"https:\/\/bmsklep.serwerluna.pl\/produkt\/super-hide-zero-latex-primer-354\/#primaryimage\"},\"image\":{\"@id\":\"https:\/\/bmsklep.serwerluna.pl\/produkt\/super-hide-zero-latex-primer-354\/#primaryimage\"},\"thumbnailUrl\":\"https:\/\/bmsklep.serwerluna.pl\/wp-content\/uploads\/Super_Hide_Interior_Primer_354_gal.png\",\"datePublished\":\"2021-06-28T20:22:30+00:00\",\"dateModified\":\"2026-01-21T13:33:20+00:00\",\"breadcrumb\":{\"@id\":\"https:\/\/bmsklep.serwerluna.pl\/produkt\/super-hide-zero-latex-primer-354\/#breadcrumb\"},\"inLanguage\":\"en-US\",\"potentialAction\":[{\"@type\":\"ReadAction\",\"target\":[\"https:\/\/bmsklep.serwerluna.pl\/produkt\/super-hide-zero-latex-primer-354\/\"]}]},{\"@type\":\"ImageObject\",\"inLanguage\":\"en-US\",\"@id\":\"https:\/\/bmsklep.serwerluna.pl\/produkt\/super-hide-zero-latex-primer-354\/#primaryimage\",\"url\":\"https:\/\/bmsklep.serwerluna.pl\/wp-content\/uploads\/Super_Hide_Interior_Primer_354_gal.png\",\"contentUrl\":\"https:\/\/bmsklep.serwerluna.pl\/wp-content\/uploads\/Super_Hide_Interior_Primer_354_gal.png\",\"width\":200,\"height\":233},{\"@type\":\"BreadcrumbList\",\"@id\":\"https:\/\/bmsklep.serwerluna.pl\/produkt\/super-hide-zero-latex-primer-354\/#breadcrumb\",\"itemListElement\":[{\"@type\":\"ListItem\",\"position\":1,\"name\":\"Home\",\"item\":\"https:\/\/bmsklep.serwerluna.pl\/en\/\"},{\"@type\":\"ListItem\",\"position\":2,\"name\":\"Produkty\",\"item\":\"https:\/\/bmsklep.serwerluna.pl\/produkty\/\"},{\"@type\":\"ListItem\",\"position\":3,\"name\":\"Wn\u0119trza\",\"item\":\"https:\/\/bmsklep.serwerluna.pl\/kategoria-produktu\/wnetrza\/\"},{\"@type\":\"ListItem\",\"position\":4,\"name\":\"Super Hide Zero Latex Primer 354\"}]},{\"@type\":\"WebSite\",\"@id\":\"https:\/\/bmsklep.serwerluna.pl\/#website\",\"url\":\"https:\/\/bmsklep.serwerluna.pl\/\",\"name\":\"Benjamin Moore Paints\",\"description\":\"\",\"potentialAction\":[{\"@type\":\"SearchAction\",\"target\":{\"@type\":\"EntryPoint\",\"urlTemplate\":\"https:\/\/bmsklep.serwerluna.pl\/?s={search_term_string}\"},\"query-input\":{\"@type\":\"PropertyValueSpecification\",\"valueRequired\":true,\"valueName\":\"search_term_string\"}}],\"inLanguage\":\"en-US\"}]}<\/script>\n<!-- \/ Yoast SEO plugin. -->","yoast_head_json":{"title":"Super Hide Zero Latex Primer 354 - Benjamin Moore Paints","robots":{"index":"index","follow":"follow","max-snippet":"max-snippet:-1","max-image-preview":"max-image-preview:large","max-video-preview":"max-video-preview:-1"},"canonical":"https:\/\/bmsklep.serwerluna.pl\/produkt\/super-hide-zero-latex-primer-354\/","og_locale":"en_US","og_type":"article","og_title":"Super Hide Zero Latex Primer 354 - Benjamin Moore Paints","og_description":"Wodorozcie\u0144czalna, akrylowa farba gruntuj\u0105ca do \u015bcian wewn\u0119trznych i sufit\u00f3w.","og_url":"https:\/\/bmsklep.serwerluna.pl\/produkt\/super-hide-zero-latex-primer-354\/","og_site_name":"Benjamin Moore Paints","article_modified_time":"2026-01-21T13:33:20+00:00","og_image":[{"width":200,"height":233,"url":"https:\/\/bmsklep.serwerluna.pl\/wp-content\/uploads\/Super_Hide_Interior_Primer_354_gal.png","type":"image\/png"}],"twitter_card":"summary_large_image","twitter_misc":{"Est. reading time":"3 minutes"},"schema":{"@context":"https:\/\/schema.org","@graph":[{"@type":"WebPage","@id":"https:\/\/bmsklep.serwerluna.pl\/produkt\/super-hide-zero-latex-primer-354\/","url":"https:\/\/bmsklep.serwerluna.pl\/produkt\/super-hide-zero-latex-primer-354\/","name":"Super Hide Zero Latex Primer 354 - Benjamin Moore Paints","isPartOf":{"@id":"https:\/\/bmsklep.serwerluna.pl\/#website"},"primaryImageOfPage":{"@id":"https:\/\/bmsklep.serwerluna.pl\/produkt\/super-hide-zero-latex-primer-354\/#primaryimage"},"image":{"@id":"https:\/\/bmsklep.serwerluna.pl\/produkt\/super-hide-zero-latex-primer-354\/#primaryimage"},"thumbnailUrl":"https:\/\/bmsklep.serwerluna.pl\/wp-content\/uploads\/Super_Hide_Interior_Primer_354_gal.png","datePublished":"2021-06-28T20:22:30+00:00","dateModified":"2026-01-21T13:33:20+00:00","breadcrumb":{"@id":"https:\/\/bmsklep.serwerluna.pl\/produkt\/super-hide-zero-latex-primer-354\/#breadcrumb"},"inLanguage":"en-US","potentialAction":[{"@type":"ReadAction","target":["https:\/\/bmsklep.serwerluna.pl\/produkt\/super-hide-zero-latex-primer-354\/"]}]},{"@type":"ImageObject","inLanguage":"en-US","@id":"https:\/\/bmsklep.serwerluna.pl\/produkt\/super-hide-zero-latex-primer-354\/#primaryimage","url":"https:\/\/bmsklep.serwerluna.pl\/wp-content\/uploads\/Super_Hide_Interior_Primer_354_gal.png","contentUrl":"https:\/\/bmsklep.serwerluna.pl\/wp-content\/uploads\/Super_Hide_Interior_Primer_354_gal.png","width":200,"height":233},{"@type":"BreadcrumbList","@id":"https:\/\/bmsklep.serwerluna.pl\/produkt\/super-hide-zero-latex-primer-354\/#breadcrumb","itemListElement":[{"@type":"ListItem","position":1,"name":"Home","item":"https:\/\/bmsklep.serwerluna.pl\/en\/"},{"@type":"ListItem","position":2,"name":"Produkty","item":"https:\/\/bmsklep.serwerluna.pl\/produkty\/"},{"@type":"ListItem","position":3,"name":"Wn\u0119trza","item":"https:\/\/bmsklep.serwerluna.pl\/kategoria-produktu\/wnetrza\/"},{"@type":"ListItem","position":4,"name":"Super Hide Zero Latex Primer 354"}]},{"@type":"WebSite","@id":"https:\/\/bmsklep.serwerluna.pl\/#website","url":"https:\/\/bmsklep.serwerluna.pl\/","name":"Benjamin Moore Paints","description":"","potentialAction":[{"@type":"SearchAction","target":{"@type":"EntryPoint","urlTemplate":"https:\/\/bmsklep.serwerluna.pl\/?s={search_term_string}"},"query-input":{"@type":"PropertyValueSpecification","valueRequired":true,"valueName":"search_term_string"}}],"inLanguage":"en-US"}]}},"_links":{"self":[{"href":"https:\/\/bmsklep.serwerluna.pl\/en\/wp-json\/wp\/v2\/product\/800","targetHints":{"allow":["GET"]}}],"collection":[{"href":"https:\/\/bmsklep.serwerluna.pl\/en\/wp-json\/wp\/v2\/product"}],"about":[{"href":"https:\/\/bmsklep.serwerluna.pl\/en\/wp-json\/wp\/v2\/types\/product"}],"wp:featuredmedia":[{"embeddable":true,"href":"https:\/\/bmsklep.serwerluna.pl\/en\/wp-json\/wp\/v2\/media\/3623"}],"wp:attachment":[{"href":"https:\/\/bmsklep.serwerluna.pl\/en\/wp-json\/wp\/v2\/media?parent=800"}],"wp:term":[{"taxonomy":"product_brand","embeddable":true,"href":"https:\/\/bmsklep.serwerluna.pl\/en\/wp-json\/wp\/v2\/product_brand?post=800"},{"taxonomy":"product_cat","embeddable":true,"href":"https:\/\/bmsklep.serwerluna.pl\/en\/wp-json\/wp\/v2\/product_cat?post=800"},{"taxonomy":"product_tag","embeddable":true,"href":"https:\/\/bmsklep.serwerluna.pl\/en\/wp-json\/wp\/v2\/product_tag?post=800"}],"curies":[{"name":"wp","href":"https:\/\/api.w.org\/{rel}","templated":true}]}}