{"id":781,"date":"2021-06-28T21:53:40","date_gmt":"2021-06-28T19:53:40","guid":{"rendered":"https:\/\/serwer2121761.home.pl\/autoinstalator\/wordpressplugins2\/?post_type=product&#038;p=781"},"modified":"2026-01-21T13:59:56","modified_gmt":"2026-01-21T12:59:56","slug":"stix-waterborne-bonding-primer-sxa-110","status":"publish","type":"product","link":"https:\/\/bmsklep.serwerluna.pl\/en\/produkt\/stix-waterborne-bonding-primer-sxa-110\/","title":{"rendered":"STIX\u00ae Waterborne Bonding Primer SXA-110"},"content":{"rendered":"<p><img loading=\"lazy\" decoding=\"async\" class=\"alignnone wp-image-12490 size-full\" src=\"https:\/\/bmsklep.serwerluna.pl\/wp-content\/uploads\/benjamin_moore_tablicowka_dzieci-2.jpg\" alt=\"\" width=\"1800\" height=\"1335\" srcset=\"https:\/\/bmsklep.serwerluna.pl\/wp-content\/uploads\/benjamin_moore_tablicowka_dzieci-2.jpg 1800w, https:\/\/bmsklep.serwerluna.pl\/wp-content\/uploads\/benjamin_moore_tablicowka_dzieci-2-300x223.jpg 300w, https:\/\/bmsklep.serwerluna.pl\/wp-content\/uploads\/benjamin_moore_tablicowka_dzieci-2-1024x759.jpg 1024w, https:\/\/bmsklep.serwerluna.pl\/wp-content\/uploads\/benjamin_moore_tablicowka_dzieci-2-768x570.jpg 768w, https:\/\/bmsklep.serwerluna.pl\/wp-content\/uploads\/benjamin_moore_tablicowka_dzieci-2-1536x1139.jpg 1536w, https:\/\/bmsklep.serwerluna.pl\/wp-content\/uploads\/benjamin_moore_tablicowka_dzieci-2-600x445.jpg 600w\" sizes=\"auto, (max-width: 1800px) 100vw, 1800px\" \/><\/p>\n<h3>Grunt to nowe mo\u017cliwo\u015bci...<\/h3>\n<p style=\"text-align: justify;\"><strong>Pomaluj szyby, p\u0142ytki ceramiczne, plastik, lod\u00f3wk\u0119, b\u0142yszcz\u0105ce szafki, a nawet stary telewizor\u2026 Z naszym \u201eSUPER-gruntem\u201d wszystko jest mo\u017cliwe!<\/strong><\/p>\n<p><img loading=\"lazy\" decoding=\"async\" class=\"alignnone wp-image-12493 size-full\" src=\"https:\/\/bmsklep.serwerluna.pl\/wp-content\/uploads\/Stix_1.jpg\" alt=\"\" width=\"1800\" height=\"1800\" srcset=\"https:\/\/bmsklep.serwerluna.pl\/wp-content\/uploads\/Stix_1.jpg 1800w, https:\/\/bmsklep.serwerluna.pl\/wp-content\/uploads\/Stix_1-300x300.jpg 300w, https:\/\/bmsklep.serwerluna.pl\/wp-content\/uploads\/Stix_1-1024x1024.jpg 1024w, https:\/\/bmsklep.serwerluna.pl\/wp-content\/uploads\/Stix_1-150x150.jpg 150w, https:\/\/bmsklep.serwerluna.pl\/wp-content\/uploads\/Stix_1-768x768.jpg 768w, https:\/\/bmsklep.serwerluna.pl\/wp-content\/uploads\/Stix_1-1536x1536.jpg 1536w, https:\/\/bmsklep.serwerluna.pl\/wp-content\/uploads\/Stix_1-600x600.jpg 600w, https:\/\/bmsklep.serwerluna.pl\/wp-content\/uploads\/Stix_1-100x100.jpg 100w\" sizes=\"auto, (max-width: 1800px) 100vw, 1800px\" \/><\/p>\n<p style=\"text-align: justify;\"><strong>\u201eSTIX\u00ae Waterborne Bonding Primer SXA-110 to wodorozcie\u0144czalna, akrylowo-uretanowa farba gruntuj\u0105ca pe\u0142ni\u0105ca rol\u0119 \"PROMOTORA ADHEZJI\" (przyczepno\u015bci).<\/strong><\/p>\n<p><img loading=\"lazy\" decoding=\"async\" class=\"alignnone wp-image-14538 size-full\" src=\"https:\/\/bmsklep.serwerluna.pl\/wp-content\/uploads\/Benjamin-Moore-mirror-Stix.jpg\" alt=\"\" width=\"1800\" height=\"1075\" srcset=\"https:\/\/bmsklep.serwerluna.pl\/wp-content\/uploads\/Benjamin-Moore-mirror-Stix.jpg 1800w, https:\/\/bmsklep.serwerluna.pl\/wp-content\/uploads\/Benjamin-Moore-mirror-Stix-300x179.jpg 300w, https:\/\/bmsklep.serwerluna.pl\/wp-content\/uploads\/Benjamin-Moore-mirror-Stix-1024x612.jpg 1024w, https:\/\/bmsklep.serwerluna.pl\/wp-content\/uploads\/Benjamin-Moore-mirror-Stix-768x459.jpg 768w, https:\/\/bmsklep.serwerluna.pl\/wp-content\/uploads\/Benjamin-Moore-mirror-Stix-1536x917.jpg 1536w, https:\/\/bmsklep.serwerluna.pl\/wp-content\/uploads\/Benjamin-Moore-mirror-Stix-600x358.jpg 600w\" sizes=\"auto, (max-width: 1800px) 100vw, 1800px\" \/><\/p>\n<p>Produkt pozwala na zagruntowanie (i p\u00f3\u017aniejsze pomalowanie farb\u0105 lub emali\u0105) wielu nietypowych pod\u0142o\u017cy, np. bardzo g\u0142adkich i b\u0142yszcz\u0105cych.<\/p>\n<p><img loading=\"lazy\" decoding=\"async\" class=\"alignnone wp-image-12495 size-full\" src=\"https:\/\/bmsklep.serwerluna.pl\/wp-content\/uploads\/Stix_3-1.jpg\" alt=\"\" width=\"1800\" height=\"1800\" srcset=\"https:\/\/bmsklep.serwerluna.pl\/wp-content\/uploads\/Stix_3-1.jpg 1800w, https:\/\/bmsklep.serwerluna.pl\/wp-content\/uploads\/Stix_3-1-300x300.jpg 300w, https:\/\/bmsklep.serwerluna.pl\/wp-content\/uploads\/Stix_3-1-1024x1024.jpg 1024w, https:\/\/bmsklep.serwerluna.pl\/wp-content\/uploads\/Stix_3-1-150x150.jpg 150w, https:\/\/bmsklep.serwerluna.pl\/wp-content\/uploads\/Stix_3-1-768x768.jpg 768w, https:\/\/bmsklep.serwerluna.pl\/wp-content\/uploads\/Stix_3-1-1536x1536.jpg 1536w, https:\/\/bmsklep.serwerluna.pl\/wp-content\/uploads\/Stix_3-1-600x600.jpg 600w, https:\/\/bmsklep.serwerluna.pl\/wp-content\/uploads\/Stix_3-1-100x100.jpg 100w\" sizes=\"auto, (max-width: 1800px) 100vw, 1800px\" \/><\/p>\n<p style=\"text-align: justify;\"><strong>STIX zapewnia niespotykan\u0105 przyczepno\u015b\u0107 do wi\u0119kszo\u015bci problematycznych pod\u0142o\u017cy eksponowanych wewn\u0105trz i na zewn\u0105trz budynk\u00f3w: <\/strong>PVC, tworzyw sztucznych (z wyj\u0105tkiem polipropylenu PP, polietylenu PE i Kynaru PVDF), szk\u0142a, p\u0142ytek ceramicznych, ok\u0142adzin szkliwionych, w\u0142\u00f3kna szklanego, stali ocynkowanej, aluminium.<\/p>\n<p><img loading=\"lazy\" decoding=\"async\" class=\"alignnone wp-image-12497 size-full\" src=\"https:\/\/bmsklep.serwerluna.pl\/wp-content\/uploads\/Stix_2-1.jpg\" alt=\"\" width=\"1800\" height=\"1800\" srcset=\"https:\/\/bmsklep.serwerluna.pl\/wp-content\/uploads\/Stix_2-1.jpg 1800w, https:\/\/bmsklep.serwerluna.pl\/wp-content\/uploads\/Stix_2-1-300x300.jpg 300w, https:\/\/bmsklep.serwerluna.pl\/wp-content\/uploads\/Stix_2-1-1024x1024.jpg 1024w, https:\/\/bmsklep.serwerluna.pl\/wp-content\/uploads\/Stix_2-1-150x150.jpg 150w, https:\/\/bmsklep.serwerluna.pl\/wp-content\/uploads\/Stix_2-1-768x768.jpg 768w, https:\/\/bmsklep.serwerluna.pl\/wp-content\/uploads\/Stix_2-1-1536x1536.jpg 1536w, https:\/\/bmsklep.serwerluna.pl\/wp-content\/uploads\/Stix_2-1-600x600.jpg 600w, https:\/\/bmsklep.serwerluna.pl\/wp-content\/uploads\/Stix_2-1-100x100.jpg 100w\" sizes=\"auto, (max-width: 1800px) 100vw, 1800px\" \/><\/p>\n<p style=\"text-align: justify;\">Farba gruntuj\u0105ca mo\u017ce by\u0107 r\u00f3wnie\u017c stosowana do gruntowania tynk\u00f3w mineralnych, p\u0142yt gipsowo-kartonowych, metali nie\u017celaznych oraz fragmentarycznego gruntowania pod\u0142o\u017cy drewnianych (tak\u017ce cedru i sekwoi) w warunkach, w kt\u00f3rych niska temperatura pod\u0142o\u017ca stanowi problem do stosowania konwencjonalnych grunt\u00f3w.<\/p>\n<p>STIX nie jest polecany do przygotowania wi\u0119kszych powierzchni drewnianych, np. ca\u0142ych elewacji oraz taras\u00f3w.<\/p>\n<p><strong>Pod\u0142o\u017ca wewn\u0119trzne:<\/strong><\/p>\n<ul>\n<li>PVC,<\/li>\n<li>tworzywa sztuczne (z wyj\u0105tkiem polipropylenu PP, polietylenu PE i Kynaru PVDF),<\/li>\n<li>szk\u0142o,<\/li>\n<li>p\u0142ytki ceramiczne,<\/li>\n<li>ok\u0142adziny szkliwione,<\/li>\n<li>w\u0142\u00f3kno szklane,<\/li>\n<li>metale nie\u017celazne (stal ocynkowana, aluminium),<\/li>\n<li>tynki mineralne,<\/li>\n<li>beton,<\/li>\n<li>p\u0142yty gipsowo-kartonowe,<\/li>\n<li>pod\u0142o\u017ca drewniane w tym cedr i sekwoja oraz drewnopochodne (np. MDF)<\/li>\n<\/ul>\n<p><strong>Pod\u0142o\u017ca zewn\u0119trzne:<\/strong><\/p>\n<ul>\n<li>PVC,<\/li>\n<li>tworzywa sztuczne (z wyj\u0105tkiem polipropylenu PP, polietylenu PE i Kynaru PVDF),<\/li>\n<li>szk\u0142o,<\/li>\n<li>p\u0142ytki ceramiczne,<\/li>\n<li>ok\u0142adziny szkliwione,<\/li>\n<li>w\u0142\u00f3kno szklane,<\/li>\n<li>metale nie\u017celazne (stal ocynkowana, aluminium),<\/li>\n<li>tynki mineralne,<\/li>\n<li>beton,<\/li>\n<li>pod\u0142o\u017ca drewniane (jedynie fragmentaryczne gruntowanie), w tym cedr i sekwoja.<\/li>\n<\/ul>\n","protected":false},"excerpt":{"rendered":"<p style=\"text-align: justify;\">Farba gruntuj\u0105ca o niesamowitej przyczepno\u015bci do szk\u0142a, p\u0142ytek ceramicznych i innych trudnych pod\u0142o\u017cy wewn\u0119trznych i zewn\u0119trznych.<\/p>\n","protected":false},"featured_media":3654,"template":"","meta":{"_acf_changed":false,"inline_featured_image":false},"product_brand":[],"product_cat":[28],"product_tag":[],"class_list":{"0":"post-781","1":"product","2":"type-product","3":"status-publish","4":"has-post-thumbnail","6":"product_cat-wnetrza","8":"first","9":"instock","10":"taxable","11":"shipping-taxable","12":"purchasable","13":"product-type-variable"},"acf":[],"yoast_head":"<!-- This site is optimized with the Yoast SEO plugin v26.6 - https:\/\/yoast.com\/wordpress\/plugins\/seo\/ -->\n<title>STIX\u00ae Waterborne Bonding Primer SXA-110 - Benjamin Moore Paints<\/title>\n<meta name=\"robots\" content=\"index, follow, max-snippet:-1, max-image-preview:large, max-video-preview:-1\" \/>\n<link rel=\"canonical\" href=\"https:\/\/bmsklep.serwerluna.pl\/produkt\/stix-waterborne-bonding-primer-sxa-110\/\" \/>\n<meta property=\"og:locale\" content=\"en_US\" \/>\n<meta property=\"og:type\" content=\"article\" \/>\n<meta property=\"og:title\" content=\"STIX\u00ae Waterborne Bonding Primer SXA-110 - Benjamin Moore Paints\" \/>\n<meta property=\"og:description\" content=\"Farba gruntuj\u0105ca o niesamowitej przyczepno\u015bci do szk\u0142a, p\u0142ytek ceramicznych i innych trudnych pod\u0142o\u017cy wewn\u0119trznych i zewn\u0119trznych.\" \/>\n<meta property=\"og:url\" content=\"https:\/\/bmsklep.serwerluna.pl\/produkt\/stix-waterborne-bonding-primer-sxa-110\/\" \/>\n<meta property=\"og:site_name\" content=\"Benjamin Moore Paints\" \/>\n<meta property=\"article:modified_time\" content=\"2026-01-21T12:59:56+00:00\" \/>\n<meta property=\"og:image\" content=\"https:\/\/bmsklep.serwerluna.pl\/wp-content\/uploads\/Insl-X_Stix_WB_Bonding_Primer_Int_Ext_SXA-110_gal.png\" \/>\n\t<meta property=\"og:image:width\" content=\"200\" \/>\n\t<meta property=\"og:image:height\" content=\"234\" \/>\n\t<meta property=\"og:image:type\" content=\"image\/png\" \/>\n<meta name=\"twitter:card\" content=\"summary_large_image\" \/>\n<meta name=\"twitter:label1\" content=\"Est. reading time\" \/>\n\t<meta name=\"twitter:data1\" content=\"3 minutes\" \/>\n<script type=\"application\/ld+json\" class=\"yoast-schema-graph\">{\"@context\":\"https:\/\/schema.org\",\"@graph\":[{\"@type\":\"WebPage\",\"@id\":\"https:\/\/bmsklep.serwerluna.pl\/produkt\/stix-waterborne-bonding-primer-sxa-110\/\",\"url\":\"https:\/\/bmsklep.serwerluna.pl\/produkt\/stix-waterborne-bonding-primer-sxa-110\/\",\"name\":\"STIX\u00ae Waterborne Bonding Primer SXA-110 - Benjamin Moore Paints\",\"isPartOf\":{\"@id\":\"https:\/\/bmsklep.serwerluna.pl\/#website\"},\"primaryImageOfPage\":{\"@id\":\"https:\/\/bmsklep.serwerluna.pl\/produkt\/stix-waterborne-bonding-primer-sxa-110\/#primaryimage\"},\"image\":{\"@id\":\"https:\/\/bmsklep.serwerluna.pl\/produkt\/stix-waterborne-bonding-primer-sxa-110\/#primaryimage\"},\"thumbnailUrl\":\"https:\/\/bmsklep.serwerluna.pl\/wp-content\/uploads\/Insl-X_Stix_WB_Bonding_Primer_Int_Ext_SXA-110_gal.png\",\"datePublished\":\"2021-06-28T19:53:40+00:00\",\"dateModified\":\"2026-01-21T12:59:56+00:00\",\"breadcrumb\":{\"@id\":\"https:\/\/bmsklep.serwerluna.pl\/produkt\/stix-waterborne-bonding-primer-sxa-110\/#breadcrumb\"},\"inLanguage\":\"en-US\",\"potentialAction\":[{\"@type\":\"ReadAction\",\"target\":[\"https:\/\/bmsklep.serwerluna.pl\/produkt\/stix-waterborne-bonding-primer-sxa-110\/\"]}]},{\"@type\":\"ImageObject\",\"inLanguage\":\"en-US\",\"@id\":\"https:\/\/bmsklep.serwerluna.pl\/produkt\/stix-waterborne-bonding-primer-sxa-110\/#primaryimage\",\"url\":\"https:\/\/bmsklep.serwerluna.pl\/wp-content\/uploads\/Insl-X_Stix_WB_Bonding_Primer_Int_Ext_SXA-110_gal.png\",\"contentUrl\":\"https:\/\/bmsklep.serwerluna.pl\/wp-content\/uploads\/Insl-X_Stix_WB_Bonding_Primer_Int_Ext_SXA-110_gal.png\",\"width\":200,\"height\":234},{\"@type\":\"BreadcrumbList\",\"@id\":\"https:\/\/bmsklep.serwerluna.pl\/produkt\/stix-waterborne-bonding-primer-sxa-110\/#breadcrumb\",\"itemListElement\":[{\"@type\":\"ListItem\",\"position\":1,\"name\":\"Home\",\"item\":\"https:\/\/bmsklep.serwerluna.pl\/en\/\"},{\"@type\":\"ListItem\",\"position\":2,\"name\":\"Produkty\",\"item\":\"https:\/\/bmsklep.serwerluna.pl\/produkty\/\"},{\"@type\":\"ListItem\",\"position\":3,\"name\":\"Wn\u0119trza\",\"item\":\"https:\/\/bmsklep.serwerluna.pl\/kategoria-produktu\/wnetrza\/\"},{\"@type\":\"ListItem\",\"position\":4,\"name\":\"STIX\u00ae Waterborne Bonding Primer SXA-110\"}]},{\"@type\":\"WebSite\",\"@id\":\"https:\/\/bmsklep.serwerluna.pl\/#website\",\"url\":\"https:\/\/bmsklep.serwerluna.pl\/\",\"name\":\"Benjamin Moore Paints\",\"description\":\"\",\"potentialAction\":[{\"@type\":\"SearchAction\",\"target\":{\"@type\":\"EntryPoint\",\"urlTemplate\":\"https:\/\/bmsklep.serwerluna.pl\/?s={search_term_string}\"},\"query-input\":{\"@type\":\"PropertyValueSpecification\",\"valueRequired\":true,\"valueName\":\"search_term_string\"}}],\"inLanguage\":\"en-US\"}]}<\/script>\n<!-- \/ Yoast SEO plugin. -->","yoast_head_json":{"title":"STIX\u00ae Waterborne Bonding Primer SXA-110 - Benjamin Moore Paints","robots":{"index":"index","follow":"follow","max-snippet":"max-snippet:-1","max-image-preview":"max-image-preview:large","max-video-preview":"max-video-preview:-1"},"canonical":"https:\/\/bmsklep.serwerluna.pl\/produkt\/stix-waterborne-bonding-primer-sxa-110\/","og_locale":"en_US","og_type":"article","og_title":"STIX\u00ae Waterborne Bonding Primer SXA-110 - Benjamin Moore Paints","og_description":"Farba gruntuj\u0105ca o niesamowitej przyczepno\u015bci do szk\u0142a, p\u0142ytek ceramicznych i innych trudnych pod\u0142o\u017cy wewn\u0119trznych i zewn\u0119trznych.","og_url":"https:\/\/bmsklep.serwerluna.pl\/produkt\/stix-waterborne-bonding-primer-sxa-110\/","og_site_name":"Benjamin Moore Paints","article_modified_time":"2026-01-21T12:59:56+00:00","og_image":[{"width":200,"height":234,"url":"https:\/\/bmsklep.serwerluna.pl\/wp-content\/uploads\/Insl-X_Stix_WB_Bonding_Primer_Int_Ext_SXA-110_gal.png","type":"image\/png"}],"twitter_card":"summary_large_image","twitter_misc":{"Est. reading time":"3 minutes"},"schema":{"@context":"https:\/\/schema.org","@graph":[{"@type":"WebPage","@id":"https:\/\/bmsklep.serwerluna.pl\/produkt\/stix-waterborne-bonding-primer-sxa-110\/","url":"https:\/\/bmsklep.serwerluna.pl\/produkt\/stix-waterborne-bonding-primer-sxa-110\/","name":"STIX\u00ae Waterborne Bonding Primer SXA-110 - Benjamin Moore Paints","isPartOf":{"@id":"https:\/\/bmsklep.serwerluna.pl\/#website"},"primaryImageOfPage":{"@id":"https:\/\/bmsklep.serwerluna.pl\/produkt\/stix-waterborne-bonding-primer-sxa-110\/#primaryimage"},"image":{"@id":"https:\/\/bmsklep.serwerluna.pl\/produkt\/stix-waterborne-bonding-primer-sxa-110\/#primaryimage"},"thumbnailUrl":"https:\/\/bmsklep.serwerluna.pl\/wp-content\/uploads\/Insl-X_Stix_WB_Bonding_Primer_Int_Ext_SXA-110_gal.png","datePublished":"2021-06-28T19:53:40+00:00","dateModified":"2026-01-21T12:59:56+00:00","breadcrumb":{"@id":"https:\/\/bmsklep.serwerluna.pl\/produkt\/stix-waterborne-bonding-primer-sxa-110\/#breadcrumb"},"inLanguage":"en-US","potentialAction":[{"@type":"ReadAction","target":["https:\/\/bmsklep.serwerluna.pl\/produkt\/stix-waterborne-bonding-primer-sxa-110\/"]}]},{"@type":"ImageObject","inLanguage":"en-US","@id":"https:\/\/bmsklep.serwerluna.pl\/produkt\/stix-waterborne-bonding-primer-sxa-110\/#primaryimage","url":"https:\/\/bmsklep.serwerluna.pl\/wp-content\/uploads\/Insl-X_Stix_WB_Bonding_Primer_Int_Ext_SXA-110_gal.png","contentUrl":"https:\/\/bmsklep.serwerluna.pl\/wp-content\/uploads\/Insl-X_Stix_WB_Bonding_Primer_Int_Ext_SXA-110_gal.png","width":200,"height":234},{"@type":"BreadcrumbList","@id":"https:\/\/bmsklep.serwerluna.pl\/produkt\/stix-waterborne-bonding-primer-sxa-110\/#breadcrumb","itemListElement":[{"@type":"ListItem","position":1,"name":"Home","item":"https:\/\/bmsklep.serwerluna.pl\/en\/"},{"@type":"ListItem","position":2,"name":"Produkty","item":"https:\/\/bmsklep.serwerluna.pl\/produkty\/"},{"@type":"ListItem","position":3,"name":"Wn\u0119trza","item":"https:\/\/bmsklep.serwerluna.pl\/kategoria-produktu\/wnetrza\/"},{"@type":"ListItem","position":4,"name":"STIX\u00ae Waterborne Bonding Primer SXA-110"}]},{"@type":"WebSite","@id":"https:\/\/bmsklep.serwerluna.pl\/#website","url":"https:\/\/bmsklep.serwerluna.pl\/","name":"Benjamin Moore Paints","description":"","potentialAction":[{"@type":"SearchAction","target":{"@type":"EntryPoint","urlTemplate":"https:\/\/bmsklep.serwerluna.pl\/?s={search_term_string}"},"query-input":{"@type":"PropertyValueSpecification","valueRequired":true,"valueName":"search_term_string"}}],"inLanguage":"en-US"}]}},"_links":{"self":[{"href":"https:\/\/bmsklep.serwerluna.pl\/en\/wp-json\/wp\/v2\/product\/781","targetHints":{"allow":["GET"]}}],"collection":[{"href":"https:\/\/bmsklep.serwerluna.pl\/en\/wp-json\/wp\/v2\/product"}],"about":[{"href":"https:\/\/bmsklep.serwerluna.pl\/en\/wp-json\/wp\/v2\/types\/product"}],"wp:featuredmedia":[{"embeddable":true,"href":"https:\/\/bmsklep.serwerluna.pl\/en\/wp-json\/wp\/v2\/media\/3654"}],"wp:attachment":[{"href":"https:\/\/bmsklep.serwerluna.pl\/en\/wp-json\/wp\/v2\/media?parent=781"}],"wp:term":[{"taxonomy":"product_brand","embeddable":true,"href":"https:\/\/bmsklep.serwerluna.pl\/en\/wp-json\/wp\/v2\/product_brand?post=781"},{"taxonomy":"product_cat","embeddable":true,"href":"https:\/\/bmsklep.serwerluna.pl\/en\/wp-json\/wp\/v2\/product_cat?post=781"},{"taxonomy":"product_tag","embeddable":true,"href":"https:\/\/bmsklep.serwerluna.pl\/en\/wp-json\/wp\/v2\/product_tag?post=781"}],"curies":[{"name":"wp","href":"https:\/\/api.w.org\/{rel}","templated":true}]}}