{"id":777,"date":"2021-06-28T21:47:29","date_gmt":"2021-06-28T19:47:29","guid":{"rendered":"https:\/\/serwer2121761.home.pl\/autoinstalator\/wordpressplugins2\/?post_type=product&#038;p=777"},"modified":"2026-01-21T14:04:52","modified_gmt":"2026-01-21T13:04:52","slug":"ultra-spec-masonry-interior-exterior-100-acrylic-sealer-608","status":"publish","type":"product","link":"https:\/\/bmsklep.serwerluna.pl\/en\/produkt\/ultra-spec-masonry-interior-exterior-100-acrylic-sealer-608\/","title":{"rendered":"Ultra Spec\u00ae Masonry Interior\/Exterior 100% Acrylic Sealer 608"},"content":{"rendered":"<p><img loading=\"lazy\" decoding=\"async\" class=\"alignnone wp-image-12296 size-full\" src=\"https:\/\/bmsklep.serwerluna.pl\/wp-content\/uploads\/21-673295_2022-Contractor-Appreciation-Week_Social_1080x1080_3-1.jpg\" alt=\"\" width=\"1800\" height=\"1486\" srcset=\"https:\/\/bmsklep.serwerluna.pl\/wp-content\/uploads\/21-673295_2022-Contractor-Appreciation-Week_Social_1080x1080_3-1.jpg 1800w, https:\/\/bmsklep.serwerluna.pl\/wp-content\/uploads\/21-673295_2022-Contractor-Appreciation-Week_Social_1080x1080_3-1-300x248.jpg 300w, https:\/\/bmsklep.serwerluna.pl\/wp-content\/uploads\/21-673295_2022-Contractor-Appreciation-Week_Social_1080x1080_3-1-1024x845.jpg 1024w, https:\/\/bmsklep.serwerluna.pl\/wp-content\/uploads\/21-673295_2022-Contractor-Appreciation-Week_Social_1080x1080_3-1-768x634.jpg 768w, https:\/\/bmsklep.serwerluna.pl\/wp-content\/uploads\/21-673295_2022-Contractor-Appreciation-Week_Social_1080x1080_3-1-1536x1268.jpg 1536w, https:\/\/bmsklep.serwerluna.pl\/wp-content\/uploads\/21-673295_2022-Contractor-Appreciation-Week_Social_1080x1080_3-1-600x495.jpg 600w\" sizes=\"auto, (max-width: 1800px) 100vw, 1800px\" \/><\/p>\n<p style=\"text-align: justify;\"><strong>Czy wiesz co oznacza\u00a0doskona\u0142a odporno\u015b\u0107 gruntu na dzia\u0142anie \u015brodowiska alkalicznego?<\/strong><\/p>\n<p style=\"text-align: justify;\"><strong>Oszcz\u0119dno\u015b\u0107 koszt\u00f3w malowania - skr\u00f3cenie czasu sezonowania pod\u0142o\u017ca oraz redukcja czasu wynaj\u0119cia rusztowa\u0144 (przy pracach elewacyjnych).<\/strong><\/p>\n<p style=\"text-align: justify;\">\"Ultra Spec\u00ae Masonry Interior\/Exterior 100% Acrylic Sealer 608\" to wodorozcie\u0144czalna farba akrylowa do gruntowania surowych (niemalowanych) lub malowanych wewn\u0119trznych i zewn\u0119trznych pod\u0142o\u017cy mineralnych.<\/p>\n<p style=\"text-align: justify;\">Produkt stanowi profesjonalny system malarski z farbami elewacyjnymi elewacyjnymi <a href=\"https:\/\/bmsklep.serwerluna.pl\/produkt\/element-guard-exterior-flat-finish-u763\/\" target=\"_blank\" rel=\"noopener\">ELEMENT GUARD\u2122 EXTERIOR FLAT FINISH U763<\/a> i <a href=\"https:\/\/bmsklep.serwerluna.pl\/produkt\/farba-elewacyjna-satyna-aura-631\/\" target=\"_blank\" rel=\"noopener\">AURA\u00ae WATERBORNE EXTERIOR PAINT SATIN U631<\/a> oraz z farbami wewn\u0119trznymi koncernu Benjamin Moore &amp; Co.<\/p>\n<p style=\"text-align: justify;\"><strong>Farba gruntuj\u0105ca posiada doskona\u0142\u0105 odporno\u015b\u0107 na dzia\u0142anie alkalicznego \u015brodowiska (a\u017c do 13 pH), dzi\u0119ki czemu mo\u017cliwa jest znaczna redukcja czasu sezonowania tynk\u00f3w mineralnych przed ich gruntowaniem i malowaniem.<\/strong> Ma to decyduj\u0105cy wp\u0142yw na<strong> redukcj\u0119 koszt\u00f3w realizacji prac<\/strong> malarskich (skr\u00f3cenie czasu wynaj\u0119cia rusztowa\u0144 przy pracach elewacyjnych).<\/p>\n<p><img loading=\"lazy\" decoding=\"async\" class=\"alignnone wp-image-10729 size-full\" src=\"https:\/\/bmsklep.serwerluna.pl\/wp-content\/uploads\/Wykwity_solne_608.jpg\" alt=\"\" width=\"1578\" height=\"653\" srcset=\"https:\/\/bmsklep.serwerluna.pl\/wp-content\/uploads\/Wykwity_solne_608.jpg 1578w, https:\/\/bmsklep.serwerluna.pl\/wp-content\/uploads\/Wykwity_solne_608-300x124.jpg 300w, https:\/\/bmsklep.serwerluna.pl\/wp-content\/uploads\/Wykwity_solne_608-1024x424.jpg 1024w, https:\/\/bmsklep.serwerluna.pl\/wp-content\/uploads\/Wykwity_solne_608-768x318.jpg 768w, https:\/\/bmsklep.serwerluna.pl\/wp-content\/uploads\/Wykwity_solne_608-1536x636.jpg 1536w, https:\/\/bmsklep.serwerluna.pl\/wp-content\/uploads\/Wykwity_solne_608-600x248.jpg 600w\" sizes=\"auto, (max-width: 1578px) 100vw, 1578px\" \/><\/p>\n<p style=\"text-align: justify;\">Farba gruntuj\u0105ca zapewnia doskona\u0142\u0105 przyczepno\u015b\u0107 do pod\u0142o\u017ca, redukuje jego porowato\u015b\u0107, wyr\u00f3wnuje i redukuje ch\u0142onno\u015b\u0107, wzmacnia jego struktur\u0119, ujednolica kolorystycznie oraz ogranicza zu\u017cycie farby elewacyjnej.<\/p>\n<p><strong>ZASTOSOWANIE<\/strong><\/p>\n<p><strong>Pod\u0142o\u017ca wewn\u0119trzne: <\/strong><br \/>\n\u2022 tradycyjne tynki wapienno-cementowe i cementowe<br \/>\n\u2022 cienkowarstwowe tynki mineralne<br \/>\n\u2022 budowlane bloczki konstrukcyjne<br \/>\n\u2022 beton<br \/>\n\u2022 renowacja pow\u0142ok malarskich<\/p>\n<p><strong>Pod\u0142o\u017ca zewn\u0119trzne: <\/strong><br \/>\n\u2022 tradycyjne tynki wapienno-cementowe i cementowe<br \/>\n\u2022 cienkowarstwowe tynki mineralne<br \/>\n\u2022 budowlane bloczki konstrukcyjne<br \/>\n\u2022 beton<br \/>\n\u2022 renowacja pow\u0142ok malarskich<\/p>\n<p><strong>Produkt spe\u0142nia wymagania LEED\u00ae v4 Credit.<\/strong><\/p>\n","protected":false},"excerpt":{"rendered":"<p style=\"text-align: justify;\">Wodorozcie\u0144czalna, akrylowa farba gruntuj\u0105ca o doskona\u0142ej odporno\u015bci na wysok\u0105 alkaliczno\u015b\u0107 pod\u0142o\u017ca (do 13 pH) przeznaczona do elewacji budynk\u00f3w oraz pod\u0142o\u017cy wewn\u0119trznych.<\/p>\n","protected":false},"featured_media":3614,"template":"","meta":{"_acf_changed":false,"inline_featured_image":false},"product_brand":[],"product_cat":[28],"product_tag":[],"class_list":{"0":"post-777","1":"product","2":"type-product","3":"status-publish","4":"has-post-thumbnail","6":"product_cat-wnetrza","8":"first","9":"instock","10":"taxable","11":"shipping-taxable","12":"purchasable","13":"product-type-variable"},"acf":[],"yoast_head":"<!-- This site is optimized with the Yoast SEO plugin v26.6 - https:\/\/yoast.com\/wordpress\/plugins\/seo\/ -->\n<title>Ultra Spec\u00ae Masonry Interior\/Exterior 100% Acrylic Sealer 608 - Benjamin Moore Paints<\/title>\n<meta name=\"robots\" content=\"index, follow, max-snippet:-1, max-image-preview:large, max-video-preview:-1\" \/>\n<link rel=\"canonical\" href=\"https:\/\/bmsklep.serwerluna.pl\/produkt\/ultra-spec-masonry-interior-exterior-100-acrylic-sealer-608\/\" \/>\n<meta property=\"og:locale\" content=\"en_US\" \/>\n<meta property=\"og:type\" content=\"article\" \/>\n<meta property=\"og:title\" content=\"Ultra Spec\u00ae Masonry Interior\/Exterior 100% Acrylic Sealer 608 - Benjamin Moore Paints\" \/>\n<meta property=\"og:description\" content=\"Wodorozcie\u0144czalna, akrylowa farba gruntuj\u0105ca o doskona\u0142ej odporno\u015bci na wysok\u0105 alkaliczno\u015b\u0107 pod\u0142o\u017ca (do 13 pH) przeznaczona do elewacji budynk\u00f3w oraz pod\u0142o\u017cy wewn\u0119trznych.\" \/>\n<meta property=\"og:url\" content=\"https:\/\/bmsklep.serwerluna.pl\/produkt\/ultra-spec-masonry-interior-exterior-100-acrylic-sealer-608\/\" \/>\n<meta property=\"og:site_name\" content=\"Benjamin Moore Paints\" \/>\n<meta property=\"article:modified_time\" content=\"2026-01-21T13:04:52+00:00\" \/>\n<meta property=\"og:image\" content=\"https:\/\/bmsklep.serwerluna.pl\/wp-content\/uploads\/0608_UltraSpecMasonry_HBAcrylicSealer_1Gal_US.png\" \/>\n\t<meta property=\"og:image:width\" content=\"200\" \/>\n\t<meta property=\"og:image:height\" content=\"234\" \/>\n\t<meta property=\"og:image:type\" content=\"image\/png\" \/>\n<meta name=\"twitter:card\" content=\"summary_large_image\" \/>\n<meta name=\"twitter:label1\" content=\"Est. reading time\" \/>\n\t<meta name=\"twitter:data1\" content=\"3 minutes\" \/>\n<script type=\"application\/ld+json\" class=\"yoast-schema-graph\">{\"@context\":\"https:\/\/schema.org\",\"@graph\":[{\"@type\":\"WebPage\",\"@id\":\"https:\/\/bmsklep.serwerluna.pl\/produkt\/ultra-spec-masonry-interior-exterior-100-acrylic-sealer-608\/\",\"url\":\"https:\/\/bmsklep.serwerluna.pl\/produkt\/ultra-spec-masonry-interior-exterior-100-acrylic-sealer-608\/\",\"name\":\"Ultra Spec\u00ae Masonry Interior\/Exterior 100% Acrylic Sealer 608 - Benjamin Moore Paints\",\"isPartOf\":{\"@id\":\"https:\/\/bmsklep.serwerluna.pl\/#website\"},\"primaryImageOfPage\":{\"@id\":\"https:\/\/bmsklep.serwerluna.pl\/produkt\/ultra-spec-masonry-interior-exterior-100-acrylic-sealer-608\/#primaryimage\"},\"image\":{\"@id\":\"https:\/\/bmsklep.serwerluna.pl\/produkt\/ultra-spec-masonry-interior-exterior-100-acrylic-sealer-608\/#primaryimage\"},\"thumbnailUrl\":\"https:\/\/bmsklep.serwerluna.pl\/wp-content\/uploads\/0608_UltraSpecMasonry_HBAcrylicSealer_1Gal_US.png\",\"datePublished\":\"2021-06-28T19:47:29+00:00\",\"dateModified\":\"2026-01-21T13:04:52+00:00\",\"breadcrumb\":{\"@id\":\"https:\/\/bmsklep.serwerluna.pl\/produkt\/ultra-spec-masonry-interior-exterior-100-acrylic-sealer-608\/#breadcrumb\"},\"inLanguage\":\"en-US\",\"potentialAction\":[{\"@type\":\"ReadAction\",\"target\":[\"https:\/\/bmsklep.serwerluna.pl\/produkt\/ultra-spec-masonry-interior-exterior-100-acrylic-sealer-608\/\"]}]},{\"@type\":\"ImageObject\",\"inLanguage\":\"en-US\",\"@id\":\"https:\/\/bmsklep.serwerluna.pl\/produkt\/ultra-spec-masonry-interior-exterior-100-acrylic-sealer-608\/#primaryimage\",\"url\":\"https:\/\/bmsklep.serwerluna.pl\/wp-content\/uploads\/0608_UltraSpecMasonry_HBAcrylicSealer_1Gal_US.png\",\"contentUrl\":\"https:\/\/bmsklep.serwerluna.pl\/wp-content\/uploads\/0608_UltraSpecMasonry_HBAcrylicSealer_1Gal_US.png\",\"width\":200,\"height\":234},{\"@type\":\"BreadcrumbList\",\"@id\":\"https:\/\/bmsklep.serwerluna.pl\/produkt\/ultra-spec-masonry-interior-exterior-100-acrylic-sealer-608\/#breadcrumb\",\"itemListElement\":[{\"@type\":\"ListItem\",\"position\":1,\"name\":\"Home\",\"item\":\"https:\/\/bmsklep.serwerluna.pl\/en\/\"},{\"@type\":\"ListItem\",\"position\":2,\"name\":\"Produkty\",\"item\":\"https:\/\/bmsklep.serwerluna.pl\/produkty\/\"},{\"@type\":\"ListItem\",\"position\":3,\"name\":\"Wn\u0119trza\",\"item\":\"https:\/\/bmsklep.serwerluna.pl\/kategoria-produktu\/wnetrza\/\"},{\"@type\":\"ListItem\",\"position\":4,\"name\":\"Ultra Spec\u00ae Masonry Interior\/Exterior 100% Acrylic Sealer 608\"}]},{\"@type\":\"WebSite\",\"@id\":\"https:\/\/bmsklep.serwerluna.pl\/#website\",\"url\":\"https:\/\/bmsklep.serwerluna.pl\/\",\"name\":\"Benjamin Moore Paints\",\"description\":\"\",\"potentialAction\":[{\"@type\":\"SearchAction\",\"target\":{\"@type\":\"EntryPoint\",\"urlTemplate\":\"https:\/\/bmsklep.serwerluna.pl\/?s={search_term_string}\"},\"query-input\":{\"@type\":\"PropertyValueSpecification\",\"valueRequired\":true,\"valueName\":\"search_term_string\"}}],\"inLanguage\":\"en-US\"}]}<\/script>\n<!-- \/ Yoast SEO plugin. -->","yoast_head_json":{"title":"Ultra Spec\u00ae Masonry Interior\/Exterior 100% Acrylic Sealer 608 - Benjamin Moore Paints","robots":{"index":"index","follow":"follow","max-snippet":"max-snippet:-1","max-image-preview":"max-image-preview:large","max-video-preview":"max-video-preview:-1"},"canonical":"https:\/\/bmsklep.serwerluna.pl\/produkt\/ultra-spec-masonry-interior-exterior-100-acrylic-sealer-608\/","og_locale":"en_US","og_type":"article","og_title":"Ultra Spec\u00ae Masonry Interior\/Exterior 100% Acrylic Sealer 608 - Benjamin Moore Paints","og_description":"Wodorozcie\u0144czalna, akrylowa farba gruntuj\u0105ca o doskona\u0142ej odporno\u015bci na wysok\u0105 alkaliczno\u015b\u0107 pod\u0142o\u017ca (do 13 pH) przeznaczona do elewacji budynk\u00f3w oraz pod\u0142o\u017cy wewn\u0119trznych.","og_url":"https:\/\/bmsklep.serwerluna.pl\/produkt\/ultra-spec-masonry-interior-exterior-100-acrylic-sealer-608\/","og_site_name":"Benjamin Moore Paints","article_modified_time":"2026-01-21T13:04:52+00:00","og_image":[{"width":200,"height":234,"url":"https:\/\/bmsklep.serwerluna.pl\/wp-content\/uploads\/0608_UltraSpecMasonry_HBAcrylicSealer_1Gal_US.png","type":"image\/png"}],"twitter_card":"summary_large_image","twitter_misc":{"Est. reading time":"3 minutes"},"schema":{"@context":"https:\/\/schema.org","@graph":[{"@type":"WebPage","@id":"https:\/\/bmsklep.serwerluna.pl\/produkt\/ultra-spec-masonry-interior-exterior-100-acrylic-sealer-608\/","url":"https:\/\/bmsklep.serwerluna.pl\/produkt\/ultra-spec-masonry-interior-exterior-100-acrylic-sealer-608\/","name":"Ultra Spec\u00ae Masonry Interior\/Exterior 100% Acrylic Sealer 608 - Benjamin Moore Paints","isPartOf":{"@id":"https:\/\/bmsklep.serwerluna.pl\/#website"},"primaryImageOfPage":{"@id":"https:\/\/bmsklep.serwerluna.pl\/produkt\/ultra-spec-masonry-interior-exterior-100-acrylic-sealer-608\/#primaryimage"},"image":{"@id":"https:\/\/bmsklep.serwerluna.pl\/produkt\/ultra-spec-masonry-interior-exterior-100-acrylic-sealer-608\/#primaryimage"},"thumbnailUrl":"https:\/\/bmsklep.serwerluna.pl\/wp-content\/uploads\/0608_UltraSpecMasonry_HBAcrylicSealer_1Gal_US.png","datePublished":"2021-06-28T19:47:29+00:00","dateModified":"2026-01-21T13:04:52+00:00","breadcrumb":{"@id":"https:\/\/bmsklep.serwerluna.pl\/produkt\/ultra-spec-masonry-interior-exterior-100-acrylic-sealer-608\/#breadcrumb"},"inLanguage":"en-US","potentialAction":[{"@type":"ReadAction","target":["https:\/\/bmsklep.serwerluna.pl\/produkt\/ultra-spec-masonry-interior-exterior-100-acrylic-sealer-608\/"]}]},{"@type":"ImageObject","inLanguage":"en-US","@id":"https:\/\/bmsklep.serwerluna.pl\/produkt\/ultra-spec-masonry-interior-exterior-100-acrylic-sealer-608\/#primaryimage","url":"https:\/\/bmsklep.serwerluna.pl\/wp-content\/uploads\/0608_UltraSpecMasonry_HBAcrylicSealer_1Gal_US.png","contentUrl":"https:\/\/bmsklep.serwerluna.pl\/wp-content\/uploads\/0608_UltraSpecMasonry_HBAcrylicSealer_1Gal_US.png","width":200,"height":234},{"@type":"BreadcrumbList","@id":"https:\/\/bmsklep.serwerluna.pl\/produkt\/ultra-spec-masonry-interior-exterior-100-acrylic-sealer-608\/#breadcrumb","itemListElement":[{"@type":"ListItem","position":1,"name":"Home","item":"https:\/\/bmsklep.serwerluna.pl\/en\/"},{"@type":"ListItem","position":2,"name":"Produkty","item":"https:\/\/bmsklep.serwerluna.pl\/produkty\/"},{"@type":"ListItem","position":3,"name":"Wn\u0119trza","item":"https:\/\/bmsklep.serwerluna.pl\/kategoria-produktu\/wnetrza\/"},{"@type":"ListItem","position":4,"name":"Ultra Spec\u00ae Masonry Interior\/Exterior 100% Acrylic Sealer 608"}]},{"@type":"WebSite","@id":"https:\/\/bmsklep.serwerluna.pl\/#website","url":"https:\/\/bmsklep.serwerluna.pl\/","name":"Benjamin Moore Paints","description":"","potentialAction":[{"@type":"SearchAction","target":{"@type":"EntryPoint","urlTemplate":"https:\/\/bmsklep.serwerluna.pl\/?s={search_term_string}"},"query-input":{"@type":"PropertyValueSpecification","valueRequired":true,"valueName":"search_term_string"}}],"inLanguage":"en-US"}]}},"_links":{"self":[{"href":"https:\/\/bmsklep.serwerluna.pl\/en\/wp-json\/wp\/v2\/product\/777","targetHints":{"allow":["GET"]}}],"collection":[{"href":"https:\/\/bmsklep.serwerluna.pl\/en\/wp-json\/wp\/v2\/product"}],"about":[{"href":"https:\/\/bmsklep.serwerluna.pl\/en\/wp-json\/wp\/v2\/types\/product"}],"wp:featuredmedia":[{"embeddable":true,"href":"https:\/\/bmsklep.serwerluna.pl\/en\/wp-json\/wp\/v2\/media\/3614"}],"wp:attachment":[{"href":"https:\/\/bmsklep.serwerluna.pl\/en\/wp-json\/wp\/v2\/media?parent=777"}],"wp:term":[{"taxonomy":"product_brand","embeddable":true,"href":"https:\/\/bmsklep.serwerluna.pl\/en\/wp-json\/wp\/v2\/product_brand?post=777"},{"taxonomy":"product_cat","embeddable":true,"href":"https:\/\/bmsklep.serwerluna.pl\/en\/wp-json\/wp\/v2\/product_cat?post=777"},{"taxonomy":"product_tag","embeddable":true,"href":"https:\/\/bmsklep.serwerluna.pl\/en\/wp-json\/wp\/v2\/product_tag?post=777"}],"curies":[{"name":"wp","href":"https:\/\/api.w.org\/{rel}","templated":true}]}}