{"id":6503,"date":"2021-11-22T13:45:20","date_gmt":"2021-11-22T12:45:20","guid":{"rendered":"https:\/\/benjaminmoore.pl\/?post_type=product&#038;p=6503"},"modified":"2026-01-21T13:56:12","modified_gmt":"2026-01-21T12:56:12","slug":"fresh-start-high-hiding-all-purpose-primer-046-04","status":"publish","type":"product","link":"https:\/\/bmsklep.serwerluna.pl\/en\/produkt\/fresh-start-high-hiding-all-purpose-primer-046-04\/","title":{"rendered":"Fresh Start\u00ae High-Hiding All Purpose Primer 046 04"},"content":{"rendered":"<p><img loading=\"lazy\" decoding=\"async\" class=\"alignnone wp-image-5812 size-full\" src=\"https:\/\/bmsklep.serwerluna.pl\/wp-content\/uploads\/Plamy_Fresh_Start_046.jpg\" alt=\"\" width=\"2041\" height=\"704\" srcset=\"https:\/\/bmsklep.serwerluna.pl\/wp-content\/uploads\/Plamy_Fresh_Start_046.jpg 2041w, https:\/\/bmsklep.serwerluna.pl\/wp-content\/uploads\/Plamy_Fresh_Start_046-600x207.jpg 600w, https:\/\/bmsklep.serwerluna.pl\/wp-content\/uploads\/Plamy_Fresh_Start_046-300x103.jpg 300w, https:\/\/bmsklep.serwerluna.pl\/wp-content\/uploads\/Plamy_Fresh_Start_046-1024x353.jpg 1024w, https:\/\/bmsklep.serwerluna.pl\/wp-content\/uploads\/Plamy_Fresh_Start_046-768x265.jpg 768w, https:\/\/bmsklep.serwerluna.pl\/wp-content\/uploads\/Plamy_Fresh_Start_046-1536x530.jpg 1536w\" sizes=\"auto, (max-width: 2041px) 100vw, 2041px\" \/><\/p>\n<p style=\"text-align: justify;\"><strong>\u201eFRESH START\u00ae High-Hiding All Purpose Primer 046 04\u201d w bazie \u201eDeep Color Base\u201d to wodorozcie\u0144czalna farba gruntuj\u0105ca przeznaczona do problematycznych pod\u0142o\u017cy wewn\u0119trznych i zewn\u0119trznych.<\/strong><\/p>\n<p style=\"text-align: justify;\">Z uwagi na mo\u017cliwo\u015b\u0107 barwienia na szerok\u0105 gam\u0119 ciemnych odcieni, produkt stanowi nieocenion\u0105 pomoc w przypadku aplikacji farb marki Benjamin Moore w niekt\u00f3rych intensywnych lub trudno kryj\u0105cych kolorach. Farba gruntuj\u0105ca redukuje zu\u017cycie farby nawierzchniowej (ilo\u015b\u0107 koniecznych warstw), a tym samym przyczynia si\u0119 do oszcz\u0119dno\u015bci koszt\u00f3w, w tym r\u00f3wnie\u017c koszt\u00f3w malowania.<\/p>\n<p><img loading=\"lazy\" decoding=\"async\" class=\"alignnone wp-image-6580 size-full\" src=\"https:\/\/bmsklep.serwerluna.pl\/wp-content\/uploads\/Benjamin_Moore_wykonawca-1-scaled.jpg\" alt=\"\" width=\"2560\" height=\"1281\" srcset=\"https:\/\/bmsklep.serwerluna.pl\/wp-content\/uploads\/Benjamin_Moore_wykonawca-1-scaled.jpg 2560w, https:\/\/bmsklep.serwerluna.pl\/wp-content\/uploads\/Benjamin_Moore_wykonawca-1-300x150.jpg 300w, https:\/\/bmsklep.serwerluna.pl\/wp-content\/uploads\/Benjamin_Moore_wykonawca-1-1024x512.jpg 1024w, https:\/\/bmsklep.serwerluna.pl\/wp-content\/uploads\/Benjamin_Moore_wykonawca-1-768x384.jpg 768w, https:\/\/bmsklep.serwerluna.pl\/wp-content\/uploads\/Benjamin_Moore_wykonawca-1-1536x769.jpg 1536w, https:\/\/bmsklep.serwerluna.pl\/wp-content\/uploads\/Benjamin_Moore_wykonawca-1-2048x1025.jpg 2048w, https:\/\/bmsklep.serwerluna.pl\/wp-content\/uploads\/Benjamin_Moore_wykonawca-1-600x300.jpg 600w\" sizes=\"auto, (max-width: 2560px) 100vw, 2560px\" \/><\/p>\n<p style=\"text-align: justify;\">Produkt dost\u0119pny jest r\u00f3wnie\u017c w wersji <a href=\"https:\/\/bmsklep.serwerluna.pl\/produkt\/fresh-start-high-hiding-all-purpose-primer-046\/\" target=\"_blank\" rel=\"noopener\"><strong>\u201e046 00\u201d White<\/strong> <\/a>\u2013 bia\u0142ej z mo\u017cliwo\u015bci\u0105 barwienia na szerok\u0105 gam\u0119 kolor\u00f3w pastelowych.<\/p>\n<p style=\"text-align: justify;\"><strong>Farba gruntuj\u0105ca doskonale izoluje t\u0142uste plamy, zacieki wodne i z rdzy (np. po awariach instalacji sanitarnych), graffiti, migracj\u0119 tanin z drzewa cedrowego i sekwoi, osady nikotynowe, plamy bitumiczne, sadz\u0119 (np. po po\u017carze) oraz \u015blady kredek.<\/strong> Nie stosowa\u0107 do izolacji s\u0119k\u00f3w w drewnie, ani na \u017cywicznym drewnie sosnowym.<\/p>\n<p><img loading=\"lazy\" decoding=\"async\" class=\"alignnone wp-image-6582 size-full\" src=\"https:\/\/bmsklep.serwerluna.pl\/wp-content\/uploads\/Fresh_Start_Facebook_Ad-3.jpg\" alt=\"\" width=\"1200\" height=\"573\" srcset=\"https:\/\/bmsklep.serwerluna.pl\/wp-content\/uploads\/Fresh_Start_Facebook_Ad-3.jpg 1200w, https:\/\/bmsklep.serwerluna.pl\/wp-content\/uploads\/Fresh_Start_Facebook_Ad-3-300x143.jpg 300w, https:\/\/bmsklep.serwerluna.pl\/wp-content\/uploads\/Fresh_Start_Facebook_Ad-3-1024x489.jpg 1024w, https:\/\/bmsklep.serwerluna.pl\/wp-content\/uploads\/Fresh_Start_Facebook_Ad-3-768x367.jpg 768w, https:\/\/bmsklep.serwerluna.pl\/wp-content\/uploads\/Fresh_Start_Facebook_Ad-3-600x287.jpg 600w\" sizes=\"auto, (max-width: 1200px) 100vw, 1200px\" \/><\/p>\n<p style=\"text-align: justify;\">Farba gruntuj\u0105ca przeznaczona jest do stosowania przed aplikacj\u0105 wodorozcie\u0144czalnych farb marki Benjamin Moore w ciemnych lub trudno-kryj\u0105cych kolorach posiada bardzo <strong>dobre w\u0142a\u015bciwo\u015bci izoluj\u0105ce, wysok\u0105 odporno\u015b\u0107 na dzia\u0142anie mikroorganizm\u00f3w, maksymaln\u0105 si\u0142\u0119 krycia<\/strong>, w\u0142a\u015bciwo\u015bci wype\u0142niaj\u0105ce i wysok\u0105 przyczepno\u015b\u0107 do pod\u0142o\u017ca.<\/p>\n<p style=\"text-align: justify;\">Produkt ogranicza zu\u017cycie farby nawierzchniowej, zapewnia jej doskona\u0142\u0105 przyczepno\u015b\u0107, wyr\u00f3wnuje i redukuje ch\u0142onno\u015b\u0107 pod\u0142o\u017ca, wzmacnia jego struktur\u0119 oraz ujednolica kolorystycznie.<\/p>\n<p><strong>\u201eFRESH START\u00ae High-Hiding All Purpose Primer 046 04\u201d spe\u0142nia wymagania LEED\u00ae v4 Credit.<\/strong><\/p>\n<p style=\"text-align: justify;\">Farba gruntuj\u0105ca polecana do gruntowania \u015bcian i sufit\u00f3w (r\u00f3wnie\u017c p\u0142yt w systemie podwieszanym), futryn, listew, drzwi, p\u0142ytek ceramicznych, element\u00f3w metalowych (ze stali ocynkowanej i aluminium) we wn\u0119trzach budynk\u00f3w oraz zewn\u0119trznych pod\u0142o\u017cy drewnianych, metalowych (stal ocynkowana i aluminium), ok\u0142adzin i element\u00f3w z PCV (np. sidingu, rynien), a tak\u017ce elewacji mineralnych budynk\u00f3w.<\/p>\n","protected":false},"excerpt":{"rendered":"<p style=\"text-align: justify;\">Wodorozcie\u0144czalna, akrylowa farba gruntuj\u0105ca, izoluj\u0105ca plamy i zacieki przeznaczona do zastosowa\u0144 wewn\u0119trznych i zewn\u0119trznych. DEEP BASE PRIMER - baza do podbarwiania na ciemne lub trudno kryj\u0105ce kolory.<\/p>\n","protected":false},"featured_media":11007,"template":"","meta":{"_acf_changed":false,"inline_featured_image":false},"product_brand":[],"product_cat":[28],"product_tag":[],"class_list":{"0":"post-6503","1":"product","2":"type-product","3":"status-publish","4":"has-post-thumbnail","6":"product_cat-wnetrza","8":"first","9":"instock","10":"taxable","11":"shipping-taxable","12":"purchasable","13":"product-type-variable"},"acf":[],"yoast_head":"<!-- This site is optimized with the Yoast SEO plugin v26.6 - https:\/\/yoast.com\/wordpress\/plugins\/seo\/ -->\n<title>Fresh Start\u00ae High-Hiding All Purpose Primer 046 04 - Benjamin Moore Paints<\/title>\n<meta name=\"robots\" content=\"index, follow, max-snippet:-1, max-image-preview:large, max-video-preview:-1\" \/>\n<link rel=\"canonical\" href=\"https:\/\/bmsklep.serwerluna.pl\/produkt\/fresh-start-high-hiding-all-purpose-primer-046-04\/\" \/>\n<meta property=\"og:locale\" content=\"en_US\" \/>\n<meta property=\"og:type\" content=\"article\" \/>\n<meta property=\"og:title\" content=\"Fresh Start\u00ae High-Hiding All Purpose Primer 046 04 - Benjamin Moore Paints\" \/>\n<meta property=\"og:description\" content=\"Wodorozcie\u0144czalna, akrylowa farba gruntuj\u0105ca, izoluj\u0105ca plamy i zacieki przeznaczona do zastosowa\u0144 wewn\u0119trznych i zewn\u0119trznych. DEEP BASE PRIMER - baza do podbarwiania na ciemne lub trudno kryj\u0105ce kolory.\" \/>\n<meta property=\"og:url\" content=\"https:\/\/bmsklep.serwerluna.pl\/produkt\/fresh-start-high-hiding-all-purpose-primer-046-04\/\" \/>\n<meta property=\"og:site_name\" content=\"Benjamin Moore Paints\" \/>\n<meta property=\"article:modified_time\" content=\"2026-01-21T12:56:12+00:00\" \/>\n<meta property=\"og:image\" content=\"https:\/\/bmsklep.serwerluna.pl\/wp-content\/uploads\/046.png\" \/>\n\t<meta property=\"og:image:width\" content=\"200\" \/>\n\t<meta property=\"og:image:height\" content=\"234\" \/>\n\t<meta property=\"og:image:type\" content=\"image\/png\" \/>\n<meta name=\"twitter:card\" content=\"summary_large_image\" \/>\n<meta name=\"twitter:label1\" content=\"Est. reading time\" \/>\n\t<meta name=\"twitter:data1\" content=\"3 minutes\" \/>\n<script type=\"application\/ld+json\" class=\"yoast-schema-graph\">{\"@context\":\"https:\/\/schema.org\",\"@graph\":[{\"@type\":\"WebPage\",\"@id\":\"https:\/\/bmsklep.serwerluna.pl\/produkt\/fresh-start-high-hiding-all-purpose-primer-046-04\/\",\"url\":\"https:\/\/bmsklep.serwerluna.pl\/produkt\/fresh-start-high-hiding-all-purpose-primer-046-04\/\",\"name\":\"Fresh Start\u00ae High-Hiding All Purpose Primer 046 04 - Benjamin Moore Paints\",\"isPartOf\":{\"@id\":\"https:\/\/bmsklep.serwerluna.pl\/#website\"},\"primaryImageOfPage\":{\"@id\":\"https:\/\/bmsklep.serwerluna.pl\/produkt\/fresh-start-high-hiding-all-purpose-primer-046-04\/#primaryimage\"},\"image\":{\"@id\":\"https:\/\/bmsklep.serwerluna.pl\/produkt\/fresh-start-high-hiding-all-purpose-primer-046-04\/#primaryimage\"},\"thumbnailUrl\":\"https:\/\/bmsklep.serwerluna.pl\/wp-content\/uploads\/046.png\",\"datePublished\":\"2021-11-22T12:45:20+00:00\",\"dateModified\":\"2026-01-21T12:56:12+00:00\",\"breadcrumb\":{\"@id\":\"https:\/\/bmsklep.serwerluna.pl\/produkt\/fresh-start-high-hiding-all-purpose-primer-046-04\/#breadcrumb\"},\"inLanguage\":\"en-US\",\"potentialAction\":[{\"@type\":\"ReadAction\",\"target\":[\"https:\/\/bmsklep.serwerluna.pl\/produkt\/fresh-start-high-hiding-all-purpose-primer-046-04\/\"]}]},{\"@type\":\"ImageObject\",\"inLanguage\":\"en-US\",\"@id\":\"https:\/\/bmsklep.serwerluna.pl\/produkt\/fresh-start-high-hiding-all-purpose-primer-046-04\/#primaryimage\",\"url\":\"https:\/\/bmsklep.serwerluna.pl\/wp-content\/uploads\/046.png\",\"contentUrl\":\"https:\/\/bmsklep.serwerluna.pl\/wp-content\/uploads\/046.png\",\"width\":200,\"height\":234},{\"@type\":\"BreadcrumbList\",\"@id\":\"https:\/\/bmsklep.serwerluna.pl\/produkt\/fresh-start-high-hiding-all-purpose-primer-046-04\/#breadcrumb\",\"itemListElement\":[{\"@type\":\"ListItem\",\"position\":1,\"name\":\"Home\",\"item\":\"https:\/\/bmsklep.serwerluna.pl\/en\/\"},{\"@type\":\"ListItem\",\"position\":2,\"name\":\"Produkty\",\"item\":\"https:\/\/bmsklep.serwerluna.pl\/produkty\/\"},{\"@type\":\"ListItem\",\"position\":3,\"name\":\"Wn\u0119trza\",\"item\":\"https:\/\/bmsklep.serwerluna.pl\/kategoria-produktu\/wnetrza\/\"},{\"@type\":\"ListItem\",\"position\":4,\"name\":\"Fresh Start\u00ae High-Hiding All Purpose Primer 046 04\"}]},{\"@type\":\"WebSite\",\"@id\":\"https:\/\/bmsklep.serwerluna.pl\/#website\",\"url\":\"https:\/\/bmsklep.serwerluna.pl\/\",\"name\":\"Benjamin Moore Paints\",\"description\":\"\",\"potentialAction\":[{\"@type\":\"SearchAction\",\"target\":{\"@type\":\"EntryPoint\",\"urlTemplate\":\"https:\/\/bmsklep.serwerluna.pl\/?s={search_term_string}\"},\"query-input\":{\"@type\":\"PropertyValueSpecification\",\"valueRequired\":true,\"valueName\":\"search_term_string\"}}],\"inLanguage\":\"en-US\"}]}<\/script>\n<!-- \/ Yoast SEO plugin. -->","yoast_head_json":{"title":"Fresh Start\u00ae High-Hiding All Purpose Primer 046 04 - Benjamin Moore Paints","robots":{"index":"index","follow":"follow","max-snippet":"max-snippet:-1","max-image-preview":"max-image-preview:large","max-video-preview":"max-video-preview:-1"},"canonical":"https:\/\/bmsklep.serwerluna.pl\/produkt\/fresh-start-high-hiding-all-purpose-primer-046-04\/","og_locale":"en_US","og_type":"article","og_title":"Fresh Start\u00ae High-Hiding All Purpose Primer 046 04 - Benjamin Moore Paints","og_description":"Wodorozcie\u0144czalna, akrylowa farba gruntuj\u0105ca, izoluj\u0105ca plamy i zacieki przeznaczona do zastosowa\u0144 wewn\u0119trznych i zewn\u0119trznych. DEEP BASE PRIMER - baza do podbarwiania na ciemne lub trudno kryj\u0105ce kolory.","og_url":"https:\/\/bmsklep.serwerluna.pl\/produkt\/fresh-start-high-hiding-all-purpose-primer-046-04\/","og_site_name":"Benjamin Moore Paints","article_modified_time":"2026-01-21T12:56:12+00:00","og_image":[{"width":200,"height":234,"url":"https:\/\/bmsklep.serwerluna.pl\/wp-content\/uploads\/046.png","type":"image\/png"}],"twitter_card":"summary_large_image","twitter_misc":{"Est. reading time":"3 minutes"},"schema":{"@context":"https:\/\/schema.org","@graph":[{"@type":"WebPage","@id":"https:\/\/bmsklep.serwerluna.pl\/produkt\/fresh-start-high-hiding-all-purpose-primer-046-04\/","url":"https:\/\/bmsklep.serwerluna.pl\/produkt\/fresh-start-high-hiding-all-purpose-primer-046-04\/","name":"Fresh Start\u00ae High-Hiding All Purpose Primer 046 04 - Benjamin Moore Paints","isPartOf":{"@id":"https:\/\/bmsklep.serwerluna.pl\/#website"},"primaryImageOfPage":{"@id":"https:\/\/bmsklep.serwerluna.pl\/produkt\/fresh-start-high-hiding-all-purpose-primer-046-04\/#primaryimage"},"image":{"@id":"https:\/\/bmsklep.serwerluna.pl\/produkt\/fresh-start-high-hiding-all-purpose-primer-046-04\/#primaryimage"},"thumbnailUrl":"https:\/\/bmsklep.serwerluna.pl\/wp-content\/uploads\/046.png","datePublished":"2021-11-22T12:45:20+00:00","dateModified":"2026-01-21T12:56:12+00:00","breadcrumb":{"@id":"https:\/\/bmsklep.serwerluna.pl\/produkt\/fresh-start-high-hiding-all-purpose-primer-046-04\/#breadcrumb"},"inLanguage":"en-US","potentialAction":[{"@type":"ReadAction","target":["https:\/\/bmsklep.serwerluna.pl\/produkt\/fresh-start-high-hiding-all-purpose-primer-046-04\/"]}]},{"@type":"ImageObject","inLanguage":"en-US","@id":"https:\/\/bmsklep.serwerluna.pl\/produkt\/fresh-start-high-hiding-all-purpose-primer-046-04\/#primaryimage","url":"https:\/\/bmsklep.serwerluna.pl\/wp-content\/uploads\/046.png","contentUrl":"https:\/\/bmsklep.serwerluna.pl\/wp-content\/uploads\/046.png","width":200,"height":234},{"@type":"BreadcrumbList","@id":"https:\/\/bmsklep.serwerluna.pl\/produkt\/fresh-start-high-hiding-all-purpose-primer-046-04\/#breadcrumb","itemListElement":[{"@type":"ListItem","position":1,"name":"Home","item":"https:\/\/bmsklep.serwerluna.pl\/en\/"},{"@type":"ListItem","position":2,"name":"Produkty","item":"https:\/\/bmsklep.serwerluna.pl\/produkty\/"},{"@type":"ListItem","position":3,"name":"Wn\u0119trza","item":"https:\/\/bmsklep.serwerluna.pl\/kategoria-produktu\/wnetrza\/"},{"@type":"ListItem","position":4,"name":"Fresh Start\u00ae High-Hiding All Purpose Primer 046 04"}]},{"@type":"WebSite","@id":"https:\/\/bmsklep.serwerluna.pl\/#website","url":"https:\/\/bmsklep.serwerluna.pl\/","name":"Benjamin Moore Paints","description":"","potentialAction":[{"@type":"SearchAction","target":{"@type":"EntryPoint","urlTemplate":"https:\/\/bmsklep.serwerluna.pl\/?s={search_term_string}"},"query-input":{"@type":"PropertyValueSpecification","valueRequired":true,"valueName":"search_term_string"}}],"inLanguage":"en-US"}]}},"_links":{"self":[{"href":"https:\/\/bmsklep.serwerluna.pl\/en\/wp-json\/wp\/v2\/product\/6503","targetHints":{"allow":["GET"]}}],"collection":[{"href":"https:\/\/bmsklep.serwerluna.pl\/en\/wp-json\/wp\/v2\/product"}],"about":[{"href":"https:\/\/bmsklep.serwerluna.pl\/en\/wp-json\/wp\/v2\/types\/product"}],"wp:featuredmedia":[{"embeddable":true,"href":"https:\/\/bmsklep.serwerluna.pl\/en\/wp-json\/wp\/v2\/media\/11007"}],"wp:attachment":[{"href":"https:\/\/bmsklep.serwerluna.pl\/en\/wp-json\/wp\/v2\/media?parent=6503"}],"wp:term":[{"taxonomy":"product_brand","embeddable":true,"href":"https:\/\/bmsklep.serwerluna.pl\/en\/wp-json\/wp\/v2\/product_brand?post=6503"},{"taxonomy":"product_cat","embeddable":true,"href":"https:\/\/bmsklep.serwerluna.pl\/en\/wp-json\/wp\/v2\/product_cat?post=6503"},{"taxonomy":"product_tag","embeddable":true,"href":"https:\/\/bmsklep.serwerluna.pl\/en\/wp-json\/wp\/v2\/product_tag?post=6503"}],"curies":[{"name":"wp","href":"https:\/\/api.w.org\/{rel}","templated":true}]}}