{"id":593,"date":"2021-06-27T08:06:57","date_gmt":"2021-06-27T06:06:57","guid":{"rendered":"https:\/\/serwer2121761.home.pl\/autoinstalator\/wordpressplugins2\/?post_type=product&#038;p=593"},"modified":"2025-12-08T12:35:03","modified_gmt":"2025-12-08T11:35:03","slug":"fresh-start-high-hiding-all-purpose-primer-046","status":"publish","type":"product","link":"https:\/\/bmsklep.serwerluna.pl\/en\/produkt\/fresh-start-high-hiding-all-purpose-primer-046\/","title":{"rendered":"Fresh Start\u00ae High-Hiding All Purpose Primer 046"},"content":{"rendered":"<p><img loading=\"lazy\" decoding=\"async\" class=\"alignnone wp-image-12422 size-full\" src=\"https:\/\/bmsklep.serwerluna.pl\/wp-content\/uploads\/Fresh_Start_-_US.jpg\" alt=\"\" width=\"1800\" height=\"1537\" srcset=\"https:\/\/bmsklep.serwerluna.pl\/wp-content\/uploads\/Fresh_Start_-_US.jpg 1800w, https:\/\/bmsklep.serwerluna.pl\/wp-content\/uploads\/Fresh_Start_-_US-300x256.jpg 300w, https:\/\/bmsklep.serwerluna.pl\/wp-content\/uploads\/Fresh_Start_-_US-1024x874.jpg 1024w, https:\/\/bmsklep.serwerluna.pl\/wp-content\/uploads\/Fresh_Start_-_US-768x656.jpg 768w, https:\/\/bmsklep.serwerluna.pl\/wp-content\/uploads\/Fresh_Start_-_US-1536x1312.jpg 1536w, https:\/\/bmsklep.serwerluna.pl\/wp-content\/uploads\/Fresh_Start_-_US-600x512.jpg 600w\" sizes=\"auto, (max-width: 1800px) 100vw, 1800px\" \/><\/p>\n<p><strong>\u201eFRESH START\u00ae High-Hiding All Purpose Primer 046 00 White\" to wodorozcie\u0144czalna farba gruntuj\u0105ca przeznaczona do problematycznych pod\u0142o\u017cy wewn\u0119trznych i zewn\u0119trznych.<\/strong><\/p>\n<p><img loading=\"lazy\" decoding=\"async\" class=\"alignnone wp-image-12420 size-full\" src=\"https:\/\/bmsklep.serwerluna.pl\/wp-content\/uploads\/Fresh_Start_Social_Media_Ad.jpg\" alt=\"\" width=\"1800\" height=\"1800\" srcset=\"https:\/\/bmsklep.serwerluna.pl\/wp-content\/uploads\/Fresh_Start_Social_Media_Ad.jpg 1800w, https:\/\/bmsklep.serwerluna.pl\/wp-content\/uploads\/Fresh_Start_Social_Media_Ad-300x300.jpg 300w, https:\/\/bmsklep.serwerluna.pl\/wp-content\/uploads\/Fresh_Start_Social_Media_Ad-1024x1024.jpg 1024w, https:\/\/bmsklep.serwerluna.pl\/wp-content\/uploads\/Fresh_Start_Social_Media_Ad-150x150.jpg 150w, https:\/\/bmsklep.serwerluna.pl\/wp-content\/uploads\/Fresh_Start_Social_Media_Ad-768x768.jpg 768w, https:\/\/bmsklep.serwerluna.pl\/wp-content\/uploads\/Fresh_Start_Social_Media_Ad-1536x1536.jpg 1536w, https:\/\/bmsklep.serwerluna.pl\/wp-content\/uploads\/Fresh_Start_Social_Media_Ad-600x600.jpg 600w, https:\/\/bmsklep.serwerluna.pl\/wp-content\/uploads\/Fresh_Start_Social_Media_Ad-100x100.jpg 100w\" sizes=\"auto, (max-width: 1800px) 100vw, 1800px\" \/><\/p>\n<p style=\"text-align: justify;\"><strong>Farba gruntuj\u0105ca doskonale izoluje t\u0142uste plamy, zacieki wodne i z rdzy (np. po awariach instalacji sanitarnych), graffiti, migracj\u0119 tanin z drzewa cedrowego i sekwoi, osady nikotynowe, plamy bitumiczne, sadz\u0119 (np. po po\u017carze) oraz \u015blady kredek.<\/strong>\u00a0Nie stosowa\u0107 do izolacji s\u0119k\u00f3w w drewnie, ani na \u017cywicznym drewnie sosnowym.<\/p>\n<p style=\"text-align: justify;\"><img loading=\"lazy\" decoding=\"async\" class=\"alignnone wp-image-5812 size-full\" src=\"https:\/\/bmsklep.serwerluna.pl\/wp-content\/uploads\/Plamy_Fresh_Start_046.jpg\" alt=\"\" width=\"2041\" height=\"704\" srcset=\"https:\/\/bmsklep.serwerluna.pl\/wp-content\/uploads\/Plamy_Fresh_Start_046.jpg 2041w, https:\/\/bmsklep.serwerluna.pl\/wp-content\/uploads\/Plamy_Fresh_Start_046-600x207.jpg 600w, https:\/\/bmsklep.serwerluna.pl\/wp-content\/uploads\/Plamy_Fresh_Start_046-300x103.jpg 300w, https:\/\/bmsklep.serwerluna.pl\/wp-content\/uploads\/Plamy_Fresh_Start_046-1024x353.jpg 1024w, https:\/\/bmsklep.serwerluna.pl\/wp-content\/uploads\/Plamy_Fresh_Start_046-768x265.jpg 768w, https:\/\/bmsklep.serwerluna.pl\/wp-content\/uploads\/Plamy_Fresh_Start_046-1536x530.jpg 1536w\" sizes=\"auto, (max-width: 2041px) 100vw, 2041px\" \/><strong>Mo\u017cliwe jest barwienie produktu na szerok\u0105 gam\u0119 jasnych, pastelowych odcieni w systemie marki Benjamin Moore.\u00a0 <\/strong><\/p>\n<p style=\"text-align: justify;\"><strong>Farba gruntuj\u0105ca dost\u0119pna jest r\u00f3wnie\u017c w specjalnej wersji \u201e046 04\u201d - baza Deep Color Base, kt\u00f3r\u0105 mo\u017cna barwi\u0107 na ciemne kolory.<\/strong> Ta wersja stosowana jest przed aplikacj\u0105 farb nawierzchniowych w intensywnych lub trudno kryj\u0105cych odcieniach.<\/p>\n<p><img loading=\"lazy\" decoding=\"async\" class=\"alignnone wp-image-5814 size-full\" src=\"https:\/\/bmsklep.serwerluna.pl\/wp-content\/uploads\/Benjamin_Moore_wykonawca-scaled.jpg\" alt=\"\" width=\"2560\" height=\"1281\" srcset=\"https:\/\/bmsklep.serwerluna.pl\/wp-content\/uploads\/Benjamin_Moore_wykonawca-scaled.jpg 2560w, https:\/\/bmsklep.serwerluna.pl\/wp-content\/uploads\/Benjamin_Moore_wykonawca-scaled-600x300.jpg 600w, https:\/\/bmsklep.serwerluna.pl\/wp-content\/uploads\/Benjamin_Moore_wykonawca-300x150.jpg 300w, https:\/\/bmsklep.serwerluna.pl\/wp-content\/uploads\/Benjamin_Moore_wykonawca-1024x512.jpg 1024w, https:\/\/bmsklep.serwerluna.pl\/wp-content\/uploads\/Benjamin_Moore_wykonawca-768x384.jpg 768w, https:\/\/bmsklep.serwerluna.pl\/wp-content\/uploads\/Benjamin_Moore_wykonawca-1536x769.jpg 1536w, https:\/\/bmsklep.serwerluna.pl\/wp-content\/uploads\/Benjamin_Moore_wykonawca-2048x1025.jpg 2048w\" sizes=\"auto, (max-width: 2560px) 100vw, 2560px\" \/><\/p>\n<p style=\"text-align: justify;\">Farba gruntuj\u0105ca przeznaczona jest do stosowania przed aplikacj\u0105 wodorozcie\u0144czalnych farb marki Benjamin Moore.<\/p>\n<p style=\"text-align: justify;\">Posiada bardzo <strong>dobre w\u0142a\u015bciwo\u015bci izoluj\u0105ce, wysok\u0105 odporno\u015b\u0107 na dzia\u0142anie mikroorganizm\u00f3w, maksymaln\u0105 si\u0142\u0119 krycia\u00a0<\/strong>(szczeg\u00f3lnie doceniania w przypadku zasadniczej zmiany kolorystyki pod\u0142o\u017ca, np. z br\u0105zu na biel), w\u0142a\u015bciwo\u015bci wype\u0142niaj\u0105ce i wysok\u0105 przyczepno\u015b\u0107 do pod\u0142o\u017ca.<\/p>\n<p><img loading=\"lazy\" decoding=\"async\" class=\"alignnone wp-image-12424 size-full\" src=\"https:\/\/bmsklep.serwerluna.pl\/wp-content\/uploads\/How_to_17.jpg\" alt=\"\" width=\"1800\" height=\"1952\" srcset=\"https:\/\/bmsklep.serwerluna.pl\/wp-content\/uploads\/How_to_17.jpg 1800w, https:\/\/bmsklep.serwerluna.pl\/wp-content\/uploads\/How_to_17-277x300.jpg 277w, https:\/\/bmsklep.serwerluna.pl\/wp-content\/uploads\/How_to_17-944x1024.jpg 944w, https:\/\/bmsklep.serwerluna.pl\/wp-content\/uploads\/How_to_17-768x833.jpg 768w, https:\/\/bmsklep.serwerluna.pl\/wp-content\/uploads\/How_to_17-1416x1536.jpg 1416w, https:\/\/bmsklep.serwerluna.pl\/wp-content\/uploads\/How_to_17-600x651.jpg 600w\" sizes=\"auto, (max-width: 1800px) 100vw, 1800px\" \/><\/p>\n<p style=\"text-align: justify;\">Produkt ogranicza zu\u017cycie farby nawierzchniowej, zapewnia jej doskona\u0142\u0105 przyczepno\u015b\u0107, wyr\u00f3wnuje i redukuje ch\u0142onno\u015b\u0107 pod\u0142o\u017ca, wzmacnia jego struktur\u0119 oraz ujednolica kolorystycznie.<\/p>\n<p><strong>Produkt spe\u0142nia wymagania LEED<sup>\u00ae\u00a0<\/sup>v4 Credit.<\/strong><\/p>\n<p><img loading=\"lazy\" decoding=\"async\" class=\"alignnone wp-image-12426 size-full\" src=\"https:\/\/bmsklep.serwerluna.pl\/wp-content\/uploads\/bm_wykonawca_2-2.jpg\" alt=\"\" width=\"1800\" height=\"1391\" srcset=\"https:\/\/bmsklep.serwerluna.pl\/wp-content\/uploads\/bm_wykonawca_2-2.jpg 1800w, https:\/\/bmsklep.serwerluna.pl\/wp-content\/uploads\/bm_wykonawca_2-2-300x232.jpg 300w, https:\/\/bmsklep.serwerluna.pl\/wp-content\/uploads\/bm_wykonawca_2-2-1024x791.jpg 1024w, https:\/\/bmsklep.serwerluna.pl\/wp-content\/uploads\/bm_wykonawca_2-2-768x593.jpg 768w, https:\/\/bmsklep.serwerluna.pl\/wp-content\/uploads\/bm_wykonawca_2-2-1536x1187.jpg 1536w, https:\/\/bmsklep.serwerluna.pl\/wp-content\/uploads\/bm_wykonawca_2-2-600x464.jpg 600w\" sizes=\"auto, (max-width: 1800px) 100vw, 1800px\" \/><\/p>\n<p style=\"text-align: justify;\">Farba gruntuj\u0105ca polecana do gruntowania \u015bcian i sufit\u00f3w (r\u00f3wnie\u017c p\u0142yt w systemie podwieszanym), futryn, listew, drzwi, p\u0142ytek ceramicznych, element\u00f3w metalowych (ze stali ocynkowanej i aluminium) we wn\u0119trzach budynk\u00f3w oraz zewn\u0119trznych pod\u0142o\u017cy drewnianych, metalowych (stal ocynkowana i aluminium), ok\u0142adzin i element\u00f3w z PCV (np. sidingu, rynien), a tak\u017ce elewacji mineralnych budynk\u00f3w.<\/p>\n<p><strong>ZASTOSOWANIE<\/strong><\/p>\n<p><strong>Pod\u0142o\u017ca wewn\u0119trzne:<\/strong><\/p>\n<ul>\n<li>tradycyjne tynki wapienno-cementowe i cementowe,<\/li>\n<li>cienkowarstwowe tynki mineralne i akrylowe,<\/li>\n<li>g\u0142adzie gipsowe, p\u0142yty gipsowo-kartonowe,<\/li>\n<li>tapety,<\/li>\n<li>budowlane bloczki konstrukcyjne,<\/li>\n<li>beton,<\/li>\n<li>drewno i pod\u0142o\u017ca drewnopochodne,<\/li>\n<li>p\u0142ytki ceramiczne,<\/li>\n<li>szlifowane PCV,<\/li>\n<li>metal (jedynie metale nie\u017celazne: stal ocynkowana oraz aluminium),<\/li>\n<li>renowacja pow\u0142ok malarskich.<\/li>\n<\/ul>\n<p><strong>Pod\u0142o\u017ca zewn\u0119trzne:<\/strong><\/p>\n<ul>\n<li>tradycyjne tynki wapienno-cementowe i cementowe,<\/li>\n<li>cienkowarstwowe tynki mineralne i akrylowe,<\/li>\n<li>budowlane bloczki konstrukcyjne,<\/li>\n<li>beton,<\/li>\n<li>drewno,<\/li>\n<li>szlifowane PCV<\/li>\n<li>metal (jedynie metale nie\u017celazne: stal ocynkowana oraz aluminium),<\/li>\n<li>renowacja pow\u0142ok malarskich.<\/li>\n<\/ul>\n","protected":false},"excerpt":{"rendered":"<p style=\"text-align: justify;\">Wodorozcie\u0144czalna, akrylowa farba gruntuj\u0105ca, izoluj\u0105ca plamy i zacieki przeznaczona do zastosowa\u0144 wewn\u0119trznych i zewn\u0119trznych. Kolor bia\u0142y z mo\u017cliwo\u015bci\u0105 podbarwienia na jasne kolory.<\/p>\n","protected":false},"featured_media":11007,"template":"","meta":{"_acf_changed":false,"inline_featured_image":false},"product_brand":[],"product_cat":[28],"product_tag":[],"class_list":{"0":"post-593","1":"product","2":"type-product","3":"status-publish","4":"has-post-thumbnail","6":"product_cat-wnetrza","8":"first","9":"instock","10":"taxable","11":"shipping-taxable","12":"purchasable","13":"product-type-variable"},"acf":[],"yoast_head":"<!-- This site is optimized with the Yoast SEO plugin v26.6 - https:\/\/yoast.com\/wordpress\/plugins\/seo\/ -->\n<title>Fresh Start\u00ae High-Hiding All Purpose Primer 046 - Benjamin Moore Paints<\/title>\n<meta name=\"robots\" content=\"index, follow, max-snippet:-1, max-image-preview:large, max-video-preview:-1\" \/>\n<link rel=\"canonical\" href=\"https:\/\/bmsklep.serwerluna.pl\/produkt\/fresh-start-high-hiding-all-purpose-primer-046\/\" \/>\n<meta property=\"og:locale\" content=\"en_US\" \/>\n<meta property=\"og:type\" content=\"article\" \/>\n<meta property=\"og:title\" content=\"Fresh Start\u00ae High-Hiding All Purpose Primer 046 - Benjamin Moore Paints\" \/>\n<meta property=\"og:description\" content=\"Wodorozcie\u0144czalna, akrylowa farba gruntuj\u0105ca, izoluj\u0105ca plamy i zacieki przeznaczona do zastosowa\u0144 wewn\u0119trznych i zewn\u0119trznych. Kolor bia\u0142y z mo\u017cliwo\u015bci\u0105 podbarwienia na jasne kolory.\" \/>\n<meta property=\"og:url\" content=\"https:\/\/bmsklep.serwerluna.pl\/produkt\/fresh-start-high-hiding-all-purpose-primer-046\/\" \/>\n<meta property=\"og:site_name\" content=\"Benjamin Moore Paints\" \/>\n<meta property=\"article:modified_time\" content=\"2025-12-08T11:35:03+00:00\" \/>\n<meta property=\"og:image\" content=\"https:\/\/bmsklep.serwerluna.pl\/wp-content\/uploads\/046.png\" \/>\n\t<meta property=\"og:image:width\" content=\"200\" \/>\n\t<meta property=\"og:image:height\" content=\"234\" \/>\n\t<meta property=\"og:image:type\" content=\"image\/png\" \/>\n<meta name=\"twitter:card\" content=\"summary_large_image\" \/>\n<meta name=\"twitter:label1\" content=\"Est. reading time\" \/>\n\t<meta name=\"twitter:data1\" content=\"4 minutes\" \/>\n<script type=\"application\/ld+json\" class=\"yoast-schema-graph\">{\"@context\":\"https:\/\/schema.org\",\"@graph\":[{\"@type\":\"WebPage\",\"@id\":\"https:\/\/bmsklep.serwerluna.pl\/produkt\/fresh-start-high-hiding-all-purpose-primer-046\/\",\"url\":\"https:\/\/bmsklep.serwerluna.pl\/produkt\/fresh-start-high-hiding-all-purpose-primer-046\/\",\"name\":\"Fresh Start\u00ae High-Hiding All Purpose Primer 046 - Benjamin Moore Paints\",\"isPartOf\":{\"@id\":\"https:\/\/bmsklep.serwerluna.pl\/#website\"},\"primaryImageOfPage\":{\"@id\":\"https:\/\/bmsklep.serwerluna.pl\/produkt\/fresh-start-high-hiding-all-purpose-primer-046\/#primaryimage\"},\"image\":{\"@id\":\"https:\/\/bmsklep.serwerluna.pl\/produkt\/fresh-start-high-hiding-all-purpose-primer-046\/#primaryimage\"},\"thumbnailUrl\":\"https:\/\/bmsklep.serwerluna.pl\/wp-content\/uploads\/046.png\",\"datePublished\":\"2021-06-27T06:06:57+00:00\",\"dateModified\":\"2025-12-08T11:35:03+00:00\",\"breadcrumb\":{\"@id\":\"https:\/\/bmsklep.serwerluna.pl\/produkt\/fresh-start-high-hiding-all-purpose-primer-046\/#breadcrumb\"},\"inLanguage\":\"en-US\",\"potentialAction\":[{\"@type\":\"ReadAction\",\"target\":[\"https:\/\/bmsklep.serwerluna.pl\/produkt\/fresh-start-high-hiding-all-purpose-primer-046\/\"]}]},{\"@type\":\"ImageObject\",\"inLanguage\":\"en-US\",\"@id\":\"https:\/\/bmsklep.serwerluna.pl\/produkt\/fresh-start-high-hiding-all-purpose-primer-046\/#primaryimage\",\"url\":\"https:\/\/bmsklep.serwerluna.pl\/wp-content\/uploads\/046.png\",\"contentUrl\":\"https:\/\/bmsklep.serwerluna.pl\/wp-content\/uploads\/046.png\",\"width\":200,\"height\":234},{\"@type\":\"BreadcrumbList\",\"@id\":\"https:\/\/bmsklep.serwerluna.pl\/produkt\/fresh-start-high-hiding-all-purpose-primer-046\/#breadcrumb\",\"itemListElement\":[{\"@type\":\"ListItem\",\"position\":1,\"name\":\"Home\",\"item\":\"https:\/\/bmsklep.serwerluna.pl\/en\/\"},{\"@type\":\"ListItem\",\"position\":2,\"name\":\"Produkty\",\"item\":\"https:\/\/bmsklep.serwerluna.pl\/produkty\/\"},{\"@type\":\"ListItem\",\"position\":3,\"name\":\"Wn\u0119trza\",\"item\":\"https:\/\/bmsklep.serwerluna.pl\/kategoria-produktu\/wnetrza\/\"},{\"@type\":\"ListItem\",\"position\":4,\"name\":\"Fresh Start\u00ae High-Hiding All Purpose Primer 046\"}]},{\"@type\":\"WebSite\",\"@id\":\"https:\/\/bmsklep.serwerluna.pl\/#website\",\"url\":\"https:\/\/bmsklep.serwerluna.pl\/\",\"name\":\"Benjamin Moore Paints\",\"description\":\"\",\"potentialAction\":[{\"@type\":\"SearchAction\",\"target\":{\"@type\":\"EntryPoint\",\"urlTemplate\":\"https:\/\/bmsklep.serwerluna.pl\/?s={search_term_string}\"},\"query-input\":{\"@type\":\"PropertyValueSpecification\",\"valueRequired\":true,\"valueName\":\"search_term_string\"}}],\"inLanguage\":\"en-US\"}]}<\/script>\n<!-- \/ Yoast SEO plugin. -->","yoast_head_json":{"title":"Fresh Start\u00ae High-Hiding All Purpose Primer 046 - Benjamin Moore Paints","robots":{"index":"index","follow":"follow","max-snippet":"max-snippet:-1","max-image-preview":"max-image-preview:large","max-video-preview":"max-video-preview:-1"},"canonical":"https:\/\/bmsklep.serwerluna.pl\/produkt\/fresh-start-high-hiding-all-purpose-primer-046\/","og_locale":"en_US","og_type":"article","og_title":"Fresh Start\u00ae High-Hiding All Purpose Primer 046 - Benjamin Moore Paints","og_description":"Wodorozcie\u0144czalna, akrylowa farba gruntuj\u0105ca, izoluj\u0105ca plamy i zacieki przeznaczona do zastosowa\u0144 wewn\u0119trznych i zewn\u0119trznych. Kolor bia\u0142y z mo\u017cliwo\u015bci\u0105 podbarwienia na jasne kolory.","og_url":"https:\/\/bmsklep.serwerluna.pl\/produkt\/fresh-start-high-hiding-all-purpose-primer-046\/","og_site_name":"Benjamin Moore Paints","article_modified_time":"2025-12-08T11:35:03+00:00","og_image":[{"width":200,"height":234,"url":"https:\/\/bmsklep.serwerluna.pl\/wp-content\/uploads\/046.png","type":"image\/png"}],"twitter_card":"summary_large_image","twitter_misc":{"Est. reading time":"4 minutes"},"schema":{"@context":"https:\/\/schema.org","@graph":[{"@type":"WebPage","@id":"https:\/\/bmsklep.serwerluna.pl\/produkt\/fresh-start-high-hiding-all-purpose-primer-046\/","url":"https:\/\/bmsklep.serwerluna.pl\/produkt\/fresh-start-high-hiding-all-purpose-primer-046\/","name":"Fresh Start\u00ae High-Hiding All Purpose Primer 046 - Benjamin Moore Paints","isPartOf":{"@id":"https:\/\/bmsklep.serwerluna.pl\/#website"},"primaryImageOfPage":{"@id":"https:\/\/bmsklep.serwerluna.pl\/produkt\/fresh-start-high-hiding-all-purpose-primer-046\/#primaryimage"},"image":{"@id":"https:\/\/bmsklep.serwerluna.pl\/produkt\/fresh-start-high-hiding-all-purpose-primer-046\/#primaryimage"},"thumbnailUrl":"https:\/\/bmsklep.serwerluna.pl\/wp-content\/uploads\/046.png","datePublished":"2021-06-27T06:06:57+00:00","dateModified":"2025-12-08T11:35:03+00:00","breadcrumb":{"@id":"https:\/\/bmsklep.serwerluna.pl\/produkt\/fresh-start-high-hiding-all-purpose-primer-046\/#breadcrumb"},"inLanguage":"en-US","potentialAction":[{"@type":"ReadAction","target":["https:\/\/bmsklep.serwerluna.pl\/produkt\/fresh-start-high-hiding-all-purpose-primer-046\/"]}]},{"@type":"ImageObject","inLanguage":"en-US","@id":"https:\/\/bmsklep.serwerluna.pl\/produkt\/fresh-start-high-hiding-all-purpose-primer-046\/#primaryimage","url":"https:\/\/bmsklep.serwerluna.pl\/wp-content\/uploads\/046.png","contentUrl":"https:\/\/bmsklep.serwerluna.pl\/wp-content\/uploads\/046.png","width":200,"height":234},{"@type":"BreadcrumbList","@id":"https:\/\/bmsklep.serwerluna.pl\/produkt\/fresh-start-high-hiding-all-purpose-primer-046\/#breadcrumb","itemListElement":[{"@type":"ListItem","position":1,"name":"Home","item":"https:\/\/bmsklep.serwerluna.pl\/en\/"},{"@type":"ListItem","position":2,"name":"Produkty","item":"https:\/\/bmsklep.serwerluna.pl\/produkty\/"},{"@type":"ListItem","position":3,"name":"Wn\u0119trza","item":"https:\/\/bmsklep.serwerluna.pl\/kategoria-produktu\/wnetrza\/"},{"@type":"ListItem","position":4,"name":"Fresh Start\u00ae High-Hiding All Purpose Primer 046"}]},{"@type":"WebSite","@id":"https:\/\/bmsklep.serwerluna.pl\/#website","url":"https:\/\/bmsklep.serwerluna.pl\/","name":"Benjamin Moore Paints","description":"","potentialAction":[{"@type":"SearchAction","target":{"@type":"EntryPoint","urlTemplate":"https:\/\/bmsklep.serwerluna.pl\/?s={search_term_string}"},"query-input":{"@type":"PropertyValueSpecification","valueRequired":true,"valueName":"search_term_string"}}],"inLanguage":"en-US"}]}},"_links":{"self":[{"href":"https:\/\/bmsklep.serwerluna.pl\/en\/wp-json\/wp\/v2\/product\/593","targetHints":{"allow":["GET"]}}],"collection":[{"href":"https:\/\/bmsklep.serwerluna.pl\/en\/wp-json\/wp\/v2\/product"}],"about":[{"href":"https:\/\/bmsklep.serwerluna.pl\/en\/wp-json\/wp\/v2\/types\/product"}],"wp:featuredmedia":[{"embeddable":true,"href":"https:\/\/bmsklep.serwerluna.pl\/en\/wp-json\/wp\/v2\/media\/11007"}],"wp:attachment":[{"href":"https:\/\/bmsklep.serwerluna.pl\/en\/wp-json\/wp\/v2\/media?parent=593"}],"wp:term":[{"taxonomy":"product_brand","embeddable":true,"href":"https:\/\/bmsklep.serwerluna.pl\/en\/wp-json\/wp\/v2\/product_brand?post=593"},{"taxonomy":"product_cat","embeddable":true,"href":"https:\/\/bmsklep.serwerluna.pl\/en\/wp-json\/wp\/v2\/product_cat?post=593"},{"taxonomy":"product_tag","embeddable":true,"href":"https:\/\/bmsklep.serwerluna.pl\/en\/wp-json\/wp\/v2\/product_tag?post=593"}],"curies":[{"name":"wp","href":"https:\/\/api.w.org\/{rel}","templated":true}]}}