{"id":587,"date":"2021-06-27T07:48:59","date_gmt":"2021-06-27T05:48:59","guid":{"rendered":"https:\/\/serwer2121761.home.pl\/autoinstalator\/wordpressplugins2\/?post_type=product&#038;p=587"},"modified":"2025-12-10T10:47:58","modified_gmt":"2025-12-10T09:47:58","slug":"advance-waterborne-interior-alkyd-satin-792","status":"publish","type":"product","link":"https:\/\/bmsklep.serwerluna.pl\/en\/produkt\/advance-waterborne-interior-alkyd-satin-792\/","title":{"rendered":"Advance Waterborne Interior Alkyd Satin 792"},"content":{"rendered":"<p style=\"text-align: justify;\"><img loading=\"lazy\" decoding=\"async\" class=\"alignnone wp-image-12115 size-full\" src=\"https:\/\/bmsklep.serwerluna.pl\/wp-content\/uploads\/BM_FK_SC_Himmel_Mudroom_BlueMacaw_RGB-1.jpg\" alt=\"\" width=\"1800\" height=\"2108\" srcset=\"https:\/\/bmsklep.serwerluna.pl\/wp-content\/uploads\/BM_FK_SC_Himmel_Mudroom_BlueMacaw_RGB-1.jpg 1800w, https:\/\/bmsklep.serwerluna.pl\/wp-content\/uploads\/BM_FK_SC_Himmel_Mudroom_BlueMacaw_RGB-1-256x300.jpg 256w, https:\/\/bmsklep.serwerluna.pl\/wp-content\/uploads\/BM_FK_SC_Himmel_Mudroom_BlueMacaw_RGB-1-874x1024.jpg 874w, https:\/\/bmsklep.serwerluna.pl\/wp-content\/uploads\/BM_FK_SC_Himmel_Mudroom_BlueMacaw_RGB-1-768x899.jpg 768w, https:\/\/bmsklep.serwerluna.pl\/wp-content\/uploads\/BM_FK_SC_Himmel_Mudroom_BlueMacaw_RGB-1-1312x1536.jpg 1312w, https:\/\/bmsklep.serwerluna.pl\/wp-content\/uploads\/BM_FK_SC_Himmel_Mudroom_BlueMacaw_RGB-1-1749x2048.jpg 1749w, https:\/\/bmsklep.serwerluna.pl\/wp-content\/uploads\/BM_FK_SC_Himmel_Mudroom_BlueMacaw_RGB-1-600x703.jpg 600w\" sizes=\"auto, (max-width: 1800px) 100vw, 1800px\" \/><strong>Ekologiczna, wodorozcie\u0144czalna emalia alkidowa do drewna i metalu, wykorzystuj\u0105ca najnowsze, innowacyjne technologie. Tworzy atrakcyjne i odporne, satynowe wyko\u0144czenie.<\/strong><\/p>\n<p><img loading=\"lazy\" decoding=\"async\" class=\"alignnone wp-image-14228 size-full\" src=\"https:\/\/bmsklep.serwerluna.pl\/wp-content\/uploads\/Advance_792_ColorfulEntrywayinWhiteDoveDamaskGoldandStillwater.jpg\" alt=\"\" width=\"1800\" height=\"1903\" srcset=\"https:\/\/bmsklep.serwerluna.pl\/wp-content\/uploads\/Advance_792_ColorfulEntrywayinWhiteDoveDamaskGoldandStillwater.jpg 1800w, https:\/\/bmsklep.serwerluna.pl\/wp-content\/uploads\/Advance_792_ColorfulEntrywayinWhiteDoveDamaskGoldandStillwater-284x300.jpg 284w, https:\/\/bmsklep.serwerluna.pl\/wp-content\/uploads\/Advance_792_ColorfulEntrywayinWhiteDoveDamaskGoldandStillwater-969x1024.jpg 969w, https:\/\/bmsklep.serwerluna.pl\/wp-content\/uploads\/Advance_792_ColorfulEntrywayinWhiteDoveDamaskGoldandStillwater-768x812.jpg 768w, https:\/\/bmsklep.serwerluna.pl\/wp-content\/uploads\/Advance_792_ColorfulEntrywayinWhiteDoveDamaskGoldandStillwater-1453x1536.jpg 1453w, https:\/\/bmsklep.serwerluna.pl\/wp-content\/uploads\/Advance_792_ColorfulEntrywayinWhiteDoveDamaskGoldandStillwater-600x634.jpg 600w\" sizes=\"auto, (max-width: 1800px) 100vw, 1800px\" \/><\/p>\n<p><strong>Idealne po\u0142\u0105czenie ekologii, komfortu stosowania i doskona\u0142ych parametr\u00f3w technicznych<\/strong> z po\u017c\u0105danymi w\u0142a\u015bciwo\u015bciami aplikacyjnymi tradycyjnych rozpuszczalnikowych\u00a0emalii alkidowych.<\/p>\n<p><img loading=\"lazy\" decoding=\"async\" class=\"alignnone wp-image-12118 size-full\" src=\"https:\/\/bmsklep.serwerluna.pl\/wp-content\/uploads\/Benjamin_Moore_odnowa_mebli-22.jpg\" alt=\"\" width=\"1800\" height=\"1800\" srcset=\"https:\/\/bmsklep.serwerluna.pl\/wp-content\/uploads\/Benjamin_Moore_odnowa_mebli-22.jpg 1800w, https:\/\/bmsklep.serwerluna.pl\/wp-content\/uploads\/Benjamin_Moore_odnowa_mebli-22-300x300.jpg 300w, https:\/\/bmsklep.serwerluna.pl\/wp-content\/uploads\/Benjamin_Moore_odnowa_mebli-22-1024x1024.jpg 1024w, https:\/\/bmsklep.serwerluna.pl\/wp-content\/uploads\/Benjamin_Moore_odnowa_mebli-22-150x150.jpg 150w, https:\/\/bmsklep.serwerluna.pl\/wp-content\/uploads\/Benjamin_Moore_odnowa_mebli-22-768x768.jpg 768w, https:\/\/bmsklep.serwerluna.pl\/wp-content\/uploads\/Benjamin_Moore_odnowa_mebli-22-1536x1536.jpg 1536w, https:\/\/bmsklep.serwerluna.pl\/wp-content\/uploads\/Benjamin_Moore_odnowa_mebli-22-600x600.jpg 600w, https:\/\/bmsklep.serwerluna.pl\/wp-content\/uploads\/Benjamin_Moore_odnowa_mebli-22-100x100.jpg 100w\" sizes=\"auto, (max-width: 1800px) 100vw, 1800px\" \/><\/p>\n<p style=\"text-align: justify;\">Emalia przeznaczona do dekoracji i ochrony malowanych wcze\u015bniej lub zagruntowanych wewn\u0119trznych pod\u0142o\u017cy drewnianych i metalowych: drzwi, mebli, futryn, boazerii, element\u00f3w wyko\u0144czeniowych (np. listew przypod\u0142ogowych, balustrad, por\u0119czy, etc.) oraz \u015bcian (np. malowanie lamperii).<\/p>\n<p><img loading=\"lazy\" decoding=\"async\" class=\"alignnone wp-image-12120 size-full\" src=\"https:\/\/bmsklep.serwerluna.pl\/wp-content\/uploads\/Benjamin_Moore_odnowa_mebli-12-1.jpg\" alt=\"\" width=\"1800\" height=\"1322\" srcset=\"https:\/\/bmsklep.serwerluna.pl\/wp-content\/uploads\/Benjamin_Moore_odnowa_mebli-12-1.jpg 1800w, https:\/\/bmsklep.serwerluna.pl\/wp-content\/uploads\/Benjamin_Moore_odnowa_mebli-12-1-300x220.jpg 300w, https:\/\/bmsklep.serwerluna.pl\/wp-content\/uploads\/Benjamin_Moore_odnowa_mebli-12-1-1024x752.jpg 1024w, https:\/\/bmsklep.serwerluna.pl\/wp-content\/uploads\/Benjamin_Moore_odnowa_mebli-12-1-768x564.jpg 768w, https:\/\/bmsklep.serwerluna.pl\/wp-content\/uploads\/Benjamin_Moore_odnowa_mebli-12-1-1536x1128.jpg 1536w, https:\/\/bmsklep.serwerluna.pl\/wp-content\/uploads\/Benjamin_Moore_odnowa_mebli-12-1-600x441.jpg 600w\" sizes=\"auto, (max-width: 1800px) 100vw, 1800px\" \/><\/p>\n<ul>\n<li>zagruntowane pod\u0142o\u017ca drewniane, drewnopochodne i metalowe,<\/li>\n<li>tradycyjne wyprawy wapienno-cementowe i cementowe,<\/li>\n<li>cienkowarstwowe tynki mineralne i akrylowe,<\/li>\n<li>g\u0142adzie gipsowe,<\/li>\n<li>p\u0142yty gipsowo-kartonowe,<\/li>\n<li>tapety,<\/li>\n<li>budowlane bloczki konstrukcyjne,<\/li>\n<li>beton,<\/li>\n<li>renowacja pow\u0142ok dyspersyjnych.<\/li>\n<\/ul>\n<p><img loading=\"lazy\" decoding=\"async\" class=\"alignnone wp-image-12126 size-full\" src=\"https:\/\/bmsklep.serwerluna.pl\/wp-content\/uploads\/Benjamin_Moore_odnowa_mebli-16-1.jpg\" alt=\"\" width=\"1800\" height=\"2403\" srcset=\"https:\/\/bmsklep.serwerluna.pl\/wp-content\/uploads\/Benjamin_Moore_odnowa_mebli-16-1.jpg 1800w, https:\/\/bmsklep.serwerluna.pl\/wp-content\/uploads\/Benjamin_Moore_odnowa_mebli-16-1-225x300.jpg 225w, https:\/\/bmsklep.serwerluna.pl\/wp-content\/uploads\/Benjamin_Moore_odnowa_mebli-16-1-767x1024.jpg 767w, https:\/\/bmsklep.serwerluna.pl\/wp-content\/uploads\/Benjamin_Moore_odnowa_mebli-16-1-768x1025.jpg 768w, https:\/\/bmsklep.serwerluna.pl\/wp-content\/uploads\/Benjamin_Moore_odnowa_mebli-16-1-1151x1536.jpg 1151w, https:\/\/bmsklep.serwerluna.pl\/wp-content\/uploads\/Benjamin_Moore_odnowa_mebli-16-1-1534x2048.jpg 1534w, https:\/\/bmsklep.serwerluna.pl\/wp-content\/uploads\/Benjamin_Moore_odnowa_mebli-16-1-600x801.jpg 600w\" sizes=\"auto, (max-width: 1800px) 100vw, 1800px\" \/><\/p>\n<p style=\"text-align: justify;\">Istnieje mo\u017cliwo\u015b\u0107 aplikacji emalii na odpowiednio przygotowane i zagruntowane pod\u0142o\u017ca szklane, ceramiczne, np. p\u0142ytki ceramiczne oraz pod\u0142o\u017ca z w\u0142\u00f3kna szklanego przy u\u017cyciu promotora adhezji <a href=\"https:\/\/bmsklep.serwerluna.pl\/produkt\/stix-waterborne-bonding-primer-sxa-110\/\" target=\"_blank\" rel=\"noopener\">STIX marki INSL-X<\/a><\/p>\n<p><img loading=\"lazy\" decoding=\"async\" class=\"alignnone wp-image-12132 size-full\" src=\"https:\/\/bmsklep.serwerluna.pl\/wp-content\/uploads\/Benjamin_Moore_odnowa_mebli-33.jpg\" alt=\"\" width=\"1800\" height=\"1512\" srcset=\"https:\/\/bmsklep.serwerluna.pl\/wp-content\/uploads\/Benjamin_Moore_odnowa_mebli-33.jpg 1800w, https:\/\/bmsklep.serwerluna.pl\/wp-content\/uploads\/Benjamin_Moore_odnowa_mebli-33-300x252.jpg 300w, https:\/\/bmsklep.serwerluna.pl\/wp-content\/uploads\/Benjamin_Moore_odnowa_mebli-33-1024x860.jpg 1024w, https:\/\/bmsklep.serwerluna.pl\/wp-content\/uploads\/Benjamin_Moore_odnowa_mebli-33-768x645.jpg 768w, https:\/\/bmsklep.serwerluna.pl\/wp-content\/uploads\/Benjamin_Moore_odnowa_mebli-33-1536x1290.jpg 1536w, https:\/\/bmsklep.serwerluna.pl\/wp-content\/uploads\/Benjamin_Moore_odnowa_mebli-33-600x504.jpg 600w\" sizes=\"auto, (max-width: 1800px) 100vw, 1800px\" \/><\/p>\n<p style=\"text-align: justify;\">Produkt barwiony jest w ekologicznym systemie <a href=\"https:\/\/bmsklep.serwerluna.pl\/kolory-z-hologramem\/\">Gennex<sup>\u00ae<\/sup> Platform<\/a>, bazuj\u0105cym na kolorantach ze \u015bladow\u0105 zawarto\u015bci\u0105 zwi\u0105zk\u00f3w organicznych.<\/p>\n","protected":false},"excerpt":{"rendered":"<p style=\"text-align: justify;\">Nowej generacji, wodorozcie\u0144czalna, wewn\u0119trzna emalia alkidowa do drewna i metalu. Po\u0142ysk satynowy.<\/p>\n","protected":false},"featured_media":11011,"template":"","meta":{"_acf_changed":false,"inline_featured_image":false},"product_brand":[],"product_cat":[28],"product_tag":[],"class_list":{"0":"post-587","1":"product","2":"type-product","3":"status-publish","4":"has-post-thumbnail","6":"product_cat-wnetrza","8":"first","9":"instock","10":"taxable","11":"shipping-taxable","12":"purchasable","13":"product-type-variable"},"acf":[],"yoast_head":"<!-- This site is optimized with the Yoast SEO plugin v26.6 - https:\/\/yoast.com\/wordpress\/plugins\/seo\/ -->\n<title>Advance Waterborne Interior Alkyd Satin 792 - Benjamin Moore Paints<\/title>\n<meta name=\"robots\" content=\"index, follow, max-snippet:-1, max-image-preview:large, max-video-preview:-1\" \/>\n<link rel=\"canonical\" href=\"https:\/\/bmsklep.serwerluna.pl\/produkt\/advance-waterborne-interior-alkyd-satin-792\/\" \/>\n<meta property=\"og:locale\" content=\"en_US\" \/>\n<meta property=\"og:type\" content=\"article\" \/>\n<meta property=\"og:title\" content=\"Advance Waterborne Interior Alkyd Satin 792 - Benjamin Moore Paints\" \/>\n<meta property=\"og:description\" content=\"Nowej generacji, wodorozcie\u0144czalna, wewn\u0119trzna emalia alkidowa do drewna i metalu. Po\u0142ysk satynowy.\" \/>\n<meta property=\"og:url\" content=\"https:\/\/bmsklep.serwerluna.pl\/produkt\/advance-waterborne-interior-alkyd-satin-792\/\" \/>\n<meta property=\"og:site_name\" content=\"Benjamin Moore Paints\" \/>\n<meta property=\"article:modified_time\" content=\"2025-12-10T09:47:58+00:00\" \/>\n<meta property=\"og:image\" content=\"https:\/\/bmsklep.serwerluna.pl\/wp-content\/uploads\/792.png\" \/>\n\t<meta property=\"og:image:width\" content=\"200\" \/>\n\t<meta property=\"og:image:height\" content=\"234\" \/>\n\t<meta property=\"og:image:type\" content=\"image\/png\" \/>\n<meta name=\"twitter:card\" content=\"summary_large_image\" \/>\n<meta name=\"twitter:label1\" content=\"Est. reading time\" \/>\n\t<meta name=\"twitter:data1\" content=\"3 minutes\" \/>\n<script type=\"application\/ld+json\" class=\"yoast-schema-graph\">{\"@context\":\"https:\/\/schema.org\",\"@graph\":[{\"@type\":\"WebPage\",\"@id\":\"https:\/\/bmsklep.serwerluna.pl\/produkt\/advance-waterborne-interior-alkyd-satin-792\/\",\"url\":\"https:\/\/bmsklep.serwerluna.pl\/produkt\/advance-waterborne-interior-alkyd-satin-792\/\",\"name\":\"Advance Waterborne Interior Alkyd Satin 792 - Benjamin Moore Paints\",\"isPartOf\":{\"@id\":\"https:\/\/bmsklep.serwerluna.pl\/#website\"},\"primaryImageOfPage\":{\"@id\":\"https:\/\/bmsklep.serwerluna.pl\/produkt\/advance-waterborne-interior-alkyd-satin-792\/#primaryimage\"},\"image\":{\"@id\":\"https:\/\/bmsklep.serwerluna.pl\/produkt\/advance-waterborne-interior-alkyd-satin-792\/#primaryimage\"},\"thumbnailUrl\":\"https:\/\/bmsklep.serwerluna.pl\/wp-content\/uploads\/792.png\",\"datePublished\":\"2021-06-27T05:48:59+00:00\",\"dateModified\":\"2025-12-10T09:47:58+00:00\",\"breadcrumb\":{\"@id\":\"https:\/\/bmsklep.serwerluna.pl\/produkt\/advance-waterborne-interior-alkyd-satin-792\/#breadcrumb\"},\"inLanguage\":\"en-US\",\"potentialAction\":[{\"@type\":\"ReadAction\",\"target\":[\"https:\/\/bmsklep.serwerluna.pl\/produkt\/advance-waterborne-interior-alkyd-satin-792\/\"]}]},{\"@type\":\"ImageObject\",\"inLanguage\":\"en-US\",\"@id\":\"https:\/\/bmsklep.serwerluna.pl\/produkt\/advance-waterborne-interior-alkyd-satin-792\/#primaryimage\",\"url\":\"https:\/\/bmsklep.serwerluna.pl\/wp-content\/uploads\/792.png\",\"contentUrl\":\"https:\/\/bmsklep.serwerluna.pl\/wp-content\/uploads\/792.png\",\"width\":200,\"height\":234},{\"@type\":\"BreadcrumbList\",\"@id\":\"https:\/\/bmsklep.serwerluna.pl\/produkt\/advance-waterborne-interior-alkyd-satin-792\/#breadcrumb\",\"itemListElement\":[{\"@type\":\"ListItem\",\"position\":1,\"name\":\"Home\",\"item\":\"https:\/\/bmsklep.serwerluna.pl\/en\/\"},{\"@type\":\"ListItem\",\"position\":2,\"name\":\"Produkty\",\"item\":\"https:\/\/bmsklep.serwerluna.pl\/produkty\/\"},{\"@type\":\"ListItem\",\"position\":3,\"name\":\"Wn\u0119trza\",\"item\":\"https:\/\/bmsklep.serwerluna.pl\/kategoria-produktu\/wnetrza\/\"},{\"@type\":\"ListItem\",\"position\":4,\"name\":\"Advance Waterborne Interior Alkyd Satin 792\"}]},{\"@type\":\"WebSite\",\"@id\":\"https:\/\/bmsklep.serwerluna.pl\/#website\",\"url\":\"https:\/\/bmsklep.serwerluna.pl\/\",\"name\":\"Benjamin Moore Paints\",\"description\":\"\",\"potentialAction\":[{\"@type\":\"SearchAction\",\"target\":{\"@type\":\"EntryPoint\",\"urlTemplate\":\"https:\/\/bmsklep.serwerluna.pl\/?s={search_term_string}\"},\"query-input\":{\"@type\":\"PropertyValueSpecification\",\"valueRequired\":true,\"valueName\":\"search_term_string\"}}],\"inLanguage\":\"en-US\"}]}<\/script>\n<!-- \/ Yoast SEO plugin. -->","yoast_head_json":{"title":"Advance Waterborne Interior Alkyd Satin 792 - Benjamin Moore Paints","robots":{"index":"index","follow":"follow","max-snippet":"max-snippet:-1","max-image-preview":"max-image-preview:large","max-video-preview":"max-video-preview:-1"},"canonical":"https:\/\/bmsklep.serwerluna.pl\/produkt\/advance-waterborne-interior-alkyd-satin-792\/","og_locale":"en_US","og_type":"article","og_title":"Advance Waterborne Interior Alkyd Satin 792 - Benjamin Moore Paints","og_description":"Nowej generacji, wodorozcie\u0144czalna, wewn\u0119trzna emalia alkidowa do drewna i metalu. Po\u0142ysk satynowy.","og_url":"https:\/\/bmsklep.serwerluna.pl\/produkt\/advance-waterborne-interior-alkyd-satin-792\/","og_site_name":"Benjamin Moore Paints","article_modified_time":"2025-12-10T09:47:58+00:00","og_image":[{"width":200,"height":234,"url":"https:\/\/bmsklep.serwerluna.pl\/wp-content\/uploads\/792.png","type":"image\/png"}],"twitter_card":"summary_large_image","twitter_misc":{"Est. reading time":"3 minutes"},"schema":{"@context":"https:\/\/schema.org","@graph":[{"@type":"WebPage","@id":"https:\/\/bmsklep.serwerluna.pl\/produkt\/advance-waterborne-interior-alkyd-satin-792\/","url":"https:\/\/bmsklep.serwerluna.pl\/produkt\/advance-waterborne-interior-alkyd-satin-792\/","name":"Advance Waterborne Interior Alkyd Satin 792 - Benjamin Moore Paints","isPartOf":{"@id":"https:\/\/bmsklep.serwerluna.pl\/#website"},"primaryImageOfPage":{"@id":"https:\/\/bmsklep.serwerluna.pl\/produkt\/advance-waterborne-interior-alkyd-satin-792\/#primaryimage"},"image":{"@id":"https:\/\/bmsklep.serwerluna.pl\/produkt\/advance-waterborne-interior-alkyd-satin-792\/#primaryimage"},"thumbnailUrl":"https:\/\/bmsklep.serwerluna.pl\/wp-content\/uploads\/792.png","datePublished":"2021-06-27T05:48:59+00:00","dateModified":"2025-12-10T09:47:58+00:00","breadcrumb":{"@id":"https:\/\/bmsklep.serwerluna.pl\/produkt\/advance-waterborne-interior-alkyd-satin-792\/#breadcrumb"},"inLanguage":"en-US","potentialAction":[{"@type":"ReadAction","target":["https:\/\/bmsklep.serwerluna.pl\/produkt\/advance-waterborne-interior-alkyd-satin-792\/"]}]},{"@type":"ImageObject","inLanguage":"en-US","@id":"https:\/\/bmsklep.serwerluna.pl\/produkt\/advance-waterborne-interior-alkyd-satin-792\/#primaryimage","url":"https:\/\/bmsklep.serwerluna.pl\/wp-content\/uploads\/792.png","contentUrl":"https:\/\/bmsklep.serwerluna.pl\/wp-content\/uploads\/792.png","width":200,"height":234},{"@type":"BreadcrumbList","@id":"https:\/\/bmsklep.serwerluna.pl\/produkt\/advance-waterborne-interior-alkyd-satin-792\/#breadcrumb","itemListElement":[{"@type":"ListItem","position":1,"name":"Home","item":"https:\/\/bmsklep.serwerluna.pl\/en\/"},{"@type":"ListItem","position":2,"name":"Produkty","item":"https:\/\/bmsklep.serwerluna.pl\/produkty\/"},{"@type":"ListItem","position":3,"name":"Wn\u0119trza","item":"https:\/\/bmsklep.serwerluna.pl\/kategoria-produktu\/wnetrza\/"},{"@type":"ListItem","position":4,"name":"Advance Waterborne Interior Alkyd Satin 792"}]},{"@type":"WebSite","@id":"https:\/\/bmsklep.serwerluna.pl\/#website","url":"https:\/\/bmsklep.serwerluna.pl\/","name":"Benjamin Moore Paints","description":"","potentialAction":[{"@type":"SearchAction","target":{"@type":"EntryPoint","urlTemplate":"https:\/\/bmsklep.serwerluna.pl\/?s={search_term_string}"},"query-input":{"@type":"PropertyValueSpecification","valueRequired":true,"valueName":"search_term_string"}}],"inLanguage":"en-US"}]}},"_links":{"self":[{"href":"https:\/\/bmsklep.serwerluna.pl\/en\/wp-json\/wp\/v2\/product\/587","targetHints":{"allow":["GET"]}}],"collection":[{"href":"https:\/\/bmsklep.serwerluna.pl\/en\/wp-json\/wp\/v2\/product"}],"about":[{"href":"https:\/\/bmsklep.serwerluna.pl\/en\/wp-json\/wp\/v2\/types\/product"}],"wp:featuredmedia":[{"embeddable":true,"href":"https:\/\/bmsklep.serwerluna.pl\/en\/wp-json\/wp\/v2\/media\/11011"}],"wp:attachment":[{"href":"https:\/\/bmsklep.serwerluna.pl\/en\/wp-json\/wp\/v2\/media?parent=587"}],"wp:term":[{"taxonomy":"product_brand","embeddable":true,"href":"https:\/\/bmsklep.serwerluna.pl\/en\/wp-json\/wp\/v2\/product_brand?post=587"},{"taxonomy":"product_cat","embeddable":true,"href":"https:\/\/bmsklep.serwerluna.pl\/en\/wp-json\/wp\/v2\/product_cat?post=587"},{"taxonomy":"product_tag","embeddable":true,"href":"https:\/\/bmsklep.serwerluna.pl\/en\/wp-json\/wp\/v2\/product_tag?post=587"}],"curies":[{"name":"wp","href":"https:\/\/api.w.org\/{rel}","templated":true}]}}