{"id":517,"date":"2021-06-26T19:46:33","date_gmt":"2021-06-26T17:46:33","guid":{"rendered":"https:\/\/serwer2121761.home.pl\/autoinstalator\/wordpressplugins2\/?post_type=product&#038;p=517"},"modified":"2025-12-16T12:42:22","modified_gmt":"2025-12-16T11:42:22","slug":"aura-farba-do-lazienki-532","status":"publish","type":"product","link":"https:\/\/bmsklep.serwerluna.pl\/en\/produkt\/aura-farba-do-lazienki-532\/","title":{"rendered":"Aura\u00ae Bath &#038; Spa Interior Paint Matte 532"},"content":{"rendered":"<h3><strong>AURA - WYTWORNA, ELEGANCKA i MATOWA farba DO \u0141AZIENKI. Po prostu PI\u0118KNA.<\/strong><\/h3>\n<p><img loading=\"lazy\" decoding=\"async\" class=\"alignnone wp-image-13383 size-full\" src=\"https:\/\/bmsklep.serwerluna.pl\/wp-content\/uploads\/22-839601_2022-Bathrooms_009_1080x1080-1.jpg\" alt=\"\" width=\"1800\" height=\"1595\" srcset=\"https:\/\/bmsklep.serwerluna.pl\/wp-content\/uploads\/22-839601_2022-Bathrooms_009_1080x1080-1.jpg 1800w, https:\/\/bmsklep.serwerluna.pl\/wp-content\/uploads\/22-839601_2022-Bathrooms_009_1080x1080-1-300x266.jpg 300w, https:\/\/bmsklep.serwerluna.pl\/wp-content\/uploads\/22-839601_2022-Bathrooms_009_1080x1080-1-1024x907.jpg 1024w, https:\/\/bmsklep.serwerluna.pl\/wp-content\/uploads\/22-839601_2022-Bathrooms_009_1080x1080-1-768x681.jpg 768w, https:\/\/bmsklep.serwerluna.pl\/wp-content\/uploads\/22-839601_2022-Bathrooms_009_1080x1080-1-1536x1361.jpg 1536w, https:\/\/bmsklep.serwerluna.pl\/wp-content\/uploads\/22-839601_2022-Bathrooms_009_1080x1080-1-600x532.jpg 600w\" sizes=\"auto, (max-width: 1800px) 100vw, 1800px\" \/><\/p>\n<p style=\"text-align: justify;\"><b>Farba \u0142azienkowa, wyj\u0105tkowo trwa\u0142a i odporna na podwy\u017cszon\u0105 wilgotno\u015b\u0107 i temperatur\u0119. Aura pokazuje prawdziwy kolor o niespotykanej g\u0142\u0119bi. Sprawia, \u017ce niemal czujesz jego wyj\u0105tkowo\u015b\u0107 w dotyku.\u00a0<\/b><\/p>\n<p><img loading=\"lazy\" decoding=\"async\" class=\"alignnone wp-image-13385 size-full\" src=\"https:\/\/bmsklep.serwerluna.pl\/wp-content\/uploads\/Benjamin_Moore_Pristine_Bathroom.jpg\" alt=\"\" width=\"1800\" height=\"1800\" srcset=\"https:\/\/bmsklep.serwerluna.pl\/wp-content\/uploads\/Benjamin_Moore_Pristine_Bathroom.jpg 1800w, https:\/\/bmsklep.serwerluna.pl\/wp-content\/uploads\/Benjamin_Moore_Pristine_Bathroom-300x300.jpg 300w, https:\/\/bmsklep.serwerluna.pl\/wp-content\/uploads\/Benjamin_Moore_Pristine_Bathroom-1024x1024.jpg 1024w, https:\/\/bmsklep.serwerluna.pl\/wp-content\/uploads\/Benjamin_Moore_Pristine_Bathroom-150x150.jpg 150w, https:\/\/bmsklep.serwerluna.pl\/wp-content\/uploads\/Benjamin_Moore_Pristine_Bathroom-768x768.jpg 768w, https:\/\/bmsklep.serwerluna.pl\/wp-content\/uploads\/Benjamin_Moore_Pristine_Bathroom-1536x1536.jpg 1536w, https:\/\/bmsklep.serwerluna.pl\/wp-content\/uploads\/Benjamin_Moore_Pristine_Bathroom-600x600.jpg 600w, https:\/\/bmsklep.serwerluna.pl\/wp-content\/uploads\/Benjamin_Moore_Pristine_Bathroom-100x100.jpg 100w\" sizes=\"auto, (max-width: 1800px) 100vw, 1800px\" \/><\/p>\n<p style=\"text-align: justify;\">Wodorozcie\u0144czalna, lateksowa farba akrylowa, z rewolucyjn\u0105, opatentowan\u0105 technologi\u0105 \u201eColorLock<sup>\u00ae<\/sup> Technology\u201d. Zapewnia niespotykan\u0105 g\u0142\u0119bi\u0119 kolor\u00f3w i trwa\u0142o\u015b\u0107 warstwy malarskiej. Przeznaczona do dekoracji \u0142azienek, kuchni, obiekt\u00f3w SPA.<\/p>\n<p><img loading=\"lazy\" decoding=\"async\" class=\"alignnone wp-image-12194 size-full\" src=\"https:\/\/bmsklep.serwerluna.pl\/wp-content\/uploads\/Benjamin_Moore_lazienka-16-1.jpg\" alt=\"\" width=\"1800\" height=\"1814\" srcset=\"https:\/\/bmsklep.serwerluna.pl\/wp-content\/uploads\/Benjamin_Moore_lazienka-16-1.jpg 1800w, https:\/\/bmsklep.serwerluna.pl\/wp-content\/uploads\/Benjamin_Moore_lazienka-16-1-298x300.jpg 298w, https:\/\/bmsklep.serwerluna.pl\/wp-content\/uploads\/Benjamin_Moore_lazienka-16-1-1016x1024.jpg 1016w, https:\/\/bmsklep.serwerluna.pl\/wp-content\/uploads\/Benjamin_Moore_lazienka-16-1-150x150.jpg 150w, https:\/\/bmsklep.serwerluna.pl\/wp-content\/uploads\/Benjamin_Moore_lazienka-16-1-768x774.jpg 768w, https:\/\/bmsklep.serwerluna.pl\/wp-content\/uploads\/Benjamin_Moore_lazienka-16-1-1524x1536.jpg 1524w, https:\/\/bmsklep.serwerluna.pl\/wp-content\/uploads\/Benjamin_Moore_lazienka-16-1-600x605.jpg 600w, https:\/\/bmsklep.serwerluna.pl\/wp-content\/uploads\/Benjamin_Moore_lazienka-16-1-100x100.jpg 100w\" sizes=\"auto, (max-width: 1800px) 100vw, 1800px\" \/><\/p>\n<p style=\"text-align: justify;\">Aura<sup>\u00ae<\/sup> Bath &amp; Spa Interior Paint Matte 532 tworzy atrakcyjne wizualnie, trwa\u0142e, matowe wyko\u0144czenie. <strong>Jest wyj\u0105tkowo odporna na dzia\u0142anie podwy\u017cszonej wilgotno\u015bci i temperatury.<\/strong><\/p>\n<p><img loading=\"lazy\" decoding=\"async\" class=\"alignnone wp-image-12007 size-full\" src=\"https:\/\/bmsklep.serwerluna.pl\/wp-content\/uploads\/23-988607_InternationalSocialImages-Fall2022-ResizeandLogo-1080x1080_Bathroom.jpg\" alt=\"\" width=\"1700\" height=\"1517\" srcset=\"https:\/\/bmsklep.serwerluna.pl\/wp-content\/uploads\/23-988607_InternationalSocialImages-Fall2022-ResizeandLogo-1080x1080_Bathroom.jpg 1700w, https:\/\/bmsklep.serwerluna.pl\/wp-content\/uploads\/23-988607_InternationalSocialImages-Fall2022-ResizeandLogo-1080x1080_Bathroom-300x268.jpg 300w, https:\/\/bmsklep.serwerluna.pl\/wp-content\/uploads\/23-988607_InternationalSocialImages-Fall2022-ResizeandLogo-1080x1080_Bathroom-1024x914.jpg 1024w, https:\/\/bmsklep.serwerluna.pl\/wp-content\/uploads\/23-988607_InternationalSocialImages-Fall2022-ResizeandLogo-1080x1080_Bathroom-768x685.jpg 768w, https:\/\/bmsklep.serwerluna.pl\/wp-content\/uploads\/23-988607_InternationalSocialImages-Fall2022-ResizeandLogo-1080x1080_Bathroom-1536x1371.jpg 1536w, https:\/\/bmsklep.serwerluna.pl\/wp-content\/uploads\/23-988607_InternationalSocialImages-Fall2022-ResizeandLogo-1080x1080_Bathroom-600x535.jpg 600w\" sizes=\"auto, (max-width: 1700px) 100vw, 1700px\" \/><\/p>\n<p style=\"text-align: justify;\"><strong>Farb\u0119 charakteryzuje niesamowita si\u0142a krycia (maksymalnie dwie warstwy nawet przy najciemniejszych odcieniach), doskona\u0142a odporno\u015b\u0107 na dzia\u0142anie wysokiej wilgotno\u015bci, niespotykana odporno\u015b\u0107 na zmywanie i szorowanie (<em>klasa 1 wg PN-EN 13300<\/em>) oraz bardzo niska wodoch\u0142onno\u015b\u0107, \u0142atwo\u015b\u0107 usuwania plam i zabrudze\u0144 z powierzchni wyko\u0144czenia.<\/strong><\/p>\n<p><img loading=\"lazy\" decoding=\"async\" class=\"alignnone wp-image-13387 size-full\" src=\"https:\/\/bmsklep.serwerluna.pl\/wp-content\/uploads\/Benjamin_Moore_FK_CT23_Outtakes_Bathroom_NorthSeaGreen_RGB.jpg\" alt=\"\" width=\"1800\" height=\"1800\" srcset=\"https:\/\/bmsklep.serwerluna.pl\/wp-content\/uploads\/Benjamin_Moore_FK_CT23_Outtakes_Bathroom_NorthSeaGreen_RGB.jpg 1800w, https:\/\/bmsklep.serwerluna.pl\/wp-content\/uploads\/Benjamin_Moore_FK_CT23_Outtakes_Bathroom_NorthSeaGreen_RGB-300x300.jpg 300w, https:\/\/bmsklep.serwerluna.pl\/wp-content\/uploads\/Benjamin_Moore_FK_CT23_Outtakes_Bathroom_NorthSeaGreen_RGB-1024x1024.jpg 1024w, https:\/\/bmsklep.serwerluna.pl\/wp-content\/uploads\/Benjamin_Moore_FK_CT23_Outtakes_Bathroom_NorthSeaGreen_RGB-150x150.jpg 150w, https:\/\/bmsklep.serwerluna.pl\/wp-content\/uploads\/Benjamin_Moore_FK_CT23_Outtakes_Bathroom_NorthSeaGreen_RGB-768x768.jpg 768w, https:\/\/bmsklep.serwerluna.pl\/wp-content\/uploads\/Benjamin_Moore_FK_CT23_Outtakes_Bathroom_NorthSeaGreen_RGB-1536x1536.jpg 1536w, https:\/\/bmsklep.serwerluna.pl\/wp-content\/uploads\/Benjamin_Moore_FK_CT23_Outtakes_Bathroom_NorthSeaGreen_RGB-600x600.jpg 600w, https:\/\/bmsklep.serwerluna.pl\/wp-content\/uploads\/Benjamin_Moore_FK_CT23_Outtakes_Bathroom_NorthSeaGreen_RGB-100x100.jpg 100w\" sizes=\"auto, (max-width: 1800px) 100vw, 1800px\" \/><\/p>\n<p style=\"text-align: justify;\">Produkt wykazuje odpowiedni\u0105 paroprzepuszczalno\u015b\u0107, wyj\u0105tkow\u0105 rozlewno\u015b\u0107, kr\u00f3tki czas schni\u0119cia, <strong>wysok\u0105 odporno\u015b\u0107 na dzia\u0142anie mikroorganizm\u00f3w i znikomy zapach.<\/strong><\/p>\n<p><img loading=\"lazy\" decoding=\"async\" class=\"alignnone wp-image-12276 size-full\" src=\"https:\/\/bmsklep.serwerluna.pl\/wp-content\/uploads\/AclecticRestroominBenjaminMooreFrenchToile_1800x1800dpi.jpg\" alt=\"\" width=\"1800\" height=\"1800\" srcset=\"https:\/\/bmsklep.serwerluna.pl\/wp-content\/uploads\/AclecticRestroominBenjaminMooreFrenchToile_1800x1800dpi.jpg 1800w, https:\/\/bmsklep.serwerluna.pl\/wp-content\/uploads\/AclecticRestroominBenjaminMooreFrenchToile_1800x1800dpi-300x300.jpg 300w, https:\/\/bmsklep.serwerluna.pl\/wp-content\/uploads\/AclecticRestroominBenjaminMooreFrenchToile_1800x1800dpi-1024x1024.jpg 1024w, https:\/\/bmsklep.serwerluna.pl\/wp-content\/uploads\/AclecticRestroominBenjaminMooreFrenchToile_1800x1800dpi-150x150.jpg 150w, https:\/\/bmsklep.serwerluna.pl\/wp-content\/uploads\/AclecticRestroominBenjaminMooreFrenchToile_1800x1800dpi-768x768.jpg 768w, https:\/\/bmsklep.serwerluna.pl\/wp-content\/uploads\/AclecticRestroominBenjaminMooreFrenchToile_1800x1800dpi-1536x1536.jpg 1536w, https:\/\/bmsklep.serwerluna.pl\/wp-content\/uploads\/AclecticRestroominBenjaminMooreFrenchToile_1800x1800dpi-600x600.jpg 600w, https:\/\/bmsklep.serwerluna.pl\/wp-content\/uploads\/AclecticRestroominBenjaminMooreFrenchToile_1800x1800dpi-100x100.jpg 100w\" sizes=\"auto, (max-width: 1800px) 100vw, 1800px\" \/><\/p>\n<p style=\"text-align: justify;\"><strong><em>Aura<sup>\u00ae<\/sup> Bath &amp; Spa Interior Paint &amp; Primer Matte 532 <\/em><\/strong>przeznaczona jest do malowania \u015bcian i sufit\u00f3w oraz element\u00f3w wyposa\u017cenia (np. drzwi, mebli, szafek, futryn, listew) \u0142azienek, obiekt\u00f3w SPA i kuchni wewn\u0105trz obiekt\u00f3w mieszkalnych, komercyjnych, u\u017cyteczno\u015bci publicznej i o\u015bwiaty, obiekt\u00f3w s\u0142u\u017cby zdrowia oraz pomieszcze\u0144 bran\u017cy spo\u017cywczej.<\/p>\n<p><img loading=\"lazy\" decoding=\"async\" class=\"alignnone wp-image-12278 size-full\" src=\"https:\/\/bmsklep.serwerluna.pl\/wp-content\/uploads\/I_BM_BedLake_Bath_15255_SHIP_FK_RGB_1800x1800dpi.jpg\" alt=\"\" width=\"1800\" height=\"1800\" srcset=\"https:\/\/bmsklep.serwerluna.pl\/wp-content\/uploads\/I_BM_BedLake_Bath_15255_SHIP_FK_RGB_1800x1800dpi.jpg 1800w, https:\/\/bmsklep.serwerluna.pl\/wp-content\/uploads\/I_BM_BedLake_Bath_15255_SHIP_FK_RGB_1800x1800dpi-300x300.jpg 300w, https:\/\/bmsklep.serwerluna.pl\/wp-content\/uploads\/I_BM_BedLake_Bath_15255_SHIP_FK_RGB_1800x1800dpi-1024x1024.jpg 1024w, https:\/\/bmsklep.serwerluna.pl\/wp-content\/uploads\/I_BM_BedLake_Bath_15255_SHIP_FK_RGB_1800x1800dpi-150x150.jpg 150w, https:\/\/bmsklep.serwerluna.pl\/wp-content\/uploads\/I_BM_BedLake_Bath_15255_SHIP_FK_RGB_1800x1800dpi-768x768.jpg 768w, https:\/\/bmsklep.serwerluna.pl\/wp-content\/uploads\/I_BM_BedLake_Bath_15255_SHIP_FK_RGB_1800x1800dpi-1536x1536.jpg 1536w, https:\/\/bmsklep.serwerluna.pl\/wp-content\/uploads\/I_BM_BedLake_Bath_15255_SHIP_FK_RGB_1800x1800dpi-600x600.jpg 600w, https:\/\/bmsklep.serwerluna.pl\/wp-content\/uploads\/I_BM_BedLake_Bath_15255_SHIP_FK_RGB_1800x1800dpi-100x100.jpg 100w\" sizes=\"auto, (max-width: 1800px) 100vw, 1800px\" \/><\/p>\n<ul>\n<li>tradycyjne tynki wapienno-cementowe,<\/li>\n<li>g\u0142adzie gipsowe,<\/li>\n<li>p\u0142yty gipspowo-kartonowe,<\/li>\n<li>tapety,<\/li>\n<li>budowlane bloczki konstrukcyjne,<\/li>\n<li>beton,<\/li>\n<li>renowacja pow\u0142ok dyspersyjnych,<\/li>\n<li>pod\u0142o\u017ca drewniane i drewnopochodne.<\/li>\n<\/ul>\n<p><img loading=\"lazy\" decoding=\"async\" class=\"alignnone wp-image-13391 size-full\" src=\"https:\/\/bmsklep.serwerluna.pl\/wp-content\/uploads\/zab37443_RGB_ok.jpg\" alt=\"\" width=\"1080\" height=\"1080\" srcset=\"https:\/\/bmsklep.serwerluna.pl\/wp-content\/uploads\/zab37443_RGB_ok.jpg 1080w, https:\/\/bmsklep.serwerluna.pl\/wp-content\/uploads\/zab37443_RGB_ok-300x300.jpg 300w, https:\/\/bmsklep.serwerluna.pl\/wp-content\/uploads\/zab37443_RGB_ok-1024x1024.jpg 1024w, https:\/\/bmsklep.serwerluna.pl\/wp-content\/uploads\/zab37443_RGB_ok-150x150.jpg 150w, https:\/\/bmsklep.serwerluna.pl\/wp-content\/uploads\/zab37443_RGB_ok-768x768.jpg 768w, https:\/\/bmsklep.serwerluna.pl\/wp-content\/uploads\/zab37443_RGB_ok-600x600.jpg 600w, https:\/\/bmsklep.serwerluna.pl\/wp-content\/uploads\/zab37443_RGB_ok-100x100.jpg 100w\" sizes=\"auto, (max-width: 1080px) 100vw, 1080px\" \/><\/p>\n<p><span style=\"text-align: justify;\">Produkt mo\u017cna r\u00f3wnie\u017c stosowa\u0107 na zagruntowanych pod\u0142o\u017cach metalowych.<\/span><\/p>\n<p style=\"text-align: justify;\">Istnieje mo\u017cliwo\u015b\u0107 aplikacji farby na odpowiednio przygotowane i zagruntowane pod\u0142o\u017ca szklane, ceramiczne np. p\u0142ytki ceramiczne oraz pod\u0142o\u017ca z w\u0142\u00f3kna szklanego przy u\u017cyciu promotora adhezji <a href=\"https:\/\/bmsklep.serwerluna.pl\/produkt\/stix-waterborne-bonding-primer-sxa-110\/\" target=\"_blank\" rel=\"noopener\">STIX marki INSL-X<\/a>.<\/p>\n<p><img loading=\"lazy\" decoding=\"async\" class=\"alignnone wp-image-13393 size-full\" src=\"https:\/\/bmsklep.serwerluna.pl\/wp-content\/uploads\/Whitall_Brown_Bathroom_with_Napa_Vineyards_tub.jpg\" alt=\"\" width=\"1800\" height=\"1800\" srcset=\"https:\/\/bmsklep.serwerluna.pl\/wp-content\/uploads\/Whitall_Brown_Bathroom_with_Napa_Vineyards_tub.jpg 1800w, https:\/\/bmsklep.serwerluna.pl\/wp-content\/uploads\/Whitall_Brown_Bathroom_with_Napa_Vineyards_tub-300x300.jpg 300w, https:\/\/bmsklep.serwerluna.pl\/wp-content\/uploads\/Whitall_Brown_Bathroom_with_Napa_Vineyards_tub-1024x1024.jpg 1024w, https:\/\/bmsklep.serwerluna.pl\/wp-content\/uploads\/Whitall_Brown_Bathroom_with_Napa_Vineyards_tub-150x150.jpg 150w, https:\/\/bmsklep.serwerluna.pl\/wp-content\/uploads\/Whitall_Brown_Bathroom_with_Napa_Vineyards_tub-768x768.jpg 768w, https:\/\/bmsklep.serwerluna.pl\/wp-content\/uploads\/Whitall_Brown_Bathroom_with_Napa_Vineyards_tub-1536x1536.jpg 1536w, https:\/\/bmsklep.serwerluna.pl\/wp-content\/uploads\/Whitall_Brown_Bathroom_with_Napa_Vineyards_tub-600x600.jpg 600w, https:\/\/bmsklep.serwerluna.pl\/wp-content\/uploads\/Whitall_Brown_Bathroom_with_Napa_Vineyards_tub-100x100.jpg 100w\" sizes=\"auto, (max-width: 1800px) 100vw, 1800px\" \/><\/p>\n<p><strong>W trosce o \u015brodowisko naturalne i Twoje bezpiecze\u0144stwo.<\/strong><\/p>\n<p><img loading=\"lazy\" decoding=\"async\" class=\"alignnone wp-image-12445 size-full\" src=\"https:\/\/bmsklep.serwerluna.pl\/wp-content\/uploads\/bm_green_pic_3-1.jpg\" alt=\"\" width=\"1800\" height=\"1158\" \/><\/p>\n<p><strong>Benjamin Moore's Green Promise\u2122 oznacza, \u017ce farby z linii Aura spe\u0142niaj\u0105 lub znacznie przewy\u017cszaj\u0105 restrykcyjne wymagania i normy<\/strong> instytucji, testuj\u0105cych i certyfikuj\u0105cych produkty malarskie o niskiej lub \u015bladowej zawarto\u015bci lotnych zwi\u0105zk\u00f3w organicznych (LZO).<\/p>\n<p><img loading=\"lazy\" decoding=\"async\" class=\"alignnone wp-image-12274 size-full\" src=\"https:\/\/bmsklep.serwerluna.pl\/wp-content\/uploads\/D_BM_Whites_MasterTub_0638_SHIP_Retouched_RGB_1800x1800dpi.jpg\" alt=\"\" width=\"1800\" height=\"1800\" srcset=\"https:\/\/bmsklep.serwerluna.pl\/wp-content\/uploads\/D_BM_Whites_MasterTub_0638_SHIP_Retouched_RGB_1800x1800dpi.jpg 1800w, https:\/\/bmsklep.serwerluna.pl\/wp-content\/uploads\/D_BM_Whites_MasterTub_0638_SHIP_Retouched_RGB_1800x1800dpi-300x300.jpg 300w, https:\/\/bmsklep.serwerluna.pl\/wp-content\/uploads\/D_BM_Whites_MasterTub_0638_SHIP_Retouched_RGB_1800x1800dpi-1024x1024.jpg 1024w, https:\/\/bmsklep.serwerluna.pl\/wp-content\/uploads\/D_BM_Whites_MasterTub_0638_SHIP_Retouched_RGB_1800x1800dpi-150x150.jpg 150w, https:\/\/bmsklep.serwerluna.pl\/wp-content\/uploads\/D_BM_Whites_MasterTub_0638_SHIP_Retouched_RGB_1800x1800dpi-768x768.jpg 768w, https:\/\/bmsklep.serwerluna.pl\/wp-content\/uploads\/D_BM_Whites_MasterTub_0638_SHIP_Retouched_RGB_1800x1800dpi-1536x1536.jpg 1536w, https:\/\/bmsklep.serwerluna.pl\/wp-content\/uploads\/D_BM_Whites_MasterTub_0638_SHIP_Retouched_RGB_1800x1800dpi-600x600.jpg 600w, https:\/\/bmsklep.serwerluna.pl\/wp-content\/uploads\/D_BM_Whites_MasterTub_0638_SHIP_Retouched_RGB_1800x1800dpi-100x100.jpg 100w\" sizes=\"auto, (max-width: 1800px) 100vw, 1800px\" \/><\/p>\n<p><strong>Produkt spe\u0142nia wymagania LEED\u00ae v4.<\/strong><\/p>\n<hr \/>\n<p style=\"text-align: justify;\"><span style=\"font-size: x-small;\"><em>* Produkt zawiera \u015bladowe ilo\u015bci LZO zgodnie z wytycznymi \u201cThe European Council of the Paint, Printing Ink, and Artist\u2019s Colours Industry\u201d (CEPE) oraz \u201cBritish Coating Federation\u201d. Kat. A\/a. Dopuszczalna zawarto\u015b\u0107 LZO od 2010 r. \u2013 30 g\/l. Produkt zawiera max. 1 g\/l LZO. <\/em><\/span><\/p>\n","protected":false},"excerpt":{"rendered":"<p style=\"text-align: justify;\">Wodorozcie\u0144czalna wewn\u0119trzna, lateksowa farba akrylowa z rewolucyjn\u0105 technologi\u0105 \"ColorLock Technology\", przeznaczona do dekoracji \u0142azienek, kuchni i obiekt\u00f3w SPA. Mat.<\/p>\n","protected":false},"featured_media":10990,"template":"","meta":{"_acf_changed":false,"inline_featured_image":false},"product_brand":[],"product_cat":[28],"product_tag":[],"class_list":{"0":"post-517","1":"product","2":"type-product","3":"status-publish","4":"has-post-thumbnail","6":"product_cat-wnetrza","8":"first","9":"instock","10":"taxable","11":"shipping-taxable","12":"purchasable","13":"product-type-variable"},"acf":[],"yoast_head":"<!-- This site is optimized with the Yoast SEO plugin v26.6 - https:\/\/yoast.com\/wordpress\/plugins\/seo\/ -->\n<title>Farba do \u0142azienki Aura\u00ae 532<\/title>\n<meta name=\"description\" content=\"Wodorozcie\u0144czalna wewn\u0119trzna, akrylowa farba \u0142azienkowa z rewolucyjn\u0105 technologi\u0105 &quot;ColorLock\u00ae Technology&quot;. Odporna na podwy\u017cszon\u0105 temperatur\u0119 i wilgotno\u015b\u0107.\" \/>\n<meta name=\"robots\" content=\"index, follow, max-snippet:-1, max-image-preview:large, max-video-preview:-1\" \/>\n<link rel=\"canonical\" href=\"https:\/\/bmsklep.serwerluna.pl\/produkt\/aura-farba-do-lazienki-532\/\" \/>\n<meta property=\"og:locale\" content=\"en_US\" \/>\n<meta property=\"og:type\" content=\"article\" \/>\n<meta property=\"og:title\" content=\"Farba do \u0142azienki Aura\u00ae 532\" \/>\n<meta property=\"og:description\" content=\"Wodorozcie\u0144czalna wewn\u0119trzna, akrylowa farba \u0142azienkowa z rewolucyjn\u0105 technologi\u0105 &quot;ColorLock\u00ae Technology&quot;. Odporna na podwy\u017cszon\u0105 temperatur\u0119 i wilgotno\u015b\u0107.\" \/>\n<meta property=\"og:url\" content=\"https:\/\/bmsklep.serwerluna.pl\/produkt\/aura-farba-do-lazienki-532\/\" \/>\n<meta property=\"og:site_name\" content=\"Benjamin Moore Paints\" \/>\n<meta property=\"article:modified_time\" content=\"2025-12-16T11:42:22+00:00\" \/>\n<meta property=\"og:image\" content=\"https:\/\/bmsklep.serwerluna.pl\/wp-content\/uploads\/532-2.png\" \/>\n\t<meta property=\"og:image:width\" content=\"200\" \/>\n\t<meta property=\"og:image:height\" content=\"234\" \/>\n\t<meta property=\"og:image:type\" content=\"image\/png\" \/>\n<meta name=\"twitter:card\" content=\"summary_large_image\" \/>\n<meta name=\"twitter:label1\" content=\"Est. reading time\" \/>\n\t<meta name=\"twitter:data1\" content=\"5 minutes\" \/>\n<script type=\"application\/ld+json\" class=\"yoast-schema-graph\">{\"@context\":\"https:\/\/schema.org\",\"@graph\":[{\"@type\":\"WebPage\",\"@id\":\"https:\/\/bmsklep.serwerluna.pl\/produkt\/aura-farba-do-lazienki-532\/\",\"url\":\"https:\/\/bmsklep.serwerluna.pl\/produkt\/aura-farba-do-lazienki-532\/\",\"name\":\"Farba do \u0142azienki Aura\u00ae 532\",\"isPartOf\":{\"@id\":\"https:\/\/bmsklep.serwerluna.pl\/#website\"},\"primaryImageOfPage\":{\"@id\":\"https:\/\/bmsklep.serwerluna.pl\/produkt\/aura-farba-do-lazienki-532\/#primaryimage\"},\"image\":{\"@id\":\"https:\/\/bmsklep.serwerluna.pl\/produkt\/aura-farba-do-lazienki-532\/#primaryimage\"},\"thumbnailUrl\":\"https:\/\/bmsklep.serwerluna.pl\/wp-content\/uploads\/532-2.png\",\"datePublished\":\"2021-06-26T17:46:33+00:00\",\"dateModified\":\"2025-12-16T11:42:22+00:00\",\"description\":\"Wodorozcie\u0144czalna wewn\u0119trzna, akrylowa farba \u0142azienkowa z rewolucyjn\u0105 technologi\u0105 \\\"ColorLock\u00ae Technology\\\". Odporna na podwy\u017cszon\u0105 temperatur\u0119 i wilgotno\u015b\u0107.\",\"breadcrumb\":{\"@id\":\"https:\/\/bmsklep.serwerluna.pl\/produkt\/aura-farba-do-lazienki-532\/#breadcrumb\"},\"inLanguage\":\"en-US\",\"potentialAction\":[{\"@type\":\"ReadAction\",\"target\":[\"https:\/\/bmsklep.serwerluna.pl\/produkt\/aura-farba-do-lazienki-532\/\"]}]},{\"@type\":\"ImageObject\",\"inLanguage\":\"en-US\",\"@id\":\"https:\/\/bmsklep.serwerluna.pl\/produkt\/aura-farba-do-lazienki-532\/#primaryimage\",\"url\":\"https:\/\/bmsklep.serwerluna.pl\/wp-content\/uploads\/532-2.png\",\"contentUrl\":\"https:\/\/bmsklep.serwerluna.pl\/wp-content\/uploads\/532-2.png\",\"width\":200,\"height\":234},{\"@type\":\"BreadcrumbList\",\"@id\":\"https:\/\/bmsklep.serwerluna.pl\/produkt\/aura-farba-do-lazienki-532\/#breadcrumb\",\"itemListElement\":[{\"@type\":\"ListItem\",\"position\":1,\"name\":\"Home\",\"item\":\"https:\/\/bmsklep.serwerluna.pl\/en\/\"},{\"@type\":\"ListItem\",\"position\":2,\"name\":\"Produkty\",\"item\":\"https:\/\/bmsklep.serwerluna.pl\/produkty\/\"},{\"@type\":\"ListItem\",\"position\":3,\"name\":\"Wn\u0119trza\",\"item\":\"https:\/\/bmsklep.serwerluna.pl\/kategoria-produktu\/wnetrza\/\"},{\"@type\":\"ListItem\",\"position\":4,\"name\":\"Aura\u00ae Bath &#038; Spa Interior Paint Matte 532\"}]},{\"@type\":\"WebSite\",\"@id\":\"https:\/\/bmsklep.serwerluna.pl\/#website\",\"url\":\"https:\/\/bmsklep.serwerluna.pl\/\",\"name\":\"Benjamin Moore Paints\",\"description\":\"\",\"potentialAction\":[{\"@type\":\"SearchAction\",\"target\":{\"@type\":\"EntryPoint\",\"urlTemplate\":\"https:\/\/bmsklep.serwerluna.pl\/?s={search_term_string}\"},\"query-input\":{\"@type\":\"PropertyValueSpecification\",\"valueRequired\":true,\"valueName\":\"search_term_string\"}}],\"inLanguage\":\"en-US\"}]}<\/script>\n<!-- \/ Yoast SEO plugin. -->","yoast_head_json":{"title":"Farba do \u0142azienki Aura\u00ae 532","description":"Wodorozcie\u0144czalna wewn\u0119trzna, akrylowa farba \u0142azienkowa z rewolucyjn\u0105 technologi\u0105 \"ColorLock\u00ae Technology\". Odporna na podwy\u017cszon\u0105 temperatur\u0119 i wilgotno\u015b\u0107.","robots":{"index":"index","follow":"follow","max-snippet":"max-snippet:-1","max-image-preview":"max-image-preview:large","max-video-preview":"max-video-preview:-1"},"canonical":"https:\/\/bmsklep.serwerluna.pl\/produkt\/aura-farba-do-lazienki-532\/","og_locale":"en_US","og_type":"article","og_title":"Farba do \u0142azienki Aura\u00ae 532","og_description":"Wodorozcie\u0144czalna wewn\u0119trzna, akrylowa farba \u0142azienkowa z rewolucyjn\u0105 technologi\u0105 \"ColorLock\u00ae Technology\". Odporna na podwy\u017cszon\u0105 temperatur\u0119 i wilgotno\u015b\u0107.","og_url":"https:\/\/bmsklep.serwerluna.pl\/produkt\/aura-farba-do-lazienki-532\/","og_site_name":"Benjamin Moore Paints","article_modified_time":"2025-12-16T11:42:22+00:00","og_image":[{"width":200,"height":234,"url":"https:\/\/bmsklep.serwerluna.pl\/wp-content\/uploads\/532-2.png","type":"image\/png"}],"twitter_card":"summary_large_image","twitter_misc":{"Est. reading time":"5 minutes"},"schema":{"@context":"https:\/\/schema.org","@graph":[{"@type":"WebPage","@id":"https:\/\/bmsklep.serwerluna.pl\/produkt\/aura-farba-do-lazienki-532\/","url":"https:\/\/bmsklep.serwerluna.pl\/produkt\/aura-farba-do-lazienki-532\/","name":"Farba do \u0142azienki Aura\u00ae 532","isPartOf":{"@id":"https:\/\/bmsklep.serwerluna.pl\/#website"},"primaryImageOfPage":{"@id":"https:\/\/bmsklep.serwerluna.pl\/produkt\/aura-farba-do-lazienki-532\/#primaryimage"},"image":{"@id":"https:\/\/bmsklep.serwerluna.pl\/produkt\/aura-farba-do-lazienki-532\/#primaryimage"},"thumbnailUrl":"https:\/\/bmsklep.serwerluna.pl\/wp-content\/uploads\/532-2.png","datePublished":"2021-06-26T17:46:33+00:00","dateModified":"2025-12-16T11:42:22+00:00","description":"Wodorozcie\u0144czalna wewn\u0119trzna, akrylowa farba \u0142azienkowa z rewolucyjn\u0105 technologi\u0105 \"ColorLock\u00ae Technology\". Odporna na podwy\u017cszon\u0105 temperatur\u0119 i wilgotno\u015b\u0107.","breadcrumb":{"@id":"https:\/\/bmsklep.serwerluna.pl\/produkt\/aura-farba-do-lazienki-532\/#breadcrumb"},"inLanguage":"en-US","potentialAction":[{"@type":"ReadAction","target":["https:\/\/bmsklep.serwerluna.pl\/produkt\/aura-farba-do-lazienki-532\/"]}]},{"@type":"ImageObject","inLanguage":"en-US","@id":"https:\/\/bmsklep.serwerluna.pl\/produkt\/aura-farba-do-lazienki-532\/#primaryimage","url":"https:\/\/bmsklep.serwerluna.pl\/wp-content\/uploads\/532-2.png","contentUrl":"https:\/\/bmsklep.serwerluna.pl\/wp-content\/uploads\/532-2.png","width":200,"height":234},{"@type":"BreadcrumbList","@id":"https:\/\/bmsklep.serwerluna.pl\/produkt\/aura-farba-do-lazienki-532\/#breadcrumb","itemListElement":[{"@type":"ListItem","position":1,"name":"Home","item":"https:\/\/bmsklep.serwerluna.pl\/en\/"},{"@type":"ListItem","position":2,"name":"Produkty","item":"https:\/\/bmsklep.serwerluna.pl\/produkty\/"},{"@type":"ListItem","position":3,"name":"Wn\u0119trza","item":"https:\/\/bmsklep.serwerluna.pl\/kategoria-produktu\/wnetrza\/"},{"@type":"ListItem","position":4,"name":"Aura\u00ae Bath &#038; Spa Interior Paint Matte 532"}]},{"@type":"WebSite","@id":"https:\/\/bmsklep.serwerluna.pl\/#website","url":"https:\/\/bmsklep.serwerluna.pl\/","name":"Benjamin Moore Paints","description":"","potentialAction":[{"@type":"SearchAction","target":{"@type":"EntryPoint","urlTemplate":"https:\/\/bmsklep.serwerluna.pl\/?s={search_term_string}"},"query-input":{"@type":"PropertyValueSpecification","valueRequired":true,"valueName":"search_term_string"}}],"inLanguage":"en-US"}]}},"_links":{"self":[{"href":"https:\/\/bmsklep.serwerluna.pl\/en\/wp-json\/wp\/v2\/product\/517","targetHints":{"allow":["GET"]}}],"collection":[{"href":"https:\/\/bmsklep.serwerluna.pl\/en\/wp-json\/wp\/v2\/product"}],"about":[{"href":"https:\/\/bmsklep.serwerluna.pl\/en\/wp-json\/wp\/v2\/types\/product"}],"wp:featuredmedia":[{"embeddable":true,"href":"https:\/\/bmsklep.serwerluna.pl\/en\/wp-json\/wp\/v2\/media\/10990"}],"wp:attachment":[{"href":"https:\/\/bmsklep.serwerluna.pl\/en\/wp-json\/wp\/v2\/media?parent=517"}],"wp:term":[{"taxonomy":"product_brand","embeddable":true,"href":"https:\/\/bmsklep.serwerluna.pl\/en\/wp-json\/wp\/v2\/product_brand?post=517"},{"taxonomy":"product_cat","embeddable":true,"href":"https:\/\/bmsklep.serwerluna.pl\/en\/wp-json\/wp\/v2\/product_cat?post=517"},{"taxonomy":"product_tag","embeddable":true,"href":"https:\/\/bmsklep.serwerluna.pl\/en\/wp-json\/wp\/v2\/product_tag?post=517"}],"curies":[{"name":"wp","href":"https:\/\/api.w.org\/{rel}","templated":true}]}}