{"id":14640,"date":"2025-04-22T12:51:27","date_gmt":"2025-04-22T10:51:27","guid":{"rendered":"https:\/\/benjaminmoore.pl\/?post_type=product&#038;p=14640"},"modified":"2026-01-21T13:52:34","modified_gmt":"2026-01-21T12:52:34","slug":"hp1270-acrylic-sealer-finish","status":"publish","type":"product","link":"https:\/\/bmsklep.serwerluna.pl\/en\/produkt\/hp1270-acrylic-sealer-finish\/","title":{"rendered":"HP1270 Acrylic Sealer\/Finish"},"content":{"rendered":"<p><img loading=\"lazy\" decoding=\"async\" class=\"alignnone wp-image-12434 size-full\" src=\"https:\/\/bmsklep.serwerluna.pl\/wp-content\/uploads\/Corotech_V027_3.jpg\" alt=\"\" width=\"1800\" height=\"1151\" srcset=\"https:\/\/bmsklep.serwerluna.pl\/wp-content\/uploads\/Corotech_V027_3.jpg 1800w, https:\/\/bmsklep.serwerluna.pl\/wp-content\/uploads\/Corotech_V027_3-300x192.jpg 300w, https:\/\/bmsklep.serwerluna.pl\/wp-content\/uploads\/Corotech_V027_3-1024x655.jpg 1024w, https:\/\/bmsklep.serwerluna.pl\/wp-content\/uploads\/Corotech_V027_3-768x491.jpg 768w, https:\/\/bmsklep.serwerluna.pl\/wp-content\/uploads\/Corotech_V027_3-1536x982.jpg 1536w, https:\/\/bmsklep.serwerluna.pl\/wp-content\/uploads\/Corotech_V027_3-600x384.jpg 600w\" sizes=\"auto, (max-width: 1800px) 100vw, 1800px\" \/><\/p>\n<p style=\"text-align: justify;\"><strong>Os\u0142abione g\u0142adzie gipsowe i tynki mineralne to \u017caden problem!<\/strong><\/p>\n<p><strong>Cz\u0119sto spotykany widok... Pyl\u0105ca g\u0142ad\u017a gipsowa na \u015bcianie - bia\u0142y py\u0142 po przetarciu d\u0142oni\u0105. <\/strong>Ka\u017cda pr\u00f3ba omini\u0119cia problemu i zastosowanie farby gruntuj\u0105cej najprawdopodobniej zako\u0144czy si\u0119 pora\u017ck\u0105. Je\u017celi nie przy obecnym malowaniu, to podczas kolejnego.<\/p>\n<p><img loading=\"lazy\" decoding=\"async\" class=\"alignnone wp-image-5885 size-full\" src=\"https:\/\/bmsklep.serwerluna.pl\/wp-content\/uploads\/Corotech_V027_pylace_podloze.jpg\" alt=\"\" width=\"1338\" height=\"750\" srcset=\"https:\/\/bmsklep.serwerluna.pl\/wp-content\/uploads\/Corotech_V027_pylace_podloze.jpg 1338w, https:\/\/bmsklep.serwerluna.pl\/wp-content\/uploads\/Corotech_V027_pylace_podloze-600x336.jpg 600w, https:\/\/bmsklep.serwerluna.pl\/wp-content\/uploads\/Corotech_V027_pylace_podloze-300x168.jpg 300w, https:\/\/bmsklep.serwerluna.pl\/wp-content\/uploads\/Corotech_V027_pylace_podloze-1024x574.jpg 1024w, https:\/\/bmsklep.serwerluna.pl\/wp-content\/uploads\/Corotech_V027_pylace_podloze-768x430.jpg 768w\" sizes=\"auto, (max-width: 1338px) 100vw, 1338px\" \/><\/p>\n<p style=\"text-align: justify;\"><strong>Nie ryzykuj. Teraz masz do dyspozycji preparat HP 1270 ACRYLIC SEALER\/FINISH, dzi\u0119ki kt\u00f3remu zapomnisz o problemach widocznych poni\u017cej.<\/strong><\/p>\n<p><img loading=\"lazy\" decoding=\"async\" class=\"alignnone wp-image-12436 size-full\" src=\"https:\/\/bmsklep.serwerluna.pl\/wp-content\/uploads\/Corotech_V027_1.jpg\" alt=\"\" width=\"1800\" height=\"1363\" srcset=\"https:\/\/bmsklep.serwerluna.pl\/wp-content\/uploads\/Corotech_V027_1.jpg 1800w, https:\/\/bmsklep.serwerluna.pl\/wp-content\/uploads\/Corotech_V027_1-300x227.jpg 300w, https:\/\/bmsklep.serwerluna.pl\/wp-content\/uploads\/Corotech_V027_1-1024x775.jpg 1024w, https:\/\/bmsklep.serwerluna.pl\/wp-content\/uploads\/Corotech_V027_1-768x582.jpg 768w, https:\/\/bmsklep.serwerluna.pl\/wp-content\/uploads\/Corotech_V027_1-1536x1163.jpg 1536w, https:\/\/bmsklep.serwerluna.pl\/wp-content\/uploads\/Corotech_V027_1-600x454.jpg 600w\" sizes=\"auto, (max-width: 1800px) 100vw, 1800px\" \/><\/p>\n<p style=\"text-align: justify;\"><strong>\u201eHP 1270 ACRYLIC SEALER\/FINISH\u201d to wodorozcie\u0144czalny, transparentny preparat akrylowy<\/strong>, przeznaczony do gruntowania pod\u0142o\u017cy budowlanych eksponowanych wewn\u0105trz i na zewn\u0105trz budynk\u00f3w.<\/p>\n<p style=\"text-align: justify;\"><strong>Z uwagi na doskona\u0142e w\u0142a\u015bciwo\u015bci penetruj\u0105ce i wzmacniaj\u0105ce, produkt jest szczeg\u00f3lnie polecany jako pierwsza warstwa konsoliduj\u0105ca na g\u0142adziach gipsowych oraz os\u0142abionych tynkach mineralnych przed aplikacj\u0105 odpowiedniej farby gruntuj\u0105cej marki Benjamin Moore.<\/strong><\/p>\n<p><img loading=\"lazy\" decoding=\"async\" class=\"alignnone wp-image-5889\" src=\"https:\/\/bmsklep.serwerluna.pl\/wp-content\/uploads\/Tynk_2.jpg\" alt=\"\" width=\"1400\" height=\"896\" srcset=\"https:\/\/bmsklep.serwerluna.pl\/wp-content\/uploads\/Tynk_2.jpg 536w, https:\/\/bmsklep.serwerluna.pl\/wp-content\/uploads\/Tynk_2-300x192.jpg 300w\" sizes=\"auto, (max-width: 1400px) 100vw, 1400px\" \/><\/p>\n<p style=\"text-align: justify;\">Je\u017celi pod\u0142o\u017ce nie wymaga scalenia kolorystycznego, preparat \u201eHP 1270 ACRYLIC SEALER\/FINISH\" mo\u017ce stanowi\u0107 jedyn\u0105 warstw\u0119 gruntuj\u0105c\u0105 (przed aplikacj\u0105 farby nawierzchniowej).<\/p>\n<p style=\"text-align: justify;\"><strong>Produkt mo\u017ce pe\u0142ni\u0107 rol\u0119 warstwy ochronnej na wymalowaniach lub tynkach akrylowych oraz na efektach dekoracyjnych<\/strong> (podbarwiony mo\u017ce zosta\u0107 u\u017cyty jako samodzielna bejca dekoracyjna do wykonywania przecierek, r\u00f3wnie\u017c na elewacjach).<\/p>\n<p><img loading=\"lazy\" decoding=\"async\" class=\"alignnone wp-image-12438 size-full\" src=\"https:\/\/bmsklep.serwerluna.pl\/wp-content\/uploads\/Corotech_V027_4.jpg\" alt=\"\" width=\"1800\" height=\"1063\" srcset=\"https:\/\/bmsklep.serwerluna.pl\/wp-content\/uploads\/Corotech_V027_4.jpg 1800w, https:\/\/bmsklep.serwerluna.pl\/wp-content\/uploads\/Corotech_V027_4-300x177.jpg 300w, https:\/\/bmsklep.serwerluna.pl\/wp-content\/uploads\/Corotech_V027_4-1024x605.jpg 1024w, https:\/\/bmsklep.serwerluna.pl\/wp-content\/uploads\/Corotech_V027_4-768x454.jpg 768w, https:\/\/bmsklep.serwerluna.pl\/wp-content\/uploads\/Corotech_V027_4-1536x907.jpg 1536w, https:\/\/bmsklep.serwerluna.pl\/wp-content\/uploads\/Corotech_V027_4-600x354.jpg 600w\" sizes=\"auto, (max-width: 1800px) 100vw, 1800px\" \/><\/p>\n<p style=\"text-align: justify;\"><strong>Na niekt\u00f3rych pionowych pod\u0142o\u017cach drewnianych, preparat mo\u017ce pe\u0142ni\u0107 rol\u0119 lakieru ochronnego.<\/strong><\/p>\n<p style=\"text-align: justify;\">Zaimpregnowane pod\u0142o\u017ca zewn\u0119trzne wykazuj\u0105 doskona\u0142\u0105 trwa\u0142o\u015b\u0107 i wysok\u0105 odporno\u015b\u0107 na dzia\u0142anie czynnik\u00f3w atmosferycznych, tworzenie p\u0119cherzy, wykwity solne i kredowanie. Preparat cechuje \u0142atwo\u015b\u0107 aplikacji i kr\u00f3tki czas schni\u0119cia.<\/p>\n<p style=\"text-align: justify;\">W przypadku zasadniczego przeznaczenia tzn. gruntowania surowego pod\u0142o\u017ca, preparat rozcie\u0144czany jest wod\u0105 w zasadniczej proporcji 1:1 \u2013 1:2 (w przypadku bardzo ch\u0142onnych pod\u0142o\u017cy nawet 1:4) zale\u017cnie od rodzaju pod\u0142o\u017ca, stanu zachowania oraz ch\u0142onno\u015bci.<\/p>\n<p><img loading=\"lazy\" decoding=\"async\" class=\"alignnone wp-image-5891\" src=\"https:\/\/bmsklep.serwerluna.pl\/wp-content\/uploads\/Tynk-300x132.jpg\" alt=\"\" width=\"1400\" height=\"616\" srcset=\"https:\/\/bmsklep.serwerluna.pl\/wp-content\/uploads\/Tynk-300x132.jpg 300w, https:\/\/bmsklep.serwerluna.pl\/wp-content\/uploads\/Tynk-600x264.jpg 600w, https:\/\/bmsklep.serwerluna.pl\/wp-content\/uploads\/Tynk.jpg 748w\" sizes=\"auto, (max-width: 1400px) 100vw, 1400px\" \/><\/p>\n<p><strong>ZASTOSOWANIE<\/strong><\/p>\n<p><strong>Wewn\u0119trzne:<\/strong><\/p>\n<ul>\n<li>tradycyjne tynki wapienno-cementowe i cementowe,<\/li>\n<li>g\u0142adzie gipsowe,<\/li>\n<li>p\u0142yty gipsowo-kartonowe,<\/li>\n<li>budowlane bloczki konstrukcyjne,<\/li>\n<li>beton i drewno,<\/li>\n<li>impregnacja pow\u0142ok akrylowych i tynk\u00f3w dekoracyjnych.<\/li>\n<\/ul>\n<p style=\"text-align: justify;\">Na niekt\u00f3rych pionowych pod\u0142o\u017cach drewnianych, preparat mo\u017ce pe\u0142ni\u0107 rol\u0119 lakieru ochronnego.<\/p>\n<p><strong>Zewn\u0119trzne:<\/strong><\/p>\n<ul>\n<li>tradycyjne tynki wapienno-cementowe i cementowe,<\/li>\n<li>cienkowarstwowe tynki mineralne i akrylowe,<\/li>\n<li>budowlane bloczki konstrukcyjne i beton,<\/li>\n<li>impregnacja pow\u0142ok akrylowych i tynk\u00f3w dekoracyjnych.<\/li>\n<\/ul>\n","protected":false},"excerpt":{"rendered":"<p style=\"text-align: justify;\">Najlepszy na rynku transparentny preparat gruntuj\u0105cy do wzmacniania g\u0142adzi gipsowych i os\u0142abionych tynk\u00f3w!<\/p>\n","protected":false},"featured_media":14644,"template":"","meta":{"_acf_changed":false,"inline_featured_image":false},"product_brand":[],"product_cat":[28],"product_tag":[],"class_list":{"0":"post-14640","1":"product","2":"type-product","3":"status-publish","4":"has-post-thumbnail","6":"product_cat-wnetrza","8":"first","9":"instock","10":"taxable","11":"shipping-taxable","12":"purchasable","13":"product-type-variable"},"acf":[],"yoast_head":"<!-- This site is optimized with the Yoast SEO plugin v26.6 - https:\/\/yoast.com\/wordpress\/plugins\/seo\/ -->\n<title>HP1270 Acrylic Sealer\/Finish - Benjamin Moore Paints<\/title>\n<meta name=\"robots\" content=\"index, follow, max-snippet:-1, max-image-preview:large, max-video-preview:-1\" \/>\n<link rel=\"canonical\" href=\"https:\/\/bmsklep.serwerluna.pl\/produkt\/hp1270-acrylic-sealer-finish\/\" \/>\n<meta property=\"og:locale\" content=\"en_US\" \/>\n<meta property=\"og:type\" content=\"article\" \/>\n<meta property=\"og:title\" content=\"HP1270 Acrylic Sealer\/Finish - Benjamin Moore Paints\" \/>\n<meta property=\"og:description\" content=\"Najlepszy na rynku transparentny preparat gruntuj\u0105cy do wzmacniania g\u0142adzi gipsowych i os\u0142abionych tynk\u00f3w!\" \/>\n<meta property=\"og:url\" content=\"https:\/\/bmsklep.serwerluna.pl\/produkt\/hp1270-acrylic-sealer-finish\/\" \/>\n<meta property=\"og:site_name\" content=\"Benjamin Moore Paints\" \/>\n<meta property=\"article:modified_time\" content=\"2026-01-21T12:52:34+00:00\" \/>\n<meta property=\"og:image\" content=\"https:\/\/bmsklep.serwerluna.pl\/wp-content\/uploads\/1270_IMPrimerUSGallonHP1270.png\" \/>\n\t<meta property=\"og:image:width\" content=\"200\" \/>\n\t<meta property=\"og:image:height\" content=\"233\" \/>\n\t<meta property=\"og:image:type\" content=\"image\/png\" \/>\n<meta name=\"twitter:card\" content=\"summary_large_image\" \/>\n<meta name=\"twitter:label1\" content=\"Est. reading time\" \/>\n\t<meta name=\"twitter:data1\" content=\"4 minutes\" \/>\n<script type=\"application\/ld+json\" class=\"yoast-schema-graph\">{\"@context\":\"https:\/\/schema.org\",\"@graph\":[{\"@type\":\"WebPage\",\"@id\":\"https:\/\/bmsklep.serwerluna.pl\/produkt\/hp1270-acrylic-sealer-finish\/\",\"url\":\"https:\/\/bmsklep.serwerluna.pl\/produkt\/hp1270-acrylic-sealer-finish\/\",\"name\":\"HP1270 Acrylic Sealer\/Finish - Benjamin Moore Paints\",\"isPartOf\":{\"@id\":\"https:\/\/bmsklep.serwerluna.pl\/#website\"},\"primaryImageOfPage\":{\"@id\":\"https:\/\/bmsklep.serwerluna.pl\/produkt\/hp1270-acrylic-sealer-finish\/#primaryimage\"},\"image\":{\"@id\":\"https:\/\/bmsklep.serwerluna.pl\/produkt\/hp1270-acrylic-sealer-finish\/#primaryimage\"},\"thumbnailUrl\":\"https:\/\/bmsklep.serwerluna.pl\/wp-content\/uploads\/1270_IMPrimerUSGallonHP1270.png\",\"datePublished\":\"2025-04-22T10:51:27+00:00\",\"dateModified\":\"2026-01-21T12:52:34+00:00\",\"breadcrumb\":{\"@id\":\"https:\/\/bmsklep.serwerluna.pl\/produkt\/hp1270-acrylic-sealer-finish\/#breadcrumb\"},\"inLanguage\":\"en-US\",\"potentialAction\":[{\"@type\":\"ReadAction\",\"target\":[\"https:\/\/bmsklep.serwerluna.pl\/produkt\/hp1270-acrylic-sealer-finish\/\"]}]},{\"@type\":\"ImageObject\",\"inLanguage\":\"en-US\",\"@id\":\"https:\/\/bmsklep.serwerluna.pl\/produkt\/hp1270-acrylic-sealer-finish\/#primaryimage\",\"url\":\"https:\/\/bmsklep.serwerluna.pl\/wp-content\/uploads\/1270_IMPrimerUSGallonHP1270.png\",\"contentUrl\":\"https:\/\/bmsklep.serwerluna.pl\/wp-content\/uploads\/1270_IMPrimerUSGallonHP1270.png\",\"width\":200,\"height\":233},{\"@type\":\"BreadcrumbList\",\"@id\":\"https:\/\/bmsklep.serwerluna.pl\/produkt\/hp1270-acrylic-sealer-finish\/#breadcrumb\",\"itemListElement\":[{\"@type\":\"ListItem\",\"position\":1,\"name\":\"Home\",\"item\":\"https:\/\/bmsklep.serwerluna.pl\/en\/\"},{\"@type\":\"ListItem\",\"position\":2,\"name\":\"Produkty\",\"item\":\"https:\/\/bmsklep.serwerluna.pl\/produkty\/\"},{\"@type\":\"ListItem\",\"position\":3,\"name\":\"Wn\u0119trza\",\"item\":\"https:\/\/bmsklep.serwerluna.pl\/kategoria-produktu\/wnetrza\/\"},{\"@type\":\"ListItem\",\"position\":4,\"name\":\"HP1270 Acrylic Sealer\/Finish\"}]},{\"@type\":\"WebSite\",\"@id\":\"https:\/\/bmsklep.serwerluna.pl\/#website\",\"url\":\"https:\/\/bmsklep.serwerluna.pl\/\",\"name\":\"Benjamin Moore Paints\",\"description\":\"\",\"potentialAction\":[{\"@type\":\"SearchAction\",\"target\":{\"@type\":\"EntryPoint\",\"urlTemplate\":\"https:\/\/bmsklep.serwerluna.pl\/?s={search_term_string}\"},\"query-input\":{\"@type\":\"PropertyValueSpecification\",\"valueRequired\":true,\"valueName\":\"search_term_string\"}}],\"inLanguage\":\"en-US\"}]}<\/script>\n<!-- \/ Yoast SEO plugin. -->","yoast_head_json":{"title":"HP1270 Acrylic Sealer\/Finish - Benjamin Moore Paints","robots":{"index":"index","follow":"follow","max-snippet":"max-snippet:-1","max-image-preview":"max-image-preview:large","max-video-preview":"max-video-preview:-1"},"canonical":"https:\/\/bmsklep.serwerluna.pl\/produkt\/hp1270-acrylic-sealer-finish\/","og_locale":"en_US","og_type":"article","og_title":"HP1270 Acrylic Sealer\/Finish - Benjamin Moore Paints","og_description":"Najlepszy na rynku transparentny preparat gruntuj\u0105cy do wzmacniania g\u0142adzi gipsowych i os\u0142abionych tynk\u00f3w!","og_url":"https:\/\/bmsklep.serwerluna.pl\/produkt\/hp1270-acrylic-sealer-finish\/","og_site_name":"Benjamin Moore Paints","article_modified_time":"2026-01-21T12:52:34+00:00","og_image":[{"width":200,"height":233,"url":"https:\/\/bmsklep.serwerluna.pl\/wp-content\/uploads\/1270_IMPrimerUSGallonHP1270.png","type":"image\/png"}],"twitter_card":"summary_large_image","twitter_misc":{"Est. reading time":"4 minutes"},"schema":{"@context":"https:\/\/schema.org","@graph":[{"@type":"WebPage","@id":"https:\/\/bmsklep.serwerluna.pl\/produkt\/hp1270-acrylic-sealer-finish\/","url":"https:\/\/bmsklep.serwerluna.pl\/produkt\/hp1270-acrylic-sealer-finish\/","name":"HP1270 Acrylic Sealer\/Finish - Benjamin Moore Paints","isPartOf":{"@id":"https:\/\/bmsklep.serwerluna.pl\/#website"},"primaryImageOfPage":{"@id":"https:\/\/bmsklep.serwerluna.pl\/produkt\/hp1270-acrylic-sealer-finish\/#primaryimage"},"image":{"@id":"https:\/\/bmsklep.serwerluna.pl\/produkt\/hp1270-acrylic-sealer-finish\/#primaryimage"},"thumbnailUrl":"https:\/\/bmsklep.serwerluna.pl\/wp-content\/uploads\/1270_IMPrimerUSGallonHP1270.png","datePublished":"2025-04-22T10:51:27+00:00","dateModified":"2026-01-21T12:52:34+00:00","breadcrumb":{"@id":"https:\/\/bmsklep.serwerluna.pl\/produkt\/hp1270-acrylic-sealer-finish\/#breadcrumb"},"inLanguage":"en-US","potentialAction":[{"@type":"ReadAction","target":["https:\/\/bmsklep.serwerluna.pl\/produkt\/hp1270-acrylic-sealer-finish\/"]}]},{"@type":"ImageObject","inLanguage":"en-US","@id":"https:\/\/bmsklep.serwerluna.pl\/produkt\/hp1270-acrylic-sealer-finish\/#primaryimage","url":"https:\/\/bmsklep.serwerluna.pl\/wp-content\/uploads\/1270_IMPrimerUSGallonHP1270.png","contentUrl":"https:\/\/bmsklep.serwerluna.pl\/wp-content\/uploads\/1270_IMPrimerUSGallonHP1270.png","width":200,"height":233},{"@type":"BreadcrumbList","@id":"https:\/\/bmsklep.serwerluna.pl\/produkt\/hp1270-acrylic-sealer-finish\/#breadcrumb","itemListElement":[{"@type":"ListItem","position":1,"name":"Home","item":"https:\/\/bmsklep.serwerluna.pl\/en\/"},{"@type":"ListItem","position":2,"name":"Produkty","item":"https:\/\/bmsklep.serwerluna.pl\/produkty\/"},{"@type":"ListItem","position":3,"name":"Wn\u0119trza","item":"https:\/\/bmsklep.serwerluna.pl\/kategoria-produktu\/wnetrza\/"},{"@type":"ListItem","position":4,"name":"HP1270 Acrylic Sealer\/Finish"}]},{"@type":"WebSite","@id":"https:\/\/bmsklep.serwerluna.pl\/#website","url":"https:\/\/bmsklep.serwerluna.pl\/","name":"Benjamin Moore Paints","description":"","potentialAction":[{"@type":"SearchAction","target":{"@type":"EntryPoint","urlTemplate":"https:\/\/bmsklep.serwerluna.pl\/?s={search_term_string}"},"query-input":{"@type":"PropertyValueSpecification","valueRequired":true,"valueName":"search_term_string"}}],"inLanguage":"en-US"}]}},"_links":{"self":[{"href":"https:\/\/bmsklep.serwerluna.pl\/en\/wp-json\/wp\/v2\/product\/14640","targetHints":{"allow":["GET"]}}],"collection":[{"href":"https:\/\/bmsklep.serwerluna.pl\/en\/wp-json\/wp\/v2\/product"}],"about":[{"href":"https:\/\/bmsklep.serwerluna.pl\/en\/wp-json\/wp\/v2\/types\/product"}],"wp:featuredmedia":[{"embeddable":true,"href":"https:\/\/bmsklep.serwerluna.pl\/en\/wp-json\/wp\/v2\/media\/14644"}],"wp:attachment":[{"href":"https:\/\/bmsklep.serwerluna.pl\/en\/wp-json\/wp\/v2\/media?parent=14640"}],"wp:term":[{"taxonomy":"product_brand","embeddable":true,"href":"https:\/\/bmsklep.serwerluna.pl\/en\/wp-json\/wp\/v2\/product_brand?post=14640"},{"taxonomy":"product_cat","embeddable":true,"href":"https:\/\/bmsklep.serwerluna.pl\/en\/wp-json\/wp\/v2\/product_cat?post=14640"},{"taxonomy":"product_tag","embeddable":true,"href":"https:\/\/bmsklep.serwerluna.pl\/en\/wp-json\/wp\/v2\/product_tag?post=14640"}],"curies":[{"name":"wp","href":"https:\/\/api.w.org\/{rel}","templated":true}]}}