{"id":13146,"date":"2024-05-15T11:46:11","date_gmt":"2024-05-15T09:46:11","guid":{"rendered":"https:\/\/benjaminmoore.pl\/?post_type=product&#038;p=13146"},"modified":"2025-12-03T14:51:19","modified_gmt":"2025-12-03T13:51:19","slug":"scuff-x-interior-matte-finish-n484","status":"publish","type":"product","link":"https:\/\/bmsklep.serwerluna.pl\/en\/produkt\/scuff-x-interior-matte-finish-n484\/","title":{"rendered":"SCUFF-X\u00ae Interior Matte Finish N484"},"content":{"rendered":"<h3><img loading=\"lazy\" decoding=\"async\" class=\"alignnone wp-image-13157 size-full\" src=\"https:\/\/bmsklep.serwerluna.pl\/wp-content\/uploads\/Scuff_X_484_biala_magia.jpg\" alt=\"\" width=\"1800\" height=\"931\" srcset=\"https:\/\/bmsklep.serwerluna.pl\/wp-content\/uploads\/Scuff_X_484_biala_magia.jpg 1800w, https:\/\/bmsklep.serwerluna.pl\/wp-content\/uploads\/Scuff_X_484_biala_magia-300x155.jpg 300w, https:\/\/bmsklep.serwerluna.pl\/wp-content\/uploads\/Scuff_X_484_biala_magia-1024x530.jpg 1024w, https:\/\/bmsklep.serwerluna.pl\/wp-content\/uploads\/Scuff_X_484_biala_magia-768x397.jpg 768w, https:\/\/bmsklep.serwerluna.pl\/wp-content\/uploads\/Scuff_X_484_biala_magia-1536x794.jpg 1536w, https:\/\/bmsklep.serwerluna.pl\/wp-content\/uploads\/Scuff_X_484_biala_magia-600x310.jpg 600w\" sizes=\"auto, (max-width: 1800px) 100vw, 1800px\" \/><\/h3>\n<h3><strong>Czarne \u015alady? Nie\u00a0ze SCUFF-X!\u00a0<\/strong><\/h3>\n<p style=\"text-align: justify;\"><strong>Nie potrzebujemy magicznej r\u00f3\u017cd\u017cki, by usun\u0105\u0107 czarne \u015blady. <\/strong><strong>Na \u015bcianach pomalowanych <\/strong><strong>farb\u0105 Scuff-X\u2122 marki Benjamin Moore z rewolucyjn\u0105 technologi\u0105 <\/strong><strong>\u201e<\/strong><strong>Scuff-Resistant<\/strong><strong>\u201d<\/strong><strong> \u015blady te po prostu\u2026 nie powstaj\u0105!<\/strong><\/p>\n<p><a href=\"https:\/\/www.youtube.com\/watch?v=ebPvYdZRwmY\" target=\"_blank\" rel=\"noopener\"><img loading=\"lazy\" decoding=\"async\" class=\"alignnone wp-image-13115 size-full\" src=\"https:\/\/bmsklep.serwerluna.pl\/wp-content\/uploads\/Benjamin-Moore-Scuff-X-Resists-The-Toughest-Skateboard-Marks-przycisk2.jpg\" alt=\"\" width=\"1800\" height=\"1013\" srcset=\"https:\/\/bmsklep.serwerluna.pl\/wp-content\/uploads\/Benjamin-Moore-Scuff-X-Resists-The-Toughest-Skateboard-Marks-przycisk2.jpg 1800w, https:\/\/bmsklep.serwerluna.pl\/wp-content\/uploads\/Benjamin-Moore-Scuff-X-Resists-The-Toughest-Skateboard-Marks-przycisk2-300x169.jpg 300w, https:\/\/bmsklep.serwerluna.pl\/wp-content\/uploads\/Benjamin-Moore-Scuff-X-Resists-The-Toughest-Skateboard-Marks-przycisk2-1024x576.jpg 1024w, https:\/\/bmsklep.serwerluna.pl\/wp-content\/uploads\/Benjamin-Moore-Scuff-X-Resists-The-Toughest-Skateboard-Marks-przycisk2-768x432.jpg 768w, https:\/\/bmsklep.serwerluna.pl\/wp-content\/uploads\/Benjamin-Moore-Scuff-X-Resists-The-Toughest-Skateboard-Marks-przycisk2-1536x864.jpg 1536w, https:\/\/bmsklep.serwerluna.pl\/wp-content\/uploads\/Benjamin-Moore-Scuff-X-Resists-The-Toughest-Skateboard-Marks-przycisk2-600x338.jpg 600w\" sizes=\"auto, (max-width: 1800px) 100vw, 1800px\" \/><\/a><\/p>\n<p style=\"text-align: justify;\"><b>Hotele, szko\u0142y, sale konferencyjne, szpitale, kluby fitness \u2013 wsz\u0119dzie te czarne przetarcia\u2026\u00a0<\/b><\/p>\n<p><img loading=\"lazy\" decoding=\"async\" class=\"alignnone wp-image-12231 size-full\" src=\"https:\/\/bmsklep.serwerluna.pl\/wp-content\/uploads\/Benjamin_Moore_Scuff-X-2-2.jpg\" alt=\"\" width=\"1800\" height=\"1965\" srcset=\"https:\/\/bmsklep.serwerluna.pl\/wp-content\/uploads\/Benjamin_Moore_Scuff-X-2-2.jpg 1800w, https:\/\/bmsklep.serwerluna.pl\/wp-content\/uploads\/Benjamin_Moore_Scuff-X-2-2-275x300.jpg 275w, https:\/\/bmsklep.serwerluna.pl\/wp-content\/uploads\/Benjamin_Moore_Scuff-X-2-2-938x1024.jpg 938w, https:\/\/bmsklep.serwerluna.pl\/wp-content\/uploads\/Benjamin_Moore_Scuff-X-2-2-768x838.jpg 768w, https:\/\/bmsklep.serwerluna.pl\/wp-content\/uploads\/Benjamin_Moore_Scuff-X-2-2-1407x1536.jpg 1407w, https:\/\/bmsklep.serwerluna.pl\/wp-content\/uploads\/Benjamin_Moore_Scuff-X-2-2-600x655.jpg 600w\" sizes=\"auto, (max-width: 1800px) 100vw, 1800px\" \/><\/p>\n<p style=\"text-align: justify;\">Chwila nieuwagi - zarysowanie \u015bciany ci\u0119\u017ck\u0105 walizk\u0105, plastikow\u0105 sprz\u0105czk\u0105 plecaka, rur\u0105 od odkurzacza czy oparciem plastikowego krzes\u0142a i pojawia si\u0119 trwa\u0142a, czarna smuga na kt\u00f3r\u0105 najcz\u0119\u015bciej nie dzia\u0142a nawet silne szorowanie.<\/p>\n<p><img loading=\"lazy\" decoding=\"async\" class=\"alignnone wp-image-12233 size-full\" src=\"https:\/\/bmsklep.serwerluna.pl\/wp-content\/uploads\/Benjamin_Moore_Scuff-X-4-2.jpg\" alt=\"\" width=\"1800\" height=\"1629\" srcset=\"https:\/\/bmsklep.serwerluna.pl\/wp-content\/uploads\/Benjamin_Moore_Scuff-X-4-2.jpg 1800w, https:\/\/bmsklep.serwerluna.pl\/wp-content\/uploads\/Benjamin_Moore_Scuff-X-4-2-300x272.jpg 300w, https:\/\/bmsklep.serwerluna.pl\/wp-content\/uploads\/Benjamin_Moore_Scuff-X-4-2-1024x927.jpg 1024w, https:\/\/bmsklep.serwerluna.pl\/wp-content\/uploads\/Benjamin_Moore_Scuff-X-4-2-768x695.jpg 768w, https:\/\/bmsklep.serwerluna.pl\/wp-content\/uploads\/Benjamin_Moore_Scuff-X-4-2-1536x1390.jpg 1536w, https:\/\/bmsklep.serwerluna.pl\/wp-content\/uploads\/Benjamin_Moore_Scuff-X-4-2-600x543.jpg 600w\" sizes=\"auto, (max-width: 1800px) 100vw, 1800px\" \/><\/p>\n<p style=\"text-align: justify;\"><strong>Nie ma chyba podobnych przestrzeni, w kt\u00f3rych \u015bciany codziennie tak intensywnie uderzane s\u0105 torebkami, obuwiem, paskami lub innymi cz\u0119\u015bciami garderoby.<\/strong><\/p>\n<p><img loading=\"lazy\" decoding=\"async\" class=\"alignnone wp-image-14493 size-full\" src=\"https:\/\/bmsklep.serwerluna.pl\/wp-content\/uploads\/Benjamin_Moore_H_M_Dressing_Room_Scuff-X.jpg\" alt=\"\" width=\"1800\" height=\"2005\" srcset=\"https:\/\/bmsklep.serwerluna.pl\/wp-content\/uploads\/Benjamin_Moore_H_M_Dressing_Room_Scuff-X.jpg 1800w, https:\/\/bmsklep.serwerluna.pl\/wp-content\/uploads\/Benjamin_Moore_H_M_Dressing_Room_Scuff-X-269x300.jpg 269w, https:\/\/bmsklep.serwerluna.pl\/wp-content\/uploads\/Benjamin_Moore_H_M_Dressing_Room_Scuff-X-919x1024.jpg 919w, https:\/\/bmsklep.serwerluna.pl\/wp-content\/uploads\/Benjamin_Moore_H_M_Dressing_Room_Scuff-X-768x855.jpg 768w, https:\/\/bmsklep.serwerluna.pl\/wp-content\/uploads\/Benjamin_Moore_H_M_Dressing_Room_Scuff-X-1379x1536.jpg 1379w, https:\/\/bmsklep.serwerluna.pl\/wp-content\/uploads\/Benjamin_Moore_H_M_Dressing_Room_Scuff-X-600x668.jpg 600w\" sizes=\"auto, (max-width: 1800px) 100vw, 1800px\" \/><strong>Farby Scuff-X pokochali w\u0142a\u015bciciele sklep\u00f3w, butik\u00f3w i wielkich centr\u00f3w handlowych.<\/strong> Po\u0142o\u017cyli kres nieestetycznym przetarciom w przebieralniach i ci\u0105gach komunikacyjnych, poprawiaj\u0105c wizerunek i zwi\u0119kszaj\u0105c sprzeda\u017c.<\/p>\n<p><img loading=\"lazy\" decoding=\"async\" class=\"alignnone wp-image-12258 size-full\" src=\"https:\/\/bmsklep.serwerluna.pl\/wp-content\/uploads\/BM_FK_CT24_Outtakes_LuggageEntry_AntiquePewter_RT_SRGB-1.jpg\" alt=\"\" width=\"1800\" height=\"2037\" srcset=\"https:\/\/bmsklep.serwerluna.pl\/wp-content\/uploads\/BM_FK_CT24_Outtakes_LuggageEntry_AntiquePewter_RT_SRGB-1.jpg 1800w, https:\/\/bmsklep.serwerluna.pl\/wp-content\/uploads\/BM_FK_CT24_Outtakes_LuggageEntry_AntiquePewter_RT_SRGB-1-265x300.jpg 265w, https:\/\/bmsklep.serwerluna.pl\/wp-content\/uploads\/BM_FK_CT24_Outtakes_LuggageEntry_AntiquePewter_RT_SRGB-1-905x1024.jpg 905w, https:\/\/bmsklep.serwerluna.pl\/wp-content\/uploads\/BM_FK_CT24_Outtakes_LuggageEntry_AntiquePewter_RT_SRGB-1-768x869.jpg 768w, https:\/\/bmsklep.serwerluna.pl\/wp-content\/uploads\/BM_FK_CT24_Outtakes_LuggageEntry_AntiquePewter_RT_SRGB-1-1357x1536.jpg 1357w, https:\/\/bmsklep.serwerluna.pl\/wp-content\/uploads\/BM_FK_CT24_Outtakes_LuggageEntry_AntiquePewter_RT_SRGB-1-600x679.jpg 600w\" sizes=\"auto, (max-width: 1800px) 100vw, 1800px\" \/><\/p>\n<p style=\"text-align: justify;\"><strong>Jak zapomnie\u0107 o wszystkich tych zabrudzeniach, kt\u00f3re do tej pory wydawa\u0142y si\u0119 nie do unikni\u0119cia?\u00a0<\/strong><\/p>\n<p style=\"text-align: justify;\">Do niedawna jedynym rozwi\u0105zaniem na porysowane na czarno \u015bciany by\u0142o przemalowanie, jednak wraz z opracowaniem rewolucyjnej technologii Scuff-Resistant problem, jak za dotkni\u0119ciem czarodziejskiej r\u00f3\u017cd\u017cki przesta\u0142 istnie\u0107.<\/p>\n<p><img loading=\"lazy\" decoding=\"async\" class=\"alignnone wp-image-12235 size-full\" src=\"https:\/\/bmsklep.serwerluna.pl\/wp-content\/uploads\/Benjamin_Moore_Scuff-X-15-1.jpg\" alt=\"\" width=\"1800\" height=\"1714\" srcset=\"https:\/\/bmsklep.serwerluna.pl\/wp-content\/uploads\/Benjamin_Moore_Scuff-X-15-1.jpg 1800w, https:\/\/bmsklep.serwerluna.pl\/wp-content\/uploads\/Benjamin_Moore_Scuff-X-15-1-300x286.jpg 300w, https:\/\/bmsklep.serwerluna.pl\/wp-content\/uploads\/Benjamin_Moore_Scuff-X-15-1-1024x975.jpg 1024w, https:\/\/bmsklep.serwerluna.pl\/wp-content\/uploads\/Benjamin_Moore_Scuff-X-15-1-768x731.jpg 768w, https:\/\/bmsklep.serwerluna.pl\/wp-content\/uploads\/Benjamin_Moore_Scuff-X-15-1-1536x1463.jpg 1536w, https:\/\/bmsklep.serwerluna.pl\/wp-content\/uploads\/Benjamin_Moore_Scuff-X-15-1-600x571.jpg 600w\" sizes=\"auto, (max-width: 1800px) 100vw, 1800px\" \/><\/p>\n<p style=\"text-align: justify;\"><strong>Wodorozcie\u0144czalna, jednosk\u0142adnikowa farba akrylowa Scuff-X\u2122 z rewolucyjn\u0105, opatentowan\u0105 technologi\u0105 \u201eScuff-Resistant\u201d stanowi idealne rozwi\u0105zanie w przestrzeniach o wysokim nat\u0119\u017ceniu ruchu<\/strong>, np. hotelach, salach konferencyjnych, biurach, szko\u0142ach, szatniach, klubach fitness, samoobs\u0142ugowych salonach sprzeda\u017cy, restauracjach, szpitalach, gabinetach zabiegowych, etc.<\/p>\n<p><strong>SCUFF-X vs tradycyjna farba\u00a0<\/strong><\/p>\n<p><img loading=\"lazy\" decoding=\"async\" class=\"alignnone wp-image-13159 size-full\" src=\"https:\/\/bmsklep.serwerluna.pl\/wp-content\/uploads\/Scuff_X_VS_tradycyjna_farba.jpg\" alt=\"\" width=\"1800\" height=\"776\" srcset=\"https:\/\/bmsklep.serwerluna.pl\/wp-content\/uploads\/Scuff_X_VS_tradycyjna_farba.jpg 1800w, https:\/\/bmsklep.serwerluna.pl\/wp-content\/uploads\/Scuff_X_VS_tradycyjna_farba-300x129.jpg 300w, https:\/\/bmsklep.serwerluna.pl\/wp-content\/uploads\/Scuff_X_VS_tradycyjna_farba-1024x441.jpg 1024w, https:\/\/bmsklep.serwerluna.pl\/wp-content\/uploads\/Scuff_X_VS_tradycyjna_farba-768x331.jpg 768w, https:\/\/bmsklep.serwerluna.pl\/wp-content\/uploads\/Scuff_X_VS_tradycyjna_farba-1536x662.jpg 1536w, https:\/\/bmsklep.serwerluna.pl\/wp-content\/uploads\/Scuff_X_VS_tradycyjna_farba-600x259.jpg 600w\" sizes=\"auto, (max-width: 1800px) 100vw, 1800px\" \/><\/p>\n<p>Produkt znajduje zastosowanie w obiektach komercyjnych, u\u017cyteczno\u015bci publicznej i o\u015bwiaty, obiektach s\u0142u\u017cby zdrowia oraz bran\u017cy spo\u017cywczej, jak r\u00f3wnie\u017c w zakresie malowania \u015bcian we wn\u0119trzach mieszkalnych np. w garderobach, korytarzach, pokojach dzieci\u0119cych.<\/p>\n<p><img loading=\"lazy\" decoding=\"async\" class=\"alignnone wp-image-12247 size-full\" src=\"https:\/\/bmsklep.serwerluna.pl\/wp-content\/uploads\/Benjamin_Moore_Scuff-X-8.jpg\" alt=\"\" width=\"1800\" height=\"1915\" srcset=\"https:\/\/bmsklep.serwerluna.pl\/wp-content\/uploads\/Benjamin_Moore_Scuff-X-8.jpg 1800w, https:\/\/bmsklep.serwerluna.pl\/wp-content\/uploads\/Benjamin_Moore_Scuff-X-8-282x300.jpg 282w, https:\/\/bmsklep.serwerluna.pl\/wp-content\/uploads\/Benjamin_Moore_Scuff-X-8-963x1024.jpg 963w, https:\/\/bmsklep.serwerluna.pl\/wp-content\/uploads\/Benjamin_Moore_Scuff-X-8-768x817.jpg 768w, https:\/\/bmsklep.serwerluna.pl\/wp-content\/uploads\/Benjamin_Moore_Scuff-X-8-1444x1536.jpg 1444w, https:\/\/bmsklep.serwerluna.pl\/wp-content\/uploads\/Benjamin_Moore_Scuff-X-8-600x638.jpg 600w\" sizes=\"auto, (max-width: 1800px) 100vw, 1800px\" \/><\/p>\n<ul>\n<li><strong>\u00a0<\/strong>tradycyjne tynki wapienno-cementowe<\/li>\n<li>cienkowarstwowe tynki mineralne i akrylowe<\/li>\n<li>g\u0142adzie gipsowe<\/li>\n<li>najwy\u017cszej jako\u015bci g\u0142adzie gipsowe<\/li>\n<li>p\u0142yty gipsowo-kartonowe<\/li>\n<li>tapety<\/li>\n<li>budowlane bloczki konstrukcyjne<\/li>\n<li>beton<\/li>\n<li>renowacja pow\u0142ok dyspersyjnych<\/li>\n<li>pod\u0142o\u017ca drewniane i drewnopochodne<\/li>\n<\/ul>\n<p style=\"text-align: justify;\">Produkt mo\u017cna r\u00f3wnie\u017c stosowa\u0107 na zagruntowanych pod\u0142o\u017cach metalowych.<\/p>\n<p><img loading=\"lazy\" decoding=\"async\" class=\"alignnone wp-image-12243 size-full\" src=\"https:\/\/bmsklep.serwerluna.pl\/wp-content\/uploads\/Benjamin_Moore_Scuff-X-5-2.jpg\" alt=\"\" width=\"1800\" height=\"1650\" srcset=\"https:\/\/bmsklep.serwerluna.pl\/wp-content\/uploads\/Benjamin_Moore_Scuff-X-5-2.jpg 1800w, https:\/\/bmsklep.serwerluna.pl\/wp-content\/uploads\/Benjamin_Moore_Scuff-X-5-2-300x275.jpg 300w, https:\/\/bmsklep.serwerluna.pl\/wp-content\/uploads\/Benjamin_Moore_Scuff-X-5-2-1024x939.jpg 1024w, https:\/\/bmsklep.serwerluna.pl\/wp-content\/uploads\/Benjamin_Moore_Scuff-X-5-2-768x704.jpg 768w, https:\/\/bmsklep.serwerluna.pl\/wp-content\/uploads\/Benjamin_Moore_Scuff-X-5-2-1536x1408.jpg 1536w, https:\/\/bmsklep.serwerluna.pl\/wp-content\/uploads\/Benjamin_Moore_Scuff-X-5-2-600x550.jpg 600w\" sizes=\"auto, (max-width: 1800px) 100vw, 1800px\" \/><\/p>\n<p style=\"text-align: justify;\">Istnieje mo\u017cliwo\u015b\u0107 aplikacji farby na odpowiednio przygotowane i zagruntowane pod\u0142o\u017ca szklane, ceramiczne np. p\u0142ytki ceramiczne oraz pod\u0142o\u017ca z w\u0142\u00f3kna szklanego przy u\u017cyciu promotora adhezji\u00a0<a href=\"https:\/\/bmsklep.serwerluna.pl\/produkt\/stix-waterborne-bonding-primer-sxa-110\/\"><strong>STIX\u00a0marki INSL-X<\/strong><\/a>.<\/p>\n<p><img loading=\"lazy\" decoding=\"async\" class=\"alignnone wp-image-12245 size-full\" src=\"https:\/\/bmsklep.serwerluna.pl\/wp-content\/uploads\/Benjamin_Moore_Scuff-X-10.jpg\" alt=\"\" width=\"1800\" height=\"1485\" srcset=\"https:\/\/bmsklep.serwerluna.pl\/wp-content\/uploads\/Benjamin_Moore_Scuff-X-10.jpg 1800w, https:\/\/bmsklep.serwerluna.pl\/wp-content\/uploads\/Benjamin_Moore_Scuff-X-10-300x248.jpg 300w, https:\/\/bmsklep.serwerluna.pl\/wp-content\/uploads\/Benjamin_Moore_Scuff-X-10-1024x845.jpg 1024w, https:\/\/bmsklep.serwerluna.pl\/wp-content\/uploads\/Benjamin_Moore_Scuff-X-10-768x634.jpg 768w, https:\/\/bmsklep.serwerluna.pl\/wp-content\/uploads\/Benjamin_Moore_Scuff-X-10-1536x1267.jpg 1536w, https:\/\/bmsklep.serwerluna.pl\/wp-content\/uploads\/Benjamin_Moore_Scuff-X-10-600x495.jpg 600w\" sizes=\"auto, (max-width: 1800px) 100vw, 1800px\" \/><\/p>\n<p style=\"text-align: justify;\"><em><strong>Uwaga:<\/strong>\u00a0farba nie jest odporna na mocne uderzenia, kt\u00f3re powoduj\u0105 uszkodzenia pow\u0142oki i pod\u0142o\u017ca. W miejscu kontaktu czynnika mechanicznego ze \u015bcian\u0105 powstaje wyb\u0142yszczenie powierzchni. Pomimo doskona\u0142ej wytrzyma\u0142o\u015bci warstwy malarskiej, niekt\u00f3re tworzywa sztuczne mog\u0105 spowodowa\u0107 powstawanie trwa\u0142ych czarnych \u015blad\u00f3w na powierzchni.<\/em><\/p>\n","protected":false},"excerpt":{"rendered":"<p style=\"text-align: justify;\">Wodorozcie\u0144czalna farba akrylowa z innowacyjn\u0105, opatentowan\u0105 technologi\u0105 \u201eScuff-Resistant\u201d odporna na powstawanie czarnych \u015blad\u00f3w i przetar\u0107, do malowania \u015bcian w przestrzeniach o wysokim nat\u0119\u017ceniu ruchu. Mat.<\/p>\n","protected":false},"featured_media":14820,"template":"","meta":{"_acf_changed":false,"inline_featured_image":false},"product_brand":[],"product_cat":[28],"product_tag":[],"class_list":{"0":"post-13146","1":"product","2":"type-product","3":"status-publish","4":"has-post-thumbnail","6":"product_cat-wnetrza","8":"first","9":"instock","10":"taxable","11":"shipping-taxable","12":"purchasable","13":"product-type-variable"},"acf":[],"yoast_head":"<!-- This site is optimized with the Yoast SEO plugin v26.6 - https:\/\/yoast.com\/wordpress\/plugins\/seo\/ -->\n<title>czarne \u015blady SCUFF-X\u00ae Interior Matte Finish N484<\/title>\n<meta name=\"description\" content=\"Odporna na czarne \u015blady farba akrylowa z innowacyjn\u0105 technologi\u0105 \u201eScuff-Resistant\u201d. Do malowania przestrzeni o wysokim nat\u0119\u017ceniu ruchu\" \/>\n<meta name=\"robots\" content=\"index, follow, max-snippet:-1, max-image-preview:large, max-video-preview:-1\" \/>\n<link rel=\"canonical\" href=\"https:\/\/bmsklep.serwerluna.pl\/produkt\/scuff-x-interior-matte-finish-n484\/\" \/>\n<meta property=\"og:locale\" content=\"en_US\" \/>\n<meta property=\"og:type\" content=\"article\" \/>\n<meta property=\"og:title\" content=\"czarne \u015blady SCUFF-X\u00ae Interior Matte Finish N484\" \/>\n<meta property=\"og:description\" content=\"Odporna na czarne \u015blady farba akrylowa z innowacyjn\u0105 technologi\u0105 \u201eScuff-Resistant\u201d. Do malowania przestrzeni o wysokim nat\u0119\u017ceniu ruchu\" \/>\n<meta property=\"og:url\" content=\"https:\/\/bmsklep.serwerluna.pl\/produkt\/scuff-x-interior-matte-finish-n484\/\" \/>\n<meta property=\"og:site_name\" content=\"Benjamin Moore Paints\" \/>\n<meta property=\"article:modified_time\" content=\"2025-12-03T13:51:19+00:00\" \/>\n<meta property=\"og:image\" content=\"https:\/\/bmsklep.serwerluna.pl\/wp-content\/uploads\/N484_SCUFFXUSGallonMATTE-1.png\" \/>\n\t<meta property=\"og:image:width\" content=\"200\" \/>\n\t<meta property=\"og:image:height\" content=\"236\" \/>\n\t<meta property=\"og:image:type\" content=\"image\/png\" \/>\n<meta name=\"twitter:card\" content=\"summary_large_image\" \/>\n<meta name=\"twitter:label1\" content=\"Est. reading time\" \/>\n\t<meta name=\"twitter:data1\" content=\"5 minutes\" \/>\n<script type=\"application\/ld+json\" class=\"yoast-schema-graph\">{\"@context\":\"https:\/\/schema.org\",\"@graph\":[{\"@type\":\"WebPage\",\"@id\":\"https:\/\/bmsklep.serwerluna.pl\/produkt\/scuff-x-interior-matte-finish-n484\/\",\"url\":\"https:\/\/bmsklep.serwerluna.pl\/produkt\/scuff-x-interior-matte-finish-n484\/\",\"name\":\"czarne \u015blady SCUFF-X\u00ae Interior Matte Finish N484\",\"isPartOf\":{\"@id\":\"https:\/\/bmsklep.serwerluna.pl\/#website\"},\"primaryImageOfPage\":{\"@id\":\"https:\/\/bmsklep.serwerluna.pl\/produkt\/scuff-x-interior-matte-finish-n484\/#primaryimage\"},\"image\":{\"@id\":\"https:\/\/bmsklep.serwerluna.pl\/produkt\/scuff-x-interior-matte-finish-n484\/#primaryimage\"},\"thumbnailUrl\":\"https:\/\/bmsklep.serwerluna.pl\/wp-content\/uploads\/N484_SCUFFXUSGallonMATTE-1.png\",\"datePublished\":\"2024-05-15T09:46:11+00:00\",\"dateModified\":\"2025-12-03T13:51:19+00:00\",\"description\":\"Odporna na czarne \u015blady farba akrylowa z innowacyjn\u0105 technologi\u0105 \u201eScuff-Resistant\u201d. Do malowania przestrzeni o wysokim nat\u0119\u017ceniu ruchu\",\"breadcrumb\":{\"@id\":\"https:\/\/bmsklep.serwerluna.pl\/produkt\/scuff-x-interior-matte-finish-n484\/#breadcrumb\"},\"inLanguage\":\"en-US\",\"potentialAction\":[{\"@type\":\"ReadAction\",\"target\":[\"https:\/\/bmsklep.serwerluna.pl\/produkt\/scuff-x-interior-matte-finish-n484\/\"]}]},{\"@type\":\"ImageObject\",\"inLanguage\":\"en-US\",\"@id\":\"https:\/\/bmsklep.serwerluna.pl\/produkt\/scuff-x-interior-matte-finish-n484\/#primaryimage\",\"url\":\"https:\/\/bmsklep.serwerluna.pl\/wp-content\/uploads\/N484_SCUFFXUSGallonMATTE-1.png\",\"contentUrl\":\"https:\/\/bmsklep.serwerluna.pl\/wp-content\/uploads\/N484_SCUFFXUSGallonMATTE-1.png\",\"width\":200,\"height\":236},{\"@type\":\"BreadcrumbList\",\"@id\":\"https:\/\/bmsklep.serwerluna.pl\/produkt\/scuff-x-interior-matte-finish-n484\/#breadcrumb\",\"itemListElement\":[{\"@type\":\"ListItem\",\"position\":1,\"name\":\"Home\",\"item\":\"https:\/\/bmsklep.serwerluna.pl\/en\/\"},{\"@type\":\"ListItem\",\"position\":2,\"name\":\"Produkty\",\"item\":\"https:\/\/bmsklep.serwerluna.pl\/produkty\/\"},{\"@type\":\"ListItem\",\"position\":3,\"name\":\"Wn\u0119trza\",\"item\":\"https:\/\/bmsklep.serwerluna.pl\/kategoria-produktu\/wnetrza\/\"},{\"@type\":\"ListItem\",\"position\":4,\"name\":\"SCUFF-X\u00ae Interior Matte Finish N484\"}]},{\"@type\":\"WebSite\",\"@id\":\"https:\/\/bmsklep.serwerluna.pl\/#website\",\"url\":\"https:\/\/bmsklep.serwerluna.pl\/\",\"name\":\"Benjamin Moore Paints\",\"description\":\"\",\"potentialAction\":[{\"@type\":\"SearchAction\",\"target\":{\"@type\":\"EntryPoint\",\"urlTemplate\":\"https:\/\/bmsklep.serwerluna.pl\/?s={search_term_string}\"},\"query-input\":{\"@type\":\"PropertyValueSpecification\",\"valueRequired\":true,\"valueName\":\"search_term_string\"}}],\"inLanguage\":\"en-US\"}]}<\/script>\n<!-- \/ Yoast SEO plugin. -->","yoast_head_json":{"title":"czarne \u015blady SCUFF-X\u00ae Interior Matte Finish N484","description":"Odporna na czarne \u015blady farba akrylowa z innowacyjn\u0105 technologi\u0105 \u201eScuff-Resistant\u201d. Do malowania przestrzeni o wysokim nat\u0119\u017ceniu ruchu","robots":{"index":"index","follow":"follow","max-snippet":"max-snippet:-1","max-image-preview":"max-image-preview:large","max-video-preview":"max-video-preview:-1"},"canonical":"https:\/\/bmsklep.serwerluna.pl\/produkt\/scuff-x-interior-matte-finish-n484\/","og_locale":"en_US","og_type":"article","og_title":"czarne \u015blady SCUFF-X\u00ae Interior Matte Finish N484","og_description":"Odporna na czarne \u015blady farba akrylowa z innowacyjn\u0105 technologi\u0105 \u201eScuff-Resistant\u201d. Do malowania przestrzeni o wysokim nat\u0119\u017ceniu ruchu","og_url":"https:\/\/bmsklep.serwerluna.pl\/produkt\/scuff-x-interior-matte-finish-n484\/","og_site_name":"Benjamin Moore Paints","article_modified_time":"2025-12-03T13:51:19+00:00","og_image":[{"width":200,"height":236,"url":"https:\/\/bmsklep.serwerluna.pl\/wp-content\/uploads\/N484_SCUFFXUSGallonMATTE-1.png","type":"image\/png"}],"twitter_card":"summary_large_image","twitter_misc":{"Est. reading time":"5 minutes"},"schema":{"@context":"https:\/\/schema.org","@graph":[{"@type":"WebPage","@id":"https:\/\/bmsklep.serwerluna.pl\/produkt\/scuff-x-interior-matte-finish-n484\/","url":"https:\/\/bmsklep.serwerluna.pl\/produkt\/scuff-x-interior-matte-finish-n484\/","name":"czarne \u015blady SCUFF-X\u00ae Interior Matte Finish N484","isPartOf":{"@id":"https:\/\/bmsklep.serwerluna.pl\/#website"},"primaryImageOfPage":{"@id":"https:\/\/bmsklep.serwerluna.pl\/produkt\/scuff-x-interior-matte-finish-n484\/#primaryimage"},"image":{"@id":"https:\/\/bmsklep.serwerluna.pl\/produkt\/scuff-x-interior-matte-finish-n484\/#primaryimage"},"thumbnailUrl":"https:\/\/bmsklep.serwerluna.pl\/wp-content\/uploads\/N484_SCUFFXUSGallonMATTE-1.png","datePublished":"2024-05-15T09:46:11+00:00","dateModified":"2025-12-03T13:51:19+00:00","description":"Odporna na czarne \u015blady farba akrylowa z innowacyjn\u0105 technologi\u0105 \u201eScuff-Resistant\u201d. Do malowania przestrzeni o wysokim nat\u0119\u017ceniu ruchu","breadcrumb":{"@id":"https:\/\/bmsklep.serwerluna.pl\/produkt\/scuff-x-interior-matte-finish-n484\/#breadcrumb"},"inLanguage":"en-US","potentialAction":[{"@type":"ReadAction","target":["https:\/\/bmsklep.serwerluna.pl\/produkt\/scuff-x-interior-matte-finish-n484\/"]}]},{"@type":"ImageObject","inLanguage":"en-US","@id":"https:\/\/bmsklep.serwerluna.pl\/produkt\/scuff-x-interior-matte-finish-n484\/#primaryimage","url":"https:\/\/bmsklep.serwerluna.pl\/wp-content\/uploads\/N484_SCUFFXUSGallonMATTE-1.png","contentUrl":"https:\/\/bmsklep.serwerluna.pl\/wp-content\/uploads\/N484_SCUFFXUSGallonMATTE-1.png","width":200,"height":236},{"@type":"BreadcrumbList","@id":"https:\/\/bmsklep.serwerluna.pl\/produkt\/scuff-x-interior-matte-finish-n484\/#breadcrumb","itemListElement":[{"@type":"ListItem","position":1,"name":"Home","item":"https:\/\/bmsklep.serwerluna.pl\/en\/"},{"@type":"ListItem","position":2,"name":"Produkty","item":"https:\/\/bmsklep.serwerluna.pl\/produkty\/"},{"@type":"ListItem","position":3,"name":"Wn\u0119trza","item":"https:\/\/bmsklep.serwerluna.pl\/kategoria-produktu\/wnetrza\/"},{"@type":"ListItem","position":4,"name":"SCUFF-X\u00ae Interior Matte Finish N484"}]},{"@type":"WebSite","@id":"https:\/\/bmsklep.serwerluna.pl\/#website","url":"https:\/\/bmsklep.serwerluna.pl\/","name":"Benjamin Moore Paints","description":"","potentialAction":[{"@type":"SearchAction","target":{"@type":"EntryPoint","urlTemplate":"https:\/\/bmsklep.serwerluna.pl\/?s={search_term_string}"},"query-input":{"@type":"PropertyValueSpecification","valueRequired":true,"valueName":"search_term_string"}}],"inLanguage":"en-US"}]}},"_links":{"self":[{"href":"https:\/\/bmsklep.serwerluna.pl\/en\/wp-json\/wp\/v2\/product\/13146","targetHints":{"allow":["GET"]}}],"collection":[{"href":"https:\/\/bmsklep.serwerluna.pl\/en\/wp-json\/wp\/v2\/product"}],"about":[{"href":"https:\/\/bmsklep.serwerluna.pl\/en\/wp-json\/wp\/v2\/types\/product"}],"wp:featuredmedia":[{"embeddable":true,"href":"https:\/\/bmsklep.serwerluna.pl\/en\/wp-json\/wp\/v2\/media\/14820"}],"wp:attachment":[{"href":"https:\/\/bmsklep.serwerluna.pl\/en\/wp-json\/wp\/v2\/media?parent=13146"}],"wp:term":[{"taxonomy":"product_brand","embeddable":true,"href":"https:\/\/bmsklep.serwerluna.pl\/en\/wp-json\/wp\/v2\/product_brand?post=13146"},{"taxonomy":"product_cat","embeddable":true,"href":"https:\/\/bmsklep.serwerluna.pl\/en\/wp-json\/wp\/v2\/product_cat?post=13146"},{"taxonomy":"product_tag","embeddable":true,"href":"https:\/\/bmsklep.serwerluna.pl\/en\/wp-json\/wp\/v2\/product_tag?post=13146"}],"curies":[{"name":"wp","href":"https:\/\/api.w.org\/{rel}","templated":true}]}}