{"id":13049,"date":"2024-04-24T13:04:18","date_gmt":"2024-04-24T11:04:18","guid":{"rendered":"https:\/\/benjaminmoore.pl\/?post_type=product&#038;p=13049"},"modified":"2025-12-03T15:01:55","modified_gmt":"2025-12-03T14:01:55","slug":"ben-premium-waterborne-interior-eggshell-n626","status":"publish","type":"product","link":"https:\/\/bmsklep.serwerluna.pl\/en\/produkt\/ben-premium-waterborne-interior-eggshell-n626\/","title":{"rendered":"Ben\u00ae Premium Waterborne Interior Acrylic Paint &#038; Primer Eggshell N626"},"content":{"rendered":"<p><img loading=\"lazy\" decoding=\"async\" class=\"alignnone wp-image-13084 size-full\" src=\"https:\/\/bmsklep.serwerluna.pl\/wp-content\/uploads\/B_TrendsBklyn_Office_6694.9.1ht.jpg\" alt=\"\" width=\"1800\" height=\"1934\" srcset=\"https:\/\/bmsklep.serwerluna.pl\/wp-content\/uploads\/B_TrendsBklyn_Office_6694.9.1ht.jpg 1800w, https:\/\/bmsklep.serwerluna.pl\/wp-content\/uploads\/B_TrendsBklyn_Office_6694.9.1ht-279x300.jpg 279w, https:\/\/bmsklep.serwerluna.pl\/wp-content\/uploads\/B_TrendsBklyn_Office_6694.9.1ht-953x1024.jpg 953w, https:\/\/bmsklep.serwerluna.pl\/wp-content\/uploads\/B_TrendsBklyn_Office_6694.9.1ht-768x825.jpg 768w, https:\/\/bmsklep.serwerluna.pl\/wp-content\/uploads\/B_TrendsBklyn_Office_6694.9.1ht-1430x1536.jpg 1430w, https:\/\/bmsklep.serwerluna.pl\/wp-content\/uploads\/B_TrendsBklyn_Office_6694.9.1ht-600x645.jpg 600w\" sizes=\"auto, (max-width: 1800px) 100vw, 1800px\" \/><\/p>\n<p style=\"text-align: justify;\"><strong>Wodorozcie\u0144czalna farba akrylowa przeznaczona do malowania \u015bcian wewn\u0119trznych oraz element\u00f3w wyko\u0144czeniowych np. listew, profili, paneli, gzyms\u00f3w, etc.<br \/>\nProdukt zapewnia wysok\u0105 odporno\u015b\u0107 na zmywanie i szorowanie na mokro (klasa 1 wg PN-EN 13300).\u00a0<\/strong><\/p>\n<p><img loading=\"lazy\" decoding=\"async\" class=\"alignnone wp-image-13230 size-full\" src=\"https:\/\/bmsklep.serwerluna.pl\/wp-content\/uploads\/Benjamin_Moore_Bold_Bedroom_Ben_bez_logo_300dpi.jpg\" alt=\"\" width=\"1800\" height=\"1800\" srcset=\"https:\/\/bmsklep.serwerluna.pl\/wp-content\/uploads\/Benjamin_Moore_Bold_Bedroom_Ben_bez_logo_300dpi.jpg 1800w, https:\/\/bmsklep.serwerluna.pl\/wp-content\/uploads\/Benjamin_Moore_Bold_Bedroom_Ben_bez_logo_300dpi-300x300.jpg 300w, https:\/\/bmsklep.serwerluna.pl\/wp-content\/uploads\/Benjamin_Moore_Bold_Bedroom_Ben_bez_logo_300dpi-1024x1024.jpg 1024w, https:\/\/bmsklep.serwerluna.pl\/wp-content\/uploads\/Benjamin_Moore_Bold_Bedroom_Ben_bez_logo_300dpi-150x150.jpg 150w, https:\/\/bmsklep.serwerluna.pl\/wp-content\/uploads\/Benjamin_Moore_Bold_Bedroom_Ben_bez_logo_300dpi-768x768.jpg 768w, https:\/\/bmsklep.serwerluna.pl\/wp-content\/uploads\/Benjamin_Moore_Bold_Bedroom_Ben_bez_logo_300dpi-1536x1536.jpg 1536w, https:\/\/bmsklep.serwerluna.pl\/wp-content\/uploads\/Benjamin_Moore_Bold_Bedroom_Ben_bez_logo_300dpi-600x600.jpg 600w, https:\/\/bmsklep.serwerluna.pl\/wp-content\/uploads\/Benjamin_Moore_Bold_Bedroom_Ben_bez_logo_300dpi-100x100.jpg 100w\" sizes=\"auto, (max-width: 1800px) 100vw, 1800px\" \/><\/p>\n<p style=\"text-align: justify;\"><strong>Farba posiada ekologiczn\u0105, bezpieczn\u0105 receptur\u0119 ze \u015bladow\u0105 zawarto\u015bci\u0105 \"LZO\"*<\/strong> i jest szczeg\u00f3lnie polecana do dekoracji sypialni, salon\u00f3w, pokoi dzieci\u0119cych i m\u0142odzie\u017cowych oraz przestrzeni nara\u017conych na intensywn\u0105 eksploatacj\u0119.<\/p>\n<p><img loading=\"lazy\" decoding=\"async\" class=\"alignnone wp-image-13088 size-full\" src=\"https:\/\/bmsklep.serwerluna.pl\/wp-content\/uploads\/M_COY20_Bunk-Beds_6500_2aw_brighterSHIP-1.jpg\" alt=\"\" width=\"1800\" height=\"2051\" srcset=\"https:\/\/bmsklep.serwerluna.pl\/wp-content\/uploads\/M_COY20_Bunk-Beds_6500_2aw_brighterSHIP-1.jpg 1800w, https:\/\/bmsklep.serwerluna.pl\/wp-content\/uploads\/M_COY20_Bunk-Beds_6500_2aw_brighterSHIP-1-263x300.jpg 263w, https:\/\/bmsklep.serwerluna.pl\/wp-content\/uploads\/M_COY20_Bunk-Beds_6500_2aw_brighterSHIP-1-899x1024.jpg 899w, https:\/\/bmsklep.serwerluna.pl\/wp-content\/uploads\/M_COY20_Bunk-Beds_6500_2aw_brighterSHIP-1-768x875.jpg 768w, https:\/\/bmsklep.serwerluna.pl\/wp-content\/uploads\/M_COY20_Bunk-Beds_6500_2aw_brighterSHIP-1-1348x1536.jpg 1348w, https:\/\/bmsklep.serwerluna.pl\/wp-content\/uploads\/M_COY20_Bunk-Beds_6500_2aw_brighterSHIP-1-1797x2048.jpg 1797w, https:\/\/bmsklep.serwerluna.pl\/wp-content\/uploads\/M_COY20_Bunk-Beds_6500_2aw_brighterSHIP-1-600x684.jpg 600w\" sizes=\"auto, (max-width: 1800px) 100vw, 1800px\" \/>Farba znajduje zastosowanie we wn\u0119trzach mieszkalnych, obiektach komercyjnych, u\u017cyteczno\u015bci publicznej, o\u015bwiaty, s\u0142u\u017cby zdrowia i bran\u017cy spo\u017cywczej.<\/p>\n<p><img loading=\"lazy\" decoding=\"async\" class=\"alignnone wp-image-13289 size-full\" src=\"https:\/\/bmsklep.serwerluna.pl\/wp-content\/uploads\/Benjamin_Moore_BEN_N626_Eggshell-13.jpg\" alt=\"\" width=\"1800\" height=\"1850\" srcset=\"https:\/\/bmsklep.serwerluna.pl\/wp-content\/uploads\/Benjamin_Moore_BEN_N626_Eggshell-13.jpg 1800w, https:\/\/bmsklep.serwerluna.pl\/wp-content\/uploads\/Benjamin_Moore_BEN_N626_Eggshell-13-292x300.jpg 292w, https:\/\/bmsklep.serwerluna.pl\/wp-content\/uploads\/Benjamin_Moore_BEN_N626_Eggshell-13-996x1024.jpg 996w, https:\/\/bmsklep.serwerluna.pl\/wp-content\/uploads\/Benjamin_Moore_BEN_N626_Eggshell-13-768x789.jpg 768w, https:\/\/bmsklep.serwerluna.pl\/wp-content\/uploads\/Benjamin_Moore_BEN_N626_Eggshell-13-1494x1536.jpg 1494w, https:\/\/bmsklep.serwerluna.pl\/wp-content\/uploads\/Benjamin_Moore_BEN_N626_Eggshell-13-600x617.jpg 600w\" sizes=\"auto, (max-width: 1800px) 100vw, 1800px\" \/><\/p>\n<ul>\n<li>tradycyjne tynki wapienno-cementowe i cementowe,<\/li>\n<li>cienkowarstwowe tynki mineralne i akrylowe,<\/li>\n<li>g\u0142adzie gipsowe,<\/li>\n<li>p\u0142yty gipsowo-kartonowe,<\/li>\n<li>tapety,<\/li>\n<li>budowlane bloczki konstrukcyjne,<\/li>\n<li>beton,<\/li>\n<li>renowacja pow\u0142ok dyspersyjnych.<\/li>\n<\/ul>\n<p><img loading=\"lazy\" decoding=\"async\" class=\"alignnone wp-image-13076 size-full\" src=\"https:\/\/bmsklep.serwerluna.pl\/wp-content\/uploads\/Experience-The-All-New-Ben-Interior-Paint-_-Benjamin-Moore-frame-at-0m11s.jpg\" alt=\"\" width=\"1800\" height=\"1013\" srcset=\"https:\/\/bmsklep.serwerluna.pl\/wp-content\/uploads\/Experience-The-All-New-Ben-Interior-Paint-_-Benjamin-Moore-frame-at-0m11s.jpg 1800w, https:\/\/bmsklep.serwerluna.pl\/wp-content\/uploads\/Experience-The-All-New-Ben-Interior-Paint-_-Benjamin-Moore-frame-at-0m11s-300x169.jpg 300w, https:\/\/bmsklep.serwerluna.pl\/wp-content\/uploads\/Experience-The-All-New-Ben-Interior-Paint-_-Benjamin-Moore-frame-at-0m11s-1024x576.jpg 1024w, https:\/\/bmsklep.serwerluna.pl\/wp-content\/uploads\/Experience-The-All-New-Ben-Interior-Paint-_-Benjamin-Moore-frame-at-0m11s-768x432.jpg 768w, https:\/\/bmsklep.serwerluna.pl\/wp-content\/uploads\/Experience-The-All-New-Ben-Interior-Paint-_-Benjamin-Moore-frame-at-0m11s-1536x864.jpg 1536w, https:\/\/bmsklep.serwerluna.pl\/wp-content\/uploads\/Experience-The-All-New-Ben-Interior-Paint-_-Benjamin-Moore-frame-at-0m11s-600x338.jpg 600w\" sizes=\"auto, (max-width: 1800px) 100vw, 1800px\" \/><\/p>\n<p style=\"text-align: justify;\">Produkt mo\u017cna r\u00f3wnie\u017c stosowa\u0107 na zagruntowane pod\u0142o\u017ca drewniane, drewnopochodne.<\/p>\n<p><img loading=\"lazy\" decoding=\"async\" class=\"alignnone wp-image-13287 size-full\" src=\"https:\/\/bmsklep.serwerluna.pl\/wp-content\/uploads\/Benjamin_Moore_BEN_N626_Eggshell-18.jpg\" alt=\"\" width=\"1800\" height=\"1707\" srcset=\"https:\/\/bmsklep.serwerluna.pl\/wp-content\/uploads\/Benjamin_Moore_BEN_N626_Eggshell-18.jpg 1800w, https:\/\/bmsklep.serwerluna.pl\/wp-content\/uploads\/Benjamin_Moore_BEN_N626_Eggshell-18-300x285.jpg 300w, https:\/\/bmsklep.serwerluna.pl\/wp-content\/uploads\/Benjamin_Moore_BEN_N626_Eggshell-18-1024x971.jpg 1024w, https:\/\/bmsklep.serwerluna.pl\/wp-content\/uploads\/Benjamin_Moore_BEN_N626_Eggshell-18-768x728.jpg 768w, https:\/\/bmsklep.serwerluna.pl\/wp-content\/uploads\/Benjamin_Moore_BEN_N626_Eggshell-18-1536x1457.jpg 1536w, https:\/\/bmsklep.serwerluna.pl\/wp-content\/uploads\/Benjamin_Moore_BEN_N626_Eggshell-18-600x569.jpg 600w\" sizes=\"auto, (max-width: 1800px) 100vw, 1800px\" \/><\/p>\n<p style=\"text-align: justify;\"><strong>W trosce o \u015brodowisko naturalne i Twoje bezpiecze\u0144stwo.\u00a0<\/strong><\/p>\n<p><img loading=\"lazy\" decoding=\"async\" class=\"alignnone wp-image-12445 size-full\" src=\"https:\/\/bmsklep.serwerluna.pl\/wp-content\/uploads\/bm_green_pic_3-1.jpg\" alt=\"\" width=\"1800\" height=\"1158\" \/><\/p>\n<p style=\"text-align: justify;\"><strong>Benjamin Moore's Green Promise\u2122 oznacza, \u017ce farba \"Ben Premium Interior Acrylic Paint &amp; Primer Eggshell N626\" spe\u0142nia lub znacznie przewy\u017csza restrykcyjne wymagania i normy<\/strong> instytucji, testuj\u0105cych i certyfikuj\u0105cych produkty malarskie o niskiej lub \u015bladowej zawarto\u015bci lotnych zwi\u0105zk\u00f3w organicznych (LZO)*.<\/p>\n<p><img loading=\"lazy\" decoding=\"async\" class=\"alignnone wp-image-12428 size-full\" src=\"https:\/\/bmsklep.serwerluna.pl\/wp-content\/uploads\/benjamin_moore_pokoj_dzieciecy-16.jpg\" alt=\"\" width=\"1800\" height=\"1517\" srcset=\"https:\/\/bmsklep.serwerluna.pl\/wp-content\/uploads\/benjamin_moore_pokoj_dzieciecy-16.jpg 1800w, https:\/\/bmsklep.serwerluna.pl\/wp-content\/uploads\/benjamin_moore_pokoj_dzieciecy-16-300x253.jpg 300w, https:\/\/bmsklep.serwerluna.pl\/wp-content\/uploads\/benjamin_moore_pokoj_dzieciecy-16-1024x863.jpg 1024w, https:\/\/bmsklep.serwerluna.pl\/wp-content\/uploads\/benjamin_moore_pokoj_dzieciecy-16-768x647.jpg 768w, https:\/\/bmsklep.serwerluna.pl\/wp-content\/uploads\/benjamin_moore_pokoj_dzieciecy-16-1536x1295.jpg 1536w, https:\/\/bmsklep.serwerluna.pl\/wp-content\/uploads\/benjamin_moore_pokoj_dzieciecy-16-600x506.jpg 600w\" sizes=\"auto, (max-width: 1800px) 100vw, 1800px\" \/><\/p>\n<p><strong>Farba spe\u0142nia wymagania LEED\u00ae v4 Credit.<\/strong><\/p>\n<p><img loading=\"lazy\" decoding=\"async\" class=\"alignnone wp-image-12092 size-full\" src=\"https:\/\/bmsklep.serwerluna.pl\/wp-content\/uploads\/benjamn_moore_trendy_2019-12.jpg\" alt=\"\" width=\"1800\" height=\"1800\" srcset=\"https:\/\/bmsklep.serwerluna.pl\/wp-content\/uploads\/benjamn_moore_trendy_2019-12.jpg 1800w, https:\/\/bmsklep.serwerluna.pl\/wp-content\/uploads\/benjamn_moore_trendy_2019-12-300x300.jpg 300w, https:\/\/bmsklep.serwerluna.pl\/wp-content\/uploads\/benjamn_moore_trendy_2019-12-1024x1024.jpg 1024w, https:\/\/bmsklep.serwerluna.pl\/wp-content\/uploads\/benjamn_moore_trendy_2019-12-150x150.jpg 150w, https:\/\/bmsklep.serwerluna.pl\/wp-content\/uploads\/benjamn_moore_trendy_2019-12-768x768.jpg 768w, https:\/\/bmsklep.serwerluna.pl\/wp-content\/uploads\/benjamn_moore_trendy_2019-12-1536x1536.jpg 1536w, https:\/\/bmsklep.serwerluna.pl\/wp-content\/uploads\/benjamn_moore_trendy_2019-12-600x600.jpg 600w, https:\/\/bmsklep.serwerluna.pl\/wp-content\/uploads\/benjamn_moore_trendy_2019-12-100x100.jpg 100w\" sizes=\"auto, (max-width: 1800px) 100vw, 1800px\" \/><\/p>\n<hr \/>\n<p style=\"text-align: justify;\"><span style=\"font-size: x-small;\"><em>* Produkt zawiera \u015bladowe ilo\u015bci LZO zgodnie z wytycznymi \u201cThe European Council of the Paint, Printing Ink, and Artist\u2019s Colours Industry\u201d (CEPE) oraz \u201cBritish Coating Federation\u201d. Kat. A\/a. Dopuszczalna zawarto\u015b\u0107 LZO od 2010 r. \u2013 30 g\/l. Produkt zawiera max. 1 g\/l LZO.<\/em><\/span><\/p>\n","protected":false},"excerpt":{"rendered":"<p>Wodorozcie\u0144czalna, farba akrylowa przeznaczona do malowania wewn\u0119trznych \u015bcian, tworz\u0105ca trwa\u0142e, w pe\u0142ni zmywalne i szorowalne, p\u00f3\u0142matowe wyko\u0144czenie. P\u00f3\u0142mat.<\/p>\n","protected":false},"featured_media":13062,"template":"","meta":{"_acf_changed":false,"inline_featured_image":false},"product_brand":[],"product_cat":[28],"product_tag":[],"class_list":{"0":"post-13049","1":"product","2":"type-product","3":"status-publish","4":"has-post-thumbnail","6":"product_cat-wnetrza","8":"first","9":"instock","10":"taxable","11":"shipping-taxable","12":"purchasable","13":"product-type-variable"},"acf":[],"yoast_head":"<!-- This site is optimized with the Yoast SEO plugin v26.6 - https:\/\/yoast.com\/wordpress\/plugins\/seo\/ -->\n<title>Pe\u0142ny mat Ben\u00ae Premium Waterborne Interior Acrylic Paint &amp; Primer Eggshell N626<\/title>\n<meta name=\"description\" content=\"Wodorozcie\u0144czalna, wewn\u0119trzna farba akrylowa do \u015bcian w stopniu po\u0142ysku p\u00f3\u0142mat. Tworzy trwa\u0142e wyko\u0144czenie, wyj\u0105tkowo odporne na zmywanie i szorowanie.\" \/>\n<meta name=\"robots\" content=\"index, follow, max-snippet:-1, max-image-preview:large, max-video-preview:-1\" \/>\n<link rel=\"canonical\" href=\"https:\/\/bmsklep.serwerluna.pl\/produkt\/ben-premium-waterborne-interior-eggshell-n626\/\" \/>\n<meta property=\"og:locale\" content=\"en_US\" \/>\n<meta property=\"og:type\" content=\"article\" \/>\n<meta property=\"og:title\" content=\"Pe\u0142ny mat Ben\u00ae Premium Waterborne Interior Acrylic Paint &amp; Primer Eggshell N626\" \/>\n<meta property=\"og:description\" content=\"Wodorozcie\u0144czalna, wewn\u0119trzna farba akrylowa do \u015bcian w stopniu po\u0142ysku p\u00f3\u0142mat. Tworzy trwa\u0142e wyko\u0144czenie, wyj\u0105tkowo odporne na zmywanie i szorowanie.\" \/>\n<meta property=\"og:url\" content=\"https:\/\/bmsklep.serwerluna.pl\/produkt\/ben-premium-waterborne-interior-eggshell-n626\/\" \/>\n<meta property=\"og:site_name\" content=\"Benjamin Moore Paints\" \/>\n<meta property=\"article:modified_time\" content=\"2025-12-03T14:01:55+00:00\" \/>\n<meta property=\"og:image\" content=\"https:\/\/bmsklep.serwerluna.pl\/wp-content\/uploads\/BENInteriorUSGallonEGGSHELL.png\" \/>\n\t<meta property=\"og:image:width\" content=\"200\" \/>\n\t<meta property=\"og:image:height\" content=\"235\" \/>\n\t<meta property=\"og:image:type\" content=\"image\/png\" \/>\n<meta name=\"twitter:card\" content=\"summary_large_image\" \/>\n<meta name=\"twitter:label1\" content=\"Est. reading time\" \/>\n\t<meta name=\"twitter:data1\" content=\"4 minutes\" \/>\n<script type=\"application\/ld+json\" class=\"yoast-schema-graph\">{\"@context\":\"https:\/\/schema.org\",\"@graph\":[{\"@type\":\"WebPage\",\"@id\":\"https:\/\/bmsklep.serwerluna.pl\/produkt\/ben-premium-waterborne-interior-eggshell-n626\/\",\"url\":\"https:\/\/bmsklep.serwerluna.pl\/produkt\/ben-premium-waterborne-interior-eggshell-n626\/\",\"name\":\"Pe\u0142ny mat Ben\u00ae Premium Waterborne Interior Acrylic Paint & Primer Eggshell N626\",\"isPartOf\":{\"@id\":\"https:\/\/bmsklep.serwerluna.pl\/#website\"},\"primaryImageOfPage\":{\"@id\":\"https:\/\/bmsklep.serwerluna.pl\/produkt\/ben-premium-waterborne-interior-eggshell-n626\/#primaryimage\"},\"image\":{\"@id\":\"https:\/\/bmsklep.serwerluna.pl\/produkt\/ben-premium-waterborne-interior-eggshell-n626\/#primaryimage\"},\"thumbnailUrl\":\"https:\/\/bmsklep.serwerluna.pl\/wp-content\/uploads\/BENInteriorUSGallonEGGSHELL.png\",\"datePublished\":\"2024-04-24T11:04:18+00:00\",\"dateModified\":\"2025-12-03T14:01:55+00:00\",\"description\":\"Wodorozcie\u0144czalna, wewn\u0119trzna farba akrylowa do \u015bcian w stopniu po\u0142ysku p\u00f3\u0142mat. Tworzy trwa\u0142e wyko\u0144czenie, wyj\u0105tkowo odporne na zmywanie i szorowanie.\",\"breadcrumb\":{\"@id\":\"https:\/\/bmsklep.serwerluna.pl\/produkt\/ben-premium-waterborne-interior-eggshell-n626\/#breadcrumb\"},\"inLanguage\":\"en-US\",\"potentialAction\":[{\"@type\":\"ReadAction\",\"target\":[\"https:\/\/bmsklep.serwerluna.pl\/produkt\/ben-premium-waterborne-interior-eggshell-n626\/\"]}]},{\"@type\":\"ImageObject\",\"inLanguage\":\"en-US\",\"@id\":\"https:\/\/bmsklep.serwerluna.pl\/produkt\/ben-premium-waterborne-interior-eggshell-n626\/#primaryimage\",\"url\":\"https:\/\/bmsklep.serwerluna.pl\/wp-content\/uploads\/BENInteriorUSGallonEGGSHELL.png\",\"contentUrl\":\"https:\/\/bmsklep.serwerluna.pl\/wp-content\/uploads\/BENInteriorUSGallonEGGSHELL.png\",\"width\":200,\"height\":235},{\"@type\":\"BreadcrumbList\",\"@id\":\"https:\/\/bmsklep.serwerluna.pl\/produkt\/ben-premium-waterborne-interior-eggshell-n626\/#breadcrumb\",\"itemListElement\":[{\"@type\":\"ListItem\",\"position\":1,\"name\":\"Home\",\"item\":\"https:\/\/bmsklep.serwerluna.pl\/en\/\"},{\"@type\":\"ListItem\",\"position\":2,\"name\":\"Produkty\",\"item\":\"https:\/\/bmsklep.serwerluna.pl\/produkty\/\"},{\"@type\":\"ListItem\",\"position\":3,\"name\":\"Wn\u0119trza\",\"item\":\"https:\/\/bmsklep.serwerluna.pl\/kategoria-produktu\/wnetrza\/\"},{\"@type\":\"ListItem\",\"position\":4,\"name\":\"Ben\u00ae Premium Waterborne Interior Acrylic Paint &#038; Primer Eggshell N626\"}]},{\"@type\":\"WebSite\",\"@id\":\"https:\/\/bmsklep.serwerluna.pl\/#website\",\"url\":\"https:\/\/bmsklep.serwerluna.pl\/\",\"name\":\"Benjamin Moore Paints\",\"description\":\"\",\"potentialAction\":[{\"@type\":\"SearchAction\",\"target\":{\"@type\":\"EntryPoint\",\"urlTemplate\":\"https:\/\/bmsklep.serwerluna.pl\/?s={search_term_string}\"},\"query-input\":{\"@type\":\"PropertyValueSpecification\",\"valueRequired\":true,\"valueName\":\"search_term_string\"}}],\"inLanguage\":\"en-US\"}]}<\/script>\n<!-- \/ Yoast SEO plugin. -->","yoast_head_json":{"title":"Pe\u0142ny mat Ben\u00ae Premium Waterborne Interior Acrylic Paint & Primer Eggshell N626","description":"Wodorozcie\u0144czalna, wewn\u0119trzna farba akrylowa do \u015bcian w stopniu po\u0142ysku p\u00f3\u0142mat. Tworzy trwa\u0142e wyko\u0144czenie, wyj\u0105tkowo odporne na zmywanie i szorowanie.","robots":{"index":"index","follow":"follow","max-snippet":"max-snippet:-1","max-image-preview":"max-image-preview:large","max-video-preview":"max-video-preview:-1"},"canonical":"https:\/\/bmsklep.serwerluna.pl\/produkt\/ben-premium-waterborne-interior-eggshell-n626\/","og_locale":"en_US","og_type":"article","og_title":"Pe\u0142ny mat Ben\u00ae Premium Waterborne Interior Acrylic Paint & Primer Eggshell N626","og_description":"Wodorozcie\u0144czalna, wewn\u0119trzna farba akrylowa do \u015bcian w stopniu po\u0142ysku p\u00f3\u0142mat. Tworzy trwa\u0142e wyko\u0144czenie, wyj\u0105tkowo odporne na zmywanie i szorowanie.","og_url":"https:\/\/bmsklep.serwerluna.pl\/produkt\/ben-premium-waterborne-interior-eggshell-n626\/","og_site_name":"Benjamin Moore Paints","article_modified_time":"2025-12-03T14:01:55+00:00","og_image":[{"width":200,"height":235,"url":"https:\/\/bmsklep.serwerluna.pl\/wp-content\/uploads\/BENInteriorUSGallonEGGSHELL.png","type":"image\/png"}],"twitter_card":"summary_large_image","twitter_misc":{"Est. reading time":"4 minutes"},"schema":{"@context":"https:\/\/schema.org","@graph":[{"@type":"WebPage","@id":"https:\/\/bmsklep.serwerluna.pl\/produkt\/ben-premium-waterborne-interior-eggshell-n626\/","url":"https:\/\/bmsklep.serwerluna.pl\/produkt\/ben-premium-waterborne-interior-eggshell-n626\/","name":"Pe\u0142ny mat Ben\u00ae Premium Waterborne Interior Acrylic Paint & Primer Eggshell N626","isPartOf":{"@id":"https:\/\/bmsklep.serwerluna.pl\/#website"},"primaryImageOfPage":{"@id":"https:\/\/bmsklep.serwerluna.pl\/produkt\/ben-premium-waterborne-interior-eggshell-n626\/#primaryimage"},"image":{"@id":"https:\/\/bmsklep.serwerluna.pl\/produkt\/ben-premium-waterborne-interior-eggshell-n626\/#primaryimage"},"thumbnailUrl":"https:\/\/bmsklep.serwerluna.pl\/wp-content\/uploads\/BENInteriorUSGallonEGGSHELL.png","datePublished":"2024-04-24T11:04:18+00:00","dateModified":"2025-12-03T14:01:55+00:00","description":"Wodorozcie\u0144czalna, wewn\u0119trzna farba akrylowa do \u015bcian w stopniu po\u0142ysku p\u00f3\u0142mat. Tworzy trwa\u0142e wyko\u0144czenie, wyj\u0105tkowo odporne na zmywanie i szorowanie.","breadcrumb":{"@id":"https:\/\/bmsklep.serwerluna.pl\/produkt\/ben-premium-waterborne-interior-eggshell-n626\/#breadcrumb"},"inLanguage":"en-US","potentialAction":[{"@type":"ReadAction","target":["https:\/\/bmsklep.serwerluna.pl\/produkt\/ben-premium-waterborne-interior-eggshell-n626\/"]}]},{"@type":"ImageObject","inLanguage":"en-US","@id":"https:\/\/bmsklep.serwerluna.pl\/produkt\/ben-premium-waterborne-interior-eggshell-n626\/#primaryimage","url":"https:\/\/bmsklep.serwerluna.pl\/wp-content\/uploads\/BENInteriorUSGallonEGGSHELL.png","contentUrl":"https:\/\/bmsklep.serwerluna.pl\/wp-content\/uploads\/BENInteriorUSGallonEGGSHELL.png","width":200,"height":235},{"@type":"BreadcrumbList","@id":"https:\/\/bmsklep.serwerluna.pl\/produkt\/ben-premium-waterborne-interior-eggshell-n626\/#breadcrumb","itemListElement":[{"@type":"ListItem","position":1,"name":"Home","item":"https:\/\/bmsklep.serwerluna.pl\/en\/"},{"@type":"ListItem","position":2,"name":"Produkty","item":"https:\/\/bmsklep.serwerluna.pl\/produkty\/"},{"@type":"ListItem","position":3,"name":"Wn\u0119trza","item":"https:\/\/bmsklep.serwerluna.pl\/kategoria-produktu\/wnetrza\/"},{"@type":"ListItem","position":4,"name":"Ben\u00ae Premium Waterborne Interior Acrylic Paint &#038; Primer Eggshell N626"}]},{"@type":"WebSite","@id":"https:\/\/bmsklep.serwerluna.pl\/#website","url":"https:\/\/bmsklep.serwerluna.pl\/","name":"Benjamin Moore Paints","description":"","potentialAction":[{"@type":"SearchAction","target":{"@type":"EntryPoint","urlTemplate":"https:\/\/bmsklep.serwerluna.pl\/?s={search_term_string}"},"query-input":{"@type":"PropertyValueSpecification","valueRequired":true,"valueName":"search_term_string"}}],"inLanguage":"en-US"}]}},"_links":{"self":[{"href":"https:\/\/bmsklep.serwerluna.pl\/en\/wp-json\/wp\/v2\/product\/13049","targetHints":{"allow":["GET"]}}],"collection":[{"href":"https:\/\/bmsklep.serwerluna.pl\/en\/wp-json\/wp\/v2\/product"}],"about":[{"href":"https:\/\/bmsklep.serwerluna.pl\/en\/wp-json\/wp\/v2\/types\/product"}],"wp:featuredmedia":[{"embeddable":true,"href":"https:\/\/bmsklep.serwerluna.pl\/en\/wp-json\/wp\/v2\/media\/13062"}],"wp:attachment":[{"href":"https:\/\/bmsklep.serwerluna.pl\/en\/wp-json\/wp\/v2\/media?parent=13049"}],"wp:term":[{"taxonomy":"product_brand","embeddable":true,"href":"https:\/\/bmsklep.serwerluna.pl\/en\/wp-json\/wp\/v2\/product_brand?post=13049"},{"taxonomy":"product_cat","embeddable":true,"href":"https:\/\/bmsklep.serwerluna.pl\/en\/wp-json\/wp\/v2\/product_cat?post=13049"},{"taxonomy":"product_tag","embeddable":true,"href":"https:\/\/bmsklep.serwerluna.pl\/en\/wp-json\/wp\/v2\/product_tag?post=13049"}],"curies":[{"name":"wp","href":"https:\/\/api.w.org\/{rel}","templated":true}]}}