{"id":12990,"date":"2024-04-18T15:23:48","date_gmt":"2024-04-18T13:23:48","guid":{"rendered":"https:\/\/benjaminmoore.pl\/?post_type=product&#038;p=12990"},"modified":"2025-12-03T14:55:22","modified_gmt":"2025-12-03T13:55:22","slug":"ben-premium-waterborne-interior-acrylic-paint-primer-matte-n624","status":"publish","type":"product","link":"https:\/\/bmsklep.serwerluna.pl\/en\/produkt\/ben-premium-waterborne-interior-acrylic-paint-primer-matte-n624\/","title":{"rendered":"Ben\u00ae Premium Waterborne Interior Acrylic Paint &#038; Primer Matte N624"},"content":{"rendered":"<p><img loading=\"lazy\" decoding=\"async\" class=\"alignnone wp-image-13241 size-full\" src=\"https:\/\/bmsklep.serwerluna.pl\/wp-content\/uploads\/Benjamin_Moore_baner_kupuj_lokalnie_1800x1800px_2023_8-1.jpg\" alt=\"\" width=\"1800\" height=\"1800\" srcset=\"https:\/\/bmsklep.serwerluna.pl\/wp-content\/uploads\/Benjamin_Moore_baner_kupuj_lokalnie_1800x1800px_2023_8-1.jpg 1800w, https:\/\/bmsklep.serwerluna.pl\/wp-content\/uploads\/Benjamin_Moore_baner_kupuj_lokalnie_1800x1800px_2023_8-1-300x300.jpg 300w, https:\/\/bmsklep.serwerluna.pl\/wp-content\/uploads\/Benjamin_Moore_baner_kupuj_lokalnie_1800x1800px_2023_8-1-1024x1024.jpg 1024w, https:\/\/bmsklep.serwerluna.pl\/wp-content\/uploads\/Benjamin_Moore_baner_kupuj_lokalnie_1800x1800px_2023_8-1-150x150.jpg 150w, https:\/\/bmsklep.serwerluna.pl\/wp-content\/uploads\/Benjamin_Moore_baner_kupuj_lokalnie_1800x1800px_2023_8-1-768x768.jpg 768w, https:\/\/bmsklep.serwerluna.pl\/wp-content\/uploads\/Benjamin_Moore_baner_kupuj_lokalnie_1800x1800px_2023_8-1-1536x1536.jpg 1536w, https:\/\/bmsklep.serwerluna.pl\/wp-content\/uploads\/Benjamin_Moore_baner_kupuj_lokalnie_1800x1800px_2023_8-1-600x600.jpg 600w, https:\/\/bmsklep.serwerluna.pl\/wp-content\/uploads\/Benjamin_Moore_baner_kupuj_lokalnie_1800x1800px_2023_8-1-100x100.jpg 100w\" sizes=\"auto, (max-width: 1800px) 100vw, 1800px\" \/><\/p>\n<p style=\"text-align: justify;\"><strong>Wodorozcie\u0144czalna farba akrylowa przeznaczona do dekoracyjno-ochronnego malowania wewn\u0119trznych \u015bcian i sufit\u00f3w oraz element\u00f3w wyko\u0144czeniowych (np. listew, rozet, gzyms\u00f3w), tworz\u0105ca trwa\u0142e i eleganckie, matowe wyko\u0144czenie.<\/strong><\/p>\n<p><img loading=\"lazy\" decoding=\"async\" class=\"alignnone wp-image-13215 size-full\" src=\"https:\/\/bmsklep.serwerluna.pl\/wp-content\/uploads\/benPaintProject.jpg\" alt=\"\" width=\"1800\" height=\"1800\" srcset=\"https:\/\/bmsklep.serwerluna.pl\/wp-content\/uploads\/benPaintProject.jpg 1800w, https:\/\/bmsklep.serwerluna.pl\/wp-content\/uploads\/benPaintProject-300x300.jpg 300w, https:\/\/bmsklep.serwerluna.pl\/wp-content\/uploads\/benPaintProject-1024x1024.jpg 1024w, https:\/\/bmsklep.serwerluna.pl\/wp-content\/uploads\/benPaintProject-150x150.jpg 150w, https:\/\/bmsklep.serwerluna.pl\/wp-content\/uploads\/benPaintProject-768x768.jpg 768w, https:\/\/bmsklep.serwerluna.pl\/wp-content\/uploads\/benPaintProject-1536x1536.jpg 1536w, https:\/\/bmsklep.serwerluna.pl\/wp-content\/uploads\/benPaintProject-600x600.jpg 600w, https:\/\/bmsklep.serwerluna.pl\/wp-content\/uploads\/benPaintProject-100x100.jpg 100w\" sizes=\"auto, (max-width: 1800px) 100vw, 1800px\" \/><\/p>\n<p style=\"text-align: justify;\"><strong>Farba posiada ekologiczn\u0105, bezpieczn\u0105 receptur\u0119 z nisk\u0105 zawarto\u015bci\u0105 \"LZO\"<\/strong> i jest szczeg\u00f3lnie polecana do dekoracji sypialni, salon\u00f3w, pokoi dzieci\u0119cych i m\u0142odzie\u017cowych.<\/p>\n<p><img loading=\"lazy\" decoding=\"async\" class=\"alignnone wp-image-13239 size-full\" src=\"https:\/\/bmsklep.serwerluna.pl\/wp-content\/uploads\/B_Ben_Chest_2119_3aw-1.jpg\" alt=\"\" width=\"1800\" height=\"1693\" srcset=\"https:\/\/bmsklep.serwerluna.pl\/wp-content\/uploads\/B_Ben_Chest_2119_3aw-1.jpg 1800w, https:\/\/bmsklep.serwerluna.pl\/wp-content\/uploads\/B_Ben_Chest_2119_3aw-1-300x282.jpg 300w, https:\/\/bmsklep.serwerluna.pl\/wp-content\/uploads\/B_Ben_Chest_2119_3aw-1-1024x963.jpg 1024w, https:\/\/bmsklep.serwerluna.pl\/wp-content\/uploads\/B_Ben_Chest_2119_3aw-1-768x722.jpg 768w, https:\/\/bmsklep.serwerluna.pl\/wp-content\/uploads\/B_Ben_Chest_2119_3aw-1-1536x1445.jpg 1536w, https:\/\/bmsklep.serwerluna.pl\/wp-content\/uploads\/B_Ben_Chest_2119_3aw-1-600x564.jpg 600w\" sizes=\"auto, (max-width: 1800px) 100vw, 1800px\" \/><\/p>\n<p><strong>Farba znajduje zastosowanie w obiektach komercyjnych, u\u017cyteczno\u015bci publicznej, o\u015bwiaty, s\u0142u\u017cby zdrowia i bran\u017cy spo\u017cywczej.<\/strong><\/p>\n<p><img loading=\"lazy\" decoding=\"async\" class=\"alignnone wp-image-13228 size-full\" src=\"https:\/\/bmsklep.serwerluna.pl\/wp-content\/uploads\/Benjamin_Moore_NotSoNeutralNurseryinPinelands_Ben_bez_logo_300dpi.jpg\" alt=\"\" width=\"1800\" height=\"1800\" srcset=\"https:\/\/bmsklep.serwerluna.pl\/wp-content\/uploads\/Benjamin_Moore_NotSoNeutralNurseryinPinelands_Ben_bez_logo_300dpi.jpg 1800w, https:\/\/bmsklep.serwerluna.pl\/wp-content\/uploads\/Benjamin_Moore_NotSoNeutralNurseryinPinelands_Ben_bez_logo_300dpi-300x300.jpg 300w, https:\/\/bmsklep.serwerluna.pl\/wp-content\/uploads\/Benjamin_Moore_NotSoNeutralNurseryinPinelands_Ben_bez_logo_300dpi-1024x1024.jpg 1024w, https:\/\/bmsklep.serwerluna.pl\/wp-content\/uploads\/Benjamin_Moore_NotSoNeutralNurseryinPinelands_Ben_bez_logo_300dpi-150x150.jpg 150w, https:\/\/bmsklep.serwerluna.pl\/wp-content\/uploads\/Benjamin_Moore_NotSoNeutralNurseryinPinelands_Ben_bez_logo_300dpi-768x768.jpg 768w, https:\/\/bmsklep.serwerluna.pl\/wp-content\/uploads\/Benjamin_Moore_NotSoNeutralNurseryinPinelands_Ben_bez_logo_300dpi-1536x1536.jpg 1536w, https:\/\/bmsklep.serwerluna.pl\/wp-content\/uploads\/Benjamin_Moore_NotSoNeutralNurseryinPinelands_Ben_bez_logo_300dpi-600x600.jpg 600w, https:\/\/bmsklep.serwerluna.pl\/wp-content\/uploads\/Benjamin_Moore_NotSoNeutralNurseryinPinelands_Ben_bez_logo_300dpi-100x100.jpg 100w\" sizes=\"auto, (max-width: 1800px) 100vw, 1800px\" \/><\/p>\n<ul>\n<li>tradycyjne tynki wapienno-cementowe i cementowe,<\/li>\n<li>cienkowarstwowe tynki mineralne i akrylowe,<\/li>\n<li>g\u0142adzie gipsowe,<\/li>\n<li>p\u0142yty gipsowo-kartonowe,<\/li>\n<li>tapety,<\/li>\n<li>budowlane bloczki konstrukcyjne,<\/li>\n<li>beton,<\/li>\n<li>renowacja pow\u0142ok dyspersyjnych.<\/li>\n<\/ul>\n<p><img loading=\"lazy\" decoding=\"async\" class=\"alignnone wp-image-13035 size-full\" src=\"https:\/\/bmsklep.serwerluna.pl\/wp-content\/uploads\/Experience-The-All-New-Ben-Interior-Paint-_-Benjamin-Moore-frame-at-0m15s.jpg\" alt=\"\" width=\"1800\" height=\"1066\" srcset=\"https:\/\/bmsklep.serwerluna.pl\/wp-content\/uploads\/Experience-The-All-New-Ben-Interior-Paint-_-Benjamin-Moore-frame-at-0m15s.jpg 1800w, https:\/\/bmsklep.serwerluna.pl\/wp-content\/uploads\/Experience-The-All-New-Ben-Interior-Paint-_-Benjamin-Moore-frame-at-0m15s-300x178.jpg 300w, https:\/\/bmsklep.serwerluna.pl\/wp-content\/uploads\/Experience-The-All-New-Ben-Interior-Paint-_-Benjamin-Moore-frame-at-0m15s-1024x606.jpg 1024w, https:\/\/bmsklep.serwerluna.pl\/wp-content\/uploads\/Experience-The-All-New-Ben-Interior-Paint-_-Benjamin-Moore-frame-at-0m15s-768x455.jpg 768w, https:\/\/bmsklep.serwerluna.pl\/wp-content\/uploads\/Experience-The-All-New-Ben-Interior-Paint-_-Benjamin-Moore-frame-at-0m15s-1536x910.jpg 1536w, https:\/\/bmsklep.serwerluna.pl\/wp-content\/uploads\/Experience-The-All-New-Ben-Interior-Paint-_-Benjamin-Moore-frame-at-0m15s-600x355.jpg 600w\" sizes=\"auto, (max-width: 1800px) 100vw, 1800px\" \/><\/p>\n<p style=\"text-align: justify;\">Produkt mo\u017cna r\u00f3wnie\u017c stosowa\u0107 na zagruntowane pod\u0142o\u017ca drewniane, drewnopochodne.<\/p>\n<p style=\"text-align: justify;\"><strong>W trosce o \u015brodowisko naturalne i Twoje bezpiecze\u0144stwo.\u00a0<\/strong><\/p>\n<p><img loading=\"lazy\" decoding=\"async\" class=\"alignnone wp-image-12445 size-full\" src=\"https:\/\/bmsklep.serwerluna.pl\/wp-content\/uploads\/bm_green_pic_3-1.jpg\" alt=\"\" width=\"1800\" height=\"1158\" \/><\/p>\n<p style=\"text-align: justify;\"><strong>Benjamin Moore's Green Promise\u2122 oznacza, \u017ce farba \"Ben Premium Interior Acrylic Paint &amp; Primer Matte N624\" spe\u0142nia lub znacznie przewy\u017csza restrykcyjne wymagania i normy<\/strong> instytucji, testuj\u0105cych i certyfikuj\u0105cych produkty malarskie o niskiej lub \u015bladowej zawarto\u015bci lotnych zwi\u0105zk\u00f3w organicznych (LZO).<\/p>\n<p><img loading=\"lazy\" decoding=\"async\" class=\"alignnone wp-image-12428 size-full\" src=\"https:\/\/bmsklep.serwerluna.pl\/wp-content\/uploads\/benjamin_moore_pokoj_dzieciecy-16.jpg\" alt=\"\" width=\"1800\" height=\"1517\" srcset=\"https:\/\/bmsklep.serwerluna.pl\/wp-content\/uploads\/benjamin_moore_pokoj_dzieciecy-16.jpg 1800w, https:\/\/bmsklep.serwerluna.pl\/wp-content\/uploads\/benjamin_moore_pokoj_dzieciecy-16-300x253.jpg 300w, https:\/\/bmsklep.serwerluna.pl\/wp-content\/uploads\/benjamin_moore_pokoj_dzieciecy-16-1024x863.jpg 1024w, https:\/\/bmsklep.serwerluna.pl\/wp-content\/uploads\/benjamin_moore_pokoj_dzieciecy-16-768x647.jpg 768w, https:\/\/bmsklep.serwerluna.pl\/wp-content\/uploads\/benjamin_moore_pokoj_dzieciecy-16-1536x1295.jpg 1536w, https:\/\/bmsklep.serwerluna.pl\/wp-content\/uploads\/benjamin_moore_pokoj_dzieciecy-16-600x506.jpg 600w\" sizes=\"auto, (max-width: 1800px) 100vw, 1800px\" \/><\/p>\n<p><strong>Farba spe\u0142nia wymagania LEED\u00ae v4 Credit.<\/strong><\/p>\n<p><img loading=\"lazy\" decoding=\"async\" class=\"alignnone wp-image-12092 size-full\" src=\"https:\/\/bmsklep.serwerluna.pl\/wp-content\/uploads\/benjamn_moore_trendy_2019-12.jpg\" alt=\"\" width=\"1800\" height=\"1800\" srcset=\"https:\/\/bmsklep.serwerluna.pl\/wp-content\/uploads\/benjamn_moore_trendy_2019-12.jpg 1800w, https:\/\/bmsklep.serwerluna.pl\/wp-content\/uploads\/benjamn_moore_trendy_2019-12-300x300.jpg 300w, https:\/\/bmsklep.serwerluna.pl\/wp-content\/uploads\/benjamn_moore_trendy_2019-12-1024x1024.jpg 1024w, https:\/\/bmsklep.serwerluna.pl\/wp-content\/uploads\/benjamn_moore_trendy_2019-12-150x150.jpg 150w, https:\/\/bmsklep.serwerluna.pl\/wp-content\/uploads\/benjamn_moore_trendy_2019-12-768x768.jpg 768w, https:\/\/bmsklep.serwerluna.pl\/wp-content\/uploads\/benjamn_moore_trendy_2019-12-1536x1536.jpg 1536w, https:\/\/bmsklep.serwerluna.pl\/wp-content\/uploads\/benjamn_moore_trendy_2019-12-600x600.jpg 600w, https:\/\/bmsklep.serwerluna.pl\/wp-content\/uploads\/benjamn_moore_trendy_2019-12-100x100.jpg 100w\" sizes=\"auto, (max-width: 1800px) 100vw, 1800px\" \/><\/p>\n","protected":false},"excerpt":{"rendered":"<p>Wodorozcie\u0144czalna, farba akrylowa przeznaczona do malowania wewn\u0119trznych \u015bcian i sufit\u00f3w, tworz\u0105ca trwa\u0142e i eleganckie, matowe wyko\u0144czenie. Mat.<\/p>\n","protected":false},"featured_media":13037,"template":"","meta":{"_acf_changed":false,"inline_featured_image":false},"product_brand":[],"product_cat":[28],"product_tag":[],"class_list":{"0":"post-12990","1":"product","2":"type-product","3":"status-publish","4":"has-post-thumbnail","6":"product_cat-wnetrza","8":"first","9":"instock","10":"taxable","11":"shipping-taxable","12":"purchasable","13":"product-type-variable"},"acf":[],"yoast_head":"<!-- This site is optimized with the Yoast SEO plugin v26.6 - https:\/\/yoast.com\/wordpress\/plugins\/seo\/ -->\n<title>Pe\u0142ny mat Ben\u00ae Premium Waterborne Interior Acrylic Paint &amp; Primer Matte N624<\/title>\n<meta name=\"description\" content=\"Wodorozcie\u0144czalna, wewn\u0119trzna farba akrylowa do \u015bcian i sufit\u00f3w w stopniu po\u0142ysku mat. Tworzy trwa\u0142e wyko\u0144czenie odporne na umiarkowane zmywanie.\" \/>\n<meta name=\"robots\" content=\"index, follow, max-snippet:-1, max-image-preview:large, max-video-preview:-1\" \/>\n<link rel=\"canonical\" href=\"https:\/\/bmsklep.serwerluna.pl\/produkt\/ben-premium-waterborne-interior-acrylic-paint-primer-matte-n624\/\" \/>\n<meta property=\"og:locale\" content=\"en_US\" \/>\n<meta property=\"og:type\" content=\"article\" \/>\n<meta property=\"og:title\" content=\"Pe\u0142ny mat Ben\u00ae Premium Waterborne Interior Acrylic Paint &amp; Primer Matte N624\" \/>\n<meta property=\"og:description\" content=\"Wodorozcie\u0144czalna, wewn\u0119trzna farba akrylowa do \u015bcian i sufit\u00f3w w stopniu po\u0142ysku mat. Tworzy trwa\u0142e wyko\u0144czenie odporne na umiarkowane zmywanie.\" \/>\n<meta property=\"og:url\" content=\"https:\/\/bmsklep.serwerluna.pl\/produkt\/ben-premium-waterborne-interior-acrylic-paint-primer-matte-n624\/\" \/>\n<meta property=\"og:site_name\" content=\"Benjamin Moore Paints\" \/>\n<meta property=\"article:modified_time\" content=\"2025-12-03T13:55:22+00:00\" \/>\n<meta property=\"og:image\" content=\"https:\/\/bmsklep.serwerluna.pl\/wp-content\/uploads\/BENInteriorUSGallonMATTE-1.png\" \/>\n\t<meta property=\"og:image:width\" content=\"200\" \/>\n\t<meta property=\"og:image:height\" content=\"236\" \/>\n\t<meta property=\"og:image:type\" content=\"image\/png\" \/>\n<meta name=\"twitter:card\" content=\"summary_large_image\" \/>\n<meta name=\"twitter:label1\" content=\"Est. reading time\" \/>\n\t<meta name=\"twitter:data1\" content=\"3 minutes\" \/>\n<script type=\"application\/ld+json\" class=\"yoast-schema-graph\">{\"@context\":\"https:\/\/schema.org\",\"@graph\":[{\"@type\":\"WebPage\",\"@id\":\"https:\/\/bmsklep.serwerluna.pl\/produkt\/ben-premium-waterborne-interior-acrylic-paint-primer-matte-n624\/\",\"url\":\"https:\/\/bmsklep.serwerluna.pl\/produkt\/ben-premium-waterborne-interior-acrylic-paint-primer-matte-n624\/\",\"name\":\"Pe\u0142ny mat Ben\u00ae Premium Waterborne Interior Acrylic Paint & Primer Matte N624\",\"isPartOf\":{\"@id\":\"https:\/\/bmsklep.serwerluna.pl\/#website\"},\"primaryImageOfPage\":{\"@id\":\"https:\/\/bmsklep.serwerluna.pl\/produkt\/ben-premium-waterborne-interior-acrylic-paint-primer-matte-n624\/#primaryimage\"},\"image\":{\"@id\":\"https:\/\/bmsklep.serwerluna.pl\/produkt\/ben-premium-waterborne-interior-acrylic-paint-primer-matte-n624\/#primaryimage\"},\"thumbnailUrl\":\"https:\/\/bmsklep.serwerluna.pl\/wp-content\/uploads\/BENInteriorUSGallonMATTE-1.png\",\"datePublished\":\"2024-04-18T13:23:48+00:00\",\"dateModified\":\"2025-12-03T13:55:22+00:00\",\"description\":\"Wodorozcie\u0144czalna, wewn\u0119trzna farba akrylowa do \u015bcian i sufit\u00f3w w stopniu po\u0142ysku mat. Tworzy trwa\u0142e wyko\u0144czenie odporne na umiarkowane zmywanie.\",\"breadcrumb\":{\"@id\":\"https:\/\/bmsklep.serwerluna.pl\/produkt\/ben-premium-waterborne-interior-acrylic-paint-primer-matte-n624\/#breadcrumb\"},\"inLanguage\":\"en-US\",\"potentialAction\":[{\"@type\":\"ReadAction\",\"target\":[\"https:\/\/bmsklep.serwerluna.pl\/produkt\/ben-premium-waterborne-interior-acrylic-paint-primer-matte-n624\/\"]}]},{\"@type\":\"ImageObject\",\"inLanguage\":\"en-US\",\"@id\":\"https:\/\/bmsklep.serwerluna.pl\/produkt\/ben-premium-waterborne-interior-acrylic-paint-primer-matte-n624\/#primaryimage\",\"url\":\"https:\/\/bmsklep.serwerluna.pl\/wp-content\/uploads\/BENInteriorUSGallonMATTE-1.png\",\"contentUrl\":\"https:\/\/bmsklep.serwerluna.pl\/wp-content\/uploads\/BENInteriorUSGallonMATTE-1.png\",\"width\":200,\"height\":236},{\"@type\":\"BreadcrumbList\",\"@id\":\"https:\/\/bmsklep.serwerluna.pl\/produkt\/ben-premium-waterborne-interior-acrylic-paint-primer-matte-n624\/#breadcrumb\",\"itemListElement\":[{\"@type\":\"ListItem\",\"position\":1,\"name\":\"Home\",\"item\":\"https:\/\/bmsklep.serwerluna.pl\/en\/\"},{\"@type\":\"ListItem\",\"position\":2,\"name\":\"Produkty\",\"item\":\"https:\/\/bmsklep.serwerluna.pl\/produkty\/\"},{\"@type\":\"ListItem\",\"position\":3,\"name\":\"Wn\u0119trza\",\"item\":\"https:\/\/bmsklep.serwerluna.pl\/kategoria-produktu\/wnetrza\/\"},{\"@type\":\"ListItem\",\"position\":4,\"name\":\"Ben\u00ae Premium Waterborne Interior Acrylic Paint &#038; Primer Matte N624\"}]},{\"@type\":\"WebSite\",\"@id\":\"https:\/\/bmsklep.serwerluna.pl\/#website\",\"url\":\"https:\/\/bmsklep.serwerluna.pl\/\",\"name\":\"Benjamin Moore Paints\",\"description\":\"\",\"potentialAction\":[{\"@type\":\"SearchAction\",\"target\":{\"@type\":\"EntryPoint\",\"urlTemplate\":\"https:\/\/bmsklep.serwerluna.pl\/?s={search_term_string}\"},\"query-input\":{\"@type\":\"PropertyValueSpecification\",\"valueRequired\":true,\"valueName\":\"search_term_string\"}}],\"inLanguage\":\"en-US\"}]}<\/script>\n<!-- \/ Yoast SEO plugin. -->","yoast_head_json":{"title":"Pe\u0142ny mat Ben\u00ae Premium Waterborne Interior Acrylic Paint & Primer Matte N624","description":"Wodorozcie\u0144czalna, wewn\u0119trzna farba akrylowa do \u015bcian i sufit\u00f3w w stopniu po\u0142ysku mat. Tworzy trwa\u0142e wyko\u0144czenie odporne na umiarkowane zmywanie.","robots":{"index":"index","follow":"follow","max-snippet":"max-snippet:-1","max-image-preview":"max-image-preview:large","max-video-preview":"max-video-preview:-1"},"canonical":"https:\/\/bmsklep.serwerluna.pl\/produkt\/ben-premium-waterborne-interior-acrylic-paint-primer-matte-n624\/","og_locale":"en_US","og_type":"article","og_title":"Pe\u0142ny mat Ben\u00ae Premium Waterborne Interior Acrylic Paint & Primer Matte N624","og_description":"Wodorozcie\u0144czalna, wewn\u0119trzna farba akrylowa do \u015bcian i sufit\u00f3w w stopniu po\u0142ysku mat. Tworzy trwa\u0142e wyko\u0144czenie odporne na umiarkowane zmywanie.","og_url":"https:\/\/bmsklep.serwerluna.pl\/produkt\/ben-premium-waterborne-interior-acrylic-paint-primer-matte-n624\/","og_site_name":"Benjamin Moore Paints","article_modified_time":"2025-12-03T13:55:22+00:00","og_image":[{"width":200,"height":236,"url":"https:\/\/bmsklep.serwerluna.pl\/wp-content\/uploads\/BENInteriorUSGallonMATTE-1.png","type":"image\/png"}],"twitter_card":"summary_large_image","twitter_misc":{"Est. reading time":"3 minutes"},"schema":{"@context":"https:\/\/schema.org","@graph":[{"@type":"WebPage","@id":"https:\/\/bmsklep.serwerluna.pl\/produkt\/ben-premium-waterborne-interior-acrylic-paint-primer-matte-n624\/","url":"https:\/\/bmsklep.serwerluna.pl\/produkt\/ben-premium-waterborne-interior-acrylic-paint-primer-matte-n624\/","name":"Pe\u0142ny mat Ben\u00ae Premium Waterborne Interior Acrylic Paint & Primer Matte N624","isPartOf":{"@id":"https:\/\/bmsklep.serwerluna.pl\/#website"},"primaryImageOfPage":{"@id":"https:\/\/bmsklep.serwerluna.pl\/produkt\/ben-premium-waterborne-interior-acrylic-paint-primer-matte-n624\/#primaryimage"},"image":{"@id":"https:\/\/bmsklep.serwerluna.pl\/produkt\/ben-premium-waterborne-interior-acrylic-paint-primer-matte-n624\/#primaryimage"},"thumbnailUrl":"https:\/\/bmsklep.serwerluna.pl\/wp-content\/uploads\/BENInteriorUSGallonMATTE-1.png","datePublished":"2024-04-18T13:23:48+00:00","dateModified":"2025-12-03T13:55:22+00:00","description":"Wodorozcie\u0144czalna, wewn\u0119trzna farba akrylowa do \u015bcian i sufit\u00f3w w stopniu po\u0142ysku mat. Tworzy trwa\u0142e wyko\u0144czenie odporne na umiarkowane zmywanie.","breadcrumb":{"@id":"https:\/\/bmsklep.serwerluna.pl\/produkt\/ben-premium-waterborne-interior-acrylic-paint-primer-matte-n624\/#breadcrumb"},"inLanguage":"en-US","potentialAction":[{"@type":"ReadAction","target":["https:\/\/bmsklep.serwerluna.pl\/produkt\/ben-premium-waterborne-interior-acrylic-paint-primer-matte-n624\/"]}]},{"@type":"ImageObject","inLanguage":"en-US","@id":"https:\/\/bmsklep.serwerluna.pl\/produkt\/ben-premium-waterborne-interior-acrylic-paint-primer-matte-n624\/#primaryimage","url":"https:\/\/bmsklep.serwerluna.pl\/wp-content\/uploads\/BENInteriorUSGallonMATTE-1.png","contentUrl":"https:\/\/bmsklep.serwerluna.pl\/wp-content\/uploads\/BENInteriorUSGallonMATTE-1.png","width":200,"height":236},{"@type":"BreadcrumbList","@id":"https:\/\/bmsklep.serwerluna.pl\/produkt\/ben-premium-waterborne-interior-acrylic-paint-primer-matte-n624\/#breadcrumb","itemListElement":[{"@type":"ListItem","position":1,"name":"Home","item":"https:\/\/bmsklep.serwerluna.pl\/en\/"},{"@type":"ListItem","position":2,"name":"Produkty","item":"https:\/\/bmsklep.serwerluna.pl\/produkty\/"},{"@type":"ListItem","position":3,"name":"Wn\u0119trza","item":"https:\/\/bmsklep.serwerluna.pl\/kategoria-produktu\/wnetrza\/"},{"@type":"ListItem","position":4,"name":"Ben\u00ae Premium Waterborne Interior Acrylic Paint &#038; Primer Matte N624"}]},{"@type":"WebSite","@id":"https:\/\/bmsklep.serwerluna.pl\/#website","url":"https:\/\/bmsklep.serwerluna.pl\/","name":"Benjamin Moore Paints","description":"","potentialAction":[{"@type":"SearchAction","target":{"@type":"EntryPoint","urlTemplate":"https:\/\/bmsklep.serwerluna.pl\/?s={search_term_string}"},"query-input":{"@type":"PropertyValueSpecification","valueRequired":true,"valueName":"search_term_string"}}],"inLanguage":"en-US"}]}},"_links":{"self":[{"href":"https:\/\/bmsklep.serwerluna.pl\/en\/wp-json\/wp\/v2\/product\/12990","targetHints":{"allow":["GET"]}}],"collection":[{"href":"https:\/\/bmsklep.serwerluna.pl\/en\/wp-json\/wp\/v2\/product"}],"about":[{"href":"https:\/\/bmsklep.serwerluna.pl\/en\/wp-json\/wp\/v2\/types\/product"}],"wp:featuredmedia":[{"embeddable":true,"href":"https:\/\/bmsklep.serwerluna.pl\/en\/wp-json\/wp\/v2\/media\/13037"}],"wp:attachment":[{"href":"https:\/\/bmsklep.serwerluna.pl\/en\/wp-json\/wp\/v2\/media?parent=12990"}],"wp:term":[{"taxonomy":"product_brand","embeddable":true,"href":"https:\/\/bmsklep.serwerluna.pl\/en\/wp-json\/wp\/v2\/product_brand?post=12990"},{"taxonomy":"product_cat","embeddable":true,"href":"https:\/\/bmsklep.serwerluna.pl\/en\/wp-json\/wp\/v2\/product_cat?post=12990"},{"taxonomy":"product_tag","embeddable":true,"href":"https:\/\/bmsklep.serwerluna.pl\/en\/wp-json\/wp\/v2\/product_tag?post=12990"}],"curies":[{"name":"wp","href":"https:\/\/api.w.org\/{rel}","templated":true}]}}