{"id":10906,"date":"2023-07-27T14:56:40","date_gmt":"2023-07-27T12:56:40","guid":{"rendered":"https:\/\/benjaminmoore.pl\/?post_type=product&#038;p=10906"},"modified":"2025-12-03T15:05:51","modified_gmt":"2025-12-03T14:05:51","slug":"regalselect-premium-interior-paint-eggshell-n549","status":"publish","type":"product","link":"https:\/\/bmsklep.serwerluna.pl\/en\/produkt\/regalselect-premium-interior-paint-eggshell-n549\/","title":{"rendered":"Regal\u00ae Select Premium Interior Paint &#038; Primer Eggshell N549"},"content":{"rendered":"<h3 style=\"text-align: justify;\"><strong>REGAL SELECT N549 <\/strong><strong>-\u00a0 <\/strong><strong>super zmywalny i odporny na brud!<\/strong><\/h3>\n<p><img loading=\"lazy\" decoding=\"async\" class=\"alignnone wp-image-12035 size-full\" src=\"https:\/\/bmsklep.serwerluna.pl\/wp-content\/uploads\/BM_FK_SC_Himmel_Office_SlateTeal_RGB.jpg\" alt=\"\" width=\"1800\" height=\"1996\" \/><\/p>\n<p style=\"text-align: justify;\"><strong>Poszukujesz najodporniejszej farby do \u015bcian i chcesz tchn\u0105\u0107 w nie \"wi\u0119cej powietrza\"\u00a0<\/strong>ni\u017c zapewniaj\u0105 produkty tworz\u0105ce matowe lub w pe\u0142ni matowe wyko\u0144czenie? Mamy dla Ciebie doskona\u0142e rozwi\u0105zanie!<\/p>\n<p style=\"text-align: justify;\"><strong>P\u00f3\u0142matowa farba Regal Select N549 nada lekko \u015bwietliste wyko\u0144czenie r\u00f3wnocze\u015bnie zapewniaj\u0105c doskona\u0142\u0105 odporno\u015b\u0107 na zmywanie i szorowanie na mokro (klasa 1 wg PN-EN 13300) oraz odporno\u015b\u0107 na plamy i zabrudzenia.\u00a0<\/strong><\/p>\n<p><img loading=\"lazy\" decoding=\"async\" class=\"alignnone wp-image-12037 size-full\" src=\"https:\/\/bmsklep.serwerluna.pl\/wp-content\/uploads\/B_Lakeville_YORKHARBOR-YELLOW_1860.3aw.jpg\" alt=\"\" width=\"1800\" height=\"2146\" \/><\/p>\n<p style=\"text-align: justify;\">Innowacyjna farba przeznaczona do malowania \u015bcian wewn\u0119trznych, szczeg\u00f3lnie nara\u017conych na intensywne u\u017cytkowanie. Zapewnia wyj\u0105tkowy komfort i ogranicza koszty remont\u00f3w.<\/p>\n<p><img loading=\"lazy\" decoding=\"async\" class=\"alignnone size-large wp-image-10932\" src=\"https:\/\/bmsklep.serwerluna.pl\/wp-content\/uploads\/23-988607_InternationalSocialImages-Fall2022-ResizeandLogo-1080x1080_ArtDeco2-1024x1024.jpg\" alt=\"\" width=\"1024\" height=\"1024\" srcset=\"https:\/\/bmsklep.serwerluna.pl\/wp-content\/uploads\/23-988607_InternationalSocialImages-Fall2022-ResizeandLogo-1080x1080_ArtDeco2-1024x1024.jpg 1024w, https:\/\/bmsklep.serwerluna.pl\/wp-content\/uploads\/23-988607_InternationalSocialImages-Fall2022-ResizeandLogo-1080x1080_ArtDeco2-300x300.jpg 300w, https:\/\/bmsklep.serwerluna.pl\/wp-content\/uploads\/23-988607_InternationalSocialImages-Fall2022-ResizeandLogo-1080x1080_ArtDeco2-150x150.jpg 150w, https:\/\/bmsklep.serwerluna.pl\/wp-content\/uploads\/23-988607_InternationalSocialImages-Fall2022-ResizeandLogo-1080x1080_ArtDeco2-768x768.jpg 768w, https:\/\/bmsklep.serwerluna.pl\/wp-content\/uploads\/23-988607_InternationalSocialImages-Fall2022-ResizeandLogo-1080x1080_ArtDeco2-1536x1536.jpg 1536w, https:\/\/bmsklep.serwerluna.pl\/wp-content\/uploads\/23-988607_InternationalSocialImages-Fall2022-ResizeandLogo-1080x1080_ArtDeco2-2048x2048.jpg 2048w, https:\/\/bmsklep.serwerluna.pl\/wp-content\/uploads\/23-988607_InternationalSocialImages-Fall2022-ResizeandLogo-1080x1080_ArtDeco2-600x600.jpg 600w, https:\/\/bmsklep.serwerluna.pl\/wp-content\/uploads\/23-988607_InternationalSocialImages-Fall2022-ResizeandLogo-1080x1080_ArtDeco2-100x100.jpg 100w, https:\/\/bmsklep.serwerluna.pl\/wp-content\/uploads\/23-988607_InternationalSocialImages-Fall2022-ResizeandLogo-1080x1080_ArtDeco2-scaled.jpg 2560w\" sizes=\"auto, (max-width: 1024px) 100vw, 1024px\" \/><\/p>\n<ul>\n<li>tradycyjne tynki wapienno-cementowe i cementowe,<\/li>\n<li>cienkowarstwowe tynki mineralne i akrylowe,<\/li>\n<li>g\u0142adzie gipsowe,<\/li>\n<li>p\u0142yty gipsowo-kartonowe,<\/li>\n<li>tapety,<\/li>\n<li>budowlane bloczki konstrukcyjne,<\/li>\n<li>beton,<\/li>\n<li>renowacja pow\u0142ok dyspersyjnych.<\/li>\n<\/ul>\n<p style=\"text-align: justify;\">Produkt mo\u017cna r\u00f3wnie\u017c stosowa\u0107 na zagruntowane pod\u0142o\u017ca drewniane, drewnopochodne.<\/p>\n<p style=\"text-align: justify;\">Istnieje mo\u017cliwo\u015b\u0107 aplikacji farby na odpowiednio przygotowane i zagruntowane pod\u0142o\u017ca szklane, ceramiczne np. p\u0142ytki ceramiczne oraz pod\u0142o\u017ca z w\u0142\u00f3kna szklanego (stosuj\u0105c promotor adhezji -\u00a0<a href=\"https:\/\/bmsklep.serwerluna.pl\/produkt\/stix-waterborne-bonding-primer-sxa-110\/?preview_id=781&amp;preview_nonce=1505177abf&amp;_thumbnail_id=3654&amp;preview=true\" target=\"_blank\" rel=\"noopener\">farb\u0119 gruntuj\u0105c\u0105 STIX<\/a>).<\/p>\n","protected":false},"excerpt":{"rendered":"<p style=\"text-align: justify;\">Wodorozcie\u0144czalna, akrylowa farba Premium najnowszej generacji z opatentowan\u0105 technologi\u0105 usuwania zabrudze\u0144 \u201eStain Release Technology\u201d o doskona\u0142ej odporno\u015bci na plamy, szorowanie i zmywanie. P\u00f3\u0142mat.<\/p>\n","protected":false},"featured_media":10923,"template":"","meta":{"_acf_changed":false,"inline_featured_image":false},"product_brand":[],"product_cat":[28],"product_tag":[],"class_list":{"0":"post-10906","1":"product","2":"type-product","3":"status-publish","4":"has-post-thumbnail","6":"product_cat-wnetrza","8":"first","9":"instock","10":"taxable","11":"shipping-taxable","12":"purchasable","13":"product-type-variable"},"acf":[],"yoast_head":"<!-- This site is optimized with the Yoast SEO plugin v26.6 - https:\/\/yoast.com\/wordpress\/plugins\/seo\/ -->\n<title>farba super zmywalna Regal\u00ae Select 549 Benjamin Moore Paints<\/title>\n<meta name=\"description\" content=\"Wodorozcie\u0144czalna, lateksowa, akrylowa farba super zmywalna odporna na plamy i szorowanie. Do malowania \u015bcian wewn\u0119trznych. P\u00f3\u0142mat.\" \/>\n<meta name=\"robots\" content=\"index, follow, max-snippet:-1, max-image-preview:large, max-video-preview:-1\" \/>\n<link rel=\"canonical\" href=\"https:\/\/bmsklep.serwerluna.pl\/produkt\/regalselect-premium-interior-paint-eggshell-n549\/\" \/>\n<meta property=\"og:locale\" content=\"en_US\" \/>\n<meta property=\"og:type\" content=\"article\" \/>\n<meta property=\"og:title\" content=\"farba super zmywalna Regal\u00ae Select 549 Benjamin Moore Paints\" \/>\n<meta property=\"og:description\" content=\"Wodorozcie\u0144czalna, lateksowa, akrylowa farba super zmywalna odporna na plamy i szorowanie. Do malowania \u015bcian wewn\u0119trznych. P\u00f3\u0142mat.\" \/>\n<meta property=\"og:url\" content=\"https:\/\/bmsklep.serwerluna.pl\/produkt\/regalselect-premium-interior-paint-eggshell-n549\/\" \/>\n<meta property=\"og:site_name\" content=\"Benjamin Moore Paints\" \/>\n<meta property=\"article:modified_time\" content=\"2025-12-03T14:05:51+00:00\" \/>\n<meta property=\"og:image\" content=\"https:\/\/bmsklep.serwerluna.pl\/wp-content\/uploads\/REGALInteriorUSGallonEGGSHELL-1.png\" \/>\n\t<meta property=\"og:image:width\" content=\"200\" \/>\n\t<meta property=\"og:image:height\" content=\"237\" \/>\n\t<meta property=\"og:image:type\" content=\"image\/png\" \/>\n<meta name=\"twitter:card\" content=\"summary_large_image\" \/>\n<meta name=\"twitter:label1\" content=\"Est. reading time\" \/>\n\t<meta name=\"twitter:data1\" content=\"2 minutes\" \/>\n<script type=\"application\/ld+json\" class=\"yoast-schema-graph\">{\"@context\":\"https:\/\/schema.org\",\"@graph\":[{\"@type\":\"WebPage\",\"@id\":\"https:\/\/bmsklep.serwerluna.pl\/produkt\/regalselect-premium-interior-paint-eggshell-n549\/\",\"url\":\"https:\/\/bmsklep.serwerluna.pl\/produkt\/regalselect-premium-interior-paint-eggshell-n549\/\",\"name\":\"farba super zmywalna Regal\u00ae Select 549 Benjamin Moore Paints\",\"isPartOf\":{\"@id\":\"https:\/\/bmsklep.serwerluna.pl\/#website\"},\"primaryImageOfPage\":{\"@id\":\"https:\/\/bmsklep.serwerluna.pl\/produkt\/regalselect-premium-interior-paint-eggshell-n549\/#primaryimage\"},\"image\":{\"@id\":\"https:\/\/bmsklep.serwerluna.pl\/produkt\/regalselect-premium-interior-paint-eggshell-n549\/#primaryimage\"},\"thumbnailUrl\":\"https:\/\/bmsklep.serwerluna.pl\/wp-content\/uploads\/REGALInteriorUSGallonEGGSHELL-1.png\",\"datePublished\":\"2023-07-27T12:56:40+00:00\",\"dateModified\":\"2025-12-03T14:05:51+00:00\",\"description\":\"Wodorozcie\u0144czalna, lateksowa, akrylowa farba super zmywalna odporna na plamy i szorowanie. Do malowania \u015bcian wewn\u0119trznych. P\u00f3\u0142mat.\",\"breadcrumb\":{\"@id\":\"https:\/\/bmsklep.serwerluna.pl\/produkt\/regalselect-premium-interior-paint-eggshell-n549\/#breadcrumb\"},\"inLanguage\":\"en-US\",\"potentialAction\":[{\"@type\":\"ReadAction\",\"target\":[\"https:\/\/bmsklep.serwerluna.pl\/produkt\/regalselect-premium-interior-paint-eggshell-n549\/\"]}]},{\"@type\":\"ImageObject\",\"inLanguage\":\"en-US\",\"@id\":\"https:\/\/bmsklep.serwerluna.pl\/produkt\/regalselect-premium-interior-paint-eggshell-n549\/#primaryimage\",\"url\":\"https:\/\/bmsklep.serwerluna.pl\/wp-content\/uploads\/REGALInteriorUSGallonEGGSHELL-1.png\",\"contentUrl\":\"https:\/\/bmsklep.serwerluna.pl\/wp-content\/uploads\/REGALInteriorUSGallonEGGSHELL-1.png\",\"width\":200,\"height\":237},{\"@type\":\"BreadcrumbList\",\"@id\":\"https:\/\/bmsklep.serwerluna.pl\/produkt\/regalselect-premium-interior-paint-eggshell-n549\/#breadcrumb\",\"itemListElement\":[{\"@type\":\"ListItem\",\"position\":1,\"name\":\"Home\",\"item\":\"https:\/\/bmsklep.serwerluna.pl\/en\/\"},{\"@type\":\"ListItem\",\"position\":2,\"name\":\"Produkty\",\"item\":\"https:\/\/bmsklep.serwerluna.pl\/produkty\/\"},{\"@type\":\"ListItem\",\"position\":3,\"name\":\"Wn\u0119trza\",\"item\":\"https:\/\/bmsklep.serwerluna.pl\/kategoria-produktu\/wnetrza\/\"},{\"@type\":\"ListItem\",\"position\":4,\"name\":\"Regal\u00ae Select Premium Interior Paint &#038; Primer Eggshell N549\"}]},{\"@type\":\"WebSite\",\"@id\":\"https:\/\/bmsklep.serwerluna.pl\/#website\",\"url\":\"https:\/\/bmsklep.serwerluna.pl\/\",\"name\":\"Benjamin Moore Paints\",\"description\":\"\",\"potentialAction\":[{\"@type\":\"SearchAction\",\"target\":{\"@type\":\"EntryPoint\",\"urlTemplate\":\"https:\/\/bmsklep.serwerluna.pl\/?s={search_term_string}\"},\"query-input\":{\"@type\":\"PropertyValueSpecification\",\"valueRequired\":true,\"valueName\":\"search_term_string\"}}],\"inLanguage\":\"en-US\"}]}<\/script>\n<!-- \/ Yoast SEO plugin. -->","yoast_head_json":{"title":"farba super zmywalna Regal\u00ae Select 549 Benjamin Moore Paints","description":"Wodorozcie\u0144czalna, lateksowa, akrylowa farba super zmywalna odporna na plamy i szorowanie. Do malowania \u015bcian wewn\u0119trznych. P\u00f3\u0142mat.","robots":{"index":"index","follow":"follow","max-snippet":"max-snippet:-1","max-image-preview":"max-image-preview:large","max-video-preview":"max-video-preview:-1"},"canonical":"https:\/\/bmsklep.serwerluna.pl\/produkt\/regalselect-premium-interior-paint-eggshell-n549\/","og_locale":"en_US","og_type":"article","og_title":"farba super zmywalna Regal\u00ae Select 549 Benjamin Moore Paints","og_description":"Wodorozcie\u0144czalna, lateksowa, akrylowa farba super zmywalna odporna na plamy i szorowanie. Do malowania \u015bcian wewn\u0119trznych. P\u00f3\u0142mat.","og_url":"https:\/\/bmsklep.serwerluna.pl\/produkt\/regalselect-premium-interior-paint-eggshell-n549\/","og_site_name":"Benjamin Moore Paints","article_modified_time":"2025-12-03T14:05:51+00:00","og_image":[{"width":200,"height":237,"url":"https:\/\/bmsklep.serwerluna.pl\/wp-content\/uploads\/REGALInteriorUSGallonEGGSHELL-1.png","type":"image\/png"}],"twitter_card":"summary_large_image","twitter_misc":{"Est. reading time":"2 minutes"},"schema":{"@context":"https:\/\/schema.org","@graph":[{"@type":"WebPage","@id":"https:\/\/bmsklep.serwerluna.pl\/produkt\/regalselect-premium-interior-paint-eggshell-n549\/","url":"https:\/\/bmsklep.serwerluna.pl\/produkt\/regalselect-premium-interior-paint-eggshell-n549\/","name":"farba super zmywalna Regal\u00ae Select 549 Benjamin Moore Paints","isPartOf":{"@id":"https:\/\/bmsklep.serwerluna.pl\/#website"},"primaryImageOfPage":{"@id":"https:\/\/bmsklep.serwerluna.pl\/produkt\/regalselect-premium-interior-paint-eggshell-n549\/#primaryimage"},"image":{"@id":"https:\/\/bmsklep.serwerluna.pl\/produkt\/regalselect-premium-interior-paint-eggshell-n549\/#primaryimage"},"thumbnailUrl":"https:\/\/bmsklep.serwerluna.pl\/wp-content\/uploads\/REGALInteriorUSGallonEGGSHELL-1.png","datePublished":"2023-07-27T12:56:40+00:00","dateModified":"2025-12-03T14:05:51+00:00","description":"Wodorozcie\u0144czalna, lateksowa, akrylowa farba super zmywalna odporna na plamy i szorowanie. Do malowania \u015bcian wewn\u0119trznych. P\u00f3\u0142mat.","breadcrumb":{"@id":"https:\/\/bmsklep.serwerluna.pl\/produkt\/regalselect-premium-interior-paint-eggshell-n549\/#breadcrumb"},"inLanguage":"en-US","potentialAction":[{"@type":"ReadAction","target":["https:\/\/bmsklep.serwerluna.pl\/produkt\/regalselect-premium-interior-paint-eggshell-n549\/"]}]},{"@type":"ImageObject","inLanguage":"en-US","@id":"https:\/\/bmsklep.serwerluna.pl\/produkt\/regalselect-premium-interior-paint-eggshell-n549\/#primaryimage","url":"https:\/\/bmsklep.serwerluna.pl\/wp-content\/uploads\/REGALInteriorUSGallonEGGSHELL-1.png","contentUrl":"https:\/\/bmsklep.serwerluna.pl\/wp-content\/uploads\/REGALInteriorUSGallonEGGSHELL-1.png","width":200,"height":237},{"@type":"BreadcrumbList","@id":"https:\/\/bmsklep.serwerluna.pl\/produkt\/regalselect-premium-interior-paint-eggshell-n549\/#breadcrumb","itemListElement":[{"@type":"ListItem","position":1,"name":"Home","item":"https:\/\/bmsklep.serwerluna.pl\/en\/"},{"@type":"ListItem","position":2,"name":"Produkty","item":"https:\/\/bmsklep.serwerluna.pl\/produkty\/"},{"@type":"ListItem","position":3,"name":"Wn\u0119trza","item":"https:\/\/bmsklep.serwerluna.pl\/kategoria-produktu\/wnetrza\/"},{"@type":"ListItem","position":4,"name":"Regal\u00ae Select Premium Interior Paint &#038; Primer Eggshell N549"}]},{"@type":"WebSite","@id":"https:\/\/bmsklep.serwerluna.pl\/#website","url":"https:\/\/bmsklep.serwerluna.pl\/","name":"Benjamin Moore Paints","description":"","potentialAction":[{"@type":"SearchAction","target":{"@type":"EntryPoint","urlTemplate":"https:\/\/bmsklep.serwerluna.pl\/?s={search_term_string}"},"query-input":{"@type":"PropertyValueSpecification","valueRequired":true,"valueName":"search_term_string"}}],"inLanguage":"en-US"}]}},"_links":{"self":[{"href":"https:\/\/bmsklep.serwerluna.pl\/en\/wp-json\/wp\/v2\/product\/10906","targetHints":{"allow":["GET"]}}],"collection":[{"href":"https:\/\/bmsklep.serwerluna.pl\/en\/wp-json\/wp\/v2\/product"}],"about":[{"href":"https:\/\/bmsklep.serwerluna.pl\/en\/wp-json\/wp\/v2\/types\/product"}],"wp:featuredmedia":[{"embeddable":true,"href":"https:\/\/bmsklep.serwerluna.pl\/en\/wp-json\/wp\/v2\/media\/10923"}],"wp:attachment":[{"href":"https:\/\/bmsklep.serwerluna.pl\/en\/wp-json\/wp\/v2\/media?parent=10906"}],"wp:term":[{"taxonomy":"product_brand","embeddable":true,"href":"https:\/\/bmsklep.serwerluna.pl\/en\/wp-json\/wp\/v2\/product_brand?post=10906"},{"taxonomy":"product_cat","embeddable":true,"href":"https:\/\/bmsklep.serwerluna.pl\/en\/wp-json\/wp\/v2\/product_cat?post=10906"},{"taxonomy":"product_tag","embeddable":true,"href":"https:\/\/bmsklep.serwerluna.pl\/en\/wp-json\/wp\/v2\/product_tag?post=10906"}],"curies":[{"name":"wp","href":"https:\/\/api.w.org\/{rel}","templated":true}]}}