{"id":10207,"date":"2023-03-28T09:06:45","date_gmt":"2023-03-28T07:06:45","guid":{"rendered":"https:\/\/benjaminmoore.pl\/?post_type=product&#038;p=10207"},"modified":"2025-12-03T15:09:56","modified_gmt":"2025-12-03T14:09:56","slug":"element-guard-exterior-flat-finish-u763","status":"publish","type":"product","link":"https:\/\/bmsklep.serwerluna.pl\/en\/produkt\/element-guard-exterior-flat-finish-u763\/","title":{"rendered":"Element Guard Exterior Flat U763"},"content":{"rendered":"<h3 style=\"text-align: justify;\">DOSKONA\u0141A OCHRONA ELEWACJI.<\/h3>\n<h4 style=\"text-align: justify;\">Ju\u017c po 60 minutach przed spodziewanym DESZCZEM*!<\/h4>\n<p style=\"text-align: justify;\"><img loading=\"lazy\" decoding=\"async\" class=\"alignnone wp-image-12506 size-full\" src=\"https:\/\/bmsklep.serwerluna.pl\/wp-content\/uploads\/HistoricalCollection_ColorCard_Exterior_Black_RGB-2.jpg\" alt=\"\" width=\"1800\" height=\"1633\" srcset=\"https:\/\/bmsklep.serwerluna.pl\/wp-content\/uploads\/HistoricalCollection_ColorCard_Exterior_Black_RGB-2.jpg 1800w, https:\/\/bmsklep.serwerluna.pl\/wp-content\/uploads\/HistoricalCollection_ColorCard_Exterior_Black_RGB-2-300x272.jpg 300w, https:\/\/bmsklep.serwerluna.pl\/wp-content\/uploads\/HistoricalCollection_ColorCard_Exterior_Black_RGB-2-1024x929.jpg 1024w, https:\/\/bmsklep.serwerluna.pl\/wp-content\/uploads\/HistoricalCollection_ColorCard_Exterior_Black_RGB-2-768x697.jpg 768w, https:\/\/bmsklep.serwerluna.pl\/wp-content\/uploads\/HistoricalCollection_ColorCard_Exterior_Black_RGB-2-1536x1393.jpg 1536w, https:\/\/bmsklep.serwerluna.pl\/wp-content\/uploads\/HistoricalCollection_ColorCard_Exterior_Black_RGB-2-600x544.jpg 600w\" sizes=\"auto, (max-width: 1800px) 100vw, 1800px\" \/><\/p>\n<p style=\"text-align: justify;\"><strong>\"Element Guard Exterior Flat Finish U763\" -<\/strong>\u00a0<strong>wodorozcie\u0144czalna, elewacyjna, farba akrylowa klasy PREMIUM, tworz\u0105ca wyko\u0144czenie o wysokiej trwa\u0142o\u015bci i odporno\u015bci na dzia\u0142anie czynnik\u00f3w klimatycznych, szczeg\u00f3lnie na dzia\u0142anie wilgoci.<\/strong><\/p>\n<p><a href=\"https:\/\/www.youtube.com\/watch?v=61AbKYna484\" target=\"_blank\" rel=\"noopener\"><img loading=\"lazy\" decoding=\"async\" class=\"alignnone wp-image-13111 size-full\" src=\"https:\/\/bmsklep.serwerluna.pl\/wp-content\/uploads\/Benjamin_Moore_zdjecia_Element_Guard_przycisk_1.jpg\" alt=\"\" width=\"1800\" height=\"1026\" srcset=\"https:\/\/bmsklep.serwerluna.pl\/wp-content\/uploads\/Benjamin_Moore_zdjecia_Element_Guard_przycisk_1.jpg 1800w, https:\/\/bmsklep.serwerluna.pl\/wp-content\/uploads\/Benjamin_Moore_zdjecia_Element_Guard_przycisk_1-300x171.jpg 300w, https:\/\/bmsklep.serwerluna.pl\/wp-content\/uploads\/Benjamin_Moore_zdjecia_Element_Guard_przycisk_1-1024x584.jpg 1024w, https:\/\/bmsklep.serwerluna.pl\/wp-content\/uploads\/Benjamin_Moore_zdjecia_Element_Guard_przycisk_1-768x438.jpg 768w, https:\/\/bmsklep.serwerluna.pl\/wp-content\/uploads\/Benjamin_Moore_zdjecia_Element_Guard_przycisk_1-1536x876.jpg 1536w, https:\/\/bmsklep.serwerluna.pl\/wp-content\/uploads\/Benjamin_Moore_zdjecia_Element_Guard_przycisk_1-600x342.jpg 600w\" sizes=\"auto, (max-width: 1800px) 100vw, 1800px\" \/><\/a><\/p>\n<p style=\"text-align: justify;\">Farba recepturowana z wykorzystaniem Gennex\u00ae Color Technology, przeznaczona jest do ochrony i dekoracji tradycyjnych elewacji mineralnych, drewnianych, ceg\u0142y, betonu oraz sidingu winylowego.<\/p>\n<p><img loading=\"lazy\" decoding=\"async\" class=\"alignnone wp-image-12541 size-full\" src=\"https:\/\/bmsklep.serwerluna.pl\/wp-content\/uploads\/Grey_Front_Porch_with_Red_Door.jpg\" alt=\"\" width=\"1800\" height=\"2167\" srcset=\"https:\/\/bmsklep.serwerluna.pl\/wp-content\/uploads\/Grey_Front_Porch_with_Red_Door.jpg 1800w, https:\/\/bmsklep.serwerluna.pl\/wp-content\/uploads\/Grey_Front_Porch_with_Red_Door-249x300.jpg 249w, https:\/\/bmsklep.serwerluna.pl\/wp-content\/uploads\/Grey_Front_Porch_with_Red_Door-851x1024.jpg 851w, https:\/\/bmsklep.serwerluna.pl\/wp-content\/uploads\/Grey_Front_Porch_with_Red_Door-768x925.jpg 768w, https:\/\/bmsklep.serwerluna.pl\/wp-content\/uploads\/Grey_Front_Porch_with_Red_Door-1276x1536.jpg 1276w, https:\/\/bmsklep.serwerluna.pl\/wp-content\/uploads\/Grey_Front_Porch_with_Red_Door-1701x2048.jpg 1701w, https:\/\/bmsklep.serwerluna.pl\/wp-content\/uploads\/Grey_Front_Porch_with_Red_Door-600x722.jpg 600w\" sizes=\"auto, (max-width: 1800px) 100vw, 1800px\" \/><\/p>\n<p style=\"text-align: justify;\"><strong>Produkt rozwi\u0105zuje powszechny problem prowadzenia prac malarskich w warunkach potencjalnego zagro\u017cenia opadami atmosferycznymi i mo\u017ce by\u0107 aplikowany min. 60 minut* przed spodziewanym deszczem.\u00a0<\/strong><\/p>\n<p><img loading=\"lazy\" decoding=\"async\" class=\"alignnone wp-image-12545 size-full\" src=\"https:\/\/bmsklep.serwerluna.pl\/wp-content\/uploads\/Exterior_Home_in_Mohegan_Sage-1.jpg\" alt=\"\" width=\"1800\" height=\"1800\" srcset=\"https:\/\/bmsklep.serwerluna.pl\/wp-content\/uploads\/Exterior_Home_in_Mohegan_Sage-1.jpg 1800w, https:\/\/bmsklep.serwerluna.pl\/wp-content\/uploads\/Exterior_Home_in_Mohegan_Sage-1-300x300.jpg 300w, https:\/\/bmsklep.serwerluna.pl\/wp-content\/uploads\/Exterior_Home_in_Mohegan_Sage-1-1024x1024.jpg 1024w, https:\/\/bmsklep.serwerluna.pl\/wp-content\/uploads\/Exterior_Home_in_Mohegan_Sage-1-150x150.jpg 150w, https:\/\/bmsklep.serwerluna.pl\/wp-content\/uploads\/Exterior_Home_in_Mohegan_Sage-1-768x768.jpg 768w, https:\/\/bmsklep.serwerluna.pl\/wp-content\/uploads\/Exterior_Home_in_Mohegan_Sage-1-1536x1536.jpg 1536w, https:\/\/bmsklep.serwerluna.pl\/wp-content\/uploads\/Exterior_Home_in_Mohegan_Sage-1-600x600.jpg 600w, https:\/\/bmsklep.serwerluna.pl\/wp-content\/uploads\/Exterior_Home_in_Mohegan_Sage-1-100x100.jpg 100w\" sizes=\"auto, (max-width: 1800px) 100vw, 1800px\" \/><\/p>\n<p style=\"text-align: justify;\"><strong>Farba zapewnia doskona\u0142\u0105 trwa\u0142o\u015b\u0107 i odporno\u015b\u0107 na dzia\u0142anie czynnik\u00f3w atmosferycznych<\/strong>, szczeg\u00f3lnie wilgoci, w tym na strumienie wody niesionych silnym wiatrem (tzw. Wind Driven Rain Test), wahania temperatury, oddzia\u0142ywanie promieniowania UV, soli mineralnych, \u015brodowiska alkalicznego oraz zanieczyszcze\u0144 powietrza (py\u0142y i sadze).<\/p>\n<p style=\"text-align: justify;\">Produkt tworzy wymalowanie odporne na dzia\u0142anie mikroorganizm\u00f3w (ochrona przed rozwojem alg i grzyb\u00f3w).<\/p>\n<p><img loading=\"lazy\" decoding=\"async\" class=\"alignnone wp-image-12543 size-full\" src=\"https:\/\/bmsklep.serwerluna.pl\/wp-content\/uploads\/Exterior_Home_in_White_Chocolate_ok-1.jpg\" alt=\"\" width=\"1800\" height=\"1800\" srcset=\"https:\/\/bmsklep.serwerluna.pl\/wp-content\/uploads\/Exterior_Home_in_White_Chocolate_ok-1.jpg 1800w, https:\/\/bmsklep.serwerluna.pl\/wp-content\/uploads\/Exterior_Home_in_White_Chocolate_ok-1-300x300.jpg 300w, https:\/\/bmsklep.serwerluna.pl\/wp-content\/uploads\/Exterior_Home_in_White_Chocolate_ok-1-1024x1024.jpg 1024w, https:\/\/bmsklep.serwerluna.pl\/wp-content\/uploads\/Exterior_Home_in_White_Chocolate_ok-1-150x150.jpg 150w, https:\/\/bmsklep.serwerluna.pl\/wp-content\/uploads\/Exterior_Home_in_White_Chocolate_ok-1-768x768.jpg 768w, https:\/\/bmsklep.serwerluna.pl\/wp-content\/uploads\/Exterior_Home_in_White_Chocolate_ok-1-1536x1536.jpg 1536w, https:\/\/bmsklep.serwerluna.pl\/wp-content\/uploads\/Exterior_Home_in_White_Chocolate_ok-1-600x600.jpg 600w, https:\/\/bmsklep.serwerluna.pl\/wp-content\/uploads\/Exterior_Home_in_White_Chocolate_ok-1-100x100.jpg 100w\" sizes=\"auto, (max-width: 1800px) 100vw, 1800px\" \/><\/p>\n<p style=\"text-align: justify;\">Wyko\u0144czenie wykazuje wysok\u0105 hydrofobowo\u015b\u0107 (bardzo nisk\u0105 nasi\u0105kliwo\u015b\u0107), paroprzepuszczalno\u015b\u0107, elastyczno\u015b\u0107 oraz doskona\u0142\u0105 trwa\u0142o\u015b\u0107 koloru.<\/p>\n<p style=\"text-align: justify;\">Farba wyd\u0142u\u017ca sezon prac elewacyjnych - mo\u017ce by\u0107 aplikowana przy minimalnej temperaturze pod\u0142o\u017ca + 1.7\u00b0C.<\/p>\n<p style=\"text-align: justify;\"><span style=\"font-size: x-small;\"><em>* podany przedzia\u0142 czasowy znajduje zastosowanie w przypadku malowania pod\u0142o\u017cy takich jak gruntowane lub malowane wcze\u015bniej tynki mineralne oraz drewno w temperaturze + 25\u00b0C i wilgotno\u015bci wzgl\u0119dnej powietrza 50%. W tych samych warunkach, w przypadku pod\u0142o\u017cy niech\u0142onnych jak siding winylowy, przedzia\u0142 czasowy musi ulec znacznemu wyd\u0142u\u017ceniu.<br \/>\nUWAGA: w wymienionych powy\u017cej warunkach, warstwa malarska po 60 minutach od aplikacji jest odporna na przelotne i nieintensywne opady deszczu. Nie bierzemy odpowiedzialno\u015bci za ewentualne uszkodzenie wymalowania (np. cz\u0119\u015bciowe zmycie, powstanie plam i przebarwie\u0144 lub p\u0119cherzy) na skutek oddzia\u0142ywania ulewnego deszczu, szczeg\u00f3lnie d\u0142ugotrwa\u0142ego.<\/em><\/span><\/p>\n<p><img loading=\"lazy\" decoding=\"async\" class=\"alignnone wp-image-12547 size-full\" src=\"https:\/\/bmsklep.serwerluna.pl\/wp-content\/uploads\/Vonstadt_house_with_pink_shutters-1.jpg\" alt=\"\" width=\"1800\" height=\"1247\" srcset=\"https:\/\/bmsklep.serwerluna.pl\/wp-content\/uploads\/Vonstadt_house_with_pink_shutters-1.jpg 1800w, https:\/\/bmsklep.serwerluna.pl\/wp-content\/uploads\/Vonstadt_house_with_pink_shutters-1-300x208.jpg 300w, https:\/\/bmsklep.serwerluna.pl\/wp-content\/uploads\/Vonstadt_house_with_pink_shutters-1-1024x709.jpg 1024w, https:\/\/bmsklep.serwerluna.pl\/wp-content\/uploads\/Vonstadt_house_with_pink_shutters-1-768x532.jpg 768w, https:\/\/bmsklep.serwerluna.pl\/wp-content\/uploads\/Vonstadt_house_with_pink_shutters-1-1536x1064.jpg 1536w, https:\/\/bmsklep.serwerluna.pl\/wp-content\/uploads\/Vonstadt_house_with_pink_shutters-1-600x416.jpg 600w\" sizes=\"auto, (max-width: 1800px) 100vw, 1800px\" \/><\/p>\n<ul>\n<li>tradycyjne tynki wapienno-cementowe i cementowe,<\/li>\n<li>cienkowarstwowe tynki mineralne i akrylowe w BSO (bezspoinowe systemy ocieple\u0144),<\/li>\n<li>budowlane bloczki konstrukcyjne,<\/li>\n<li>nieszkliwiona ceg\u0142a,<\/li>\n<li>beton,<\/li>\n<li>renowacja pow\u0142ok dyspersyjnych,<\/li>\n<li>zagruntowane pod\u0142o\u017ca drewniane oraz z tworzyw sztucznych.<\/li>\n<\/ul>\n","protected":false},"excerpt":{"rendered":"<p style=\"text-align: justify;\">Wodorozcie\u0144czalna, elewacyjna, farba akrylowa klasy PREMIUM. Pe\u0142ny mat.<\/p>\n","protected":false},"featured_media":10222,"template":"","meta":{"_acf_changed":false,"inline_featured_image":false},"product_brand":[],"product_cat":[28],"product_tag":[],"class_list":{"0":"post-10207","1":"product","2":"type-product","3":"status-publish","4":"has-post-thumbnail","6":"product_cat-wnetrza","8":"first","9":"instock","10":"taxable","11":"shipping-taxable","12":"purchasable","13":"product-type-variable"},"acf":[],"yoast_head":"<!-- This site is optimized with the Yoast SEO plugin v26.6 - https:\/\/yoast.com\/wordpress\/plugins\/seo\/ -->\n<title>Element Guard U763<\/title>\n<meta name=\"robots\" content=\"index, follow, max-snippet:-1, max-image-preview:large, max-video-preview:-1\" \/>\n<link rel=\"canonical\" href=\"https:\/\/bmsklep.serwerluna.pl\/produkt\/element-guard-exterior-flat-finish-u763\/\" \/>\n<meta property=\"og:locale\" content=\"en_US\" \/>\n<meta property=\"og:type\" content=\"article\" \/>\n<meta property=\"og:title\" content=\"Element Guard U763\" \/>\n<meta property=\"og:description\" content=\"Wodorozcie\u0144czalna, elewacyjna, farba akrylowa klasy PREMIUM. Pe\u0142ny mat.\" \/>\n<meta property=\"og:url\" content=\"https:\/\/bmsklep.serwerluna.pl\/produkt\/element-guard-exterior-flat-finish-u763\/\" \/>\n<meta property=\"og:site_name\" content=\"Benjamin Moore Paints\" \/>\n<meta property=\"article:modified_time\" content=\"2025-12-03T14:09:56+00:00\" \/>\n<meta property=\"og:image\" content=\"https:\/\/bmsklep.serwerluna.pl\/wp-content\/uploads\/763.png\" \/>\n\t<meta property=\"og:image:width\" content=\"200\" \/>\n\t<meta property=\"og:image:height\" content=\"232\" \/>\n\t<meta property=\"og:image:type\" content=\"image\/png\" \/>\n<meta name=\"twitter:card\" content=\"summary_large_image\" \/>\n<meta name=\"twitter:label1\" content=\"Est. reading time\" \/>\n\t<meta name=\"twitter:data1\" content=\"4 minutes\" \/>\n<script type=\"application\/ld+json\" class=\"yoast-schema-graph\">{\"@context\":\"https:\/\/schema.org\",\"@graph\":[{\"@type\":\"WebPage\",\"@id\":\"https:\/\/bmsklep.serwerluna.pl\/produkt\/element-guard-exterior-flat-finish-u763\/\",\"url\":\"https:\/\/bmsklep.serwerluna.pl\/produkt\/element-guard-exterior-flat-finish-u763\/\",\"name\":\"Element Guard U763\",\"isPartOf\":{\"@id\":\"https:\/\/bmsklep.serwerluna.pl\/#website\"},\"primaryImageOfPage\":{\"@id\":\"https:\/\/bmsklep.serwerluna.pl\/produkt\/element-guard-exterior-flat-finish-u763\/#primaryimage\"},\"image\":{\"@id\":\"https:\/\/bmsklep.serwerluna.pl\/produkt\/element-guard-exterior-flat-finish-u763\/#primaryimage\"},\"thumbnailUrl\":\"https:\/\/bmsklep.serwerluna.pl\/wp-content\/uploads\/763.png\",\"datePublished\":\"2023-03-28T07:06:45+00:00\",\"dateModified\":\"2025-12-03T14:09:56+00:00\",\"breadcrumb\":{\"@id\":\"https:\/\/bmsklep.serwerluna.pl\/produkt\/element-guard-exterior-flat-finish-u763\/#breadcrumb\"},\"inLanguage\":\"en-US\",\"potentialAction\":[{\"@type\":\"ReadAction\",\"target\":[\"https:\/\/bmsklep.serwerluna.pl\/produkt\/element-guard-exterior-flat-finish-u763\/\"]}]},{\"@type\":\"ImageObject\",\"inLanguage\":\"en-US\",\"@id\":\"https:\/\/bmsklep.serwerluna.pl\/produkt\/element-guard-exterior-flat-finish-u763\/#primaryimage\",\"url\":\"https:\/\/bmsklep.serwerluna.pl\/wp-content\/uploads\/763.png\",\"contentUrl\":\"https:\/\/bmsklep.serwerluna.pl\/wp-content\/uploads\/763.png\",\"width\":200,\"height\":232},{\"@type\":\"BreadcrumbList\",\"@id\":\"https:\/\/bmsklep.serwerluna.pl\/produkt\/element-guard-exterior-flat-finish-u763\/#breadcrumb\",\"itemListElement\":[{\"@type\":\"ListItem\",\"position\":1,\"name\":\"Home\",\"item\":\"https:\/\/bmsklep.serwerluna.pl\/en\/\"},{\"@type\":\"ListItem\",\"position\":2,\"name\":\"Produkty\",\"item\":\"https:\/\/bmsklep.serwerluna.pl\/produkty\/\"},{\"@type\":\"ListItem\",\"position\":3,\"name\":\"Wn\u0119trza\",\"item\":\"https:\/\/bmsklep.serwerluna.pl\/kategoria-produktu\/wnetrza\/\"},{\"@type\":\"ListItem\",\"position\":4,\"name\":\"Element Guard Exterior Flat U763\"}]},{\"@type\":\"WebSite\",\"@id\":\"https:\/\/bmsklep.serwerluna.pl\/#website\",\"url\":\"https:\/\/bmsklep.serwerluna.pl\/\",\"name\":\"Benjamin Moore Paints\",\"description\":\"\",\"potentialAction\":[{\"@type\":\"SearchAction\",\"target\":{\"@type\":\"EntryPoint\",\"urlTemplate\":\"https:\/\/bmsklep.serwerluna.pl\/?s={search_term_string}\"},\"query-input\":{\"@type\":\"PropertyValueSpecification\",\"valueRequired\":true,\"valueName\":\"search_term_string\"}}],\"inLanguage\":\"en-US\"}]}<\/script>\n<!-- \/ Yoast SEO plugin. -->","yoast_head_json":{"title":"Element Guard U763","robots":{"index":"index","follow":"follow","max-snippet":"max-snippet:-1","max-image-preview":"max-image-preview:large","max-video-preview":"max-video-preview:-1"},"canonical":"https:\/\/bmsklep.serwerluna.pl\/produkt\/element-guard-exterior-flat-finish-u763\/","og_locale":"en_US","og_type":"article","og_title":"Element Guard U763","og_description":"Wodorozcie\u0144czalna, elewacyjna, farba akrylowa klasy PREMIUM. Pe\u0142ny mat.","og_url":"https:\/\/bmsklep.serwerluna.pl\/produkt\/element-guard-exterior-flat-finish-u763\/","og_site_name":"Benjamin Moore Paints","article_modified_time":"2025-12-03T14:09:56+00:00","og_image":[{"width":200,"height":232,"url":"https:\/\/bmsklep.serwerluna.pl\/wp-content\/uploads\/763.png","type":"image\/png"}],"twitter_card":"summary_large_image","twitter_misc":{"Est. reading time":"4 minutes"},"schema":{"@context":"https:\/\/schema.org","@graph":[{"@type":"WebPage","@id":"https:\/\/bmsklep.serwerluna.pl\/produkt\/element-guard-exterior-flat-finish-u763\/","url":"https:\/\/bmsklep.serwerluna.pl\/produkt\/element-guard-exterior-flat-finish-u763\/","name":"Element Guard U763","isPartOf":{"@id":"https:\/\/bmsklep.serwerluna.pl\/#website"},"primaryImageOfPage":{"@id":"https:\/\/bmsklep.serwerluna.pl\/produkt\/element-guard-exterior-flat-finish-u763\/#primaryimage"},"image":{"@id":"https:\/\/bmsklep.serwerluna.pl\/produkt\/element-guard-exterior-flat-finish-u763\/#primaryimage"},"thumbnailUrl":"https:\/\/bmsklep.serwerluna.pl\/wp-content\/uploads\/763.png","datePublished":"2023-03-28T07:06:45+00:00","dateModified":"2025-12-03T14:09:56+00:00","breadcrumb":{"@id":"https:\/\/bmsklep.serwerluna.pl\/produkt\/element-guard-exterior-flat-finish-u763\/#breadcrumb"},"inLanguage":"en-US","potentialAction":[{"@type":"ReadAction","target":["https:\/\/bmsklep.serwerluna.pl\/produkt\/element-guard-exterior-flat-finish-u763\/"]}]},{"@type":"ImageObject","inLanguage":"en-US","@id":"https:\/\/bmsklep.serwerluna.pl\/produkt\/element-guard-exterior-flat-finish-u763\/#primaryimage","url":"https:\/\/bmsklep.serwerluna.pl\/wp-content\/uploads\/763.png","contentUrl":"https:\/\/bmsklep.serwerluna.pl\/wp-content\/uploads\/763.png","width":200,"height":232},{"@type":"BreadcrumbList","@id":"https:\/\/bmsklep.serwerluna.pl\/produkt\/element-guard-exterior-flat-finish-u763\/#breadcrumb","itemListElement":[{"@type":"ListItem","position":1,"name":"Home","item":"https:\/\/bmsklep.serwerluna.pl\/en\/"},{"@type":"ListItem","position":2,"name":"Produkty","item":"https:\/\/bmsklep.serwerluna.pl\/produkty\/"},{"@type":"ListItem","position":3,"name":"Wn\u0119trza","item":"https:\/\/bmsklep.serwerluna.pl\/kategoria-produktu\/wnetrza\/"},{"@type":"ListItem","position":4,"name":"Element Guard Exterior Flat U763"}]},{"@type":"WebSite","@id":"https:\/\/bmsklep.serwerluna.pl\/#website","url":"https:\/\/bmsklep.serwerluna.pl\/","name":"Benjamin Moore Paints","description":"","potentialAction":[{"@type":"SearchAction","target":{"@type":"EntryPoint","urlTemplate":"https:\/\/bmsklep.serwerluna.pl\/?s={search_term_string}"},"query-input":{"@type":"PropertyValueSpecification","valueRequired":true,"valueName":"search_term_string"}}],"inLanguage":"en-US"}]}},"_links":{"self":[{"href":"https:\/\/bmsklep.serwerluna.pl\/en\/wp-json\/wp\/v2\/product\/10207","targetHints":{"allow":["GET"]}}],"collection":[{"href":"https:\/\/bmsklep.serwerluna.pl\/en\/wp-json\/wp\/v2\/product"}],"about":[{"href":"https:\/\/bmsklep.serwerluna.pl\/en\/wp-json\/wp\/v2\/types\/product"}],"wp:featuredmedia":[{"embeddable":true,"href":"https:\/\/bmsklep.serwerluna.pl\/en\/wp-json\/wp\/v2\/media\/10222"}],"wp:attachment":[{"href":"https:\/\/bmsklep.serwerluna.pl\/en\/wp-json\/wp\/v2\/media?parent=10207"}],"wp:term":[{"taxonomy":"product_brand","embeddable":true,"href":"https:\/\/bmsklep.serwerluna.pl\/en\/wp-json\/wp\/v2\/product_brand?post=10207"},{"taxonomy":"product_cat","embeddable":true,"href":"https:\/\/bmsklep.serwerluna.pl\/en\/wp-json\/wp\/v2\/product_cat?post=10207"},{"taxonomy":"product_tag","embeddable":true,"href":"https:\/\/bmsklep.serwerluna.pl\/en\/wp-json\/wp\/v2\/product_tag?post=10207"}],"curies":[{"name":"wp","href":"https:\/\/api.w.org\/{rel}","templated":true}]}}