{"id":67,"date":"2021-05-15T20:54:56","date_gmt":"2021-05-15T18:54:56","guid":{"rendered":"https:\/\/serwer2121761.home.pl\/autoinstalator\/wordpressplugins2\/?page_id=67"},"modified":"2022-11-23T14:53:21","modified_gmt":"2022-11-23T13:53:21","slug":"color-stories","status":"publish","type":"page","link":"https:\/\/bmsklep.serwerluna.pl\/en\/kolor-inspiracje\/color-stories\/","title":{"rendered":"Color stories"},"content":{"rendered":"","protected":false},"excerpt":{"rendered":"","protected":false},"author":2,"featured_media":0,"parent":63,"menu_order":0,"comment_status":"closed","ping_status":"closed","template":"","meta":{"_acf_changed":false,"inline_featured_image":false,"footnotes":""},"class_list":["post-67","page","type-page","status-publish","hentry"],"acf":[],"yoast_head":"<!-- This site is optimized with the Yoast SEO plugin v26.6 - https:\/\/yoast.com\/wordpress\/plugins\/seo\/ -->\n<title>Color stories - Benjamin Moore Paints<\/title>\n<meta name=\"description\" content=\"COLOR STORIES - jedyna w swoim rodzaju barwna kolekcja licz\u0105ca 240 odcieni, reprezentuj\u0105cych tzw. &quot;pe\u0142ne spektrum kolor\u00f3w&quot;.\" \/>\n<meta name=\"robots\" content=\"index, follow, max-snippet:-1, max-image-preview:large, max-video-preview:-1\" \/>\n<link rel=\"canonical\" href=\"https:\/\/bmsklep.serwerluna.pl\/kolor-inspiracje\/color-stories\/\" \/>\n<meta property=\"og:locale\" content=\"en_US\" \/>\n<meta property=\"og:type\" content=\"article\" \/>\n<meta property=\"og:title\" content=\"Color stories - Benjamin Moore Paints\" \/>\n<meta property=\"og:description\" content=\"COLOR STORIES - jedyna w swoim rodzaju barwna kolekcja licz\u0105ca 240 odcieni, reprezentuj\u0105cych tzw. &quot;pe\u0142ne spektrum kolor\u00f3w&quot;.\" \/>\n<meta property=\"og:url\" content=\"https:\/\/bmsklep.serwerluna.pl\/kolor-inspiracje\/color-stories\/\" \/>\n<meta property=\"og:site_name\" content=\"Benjamin Moore Paints\" \/>\n<meta property=\"article:modified_time\" content=\"2022-11-23T13:53:21+00:00\" \/>\n<meta name=\"twitter:card\" content=\"summary_large_image\" \/>\n<script type=\"application\/ld+json\" class=\"yoast-schema-graph\">{\"@context\":\"https:\/\/schema.org\",\"@graph\":[{\"@type\":\"WebPage\",\"@id\":\"https:\/\/bmsklep.serwerluna.pl\/kolor-inspiracje\/color-stories\/\",\"url\":\"https:\/\/bmsklep.serwerluna.pl\/kolor-inspiracje\/color-stories\/\",\"name\":\"Color stories - Benjamin Moore Paints\",\"isPartOf\":{\"@id\":\"https:\/\/bmsklep.serwerluna.pl\/#website\"},\"datePublished\":\"2021-05-15T18:54:56+00:00\",\"dateModified\":\"2022-11-23T13:53:21+00:00\",\"description\":\"COLOR STORIES - jedyna w swoim rodzaju barwna kolekcja licz\u0105ca 240 odcieni, reprezentuj\u0105cych tzw. \\\"pe\u0142ne spektrum kolor\u00f3w\\\".\",\"breadcrumb\":{\"@id\":\"https:\/\/bmsklep.serwerluna.pl\/kolor-inspiracje\/color-stories\/#breadcrumb\"},\"inLanguage\":\"en-US\",\"potentialAction\":[{\"@type\":\"ReadAction\",\"target\":[\"https:\/\/bmsklep.serwerluna.pl\/kolor-inspiracje\/color-stories\/\"]}]},{\"@type\":\"BreadcrumbList\",\"@id\":\"https:\/\/bmsklep.serwerluna.pl\/kolor-inspiracje\/color-stories\/#breadcrumb\",\"itemListElement\":[{\"@type\":\"ListItem\",\"position\":1,\"name\":\"Home\",\"item\":\"https:\/\/bmsklep.serwerluna.pl\/en\/\"},{\"@type\":\"ListItem\",\"position\":2,\"name\":\"Kolor i inspiracje\",\"item\":\"https:\/\/bmsklep.serwerluna.pl\/kolor-inspiracje\/\"},{\"@type\":\"ListItem\",\"position\":3,\"name\":\"Color stories\"}]},{\"@type\":\"WebSite\",\"@id\":\"https:\/\/bmsklep.serwerluna.pl\/#website\",\"url\":\"https:\/\/bmsklep.serwerluna.pl\/\",\"name\":\"Benjamin Moore Paints\",\"description\":\"\",\"potentialAction\":[{\"@type\":\"SearchAction\",\"target\":{\"@type\":\"EntryPoint\",\"urlTemplate\":\"https:\/\/bmsklep.serwerluna.pl\/?s={search_term_string}\"},\"query-input\":{\"@type\":\"PropertyValueSpecification\",\"valueRequired\":true,\"valueName\":\"search_term_string\"}}],\"inLanguage\":\"en-US\"}]}<\/script>\n<!-- \/ Yoast SEO plugin. -->","yoast_head_json":{"title":"Color stories - Benjamin Moore Paints","description":"COLOR STORIES - jedyna w swoim rodzaju barwna kolekcja licz\u0105ca 240 odcieni, reprezentuj\u0105cych tzw. \"pe\u0142ne spektrum kolor\u00f3w\".","robots":{"index":"index","follow":"follow","max-snippet":"max-snippet:-1","max-image-preview":"max-image-preview:large","max-video-preview":"max-video-preview:-1"},"canonical":"https:\/\/bmsklep.serwerluna.pl\/kolor-inspiracje\/color-stories\/","og_locale":"en_US","og_type":"article","og_title":"Color stories - Benjamin Moore Paints","og_description":"COLOR STORIES - jedyna w swoim rodzaju barwna kolekcja licz\u0105ca 240 odcieni, reprezentuj\u0105cych tzw. \"pe\u0142ne spektrum kolor\u00f3w\".","og_url":"https:\/\/bmsklep.serwerluna.pl\/kolor-inspiracje\/color-stories\/","og_site_name":"Benjamin Moore Paints","article_modified_time":"2022-11-23T13:53:21+00:00","twitter_card":"summary_large_image","schema":{"@context":"https:\/\/schema.org","@graph":[{"@type":"WebPage","@id":"https:\/\/bmsklep.serwerluna.pl\/kolor-inspiracje\/color-stories\/","url":"https:\/\/bmsklep.serwerluna.pl\/kolor-inspiracje\/color-stories\/","name":"Color stories - Benjamin Moore Paints","isPartOf":{"@id":"https:\/\/bmsklep.serwerluna.pl\/#website"},"datePublished":"2021-05-15T18:54:56+00:00","dateModified":"2022-11-23T13:53:21+00:00","description":"COLOR STORIES - jedyna w swoim rodzaju barwna kolekcja licz\u0105ca 240 odcieni, reprezentuj\u0105cych tzw. \"pe\u0142ne spektrum kolor\u00f3w\".","breadcrumb":{"@id":"https:\/\/bmsklep.serwerluna.pl\/kolor-inspiracje\/color-stories\/#breadcrumb"},"inLanguage":"en-US","potentialAction":[{"@type":"ReadAction","target":["https:\/\/bmsklep.serwerluna.pl\/kolor-inspiracje\/color-stories\/"]}]},{"@type":"BreadcrumbList","@id":"https:\/\/bmsklep.serwerluna.pl\/kolor-inspiracje\/color-stories\/#breadcrumb","itemListElement":[{"@type":"ListItem","position":1,"name":"Home","item":"https:\/\/bmsklep.serwerluna.pl\/en\/"},{"@type":"ListItem","position":2,"name":"Kolor i inspiracje","item":"https:\/\/bmsklep.serwerluna.pl\/kolor-inspiracje\/"},{"@type":"ListItem","position":3,"name":"Color stories"}]},{"@type":"WebSite","@id":"https:\/\/bmsklep.serwerluna.pl\/#website","url":"https:\/\/bmsklep.serwerluna.pl\/","name":"Benjamin Moore Paints","description":"","potentialAction":[{"@type":"SearchAction","target":{"@type":"EntryPoint","urlTemplate":"https:\/\/bmsklep.serwerluna.pl\/?s={search_term_string}"},"query-input":{"@type":"PropertyValueSpecification","valueRequired":true,"valueName":"search_term_string"}}],"inLanguage":"en-US"}]}},"_links":{"self":[{"href":"https:\/\/bmsklep.serwerluna.pl\/en\/wp-json\/wp\/v2\/pages\/67","targetHints":{"allow":["GET"]}}],"collection":[{"href":"https:\/\/bmsklep.serwerluna.pl\/en\/wp-json\/wp\/v2\/pages"}],"about":[{"href":"https:\/\/bmsklep.serwerluna.pl\/en\/wp-json\/wp\/v2\/types\/page"}],"author":[{"embeddable":true,"href":"https:\/\/bmsklep.serwerluna.pl\/en\/wp-json\/wp\/v2\/users\/2"}],"replies":[{"embeddable":true,"href":"https:\/\/bmsklep.serwerluna.pl\/en\/wp-json\/wp\/v2\/comments?post=67"}],"version-history":[{"count":1,"href":"https:\/\/bmsklep.serwerluna.pl\/en\/wp-json\/wp\/v2\/pages\/67\/revisions"}],"predecessor-version":[{"id":68,"href":"https:\/\/bmsklep.serwerluna.pl\/en\/wp-json\/wp\/v2\/pages\/67\/revisions\/68"}],"up":[{"embeddable":true,"href":"https:\/\/bmsklep.serwerluna.pl\/en\/wp-json\/wp\/v2\/pages\/63"}],"wp:attachment":[{"href":"https:\/\/bmsklep.serwerluna.pl\/en\/wp-json\/wp\/v2\/media?parent=67"}],"curies":[{"name":"wp","href":"https:\/\/api.w.org\/{rel}","templated":true}]}}